{"id":5516,"date":"2020-12-16T09:10:26","date_gmt":"2020-12-16T09:10:26","guid":{"rendered":"http:\/\/www.bunkerseguridad.es\/en\/?page_id=5516"},"modified":"2021-04-15T07:44:31","modified_gmt":"2021-04-15T07:44:31","slug":"politica-sulla-privacy","status":"publish","type":"page","link":"https:\/\/bunkerseguridad.es\/it\/politica-sulla-privacy\/","title":{"rendered":"Politica sulla privacy"},"content":{"rendered":"<p>[et_pb_section fb_built=&#8221;1&#8243; _builder_version=&#8221;4.7.7&#8243; _module_preset=&#8221;default&#8221;][et_pb_row custom_padding_last_edited=&#8221;on|phone&#8221; _builder_version=&#8221;4.8.1&#8243; _module_preset=&#8221;default&#8221; custom_margin_tablet=&#8221;&#8221; custom_margin_phone=&#8221;0px||0px||true|false&#8221; custom_margin_last_edited=&#8221;on|phone&#8221; custom_padding_tablet=&#8221;&#8221; custom_padding_phone=&#8221;0px||0px||true|false&#8221;][et_pb_column type=&#8221;4_4&#8243; _builder_version=&#8221;4.7.7&#8243; _module_preset=&#8221;default&#8221;][et_pb_text _builder_version=&#8221;4.8.1&#8243; _module_preset=&#8221;default&#8221; text_text_color=&#8221;#004d9a&#8221; text_font_size=&#8221;50px&#8221; text_line_height=&#8221;1.2em&#8221; animation_style=&#8221;slide&#8221; animation_direction=&#8221;left&#8221; animation_intensity_slide=&#8221;5%&#8221; text_font_size_tablet=&#8221;&#8221; text_font_size_phone=&#8221;30px&#8221; text_font_size_last_edited=&#8221;on|phone&#8221;]<\/p>\n<p><strong>Politica sulla privacy<\/strong><\/p>\n<p>[\/et_pb_text][et_pb_divider color=&#8221;#004d9a&#8221; divider_weight=&#8221;2px&#8221; _builder_version=&#8221;4.7.0&#8243; _module_preset=&#8221;default&#8221; width=&#8221;6%&#8221; animation_style=&#8221;slide&#8221; animation_direction=&#8221;left&#8221;][\/et_pb_divider][\/et_pb_column][\/et_pb_row][et_pb_row use_custom_gutter=&#8221;on&#8221; make_equal=&#8221;on&#8221; _builder_version=&#8221;4.8.1&#8243; _module_preset=&#8221;default&#8221; width_tablet=&#8221;&#8221; width_phone=&#8221;90%&#8221; width_last_edited=&#8221;on|phone&#8221; max_width_tablet=&#8221;&#8221; max_width_phone=&#8221;100%&#8221; max_width_last_edited=&#8221;on|phone&#8221;][et_pb_column type=&#8221;4_4&#8243; _builder_version=&#8221;4.7.7&#8243; _module_preset=&#8221;default&#8221;][et_pb_text _builder_version=&#8221;4.8.1&#8243; _module_preset=&#8221;default&#8221; text_text_color=&#8221;#000000&#8243; text_line_height=&#8221;1.3em&#8221; background_size=&#8221;initial&#8221; background_position=&#8221;top_left&#8221; background_repeat=&#8221;repeat&#8221; text_orientation=&#8221;justified&#8221;]<\/p>\n<p>In conformit\u00e0 con le disposizioni del Regolamento Generale Europeo sulla Protezione dei Dati (GDPR UE), i dati personali forniti saranno trattati da <strong>Bunker Seguridad Electr\u00f3nica, S.L.,<\/strong> titolare della partita IVA (CIF) B62851712, allo scopo di gestire il rapporto con il cliente e la fatturazione e l&#8217;incasso dei nostri servizi. Il conferimento dei dati per questo scopo \u00e8 obbligatorio, altrimenti la prestazione del servizio e il rispetto del contratto saranno impediti. I dati di contatto di questa azienda sono i seguenti: Calle Arboleda, 18 Nave 9, 28031 &#8211; Madrid, Telefono: 913316313, E-mail: <a href=\"mailto:info@bunkerseguridad.es\" target=\"_blank\" class=\"mailto\" rel=\"noopener noreferrer\" style=\"box-sizing: border-box; margin: 0px; padding: 0px; border: 0px; outline: 0px; font-size: 14px; text-size-adjust: 100%; vertical-align: baseline; background: #ffffff; color: #2ea3f2; text-decoration: none; font-family: 'Open Sans', Arial, sans-serif; font-style: normal; font-variant-ligatures: normal; font-variant-caps: normal; font-weight: 500; letter-spacing: normal; orphans: 2; text-align: justify; text-indent: 0px; text-transform: none; white-space: normal; widows: 2; word-spacing: 0px; -webkit-text-stroke-width: 0px;\">info@bunkerseguridad.es<\/a><\/p>\n<p>I dati saranno trattati sulla base del rapporto giuridico-contrattuale mantenuto tra le parti e saranno conservati per tutta la durata del contratto. Una volta terminato tale rapporto, se del caso, i dati potranno essere conservati per il tempo richiesto dalla legislazione applicabile e fino alla scadenza di eventuali responsabilit\u00e0 derivanti dal contratto.<\/p>\n<p>Per la finalit\u00e0 indicata, i Suoi dati saranno trasferiti alle Pubbliche Amministrazioni competenti, nei casi previsti dalla legge e per le finalit\u00e0 ivi definite, e ai soggetti finanziari attraverso i quali si articola la gestione degli incassi e dei pagamenti.<\/p>\n<p>Allo stesso modo, i dati saranno trattati per l&#8217;invio di comunicazioni commerciali sui nostri servizi, a meno che lei non esprima con qualsiasi mezzo la sua volont\u00e0 contraria. In ogni caso, l&#8217;autorizzazione al trattamento dei suoi dati per questa finalit\u00e0 \u00e8 volontaria e il suo rifiuto avrebbe come unica conseguenza quella di non ricevere offerte commerciali dei nostri servizi. I dati per l&#8217;invio di comunicazioni commerciali dei nostri servizi saranno conservati a tempo indeterminato, fino a quando, eventualmente, non esprimerete la vostra volont\u00e0 di rimuoverli.<\/p>\n<p>I diritti di accesso, rettifica, soppressione, limitazione, portabilit\u00e0 e opposizione possono essere esercitati scrivendo, allegando una copia della sua carta d&#8217;identit\u00e0, all&#8217;indirizzo di contatto (sia fisico che elettronico) sopra indicato. In caso di possibile violazione dei suoi diritti, pu\u00f2 presentare un reclamo all&#8217;Agenzia spagnola per la protezione dei dati.<\/p>\n<p>Nel caso in cui siano stati forniti dati di terzi, \u00e8 responsabilit\u00e0 della persona che ha fornito i dati informarla di tutte le disposizioni della presente clausola e, in particolare, delle disposizioni dell&#8217;articolo 14 del regolamento generale sulla protezione dei dati, nonch\u00e9 di ottenere il suo consenso preventivo a tal fine.<\/p>\n<p>&nbsp;<\/p>\n<p>[\/et_pb_text][\/et_pb_column][\/et_pb_row][\/et_pb_section]<\/p>\n","protected":false},"excerpt":{"rendered":"<p>Politica sulla privacyIn conformit\u00e0 con le disposizioni del Regolamento Generale Europeo sulla Protezione dei Dati (GDPR UE), i dati personali forniti saranno trattati da Bunker Seguridad Electr\u00f3nica, S.L., titolare della partita IVA (CIF) B62851712, allo scopo di gestire il rapporto con il cliente e la fatturazione e l&#8217;incasso dei nostri servizi. Il conferimento dei dati [&hellip;]<\/p>\n","protected":false},"author":1,"featured_media":0,"parent":0,"menu_order":0,"comment_status":"closed","ping_status":"closed","template":"","meta":{"_et_pb_use_builder":"on","_et_pb_old_content":"","_et_gb_content_width":"","footnotes":""},"class_list":["post-5516","page","type-page","status-publish","hentry"],"yoast_head":"<!-- This site is optimized with the Yoast SEO plugin v25.2 - https:\/\/yoast.com\/wordpress\/plugins\/seo\/ -->\n<title>Politica sulla privacy - Bunker Seguridad Electr\u00f3nica S.L.<\/title>\n<meta name=\"robots\" content=\"index, follow, max-snippet:-1, max-image-preview:large, max-video-preview:-1\" \/>\n<link rel=\"canonical\" href=\"https:\/\/bunkerseguridad.es\/it\/politica-sulla-privacy\/\" \/>\n<meta property=\"og:locale\" content=\"it_IT\" \/>\n<meta property=\"og:type\" content=\"article\" \/>\n<meta property=\"og:title\" content=\"Politica sulla privacy - Bunker Seguridad Electr\u00f3nica S.L.\" \/>\n<meta property=\"og:description\" content=\"Politica sulla privacyIn conformit\u00e0 con le disposizioni del Regolamento Generale Europeo sulla Protezione dei Dati (GDPR UE), i dati personali forniti saranno trattati da Bunker Seguridad Electr\u00f3nica, S.L., titolare della partita IVA (CIF) B62851712, allo scopo di gestire il rapporto con il cliente e la fatturazione e l&#039;incasso dei nostri servizi. Il conferimento dei dati [&hellip;]\" \/>\n<meta property=\"og:url\" content=\"https:\/\/bunkerseguridad.es\/it\/politica-sulla-privacy\/\" \/>\n<meta property=\"og:site_name\" content=\"Bunker Seguridad Electr\u00f3nica S.L.\" \/>\n<meta property=\"article:modified_time\" content=\"2021-04-15T07:44:31+00:00\" \/>\n<meta name=\"twitter:card\" content=\"summary_large_image\" \/>\n<meta name=\"twitter:label1\" content=\"Tempo di lettura stimato\" \/>\n\t<meta name=\"twitter:data1\" content=\"3 minuti\" \/>\n<script type=\"application\/ld+json\" class=\"yoast-schema-graph\">{\"@context\":\"https:\/\/schema.org\",\"@graph\":[{\"@type\":\"WebPage\",\"@id\":\"https:\/\/bunkerseguridad.es\/it\/politica-sulla-privacy\/\",\"url\":\"https:\/\/bunkerseguridad.es\/it\/politica-sulla-privacy\/\",\"name\":\"Politica sulla privacy - Bunker Seguridad Electr\u00f3nica S.L.\",\"isPartOf\":{\"@id\":\"https:\/\/bunkerseguridad.es\/it\/#website\"},\"datePublished\":\"2020-12-16T09:10:26+00:00\",\"dateModified\":\"2021-04-15T07:44:31+00:00\",\"breadcrumb\":{\"@id\":\"https:\/\/bunkerseguridad.es\/it\/politica-sulla-privacy\/#breadcrumb\"},\"inLanguage\":\"it-IT\",\"potentialAction\":[{\"@type\":\"ReadAction\",\"target\":[\"https:\/\/bunkerseguridad.es\/it\/politica-sulla-privacy\/\"]}]},{\"@type\":\"BreadcrumbList\",\"@id\":\"https:\/\/bunkerseguridad.es\/it\/politica-sulla-privacy\/#breadcrumb\",\"itemListElement\":[{\"@type\":\"ListItem\",\"position\":1,\"name\":\"Home\",\"item\":\"https:\/\/bunkerseguridad.es\/it\/\"},{\"@type\":\"ListItem\",\"position\":2,\"name\":\"Politica sulla privacy\"}]},{\"@type\":\"WebSite\",\"@id\":\"https:\/\/bunkerseguridad.es\/it\/#website\",\"url\":\"https:\/\/bunkerseguridad.es\/it\/\",\"name\":\"Bunker Seguridad Electr\u00f3nica S.L.\",\"description\":\"Produzione e distribuzione di sistemi di rilevamento perimetrale in Europa.\",\"potentialAction\":[{\"@type\":\"SearchAction\",\"target\":{\"@type\":\"EntryPoint\",\"urlTemplate\":\"https:\/\/bunkerseguridad.es\/it\/?s={search_term_string}\"},\"query-input\":{\"@type\":\"PropertyValueSpecification\",\"valueRequired\":true,\"valueName\":\"search_term_string\"}}],\"inLanguage\":\"it-IT\"}]}<\/script>\n<!-- \/ Yoast SEO plugin. -->","yoast_head_json":{"title":"Politica sulla privacy - Bunker Seguridad Electr\u00f3nica S.L.","robots":{"index":"index","follow":"follow","max-snippet":"max-snippet:-1","max-image-preview":"max-image-preview:large","max-video-preview":"max-video-preview:-1"},"canonical":"https:\/\/bunkerseguridad.es\/it\/politica-sulla-privacy\/","og_locale":"it_IT","og_type":"article","og_title":"Politica sulla privacy - Bunker Seguridad Electr\u00f3nica S.L.","og_description":"Politica sulla privacyIn conformit\u00e0 con le disposizioni del Regolamento Generale Europeo sulla Protezione dei Dati (GDPR UE), i dati personali forniti saranno trattati da Bunker Seguridad Electr\u00f3nica, S.L., titolare della partita IVA (CIF) B62851712, allo scopo di gestire il rapporto con il cliente e la fatturazione e l'incasso dei nostri servizi. Il conferimento dei dati [&hellip;]","og_url":"https:\/\/bunkerseguridad.es\/it\/politica-sulla-privacy\/","og_site_name":"Bunker Seguridad Electr\u00f3nica S.L.","article_modified_time":"2021-04-15T07:44:31+00:00","twitter_card":"summary_large_image","twitter_misc":{"Tempo di lettura stimato":"3 minuti"},"schema":{"@context":"https:\/\/schema.org","@graph":[{"@type":"WebPage","@id":"https:\/\/bunkerseguridad.es\/it\/politica-sulla-privacy\/","url":"https:\/\/bunkerseguridad.es\/it\/politica-sulla-privacy\/","name":"Politica sulla privacy - Bunker Seguridad Electr\u00f3nica S.L.","isPartOf":{"@id":"https:\/\/bunkerseguridad.es\/it\/#website"},"datePublished":"2020-12-16T09:10:26+00:00","dateModified":"2021-04-15T07:44:31+00:00","breadcrumb":{"@id":"https:\/\/bunkerseguridad.es\/it\/politica-sulla-privacy\/#breadcrumb"},"inLanguage":"it-IT","potentialAction":[{"@type":"ReadAction","target":["https:\/\/bunkerseguridad.es\/it\/politica-sulla-privacy\/"]}]},{"@type":"BreadcrumbList","@id":"https:\/\/bunkerseguridad.es\/it\/politica-sulla-privacy\/#breadcrumb","itemListElement":[{"@type":"ListItem","position":1,"name":"Home","item":"https:\/\/bunkerseguridad.es\/it\/"},{"@type":"ListItem","position":2,"name":"Politica sulla privacy"}]},{"@type":"WebSite","@id":"https:\/\/bunkerseguridad.es\/it\/#website","url":"https:\/\/bunkerseguridad.es\/it\/","name":"Bunker Seguridad Electr\u00f3nica S.L.","description":"Produzione e distribuzione di sistemi di rilevamento perimetrale in Europa.","potentialAction":[{"@type":"SearchAction","target":{"@type":"EntryPoint","urlTemplate":"https:\/\/bunkerseguridad.es\/it\/?s={search_term_string}"},"query-input":{"@type":"PropertyValueSpecification","valueRequired":true,"valueName":"search_term_string"}}],"inLanguage":"it-IT"}]}},"_links":{"self":[{"href":"https:\/\/bunkerseguridad.es\/it\/wp-json\/wp\/v2\/pages\/5516","targetHints":{"allow":["GET"]}}],"collection":[{"href":"https:\/\/bunkerseguridad.es\/it\/wp-json\/wp\/v2\/pages"}],"about":[{"href":"https:\/\/bunkerseguridad.es\/it\/wp-json\/wp\/v2\/types\/page"}],"author":[{"embeddable":true,"href":"https:\/\/bunkerseguridad.es\/it\/wp-json\/wp\/v2\/users\/1"}],"replies":[{"embeddable":true,"href":"https:\/\/bunkerseguridad.es\/it\/wp-json\/wp\/v2\/comments?post=5516"}],"version-history":[{"count":11,"href":"https:\/\/bunkerseguridad.es\/it\/wp-json\/wp\/v2\/pages\/5516\/revisions"}],"predecessor-version":[{"id":8371,"href":"https:\/\/bunkerseguridad.es\/it\/wp-json\/wp\/v2\/pages\/5516\/revisions\/8371"}],"wp:attachment":[{"href":"https:\/\/bunkerseguridad.es\/it\/wp-json\/wp\/v2\/media?parent=5516"}],"curies":[{"name":"wp","href":"https:\/\/api.w.org\/{rel}","templated":true}]}}