{"id":1022,"date":"2020-09-25T10:28:48","date_gmt":"2020-09-25T10:28:48","guid":{"rendered":"http:\/\/www.bunkerseguridad.es\/en\/?post_type=product&#038;p=1022"},"modified":"2021-04-13T10:57:23","modified_gmt":"2021-04-13T10:57:23","slug":"eecf1-ls1-t-mn-b","status":"publish","type":"product","link":"https:\/\/bunkerseguridad.es\/it\/prodotto-sicurezza\/eecf1-ls1-t-mn-b\/","title":{"rendered":"EECF1-LS1-T-MN-B"},"content":{"rendered":"<p>Il <strong>KBC EECF1-LS1-T-MN-B<\/strong> \u00e8 un trasmettitore Ethernet su coassiale completamente rinforzato. Questo trasmettitore fornisce la connettivit\u00e0 per una porta in rame 10\/100Mbps IEEE standard twisted pair su un cavo coassiale da 75ohm. L&#8217;alimentazione viene fornita da uno dei ricevitori di testa, EECF16-GN3-R, EECF8-GN3-R, EECF4-DN1-R, o EECF1-LN1-R Ethernet su coassiale attraverso il cavo coassiale con tecnologia PoC (Power over Coax). Questo trasmettitore fornisce il supporto PoE\/PoE+. Sono supportate diverse velocit\u00e0 di dati a seconda della distanza e della qualit\u00e0 del cavo. Il design plug-and-play assicura la facilit\u00e0 di installazione senza alcuna regolazione elettrica necessaria. Gli indicatori LED sono forniti per mostrare chiaramente lo stato operativo dell&#8217;unit\u00e0. Le dimensioni del trasmettitore sono adatte per il montaggio all&#8217;interno della custodia della telecamera e dove lo spazio \u00e8 minimo.<\/p>\n<p><strong>Caratteristiche:<\/strong><\/p>\n<ul>\n<li>Conforme a 3af\/802.3at<\/li>\n<li>PoE+ (30W) e Power over Coax<\/li>\n<li>Velocit\u00e0 di trasmissione dati su coassiale &gt;50Mbps (300m) in base alla qualit\u00e0 del coassiale<\/li>\n<li>PoE+ \u00e8 supportato fino a 300m in base alla qualit\u00e0 del coassiale e alla tensione applicata alla testata<\/li>\n<li>Alimentato da PoC da Headend: EECF16-GN3-R, EECF8-GN3-R, EECF4-DN1-R o EECF1-LN1-R<\/li>\n<li>Design di protezione completo, compresa la protezione dalle sovratensioni, protezione dall&#8217;illuminazione<\/li>\n<li>Design unico di protezione della trasmissione PoC insieme a 1,4,8 e 16 canali<\/li>\n<\/ul>\n<p>Alcuni prodotti offrono garanzie aggiuntive. <a href=\"http:\/\/www.bunkerseguridad.es\/en\/contact-us\">Consultateci!<\/a><\/p>\n","protected":false},"excerpt":{"rendered":"<p><strong>Transceiver VPN hardware di capacit\u00e0 standard ThruLink\u2122<\/strong>. 15Mbps, firmware TL2, fino a 256-bit AES, Camellia, Blowfish. (1) porta LAN, (1) porta WAN, montaggio da tavolo\/muro.<\/p>\n","protected":false},"featured_media":1035,"template":"","meta":{"_et_pb_use_builder":"","_et_pb_old_content":"","_et_gb_content_width":""},"pwb-brand":[206],"product_brand":[],"product_cat":[31,36],"product_tag":[155,165,166,163,147,146],"class_list":{"0":"post-1022","1":"product","2":"type-product","3":"status-publish","4":"has-post-thumbnail","6":"pwb-brand-kbc-networks","7":"product_cat-trasmissione-dei-dati","8":"product_cat-ecopper-ip-su-coassiale-utp","9":"product_tag-10-100mbps","10":"product_tag-eoc-poc","11":"product_tag-eou-pow","12":"product_tag-ip-su-coassiale","13":"product_tag-non-poe","14":"product_tag-poe","16":"first","17":"instock","18":"shipping-taxable","19":"product-type-simple"},"yoast_head":"<!-- This site is optimized with the Yoast SEO plugin v25.2 - https:\/\/yoast.com\/wordpress\/plugins\/seo\/ -->\n<title>EECF1-LS1-T-MN-B - Bunker Seguridad Electr\u00f3nica S.L.<\/title>\n<meta name=\"description\" content=\"Transceiver VPN hardware di capacit\u00e0 standard ThruLink\u2122. 15Mbps, firmware TL2, fino a 256-bit AES, Camellia, Blowfish.\" \/>\n<meta name=\"robots\" content=\"index, follow, max-snippet:-1, max-image-preview:large, max-video-preview:-1\" \/>\n<link rel=\"canonical\" href=\"https:\/\/bunkerseguridad.es\/it\/prodotto-sicurezza\/eecf1-ls1-t-mn-b\/\" \/>\n<meta property=\"og:locale\" content=\"it_IT\" \/>\n<meta property=\"og:type\" content=\"article\" \/>\n<meta property=\"og:title\" content=\"EECF1-LS1-T-MN-B - Bunker Seguridad Electr\u00f3nica S.L.\" \/>\n<meta property=\"og:description\" content=\"Transceiver VPN hardware di capacit\u00e0 standard ThruLink\u2122. 15Mbps, firmware TL2, fino a 256-bit AES, Camellia, Blowfish.\" \/>\n<meta property=\"og:url\" content=\"https:\/\/bunkerseguridad.es\/it\/prodotto-sicurezza\/eecf1-ls1-t-mn-b\/\" \/>\n<meta property=\"og:site_name\" content=\"Bunker Seguridad Electr\u00f3nica S.L.\" \/>\n<meta property=\"article:modified_time\" content=\"2021-04-13T10:57:23+00:00\" \/>\n<meta property=\"og:image\" content=\"https:\/\/bunkerseguridad.es\/it\/wp-content\/uploads\/2020\/09\/IP-Over-Coax.png\" \/>\n\t<meta property=\"og:image:width\" content=\"1200\" \/>\n\t<meta property=\"og:image:height\" content=\"1200\" \/>\n\t<meta property=\"og:image:type\" content=\"image\/png\" \/>\n<meta name=\"twitter:card\" content=\"summary_large_image\" \/>\n<meta name=\"twitter:label1\" content=\"Tempo di lettura stimato\" \/>\n\t<meta name=\"twitter:data1\" content=\"1 minuto\" \/>\n<script type=\"application\/ld+json\" class=\"yoast-schema-graph\">{\"@context\":\"https:\/\/schema.org\",\"@graph\":[{\"@type\":\"WebPage\",\"@id\":\"https:\/\/bunkerseguridad.es\/it\/prodotto-sicurezza\/eecf1-ls1-t-mn-b\/\",\"url\":\"https:\/\/bunkerseguridad.es\/it\/prodotto-sicurezza\/eecf1-ls1-t-mn-b\/\",\"name\":\"EECF1-LS1-T-MN-B - Bunker Seguridad Electr\u00f3nica S.L.\",\"isPartOf\":{\"@id\":\"https:\/\/bunkerseguridad.es\/it\/#website\"},\"primaryImageOfPage\":{\"@id\":\"https:\/\/bunkerseguridad.es\/it\/prodotto-sicurezza\/eecf1-ls1-t-mn-b\/#primaryimage\"},\"image\":{\"@id\":\"https:\/\/bunkerseguridad.es\/it\/prodotto-sicurezza\/eecf1-ls1-t-mn-b\/#primaryimage\"},\"thumbnailUrl\":\"https:\/\/bunkerseguridad.es\/it\/wp-content\/uploads\/2020\/09\/IP-Over-Coax.png\",\"datePublished\":\"2020-09-25T10:28:48+00:00\",\"dateModified\":\"2021-04-13T10:57:23+00:00\",\"description\":\"Transceiver VPN hardware di capacit\u00e0 standard ThruLink\u2122. 15Mbps, firmware TL2, fino a 256-bit AES, Camellia, Blowfish.\",\"breadcrumb\":{\"@id\":\"https:\/\/bunkerseguridad.es\/it\/prodotto-sicurezza\/eecf1-ls1-t-mn-b\/#breadcrumb\"},\"inLanguage\":\"it-IT\",\"potentialAction\":[{\"@type\":\"ReadAction\",\"target\":[\"https:\/\/bunkerseguridad.es\/it\/prodotto-sicurezza\/eecf1-ls1-t-mn-b\/\"]}]},{\"@type\":\"ImageObject\",\"inLanguage\":\"it-IT\",\"@id\":\"https:\/\/bunkerseguridad.es\/it\/prodotto-sicurezza\/eecf1-ls1-t-mn-b\/#primaryimage\",\"url\":\"https:\/\/bunkerseguridad.es\/it\/wp-content\/uploads\/2020\/09\/IP-Over-Coax.png\",\"contentUrl\":\"https:\/\/bunkerseguridad.es\/it\/wp-content\/uploads\/2020\/09\/IP-Over-Coax.png\",\"width\":1200,\"height\":1200},{\"@type\":\"BreadcrumbList\",\"@id\":\"https:\/\/bunkerseguridad.es\/it\/prodotto-sicurezza\/eecf1-ls1-t-mn-b\/#breadcrumb\",\"itemListElement\":[{\"@type\":\"ListItem\",\"position\":1,\"name\":\"Home\",\"item\":\"https:\/\/bunkerseguridad.es\/it\/\"},{\"@type\":\"ListItem\",\"position\":2,\"name\":\"Shop\",\"item\":\"https:\/\/bunkerseguridad.es\/it\/shop\/\"},{\"@type\":\"ListItem\",\"position\":3,\"name\":\"EECF1-LS1-T-MN-B\"}]},{\"@type\":\"WebSite\",\"@id\":\"https:\/\/bunkerseguridad.es\/it\/#website\",\"url\":\"https:\/\/bunkerseguridad.es\/it\/\",\"name\":\"Bunker Seguridad Electr\u00f3nica S.L.\",\"description\":\"Produzione e distribuzione di sistemi di rilevamento perimetrale in Europa.\",\"potentialAction\":[{\"@type\":\"SearchAction\",\"target\":{\"@type\":\"EntryPoint\",\"urlTemplate\":\"https:\/\/bunkerseguridad.es\/it\/?s={search_term_string}\"},\"query-input\":{\"@type\":\"PropertyValueSpecification\",\"valueRequired\":true,\"valueName\":\"search_term_string\"}}],\"inLanguage\":\"it-IT\"}]}<\/script>\n<!-- \/ Yoast SEO plugin. -->","yoast_head_json":{"title":"EECF1-LS1-T-MN-B - Bunker Seguridad Electr\u00f3nica S.L.","description":"Transceiver VPN hardware di capacit\u00e0 standard ThruLink\u2122. 15Mbps, firmware TL2, fino a 256-bit AES, Camellia, Blowfish.","robots":{"index":"index","follow":"follow","max-snippet":"max-snippet:-1","max-image-preview":"max-image-preview:large","max-video-preview":"max-video-preview:-1"},"canonical":"https:\/\/bunkerseguridad.es\/it\/prodotto-sicurezza\/eecf1-ls1-t-mn-b\/","og_locale":"it_IT","og_type":"article","og_title":"EECF1-LS1-T-MN-B - Bunker Seguridad Electr\u00f3nica S.L.","og_description":"Transceiver VPN hardware di capacit\u00e0 standard ThruLink\u2122. 15Mbps, firmware TL2, fino a 256-bit AES, Camellia, Blowfish.","og_url":"https:\/\/bunkerseguridad.es\/it\/prodotto-sicurezza\/eecf1-ls1-t-mn-b\/","og_site_name":"Bunker Seguridad Electr\u00f3nica S.L.","article_modified_time":"2021-04-13T10:57:23+00:00","og_image":[{"width":1200,"height":1200,"url":"https:\/\/bunkerseguridad.es\/it\/wp-content\/uploads\/2020\/09\/IP-Over-Coax.png","type":"image\/png"}],"twitter_card":"summary_large_image","twitter_misc":{"Tempo di lettura stimato":"1 minuto"},"schema":{"@context":"https:\/\/schema.org","@graph":[{"@type":"WebPage","@id":"https:\/\/bunkerseguridad.es\/it\/prodotto-sicurezza\/eecf1-ls1-t-mn-b\/","url":"https:\/\/bunkerseguridad.es\/it\/prodotto-sicurezza\/eecf1-ls1-t-mn-b\/","name":"EECF1-LS1-T-MN-B - Bunker Seguridad Electr\u00f3nica S.L.","isPartOf":{"@id":"https:\/\/bunkerseguridad.es\/it\/#website"},"primaryImageOfPage":{"@id":"https:\/\/bunkerseguridad.es\/it\/prodotto-sicurezza\/eecf1-ls1-t-mn-b\/#primaryimage"},"image":{"@id":"https:\/\/bunkerseguridad.es\/it\/prodotto-sicurezza\/eecf1-ls1-t-mn-b\/#primaryimage"},"thumbnailUrl":"https:\/\/bunkerseguridad.es\/it\/wp-content\/uploads\/2020\/09\/IP-Over-Coax.png","datePublished":"2020-09-25T10:28:48+00:00","dateModified":"2021-04-13T10:57:23+00:00","description":"Transceiver VPN hardware di capacit\u00e0 standard ThruLink\u2122. 15Mbps, firmware TL2, fino a 256-bit AES, Camellia, Blowfish.","breadcrumb":{"@id":"https:\/\/bunkerseguridad.es\/it\/prodotto-sicurezza\/eecf1-ls1-t-mn-b\/#breadcrumb"},"inLanguage":"it-IT","potentialAction":[{"@type":"ReadAction","target":["https:\/\/bunkerseguridad.es\/it\/prodotto-sicurezza\/eecf1-ls1-t-mn-b\/"]}]},{"@type":"ImageObject","inLanguage":"it-IT","@id":"https:\/\/bunkerseguridad.es\/it\/prodotto-sicurezza\/eecf1-ls1-t-mn-b\/#primaryimage","url":"https:\/\/bunkerseguridad.es\/it\/wp-content\/uploads\/2020\/09\/IP-Over-Coax.png","contentUrl":"https:\/\/bunkerseguridad.es\/it\/wp-content\/uploads\/2020\/09\/IP-Over-Coax.png","width":1200,"height":1200},{"@type":"BreadcrumbList","@id":"https:\/\/bunkerseguridad.es\/it\/prodotto-sicurezza\/eecf1-ls1-t-mn-b\/#breadcrumb","itemListElement":[{"@type":"ListItem","position":1,"name":"Home","item":"https:\/\/bunkerseguridad.es\/it\/"},{"@type":"ListItem","position":2,"name":"Shop","item":"https:\/\/bunkerseguridad.es\/it\/shop\/"},{"@type":"ListItem","position":3,"name":"EECF1-LS1-T-MN-B"}]},{"@type":"WebSite","@id":"https:\/\/bunkerseguridad.es\/it\/#website","url":"https:\/\/bunkerseguridad.es\/it\/","name":"Bunker Seguridad Electr\u00f3nica S.L.","description":"Produzione e distribuzione di sistemi di rilevamento perimetrale in Europa.","potentialAction":[{"@type":"SearchAction","target":{"@type":"EntryPoint","urlTemplate":"https:\/\/bunkerseguridad.es\/it\/?s={search_term_string}"},"query-input":{"@type":"PropertyValueSpecification","valueRequired":true,"valueName":"search_term_string"}}],"inLanguage":"it-IT"}]}},"brands":[{"id":206,"name":"KBC Networks","slug":"kbc-networks"}],"_links":{"self":[{"href":"https:\/\/bunkerseguridad.es\/it\/wp-json\/wp\/v2\/product\/1022","targetHints":{"allow":["GET"]}}],"collection":[{"href":"https:\/\/bunkerseguridad.es\/it\/wp-json\/wp\/v2\/product"}],"about":[{"href":"https:\/\/bunkerseguridad.es\/it\/wp-json\/wp\/v2\/types\/product"}],"wp:featuredmedia":[{"embeddable":true,"href":"https:\/\/bunkerseguridad.es\/it\/wp-json\/wp\/v2\/media\/1035"}],"wp:attachment":[{"href":"https:\/\/bunkerseguridad.es\/it\/wp-json\/wp\/v2\/media?parent=1022"}],"wp:term":[{"taxonomy":"pwb-brand","embeddable":true,"href":"https:\/\/bunkerseguridad.es\/it\/wp-json\/wp\/v2\/pwb-brand?post=1022"},{"taxonomy":"product_brand","embeddable":true,"href":"https:\/\/bunkerseguridad.es\/it\/wp-json\/wp\/v2\/product_brand?post=1022"},{"taxonomy":"product_cat","embeddable":true,"href":"https:\/\/bunkerseguridad.es\/it\/wp-json\/wp\/v2\/product_cat?post=1022"},{"taxonomy":"product_tag","embeddable":true,"href":"https:\/\/bunkerseguridad.es\/it\/wp-json\/wp\/v2\/product_tag?post=1022"}],"curies":[{"name":"wp","href":"https:\/\/api.w.org\/{rel}","templated":true}]}}