{"id":124,"date":"2020-08-19T11:15:30","date_gmt":"2020-08-19T11:15:30","guid":{"rendered":"http:\/\/www.bunkerseguridad.es\/en\/?post_type=product&#038;p=124"},"modified":"2021-03-30T09:36:58","modified_gmt":"2021-03-30T09:36:58","slug":"kit-enunciatore-multispezione-gjd","status":"publish","type":"product","link":"https:\/\/bunkerseguridad.es\/it\/prodotto-sicurezza\/kit-enunciatore-multispezione-gjd\/","title":{"rendered":"Kit Enunciatore Multispezione GJD090K"},"content":{"rendered":"<p>Il <strong>kit enunciatore vocale di GJD<\/strong> <strong>riproduce una registrazione desiderata quando si verifica un determinato evento.<\/strong><\/p>\n<p>Un singolo messaggio utente di 120 secondi pu\u00f2 essere registrato cos\u00ec come quattro diversi messaggi di 30 secondi su ogni canale, a seconda delle esigenze. Il <strong>controllo del volume \u00e8 regolabile<\/strong> e sono disponibili due suoni di pre-attenzione.<\/p>\n<p>Il modulo accetta qualsiasi ingresso normalmente aperto o normalmente chiuso, il che offre una maggiore flessibilit\u00e0 per utilizzarlo con un&#8217;enorme variet\u00e0 di <strong>qualsiasi dispositivo di rilevamento, pannello di allarme, pulsante di panico, risponditore telefonico o attivazione da una stazione di monitoraggio video remota<\/strong>.La registrazione pu\u00f2 essere effettuata utilizzando il microfono a bordo o in alternativa da un ingresso di linea 1V p-p.<\/p>\n<p><strong>L&#8217;installazione \u00e8 facile e la registrazione dei messaggi \u00e8 rapida e semplice.<\/strong><\/p>\n<p><strong>Caratteristiche:<\/strong><\/p>\n<ul>\n<li>Kit di enunciazione vocale a 4 canali<\/li>\n<li>4 messaggi registrabili dall&#8217;utente<\/li>\n<li>2 suoni di pre-attenzione<\/li>\n<li>Controllo del volume regolabile<\/li>\n<li>2 uscite altoparlanti<\/li>\n<\/ul>\n","protected":false},"excerpt":{"rendered":"<p><strong>Kit enunciatore vocale a 4 canali<\/strong> per <strong>il monitoraggio delle intrusioni, il controllo degli accessi, l&#8217;accoglienza, l&#8217;avvertimento o la consulenza.<\/strong><\/p>\n<p>Include un <strong>altoparlante<\/strong>, un <strong>musltispeech<\/strong> e un <strong>alimentatore<\/strong> in una<strong> scatola resistente alle intemperie.<\/strong><\/p>\n<p>L&#8217;enunciatore vocale <strong>Multispeech<\/strong> 4 fornisce un&#8217;uscita audio di 8 ohm che pu\u00f2 essere applicata a un <strong>altoparlante<\/strong> o a un <strong>combinatore telefonico<\/strong> che ha un ingresso per il processore vocale.<\/p>\n","protected":false},"featured_media":626,"template":"","meta":{"_et_pb_use_builder":"off","_et_pb_old_content":"<strong><span style=\"vertical-align: inherit\"><span style=\"vertical-align: inherit\">Para monitoreo de intrusos, control de acceso, bienvenida, advertencia o aviso<\/span><\/span><\/strong><span style=\"vertical-align: inherit\"><span style=\"vertical-align: inherit\"> \u00a0, recomendamos el\u00a0 <\/span><\/span><strong><span style=\"vertical-align: inherit\"><span style=\"vertical-align: inherit\">enunciador de voz de 4 canales - <\/span><\/span><\/strong>\u00a0<strong><span style=\"vertical-align: inherit\"><span style=\"vertical-align: inherit\">Multispeech Kit GJD090<\/span><\/span><\/strong><span style=\"vertical-align: inherit\"><span style=\"vertical-align: inherit\"> . <\/span><span style=\"vertical-align: inherit\">Se puede grabar un mensaje diferente de 30 segundos en cada canal o podr\u00eda ser un solo mensaje de 120 segundos.<\/span><\/span>\r\n\r\n<span style=\"vertical-align: inherit\"><span style=\"vertical-align: inherit\">El m\u00f3dulo es configurable para aceptar cualquier entrada normalmente abierta o normalmente cerrada, lo que le da una mayor flexibilidad para usarlo con cualquier\u00a0 <\/span><\/span><strong><span style=\"vertical-align: inherit\"><span style=\"vertical-align: inherit\">dispositivo de detecci\u00f3n, panel de alarma, bot\u00f3n de p\u00e1nico, contestador telef\u00f3nico o activaci\u00f3n desde una estaci\u00f3n de monitoreo de video remota.\u00a0<\/span><\/span><\/strong><span style=\"vertical-align: inherit\"><span style=\"vertical-align: inherit\">El control de volumen es ajustable y hay dos sonidos de preatenci\u00f3n disponibles.<\/span><\/span>\r\n\r\n<span style=\"vertical-align: inherit\"><span style=\"vertical-align: inherit\">El kit Multispeech proporciona una salida de audio de 8 ohmios que se puede aplicar a un altavoz o un marcador que tenga una entrada de procesador de voz. <\/span><span style=\"vertical-align: inherit\">La grabaci\u00f3n se puede realizar utilizando el micr\u00f3fono integrado o, alternativamente, mediante una entrada de l\u00ednea de 1V pp.\u00a0<\/span><\/span><strong><span style=\"vertical-align: inherit\"><span style=\"vertical-align: inherit\">La instalaci\u00f3n es f\u00e1cil y la grabaci\u00f3n de mensajes es r\u00e1pida y sencilla<\/span><\/span><\/strong><span style=\"vertical-align: inherit\"><span style=\"vertical-align: inherit\"> .<\/span><\/span>\r\n\r\n<span style=\"vertical-align: inherit\"><span style=\"vertical-align: inherit\">Este kit incluye:<\/span><\/span>\r\n\r\n<strong><span style=\"vertical-align: inherit\"><span style=\"vertical-align: inherit\">1 altavoz de bocina de 8 vatios y 8 ohmios<\/span><\/span><\/strong>\r\n\r\n<strong><span style=\"vertical-align: inherit\"><span style=\"vertical-align: inherit\">1 x Multispeech y PSU en caja resistente a la intemperie<\/span><\/span><\/strong>","_et_gb_content_width":""},"pwb-brand":[58],"product_brand":[],"product_cat":[41,43],"product_tag":[102,99,100,101],"class_list":{"0":"post-124","1":"product","2":"type-product","3":"status-publish","4":"has-post-thumbnail","6":"pwb-brand-gjd-detect-deter","7":"product_cat-sistemi-rilevamento-intrusioni-perimetrali","8":"product_cat-soluzioni-ausiliarie","9":"product_tag-auxiliary-solution","10":"product_tag-kit-multispezione","11":"product_tag-modulo-di-interfaccia-ip","12":"product_tag-soluzione-disinfettante","14":"first","15":"instock","16":"shipping-taxable","17":"product-type-simple"},"yoast_head":"<!-- This site is optimized with the Yoast SEO plugin v25.2 - https:\/\/yoast.com\/wordpress\/plugins\/seo\/ -->\n<title>Kit Enunciatore Multispezione GJD090K - Bunker Seguridad Electr\u00f3nica S.L.<\/title>\n<meta name=\"description\" content=\"Kit enunciatore vocale a 4 canali per il monitoraggio delle intrusioni, il controllo degli accessi, l&#039;accoglienza o l&#039;avvertimento\" \/>\n<meta name=\"robots\" content=\"index, follow, max-snippet:-1, max-image-preview:large, max-video-preview:-1\" \/>\n<link rel=\"canonical\" href=\"https:\/\/bunkerseguridad.es\/it\/prodotto-sicurezza\/kit-enunciatore-multispezione-gjd\/\" \/>\n<meta property=\"og:locale\" content=\"it_IT\" \/>\n<meta property=\"og:type\" content=\"article\" \/>\n<meta property=\"og:title\" content=\"Kit Enunciatore Multispezione GJD090K - Bunker Seguridad Electr\u00f3nica S.L.\" \/>\n<meta property=\"og:description\" content=\"Kit enunciatore vocale a 4 canali per il monitoraggio delle intrusioni, il controllo degli accessi, l&#039;accoglienza o l&#039;avvertimento\" \/>\n<meta property=\"og:url\" content=\"https:\/\/bunkerseguridad.es\/it\/prodotto-sicurezza\/kit-enunciatore-multispezione-gjd\/\" \/>\n<meta property=\"og:site_name\" content=\"Bunker Seguridad Electr\u00f3nica S.L.\" \/>\n<meta property=\"article:modified_time\" content=\"2021-03-30T09:36:58+00:00\" \/>\n<meta property=\"og:image\" content=\"https:\/\/bunkerseguridad.es\/it\/wp-content\/uploads\/2020\/08\/Wireless-Transmission-Equipment.png\" \/>\n\t<meta property=\"og:image:width\" content=\"1200\" \/>\n\t<meta property=\"og:image:height\" content=\"1200\" \/>\n\t<meta property=\"og:image:type\" content=\"image\/png\" \/>\n<meta name=\"twitter:card\" content=\"summary_large_image\" \/>\n<meta name=\"twitter:label1\" content=\"Tempo di lettura stimato\" \/>\n\t<meta name=\"twitter:data1\" content=\"1 minuto\" \/>\n<script type=\"application\/ld+json\" class=\"yoast-schema-graph\">{\"@context\":\"https:\/\/schema.org\",\"@graph\":[{\"@type\":\"WebPage\",\"@id\":\"https:\/\/bunkerseguridad.es\/it\/prodotto-sicurezza\/kit-enunciatore-multispezione-gjd\/\",\"url\":\"https:\/\/bunkerseguridad.es\/it\/prodotto-sicurezza\/kit-enunciatore-multispezione-gjd\/\",\"name\":\"Kit Enunciatore Multispezione GJD090K - Bunker Seguridad Electr\u00f3nica S.L.\",\"isPartOf\":{\"@id\":\"https:\/\/bunkerseguridad.es\/it\/#website\"},\"primaryImageOfPage\":{\"@id\":\"https:\/\/bunkerseguridad.es\/it\/prodotto-sicurezza\/kit-enunciatore-multispezione-gjd\/#primaryimage\"},\"image\":{\"@id\":\"https:\/\/bunkerseguridad.es\/it\/prodotto-sicurezza\/kit-enunciatore-multispezione-gjd\/#primaryimage\"},\"thumbnailUrl\":\"https:\/\/bunkerseguridad.es\/it\/wp-content\/uploads\/2020\/08\/Wireless-Transmission-Equipment.png\",\"datePublished\":\"2020-08-19T11:15:30+00:00\",\"dateModified\":\"2021-03-30T09:36:58+00:00\",\"description\":\"Kit enunciatore vocale a 4 canali per il monitoraggio delle intrusioni, il controllo degli accessi, l'accoglienza o l'avvertimento\",\"breadcrumb\":{\"@id\":\"https:\/\/bunkerseguridad.es\/it\/prodotto-sicurezza\/kit-enunciatore-multispezione-gjd\/#breadcrumb\"},\"inLanguage\":\"it-IT\",\"potentialAction\":[{\"@type\":\"ReadAction\",\"target\":[\"https:\/\/bunkerseguridad.es\/it\/prodotto-sicurezza\/kit-enunciatore-multispezione-gjd\/\"]}]},{\"@type\":\"ImageObject\",\"inLanguage\":\"it-IT\",\"@id\":\"https:\/\/bunkerseguridad.es\/it\/prodotto-sicurezza\/kit-enunciatore-multispezione-gjd\/#primaryimage\",\"url\":\"https:\/\/bunkerseguridad.es\/it\/wp-content\/uploads\/2020\/08\/Wireless-Transmission-Equipment.png\",\"contentUrl\":\"https:\/\/bunkerseguridad.es\/it\/wp-content\/uploads\/2020\/08\/Wireless-Transmission-Equipment.png\",\"width\":1200,\"height\":1200,\"caption\":\"Multispeech Kit \u2013 GJD\"},{\"@type\":\"BreadcrumbList\",\"@id\":\"https:\/\/bunkerseguridad.es\/it\/prodotto-sicurezza\/kit-enunciatore-multispezione-gjd\/#breadcrumb\",\"itemListElement\":[{\"@type\":\"ListItem\",\"position\":1,\"name\":\"Home\",\"item\":\"https:\/\/bunkerseguridad.es\/it\/\"},{\"@type\":\"ListItem\",\"position\":2,\"name\":\"Shop\",\"item\":\"https:\/\/bunkerseguridad.es\/it\/shop\/\"},{\"@type\":\"ListItem\",\"position\":3,\"name\":\"Kit Enunciatore Multispezione GJD090K\"}]},{\"@type\":\"WebSite\",\"@id\":\"https:\/\/bunkerseguridad.es\/it\/#website\",\"url\":\"https:\/\/bunkerseguridad.es\/it\/\",\"name\":\"Bunker Seguridad Electr\u00f3nica S.L.\",\"description\":\"Produzione e distribuzione di sistemi di rilevamento perimetrale in Europa.\",\"potentialAction\":[{\"@type\":\"SearchAction\",\"target\":{\"@type\":\"EntryPoint\",\"urlTemplate\":\"https:\/\/bunkerseguridad.es\/it\/?s={search_term_string}\"},\"query-input\":{\"@type\":\"PropertyValueSpecification\",\"valueRequired\":true,\"valueName\":\"search_term_string\"}}],\"inLanguage\":\"it-IT\"}]}<\/script>\n<!-- \/ Yoast SEO plugin. -->","yoast_head_json":{"title":"Kit Enunciatore Multispezione GJD090K - Bunker Seguridad Electr\u00f3nica S.L.","description":"Kit enunciatore vocale a 4 canali per il monitoraggio delle intrusioni, il controllo degli accessi, l'accoglienza o l'avvertimento","robots":{"index":"index","follow":"follow","max-snippet":"max-snippet:-1","max-image-preview":"max-image-preview:large","max-video-preview":"max-video-preview:-1"},"canonical":"https:\/\/bunkerseguridad.es\/it\/prodotto-sicurezza\/kit-enunciatore-multispezione-gjd\/","og_locale":"it_IT","og_type":"article","og_title":"Kit Enunciatore Multispezione GJD090K - Bunker Seguridad Electr\u00f3nica S.L.","og_description":"Kit enunciatore vocale a 4 canali per il monitoraggio delle intrusioni, il controllo degli accessi, l'accoglienza o l'avvertimento","og_url":"https:\/\/bunkerseguridad.es\/it\/prodotto-sicurezza\/kit-enunciatore-multispezione-gjd\/","og_site_name":"Bunker Seguridad Electr\u00f3nica S.L.","article_modified_time":"2021-03-30T09:36:58+00:00","og_image":[{"width":1200,"height":1200,"url":"https:\/\/bunkerseguridad.es\/it\/wp-content\/uploads\/2020\/08\/Wireless-Transmission-Equipment.png","type":"image\/png"}],"twitter_card":"summary_large_image","twitter_misc":{"Tempo di lettura stimato":"1 minuto"},"schema":{"@context":"https:\/\/schema.org","@graph":[{"@type":"WebPage","@id":"https:\/\/bunkerseguridad.es\/it\/prodotto-sicurezza\/kit-enunciatore-multispezione-gjd\/","url":"https:\/\/bunkerseguridad.es\/it\/prodotto-sicurezza\/kit-enunciatore-multispezione-gjd\/","name":"Kit Enunciatore Multispezione GJD090K - Bunker Seguridad Electr\u00f3nica S.L.","isPartOf":{"@id":"https:\/\/bunkerseguridad.es\/it\/#website"},"primaryImageOfPage":{"@id":"https:\/\/bunkerseguridad.es\/it\/prodotto-sicurezza\/kit-enunciatore-multispezione-gjd\/#primaryimage"},"image":{"@id":"https:\/\/bunkerseguridad.es\/it\/prodotto-sicurezza\/kit-enunciatore-multispezione-gjd\/#primaryimage"},"thumbnailUrl":"https:\/\/bunkerseguridad.es\/it\/wp-content\/uploads\/2020\/08\/Wireless-Transmission-Equipment.png","datePublished":"2020-08-19T11:15:30+00:00","dateModified":"2021-03-30T09:36:58+00:00","description":"Kit enunciatore vocale a 4 canali per il monitoraggio delle intrusioni, il controllo degli accessi, l'accoglienza o l'avvertimento","breadcrumb":{"@id":"https:\/\/bunkerseguridad.es\/it\/prodotto-sicurezza\/kit-enunciatore-multispezione-gjd\/#breadcrumb"},"inLanguage":"it-IT","potentialAction":[{"@type":"ReadAction","target":["https:\/\/bunkerseguridad.es\/it\/prodotto-sicurezza\/kit-enunciatore-multispezione-gjd\/"]}]},{"@type":"ImageObject","inLanguage":"it-IT","@id":"https:\/\/bunkerseguridad.es\/it\/prodotto-sicurezza\/kit-enunciatore-multispezione-gjd\/#primaryimage","url":"https:\/\/bunkerseguridad.es\/it\/wp-content\/uploads\/2020\/08\/Wireless-Transmission-Equipment.png","contentUrl":"https:\/\/bunkerseguridad.es\/it\/wp-content\/uploads\/2020\/08\/Wireless-Transmission-Equipment.png","width":1200,"height":1200,"caption":"Multispeech Kit \u2013 GJD"},{"@type":"BreadcrumbList","@id":"https:\/\/bunkerseguridad.es\/it\/prodotto-sicurezza\/kit-enunciatore-multispezione-gjd\/#breadcrumb","itemListElement":[{"@type":"ListItem","position":1,"name":"Home","item":"https:\/\/bunkerseguridad.es\/it\/"},{"@type":"ListItem","position":2,"name":"Shop","item":"https:\/\/bunkerseguridad.es\/it\/shop\/"},{"@type":"ListItem","position":3,"name":"Kit Enunciatore Multispezione GJD090K"}]},{"@type":"WebSite","@id":"https:\/\/bunkerseguridad.es\/it\/#website","url":"https:\/\/bunkerseguridad.es\/it\/","name":"Bunker Seguridad Electr\u00f3nica S.L.","description":"Produzione e distribuzione di sistemi di rilevamento perimetrale in Europa.","potentialAction":[{"@type":"SearchAction","target":{"@type":"EntryPoint","urlTemplate":"https:\/\/bunkerseguridad.es\/it\/?s={search_term_string}"},"query-input":{"@type":"PropertyValueSpecification","valueRequired":true,"valueName":"search_term_string"}}],"inLanguage":"it-IT"}]}},"brands":[{"id":58,"name":"GJD","slug":"gjd-detect-deter"}],"_links":{"self":[{"href":"https:\/\/bunkerseguridad.es\/it\/wp-json\/wp\/v2\/product\/124","targetHints":{"allow":["GET"]}}],"collection":[{"href":"https:\/\/bunkerseguridad.es\/it\/wp-json\/wp\/v2\/product"}],"about":[{"href":"https:\/\/bunkerseguridad.es\/it\/wp-json\/wp\/v2\/types\/product"}],"wp:featuredmedia":[{"embeddable":true,"href":"https:\/\/bunkerseguridad.es\/it\/wp-json\/wp\/v2\/media\/626"}],"wp:attachment":[{"href":"https:\/\/bunkerseguridad.es\/it\/wp-json\/wp\/v2\/media?parent=124"}],"wp:term":[{"taxonomy":"pwb-brand","embeddable":true,"href":"https:\/\/bunkerseguridad.es\/it\/wp-json\/wp\/v2\/pwb-brand?post=124"},{"taxonomy":"product_brand","embeddable":true,"href":"https:\/\/bunkerseguridad.es\/it\/wp-json\/wp\/v2\/product_brand?post=124"},{"taxonomy":"product_cat","embeddable":true,"href":"https:\/\/bunkerseguridad.es\/it\/wp-json\/wp\/v2\/product_cat?post=124"},{"taxonomy":"product_tag","embeddable":true,"href":"https:\/\/bunkerseguridad.es\/it\/wp-json\/wp\/v2\/product_tag?post=124"}],"curies":[{"name":"wp","href":"https:\/\/api.w.org\/{rel}","templated":true}]}}