{"id":1391,"date":"2020-09-29T12:02:43","date_gmt":"2020-09-29T12:02:43","guid":{"rendered":"http:\/\/www.bunkerseguridad.es\/en\/?post_type=product&#038;p=1391"},"modified":"2021-04-14T08:13:26","modified_gmt":"2021-04-14T08:13:26","slug":"pt-colonna-360-per-barriere-ad-ir","status":"publish","type":"product","link":"https:\/\/bunkerseguridad.es\/it\/prodotto-sicurezza\/pt-colonna-360-per-barriere-ad-ir\/","title":{"rendered":"PT \u2013 Colonna (360\u00b0) per barriere ad IR"},"content":{"rendered":"<p>PT \u00e8 un modello di torre a raggi infrarossi bifacciale per sensori PT e rivelatori fotoelettrici a medio e lungo raggio. Una caratteristica speciale di questo modello di torre a raggi infrarossi \u00e8 la sua struttura principale composta da un profilo di alluminio, che permette il fissaggio di un trasmettitore e\/o ricevitore (Tx\/Rx) dei fasci di foto a infrarossi alla stessa altezza con la possibilit\u00e0 di puntare il fascio di foto a infrarossi in due direzioni diverse con un raggio di protezione di 360\u00ba.<\/p>\n<p>Dato che la Bunker produce una vasta gamma di prodotti perimetrali, come il <a href=\"https:\/\/bunkerseguridad.es\/it\/security\/sistemi-rilevamento-intrusioni-perimetrali\/colonne-perimetrali\/colonne-infrarossi-residenziali\/\">Guardia del giardino<\/a> (MALTA, CAV e CAV-W), per aree esclusivamente residenziali, ci riferiamo alla torre a infrarossi PT con l&#8217;aggettivo &#8220;industriale&#8221;, anche se in situazioni reali le torri MB IR (180\u00ba) e le torri di sicurezza PT sono installate molto spesso in aree residenziali e integrano perfettamente il loro design elegante nell&#8217;ambiente, anche quando si utilizzano gli accessori PT-LUX e PT-CCTV (il primo trasforma la torre di sicurezza perimetrale in una lampada poich\u00e9 vi si possono fissare lampadine a basso consumo. Per quanto riguarda PT-CCTV, permette di integrare all&#8217;interno della torre a infrarossi (AIR) fino a due telecamere CCTV, il che rende la soluzione molto compatta e pulita. Vedere il paragrafo &#8220;Accessori&#8221; per maggiori informazioni.<\/p>\n<p><strong>Caratteristiche:<\/strong><\/p>\n<ul>\n<li>Due profili di policarbonato nero che permettono il passaggio dei raggi infrarossi emessi dal raggio fotoelettrico.<\/li>\n<li>Un profilo di alluminio anodizzato nero che fa parte della struttura della torre IR.<\/li>\n<li>Un tamper antisabotaggio da fissare sul lato superiore della torre IR e di conseguenza evitare una possibile manipolazione del sistema di sicurezza perimetrale mettendo fuori uso un<\/li>\n<li>sensore fotoelettrico o anche annullando un raggio infrarosso fotografico.<\/li>\n<li>Kit di installazione: \u00e8 composto da viti inossidabili, utilizzate per fissare una torre a infrarossi al pavimento, per fissare fasci di foto a infrarossi alla parte principale della torre di sicurezza, ecc.<\/li>\n<\/ul>\n<p>Inoltre, il modello di torre a infrarossi alta 3 metri (PT300), prodotto da Bunker Seguridad, \u00e8 dotato di staffe laterali MB3SB da 70 cm. Queste danno pi\u00f9 stabilit\u00e0 ai fasci di foto a infrarossi posti all&#8217;interno, ma anche pi\u00f9 rigidit\u00e0 alla torre elettrica che ha un effetto sul sistema di sicurezza perimetrale con meno allarmi indesiderati.<\/p>\n","protected":false},"excerpt":{"rendered":"<p><strong>La torre a raggi infrarossi PT a due lati (360\u00ba) \u00e8 una soluzione ideale per proteggere i perimetri<\/strong> mantenendo la stessa linea o altezza di raggi infrarossi (per <strong>lunghe distanze) o due direzioni diverse<\/strong>. Poich\u00e9 possono essere fissate una dietro l&#8217;altra, la continuit\u00e0 \u00e8 assicurata senza dover affrontare altezze diverse, come nel caso delle torri a raggi infrarossi su un solo lato (180\u00b0).<\/p>\n<p>Manomissione anti-apertura inclusa.<\/p>\n","protected":false},"featured_media":1410,"template":"","meta":{"_et_pb_use_builder":"","_et_pb_old_content":"","_et_gb_content_width":""},"pwb-brand":[198],"product_brand":[],"product_cat":[41,50,53],"product_tag":[366,65,67,356,68,64,63,69,71],"class_list":{"0":"post-1391","1":"product","2":"type-product","3":"status-publish","4":"has-post-thumbnail","6":"pwb-brand-bunker-seguridad-electronica-s-l","7":"product_cat-sistemi-rilevamento-intrusioni-perimetrali","8":"product_cat-colonne-perimetrali","9":"product_cat-colonne-raggi-infrarossi-industriali","10":"product_tag-1-5m","11":"product_tag-1m","12":"product_tag-2m","13":"product_tag-360o","14":"product_tag-3m","15":"product_tag-50cm","16":"product_tag-doppio-lato","17":"product_tag-installazione-a-terra","18":"product_tag-torre-industriale","20":"first","21":"instock","22":"shipping-taxable","23":"product-type-simple"},"yoast_head":"<!-- This site is optimized with the Yoast SEO plugin v25.2 - https:\/\/yoast.com\/wordpress\/plugins\/seo\/ -->\n<title>PT \u2013 Colonna (360\u00b0) per barriere ad IR - Bunker Seguridad Electr\u00f3nica S.L.<\/title>\n<meta name=\"description\" content=\"PT \u00e8 un modello di torre a raggi infrarossi bifacciale per sensori PT e rivelatori fotoelettrici a medio e lungo raggio.\" \/>\n<meta name=\"robots\" content=\"index, follow, max-snippet:-1, max-image-preview:large, max-video-preview:-1\" \/>\n<link rel=\"canonical\" href=\"https:\/\/bunkerseguridad.es\/it\/prodotto-sicurezza\/pt-colonna-360-per-barriere-ad-ir\/\" \/>\n<meta property=\"og:locale\" content=\"it_IT\" \/>\n<meta property=\"og:type\" content=\"article\" \/>\n<meta property=\"og:title\" content=\"PT \u2013 Colonna (360\u00b0) per barriere ad IR - Bunker Seguridad Electr\u00f3nica S.L.\" \/>\n<meta property=\"og:description\" content=\"PT \u00e8 un modello di torre a raggi infrarossi bifacciale per sensori PT e rivelatori fotoelettrici a medio e lungo raggio.\" \/>\n<meta property=\"og:url\" content=\"https:\/\/bunkerseguridad.es\/it\/prodotto-sicurezza\/pt-colonna-360-per-barriere-ad-ir\/\" \/>\n<meta property=\"og:site_name\" content=\"Bunker Seguridad Electr\u00f3nica S.L.\" \/>\n<meta property=\"article:modified_time\" content=\"2021-04-14T08:13:26+00:00\" \/>\n<meta property=\"og:image\" content=\"https:\/\/bunkerseguridad.es\/it\/wp-content\/uploads\/2020\/09\/Perimeter-Security-Beam-Tower-1.jpg\" \/>\n\t<meta property=\"og:image:width\" content=\"1200\" \/>\n\t<meta property=\"og:image:height\" content=\"1200\" \/>\n\t<meta property=\"og:image:type\" content=\"image\/jpeg\" \/>\n<meta name=\"twitter:card\" content=\"summary_large_image\" \/>\n<meta name=\"twitter:label1\" content=\"Tempo di lettura stimato\" \/>\n\t<meta name=\"twitter:data1\" content=\"2 minuti\" \/>\n<script type=\"application\/ld+json\" class=\"yoast-schema-graph\">{\"@context\":\"https:\/\/schema.org\",\"@graph\":[{\"@type\":\"WebPage\",\"@id\":\"https:\/\/bunkerseguridad.es\/it\/prodotto-sicurezza\/pt-colonna-360-per-barriere-ad-ir\/\",\"url\":\"https:\/\/bunkerseguridad.es\/it\/prodotto-sicurezza\/pt-colonna-360-per-barriere-ad-ir\/\",\"name\":\"PT \u2013 Colonna (360\u00b0) per barriere ad IR - Bunker Seguridad Electr\u00f3nica S.L.\",\"isPartOf\":{\"@id\":\"https:\/\/bunkerseguridad.es\/it\/#website\"},\"primaryImageOfPage\":{\"@id\":\"https:\/\/bunkerseguridad.es\/it\/prodotto-sicurezza\/pt-colonna-360-per-barriere-ad-ir\/#primaryimage\"},\"image\":{\"@id\":\"https:\/\/bunkerseguridad.es\/it\/prodotto-sicurezza\/pt-colonna-360-per-barriere-ad-ir\/#primaryimage\"},\"thumbnailUrl\":\"https:\/\/bunkerseguridad.es\/it\/wp-content\/uploads\/2020\/09\/Perimeter-Security-Beam-Tower-1.jpg\",\"datePublished\":\"2020-09-29T12:02:43+00:00\",\"dateModified\":\"2021-04-14T08:13:26+00:00\",\"description\":\"PT \u00e8 un modello di torre a raggi infrarossi bifacciale per sensori PT e rivelatori fotoelettrici a medio e lungo raggio.\",\"breadcrumb\":{\"@id\":\"https:\/\/bunkerseguridad.es\/it\/prodotto-sicurezza\/pt-colonna-360-per-barriere-ad-ir\/#breadcrumb\"},\"inLanguage\":\"it-IT\",\"potentialAction\":[{\"@type\":\"ReadAction\",\"target\":[\"https:\/\/bunkerseguridad.es\/it\/prodotto-sicurezza\/pt-colonna-360-per-barriere-ad-ir\/\"]}]},{\"@type\":\"ImageObject\",\"inLanguage\":\"it-IT\",\"@id\":\"https:\/\/bunkerseguridad.es\/it\/prodotto-sicurezza\/pt-colonna-360-per-barriere-ad-ir\/#primaryimage\",\"url\":\"https:\/\/bunkerseguridad.es\/it\/wp-content\/uploads\/2020\/09\/Perimeter-Security-Beam-Tower-1.jpg\",\"contentUrl\":\"https:\/\/bunkerseguridad.es\/it\/wp-content\/uploads\/2020\/09\/Perimeter-Security-Beam-Tower-1.jpg\",\"width\":1200,\"height\":1200,\"caption\":\"PT - Double-sided protection perimeter tower (360\u00b0) for infrared photoelectric beams\"},{\"@type\":\"BreadcrumbList\",\"@id\":\"https:\/\/bunkerseguridad.es\/it\/prodotto-sicurezza\/pt-colonna-360-per-barriere-ad-ir\/#breadcrumb\",\"itemListElement\":[{\"@type\":\"ListItem\",\"position\":1,\"name\":\"Home\",\"item\":\"https:\/\/bunkerseguridad.es\/it\/\"},{\"@type\":\"ListItem\",\"position\":2,\"name\":\"Shop\",\"item\":\"https:\/\/bunkerseguridad.es\/it\/shop\/\"},{\"@type\":\"ListItem\",\"position\":3,\"name\":\"PT \u2013 Colonna (360\u00b0) per barriere ad IR\"}]},{\"@type\":\"WebSite\",\"@id\":\"https:\/\/bunkerseguridad.es\/it\/#website\",\"url\":\"https:\/\/bunkerseguridad.es\/it\/\",\"name\":\"Bunker Seguridad Electr\u00f3nica S.L.\",\"description\":\"Produzione e distribuzione di sistemi di rilevamento perimetrale in Europa.\",\"potentialAction\":[{\"@type\":\"SearchAction\",\"target\":{\"@type\":\"EntryPoint\",\"urlTemplate\":\"https:\/\/bunkerseguridad.es\/it\/?s={search_term_string}\"},\"query-input\":{\"@type\":\"PropertyValueSpecification\",\"valueRequired\":true,\"valueName\":\"search_term_string\"}}],\"inLanguage\":\"it-IT\"}]}<\/script>\n<!-- \/ Yoast SEO plugin. -->","yoast_head_json":{"title":"PT \u2013 Colonna (360\u00b0) per barriere ad IR - Bunker Seguridad Electr\u00f3nica S.L.","description":"PT \u00e8 un modello di torre a raggi infrarossi bifacciale per sensori PT e rivelatori fotoelettrici a medio e lungo raggio.","robots":{"index":"index","follow":"follow","max-snippet":"max-snippet:-1","max-image-preview":"max-image-preview:large","max-video-preview":"max-video-preview:-1"},"canonical":"https:\/\/bunkerseguridad.es\/it\/prodotto-sicurezza\/pt-colonna-360-per-barriere-ad-ir\/","og_locale":"it_IT","og_type":"article","og_title":"PT \u2013 Colonna (360\u00b0) per barriere ad IR - Bunker Seguridad Electr\u00f3nica S.L.","og_description":"PT \u00e8 un modello di torre a raggi infrarossi bifacciale per sensori PT e rivelatori fotoelettrici a medio e lungo raggio.","og_url":"https:\/\/bunkerseguridad.es\/it\/prodotto-sicurezza\/pt-colonna-360-per-barriere-ad-ir\/","og_site_name":"Bunker Seguridad Electr\u00f3nica S.L.","article_modified_time":"2021-04-14T08:13:26+00:00","og_image":[{"width":1200,"height":1200,"url":"https:\/\/bunkerseguridad.es\/it\/wp-content\/uploads\/2020\/09\/Perimeter-Security-Beam-Tower-1.jpg","type":"image\/jpeg"}],"twitter_card":"summary_large_image","twitter_misc":{"Tempo di lettura stimato":"2 minuti"},"schema":{"@context":"https:\/\/schema.org","@graph":[{"@type":"WebPage","@id":"https:\/\/bunkerseguridad.es\/it\/prodotto-sicurezza\/pt-colonna-360-per-barriere-ad-ir\/","url":"https:\/\/bunkerseguridad.es\/it\/prodotto-sicurezza\/pt-colonna-360-per-barriere-ad-ir\/","name":"PT \u2013 Colonna (360\u00b0) per barriere ad IR - Bunker Seguridad Electr\u00f3nica S.L.","isPartOf":{"@id":"https:\/\/bunkerseguridad.es\/it\/#website"},"primaryImageOfPage":{"@id":"https:\/\/bunkerseguridad.es\/it\/prodotto-sicurezza\/pt-colonna-360-per-barriere-ad-ir\/#primaryimage"},"image":{"@id":"https:\/\/bunkerseguridad.es\/it\/prodotto-sicurezza\/pt-colonna-360-per-barriere-ad-ir\/#primaryimage"},"thumbnailUrl":"https:\/\/bunkerseguridad.es\/it\/wp-content\/uploads\/2020\/09\/Perimeter-Security-Beam-Tower-1.jpg","datePublished":"2020-09-29T12:02:43+00:00","dateModified":"2021-04-14T08:13:26+00:00","description":"PT \u00e8 un modello di torre a raggi infrarossi bifacciale per sensori PT e rivelatori fotoelettrici a medio e lungo raggio.","breadcrumb":{"@id":"https:\/\/bunkerseguridad.es\/it\/prodotto-sicurezza\/pt-colonna-360-per-barriere-ad-ir\/#breadcrumb"},"inLanguage":"it-IT","potentialAction":[{"@type":"ReadAction","target":["https:\/\/bunkerseguridad.es\/it\/prodotto-sicurezza\/pt-colonna-360-per-barriere-ad-ir\/"]}]},{"@type":"ImageObject","inLanguage":"it-IT","@id":"https:\/\/bunkerseguridad.es\/it\/prodotto-sicurezza\/pt-colonna-360-per-barriere-ad-ir\/#primaryimage","url":"https:\/\/bunkerseguridad.es\/it\/wp-content\/uploads\/2020\/09\/Perimeter-Security-Beam-Tower-1.jpg","contentUrl":"https:\/\/bunkerseguridad.es\/it\/wp-content\/uploads\/2020\/09\/Perimeter-Security-Beam-Tower-1.jpg","width":1200,"height":1200,"caption":"PT - Double-sided protection perimeter tower (360\u00b0) for infrared photoelectric beams"},{"@type":"BreadcrumbList","@id":"https:\/\/bunkerseguridad.es\/it\/prodotto-sicurezza\/pt-colonna-360-per-barriere-ad-ir\/#breadcrumb","itemListElement":[{"@type":"ListItem","position":1,"name":"Home","item":"https:\/\/bunkerseguridad.es\/it\/"},{"@type":"ListItem","position":2,"name":"Shop","item":"https:\/\/bunkerseguridad.es\/it\/shop\/"},{"@type":"ListItem","position":3,"name":"PT \u2013 Colonna (360\u00b0) per barriere ad IR"}]},{"@type":"WebSite","@id":"https:\/\/bunkerseguridad.es\/it\/#website","url":"https:\/\/bunkerseguridad.es\/it\/","name":"Bunker Seguridad Electr\u00f3nica S.L.","description":"Produzione e distribuzione di sistemi di rilevamento perimetrale in Europa.","potentialAction":[{"@type":"SearchAction","target":{"@type":"EntryPoint","urlTemplate":"https:\/\/bunkerseguridad.es\/it\/?s={search_term_string}"},"query-input":{"@type":"PropertyValueSpecification","valueRequired":true,"valueName":"search_term_string"}}],"inLanguage":"it-IT"}]}},"brands":[{"id":198,"name":"Bunker Seguridad","slug":"bunker-seguridad-electronica-s-l"}],"_links":{"self":[{"href":"https:\/\/bunkerseguridad.es\/it\/wp-json\/wp\/v2\/product\/1391","targetHints":{"allow":["GET"]}}],"collection":[{"href":"https:\/\/bunkerseguridad.es\/it\/wp-json\/wp\/v2\/product"}],"about":[{"href":"https:\/\/bunkerseguridad.es\/it\/wp-json\/wp\/v2\/types\/product"}],"wp:featuredmedia":[{"embeddable":true,"href":"https:\/\/bunkerseguridad.es\/it\/wp-json\/wp\/v2\/media\/1410"}],"wp:attachment":[{"href":"https:\/\/bunkerseguridad.es\/it\/wp-json\/wp\/v2\/media?parent=1391"}],"wp:term":[{"taxonomy":"pwb-brand","embeddable":true,"href":"https:\/\/bunkerseguridad.es\/it\/wp-json\/wp\/v2\/pwb-brand?post=1391"},{"taxonomy":"product_brand","embeddable":true,"href":"https:\/\/bunkerseguridad.es\/it\/wp-json\/wp\/v2\/product_brand?post=1391"},{"taxonomy":"product_cat","embeddable":true,"href":"https:\/\/bunkerseguridad.es\/it\/wp-json\/wp\/v2\/product_cat?post=1391"},{"taxonomy":"product_tag","embeddable":true,"href":"https:\/\/bunkerseguridad.es\/it\/wp-json\/wp\/v2\/product_tag?post=1391"}],"curies":[{"name":"wp","href":"https:\/\/api.w.org\/{rel}","templated":true}]}}