{"id":2005,"date":"2020-10-06T07:32:40","date_gmt":"2020-10-06T07:32:40","guid":{"rendered":"http:\/\/www.bunkerseguridad.es\/en\/?post_type=product&#038;p=2005"},"modified":"2021-03-23T08:39:39","modified_gmt":"2021-03-23T08:39:39","slug":"barriere-microonde-analogiche-bm-60-m","status":"publish","type":"product","link":"https:\/\/bunkerseguridad.es\/it\/prodotto-sicurezza\/barriere-microonde-analogiche-bm-60-m\/","title":{"rendered":"Barriere Microonde Analogiche BM 60 M"},"content":{"rendered":"<p>Le barriere a microonde analogiche BM 60 M sono <strong>utilizzate per la rilevazione di intrusioni perimetrali all&#8217;esterno di giardini, case, confini, magazzini, aeroporti, resort commerciali, parcheggi per auto e camion, impianti civili, industriali, militari, nucleari ed elettrici.<\/strong><\/p>\n<p>BM \u00e8 composta da 2 unit\u00e0 &#8211; 1 trasmettitore (TX) e 1 ricevitore (RX) &#8211; installate ad una distanza massima di 60 metri.<\/p>\n<p>I BM integrano<strong> antenne planari<\/strong> che riducono del 20% l&#8217;area di sensibilit\u00e0 rispetto alle precedenti antenne paraboliche. Si possono installare BM a distanze maggiori per gli stessi perimetri e si risparmiano costi. Inoltre, per essere protette dalla pioggia, le antenne paraboliche utilizzano grandi alloggiamenti espansivi e difficili da maneggiare, mentre le antenne planari di BM sono altamente protette dalla tropicalizzazione e installate in una copertura protettiva <strong>altamente resistente che evita la condensa e il suo conseguente sviluppo di ruggine.<\/strong><\/p>\n<p>Queste barriere a microonde funzionano in<strong> tutte le condizioni atmosferiche (neve, pioggia, nebbia) senza riduzione delle distanze<\/strong>, a differenza delle barriere a infrarossi attivi. Se la temperatura \u00e8 inferiore a -5\u00b0C, \u00e8 possibile collocare un kit di riscaldamento TERM1. La gamma di temperatura BM \u00e8 -20\/+55\u00b0C.<\/p>\n<p><strong>Caratteristiche:<\/strong><\/p>\n<ul>\n<li><strong>SICUREZZA SUPERIORE:<\/strong> L&#8217;area di sicurezza \u00e8 veramente cos\u00ec ampia e alta (fino a 4 x 3 metri) che \u00e8 impossibile da attraversare senza generare un allarme e fornisce una sicurezza superiore rispetto ad altre tecnologie.<\/li>\n<li><strong>MINOR TASSO DI FALSI ALLARMI:<\/strong> Impostare l&#8217;immunit\u00e0 per gli animali domestici \u00e8 facile: il livello di allarme \u00e8 programmato per ignorare i piccoli animali e generare meno allarmi indesiderati.<\/li>\n<li><strong>CIRCUITO DI INTEGRAZIONE:<\/strong> La sicurezza pu\u00f2 essere aumentata automaticamente grazie al suo circuito di integrazione incorporato che amplifica le condizioni possibili per un allarme e si attiva pi\u00f9 facilmente<\/li>\n<li><strong>DISQUALIFICAZIONE:<\/strong> BM distingue un allarme reale da una situazione di squalifica (come un furgone parcheggiato tra le barriere).<\/li>\n<li><strong>INTERFACCIA E INSTALLAZIONE COMUNE:<\/strong> Con i pali, i BM sono alti solo 120 cm: \u00e8 facile e veloce installarli, quindi il costo dell&#8217;installazione \u00e8 inferiore rispetto ad altre tecnologie. \u00c8 anche semplice da impostare perfettamente grazie a pochi trimmer e dip-switch. Infine, grazie alle sue uscite NC regolari, BM funziona con tutti i sistemi di allarme e TVCC.<\/li>\n<\/ul>\n","protected":false},"excerpt":{"rendered":"<p>Le barriere a microonde analogiche BM 60 M <strong>sono utilizzate per il rilevamento delle intrusioni perimetrali esterne di giardini, case, confini, magazzini, aeroporti, resort commerciali, parcheggi per auto e camion, impianti civili, industriali, militari, nucleari ed elettrici.<\/strong><\/p>\n","protected":false},"featured_media":2006,"template":"","meta":{"_et_pb_use_builder":"","_et_pb_old_content":"","_et_gb_content_width":""},"pwb-brand":[203],"product_brand":[],"product_cat":[41,45],"product_tag":[92,291],"class_list":{"0":"post-2005","1":"product","2":"type-product","3":"status-publish","4":"has-post-thumbnail","6":"pwb-brand-avs-electronics-s-p-a","7":"product_cat-sistemi-rilevamento-intrusioni-perimetrali","8":"product_cat-barriere-microonde","9":"product_tag-60m","10":"product_tag-analog-microwave-barriers","12":"first","13":"instock","14":"shipping-taxable","15":"product-type-simple"},"yoast_head":"<!-- This site is optimized with the Yoast SEO plugin v25.2 - https:\/\/yoast.com\/wordpress\/plugins\/seo\/ -->\n<title>Barriere Microonde Analogiche BM 60 M - Bunker Seguridad Electr\u00f3nica S.L.<\/title>\n<meta name=\"description\" content=\"Le barriere a microonde analogiche BM 60 M sono utilizzate per il rilevamento delle intrusioni perimetrali esterne\" \/>\n<meta name=\"robots\" content=\"index, follow, max-snippet:-1, max-image-preview:large, max-video-preview:-1\" \/>\n<link rel=\"canonical\" href=\"https:\/\/bunkerseguridad.es\/it\/prodotto-sicurezza\/barriere-microonde-analogiche-bm-60-m\/\" \/>\n<meta property=\"og:locale\" content=\"it_IT\" \/>\n<meta property=\"og:type\" content=\"article\" \/>\n<meta property=\"og:title\" content=\"Barriere Microonde Analogiche BM 60 M - Bunker Seguridad Electr\u00f3nica S.L.\" \/>\n<meta property=\"og:description\" content=\"Le barriere a microonde analogiche BM 60 M sono utilizzate per il rilevamento delle intrusioni perimetrali esterne\" \/>\n<meta property=\"og:url\" content=\"https:\/\/bunkerseguridad.es\/it\/prodotto-sicurezza\/barriere-microonde-analogiche-bm-60-m\/\" \/>\n<meta property=\"og:site_name\" content=\"Bunker Seguridad Electr\u00f3nica S.L.\" \/>\n<meta property=\"article:modified_time\" content=\"2021-03-23T08:39:39+00:00\" \/>\n<meta property=\"og:image\" content=\"https:\/\/bunkerseguridad.es\/it\/wp-content\/uploads\/2020\/10\/mw-barriers-bm-60-m-avs-electronics.png\" \/>\n\t<meta property=\"og:image:width\" content=\"1200\" \/>\n\t<meta property=\"og:image:height\" content=\"1200\" \/>\n\t<meta property=\"og:image:type\" content=\"image\/png\" \/>\n<meta name=\"twitter:card\" content=\"summary_large_image\" \/>\n<meta name=\"twitter:label1\" content=\"Tempo di lettura stimato\" \/>\n\t<meta name=\"twitter:data1\" content=\"2 minuti\" \/>\n<script type=\"application\/ld+json\" class=\"yoast-schema-graph\">{\"@context\":\"https:\/\/schema.org\",\"@graph\":[{\"@type\":\"WebPage\",\"@id\":\"https:\/\/bunkerseguridad.es\/it\/prodotto-sicurezza\/barriere-microonde-analogiche-bm-60-m\/\",\"url\":\"https:\/\/bunkerseguridad.es\/it\/prodotto-sicurezza\/barriere-microonde-analogiche-bm-60-m\/\",\"name\":\"Barriere Microonde Analogiche BM 60 M - Bunker Seguridad Electr\u00f3nica S.L.\",\"isPartOf\":{\"@id\":\"https:\/\/bunkerseguridad.es\/it\/#website\"},\"primaryImageOfPage\":{\"@id\":\"https:\/\/bunkerseguridad.es\/it\/prodotto-sicurezza\/barriere-microonde-analogiche-bm-60-m\/#primaryimage\"},\"image\":{\"@id\":\"https:\/\/bunkerseguridad.es\/it\/prodotto-sicurezza\/barriere-microonde-analogiche-bm-60-m\/#primaryimage\"},\"thumbnailUrl\":\"https:\/\/bunkerseguridad.es\/it\/wp-content\/uploads\/2020\/10\/mw-barriers-bm-60-m-avs-electronics.png\",\"datePublished\":\"2020-10-06T07:32:40+00:00\",\"dateModified\":\"2021-03-23T08:39:39+00:00\",\"description\":\"Le barriere a microonde analogiche BM 60 M sono utilizzate per il rilevamento delle intrusioni perimetrali esterne\",\"breadcrumb\":{\"@id\":\"https:\/\/bunkerseguridad.es\/it\/prodotto-sicurezza\/barriere-microonde-analogiche-bm-60-m\/#breadcrumb\"},\"inLanguage\":\"it-IT\",\"potentialAction\":[{\"@type\":\"ReadAction\",\"target\":[\"https:\/\/bunkerseguridad.es\/it\/prodotto-sicurezza\/barriere-microonde-analogiche-bm-60-m\/\"]}]},{\"@type\":\"ImageObject\",\"inLanguage\":\"it-IT\",\"@id\":\"https:\/\/bunkerseguridad.es\/it\/prodotto-sicurezza\/barriere-microonde-analogiche-bm-60-m\/#primaryimage\",\"url\":\"https:\/\/bunkerseguridad.es\/it\/wp-content\/uploads\/2020\/10\/mw-barriers-bm-60-m-avs-electronics.png\",\"contentUrl\":\"https:\/\/bunkerseguridad.es\/it\/wp-content\/uploads\/2020\/10\/mw-barriers-bm-60-m-avs-electronics.png\",\"width\":1200,\"height\":1200,\"caption\":\"Analogue Microwave Barriers BM\"},{\"@type\":\"BreadcrumbList\",\"@id\":\"https:\/\/bunkerseguridad.es\/it\/prodotto-sicurezza\/barriere-microonde-analogiche-bm-60-m\/#breadcrumb\",\"itemListElement\":[{\"@type\":\"ListItem\",\"position\":1,\"name\":\"Home\",\"item\":\"https:\/\/bunkerseguridad.es\/it\/\"},{\"@type\":\"ListItem\",\"position\":2,\"name\":\"Shop\",\"item\":\"https:\/\/bunkerseguridad.es\/it\/shop\/\"},{\"@type\":\"ListItem\",\"position\":3,\"name\":\"Barriere Microonde Analogiche BM 60 M\"}]},{\"@type\":\"WebSite\",\"@id\":\"https:\/\/bunkerseguridad.es\/it\/#website\",\"url\":\"https:\/\/bunkerseguridad.es\/it\/\",\"name\":\"Bunker Seguridad Electr\u00f3nica S.L.\",\"description\":\"Produzione e distribuzione di sistemi di rilevamento perimetrale in Europa.\",\"potentialAction\":[{\"@type\":\"SearchAction\",\"target\":{\"@type\":\"EntryPoint\",\"urlTemplate\":\"https:\/\/bunkerseguridad.es\/it\/?s={search_term_string}\"},\"query-input\":{\"@type\":\"PropertyValueSpecification\",\"valueRequired\":true,\"valueName\":\"search_term_string\"}}],\"inLanguage\":\"it-IT\"}]}<\/script>\n<!-- \/ Yoast SEO plugin. -->","yoast_head_json":{"title":"Barriere Microonde Analogiche BM 60 M - Bunker Seguridad Electr\u00f3nica S.L.","description":"Le barriere a microonde analogiche BM 60 M sono utilizzate per il rilevamento delle intrusioni perimetrali esterne","robots":{"index":"index","follow":"follow","max-snippet":"max-snippet:-1","max-image-preview":"max-image-preview:large","max-video-preview":"max-video-preview:-1"},"canonical":"https:\/\/bunkerseguridad.es\/it\/prodotto-sicurezza\/barriere-microonde-analogiche-bm-60-m\/","og_locale":"it_IT","og_type":"article","og_title":"Barriere Microonde Analogiche BM 60 M - Bunker Seguridad Electr\u00f3nica S.L.","og_description":"Le barriere a microonde analogiche BM 60 M sono utilizzate per il rilevamento delle intrusioni perimetrali esterne","og_url":"https:\/\/bunkerseguridad.es\/it\/prodotto-sicurezza\/barriere-microonde-analogiche-bm-60-m\/","og_site_name":"Bunker Seguridad Electr\u00f3nica S.L.","article_modified_time":"2021-03-23T08:39:39+00:00","og_image":[{"width":1200,"height":1200,"url":"https:\/\/bunkerseguridad.es\/it\/wp-content\/uploads\/2020\/10\/mw-barriers-bm-60-m-avs-electronics.png","type":"image\/png"}],"twitter_card":"summary_large_image","twitter_misc":{"Tempo di lettura stimato":"2 minuti"},"schema":{"@context":"https:\/\/schema.org","@graph":[{"@type":"WebPage","@id":"https:\/\/bunkerseguridad.es\/it\/prodotto-sicurezza\/barriere-microonde-analogiche-bm-60-m\/","url":"https:\/\/bunkerseguridad.es\/it\/prodotto-sicurezza\/barriere-microonde-analogiche-bm-60-m\/","name":"Barriere Microonde Analogiche BM 60 M - Bunker Seguridad Electr\u00f3nica S.L.","isPartOf":{"@id":"https:\/\/bunkerseguridad.es\/it\/#website"},"primaryImageOfPage":{"@id":"https:\/\/bunkerseguridad.es\/it\/prodotto-sicurezza\/barriere-microonde-analogiche-bm-60-m\/#primaryimage"},"image":{"@id":"https:\/\/bunkerseguridad.es\/it\/prodotto-sicurezza\/barriere-microonde-analogiche-bm-60-m\/#primaryimage"},"thumbnailUrl":"https:\/\/bunkerseguridad.es\/it\/wp-content\/uploads\/2020\/10\/mw-barriers-bm-60-m-avs-electronics.png","datePublished":"2020-10-06T07:32:40+00:00","dateModified":"2021-03-23T08:39:39+00:00","description":"Le barriere a microonde analogiche BM 60 M sono utilizzate per il rilevamento delle intrusioni perimetrali esterne","breadcrumb":{"@id":"https:\/\/bunkerseguridad.es\/it\/prodotto-sicurezza\/barriere-microonde-analogiche-bm-60-m\/#breadcrumb"},"inLanguage":"it-IT","potentialAction":[{"@type":"ReadAction","target":["https:\/\/bunkerseguridad.es\/it\/prodotto-sicurezza\/barriere-microonde-analogiche-bm-60-m\/"]}]},{"@type":"ImageObject","inLanguage":"it-IT","@id":"https:\/\/bunkerseguridad.es\/it\/prodotto-sicurezza\/barriere-microonde-analogiche-bm-60-m\/#primaryimage","url":"https:\/\/bunkerseguridad.es\/it\/wp-content\/uploads\/2020\/10\/mw-barriers-bm-60-m-avs-electronics.png","contentUrl":"https:\/\/bunkerseguridad.es\/it\/wp-content\/uploads\/2020\/10\/mw-barriers-bm-60-m-avs-electronics.png","width":1200,"height":1200,"caption":"Analogue Microwave Barriers BM"},{"@type":"BreadcrumbList","@id":"https:\/\/bunkerseguridad.es\/it\/prodotto-sicurezza\/barriere-microonde-analogiche-bm-60-m\/#breadcrumb","itemListElement":[{"@type":"ListItem","position":1,"name":"Home","item":"https:\/\/bunkerseguridad.es\/it\/"},{"@type":"ListItem","position":2,"name":"Shop","item":"https:\/\/bunkerseguridad.es\/it\/shop\/"},{"@type":"ListItem","position":3,"name":"Barriere Microonde Analogiche BM 60 M"}]},{"@type":"WebSite","@id":"https:\/\/bunkerseguridad.es\/it\/#website","url":"https:\/\/bunkerseguridad.es\/it\/","name":"Bunker Seguridad Electr\u00f3nica S.L.","description":"Produzione e distribuzione di sistemi di rilevamento perimetrale in Europa.","potentialAction":[{"@type":"SearchAction","target":{"@type":"EntryPoint","urlTemplate":"https:\/\/bunkerseguridad.es\/it\/?s={search_term_string}"},"query-input":{"@type":"PropertyValueSpecification","valueRequired":true,"valueName":"search_term_string"}}],"inLanguage":"it-IT"}]}},"brands":[{"id":203,"name":"AVS Electronics","slug":"avs-electronics-s-p-a"}],"_links":{"self":[{"href":"https:\/\/bunkerseguridad.es\/it\/wp-json\/wp\/v2\/product\/2005","targetHints":{"allow":["GET"]}}],"collection":[{"href":"https:\/\/bunkerseguridad.es\/it\/wp-json\/wp\/v2\/product"}],"about":[{"href":"https:\/\/bunkerseguridad.es\/it\/wp-json\/wp\/v2\/types\/product"}],"wp:featuredmedia":[{"embeddable":true,"href":"https:\/\/bunkerseguridad.es\/it\/wp-json\/wp\/v2\/media\/2006"}],"wp:attachment":[{"href":"https:\/\/bunkerseguridad.es\/it\/wp-json\/wp\/v2\/media?parent=2005"}],"wp:term":[{"taxonomy":"pwb-brand","embeddable":true,"href":"https:\/\/bunkerseguridad.es\/it\/wp-json\/wp\/v2\/pwb-brand?post=2005"},{"taxonomy":"product_brand","embeddable":true,"href":"https:\/\/bunkerseguridad.es\/it\/wp-json\/wp\/v2\/product_brand?post=2005"},{"taxonomy":"product_cat","embeddable":true,"href":"https:\/\/bunkerseguridad.es\/it\/wp-json\/wp\/v2\/product_cat?post=2005"},{"taxonomy":"product_tag","embeddable":true,"href":"https:\/\/bunkerseguridad.es\/it\/wp-json\/wp\/v2\/product_tag?post=2005"}],"curies":[{"name":"wp","href":"https:\/\/api.w.org\/{rel}","templated":true}]}}