{"id":2040,"date":"2020-10-06T09:34:39","date_gmt":"2020-10-06T09:34:39","guid":{"rendered":"http:\/\/www.bunkerseguridad.es\/en\/?post_type=product&#038;p=2040"},"modified":"2021-03-30T09:34:46","modified_gmt":"2021-03-30T09:34:46","slug":"sany-safe-sistema-di-sanificazione-ambientale","status":"publish","type":"product","link":"https:\/\/bunkerseguridad.es\/it\/prodotto-sicurezza\/sany-safe-sistema-di-sanificazione-ambientale\/","title":{"rendered":"SANY SAFE: Sistema di sanificazione ambientale"},"content":{"rendered":"<p><strong>Sany Safe vaporizza un potente detergente sanificante, atossico, adatto a tutti gli ambienti che elimina gli agenti patogeni come virus, germi, batteri e funghi sia sulle superfici che in sospensione nell&#8217;aria,<\/strong> diffondendo nell&#8217;ambiente invisibili microparticelle in grado di penetrare anche nei luoghi pi\u00f9 inaccessibili.<\/p>\n<p>Una soluzione completamente automatica per <strong>applicazioni da 60 a 600m3.<\/strong><\/p>\n<p><strong>Formulazione efficace contro virus, funghi e batteri.<\/strong><\/p>\n<p><strong>Sanifica fino a 8 mesi*:<\/strong> La vaporizzazione a caldo permette di diffondere nell&#8217;ambiente invisibili microparticelle che debellano batteri e virus presenti su ogni superficie e nelle fessure, garantendo una sanificazione anche fino a 8 mesi, in completa autonomia.<\/p>\n<p>*Sanificazione a bassa intensit\u00e0 &#8211; una volta alla settimana &#8211; ambiente di 100m3 &#8211; serbatoio 25 litri.<\/p>\n<p><strong>Sistema automatico di sanificazione:<\/strong> Una volta installato e collegato alla rete elettrica, SANY SAFE \u00e8 pronto all&#8217;uso e non richiede alcuna assistenza tecnica.<\/p>\n<p><strong>Sostituzione del serbatoio in autonomia:<\/strong> Il serbatoio esterno \u00e8 stato progettato per essere sostituito direttamente dall&#8217;utente, senza assistenza tecnica. \u00c8 disponibile in diverse dimensioni: 5, 10 o 25 litri per eseguire molti cicli di sanificazione, secondo le vostre esigenze.<\/p>\n<p><strong>Gestione e monitoraggio tramite APP:<\/strong> Una volta installato, SANY SAFE ha un programma settimanale programmato, che permette un utilizzo immediato. Grazie alla configurazione semplice e intuitiva tramite APP, \u00e8 possibile, in qualsiasi momento, gestire SANY SAFE e personalizzare volumi, frequenza e intensit\u00e0 dei cicli di sanificazione.<\/p>\n<p><strong>Sanificazione rapida:<\/strong> 3 livelli di intensit\u00e0 per scegliere il livello e la frequenza di sanificazione pi\u00f9 adatti al tuo ambiente. Per esempio, si pu\u00f2 fare una sanificazione a bassa intensit\u00e0 tutti i giorni in una stanza di 120m3 in un minuto ed entrare dopo un quarto d&#8217;ora.<\/p>\n<p><strong>Connesso al Cloud:<\/strong> Grazie al dispositivo GSM incluso e alla DATA SIM attiva per 2 anni*, SANY SAFE \u00e8 sempre connesso al Cloud e pu\u00f2 essere controllato a distanza. (Disponibile solo per i paesi europei).<\/p>\n<p><strong>Massima sicurezza:<\/strong> Il vapore vaporizzato nell&#8217;aria non presenta alcuna tossicit\u00e0 per persone, animali e piante, non danneggia superfici e tessuti e rilascia un piacevole profumo di pulito. L&#8217;ambiente deve essere adeguatamente ventilato dopo l&#8217;uso.<\/p>\n<p><strong>Risparmio energetico:<\/strong> SANY SAFE \u00e8 stato progettato per gestire dinamicamente il consumo. Durante le fasce orarie in cui non viene effettuata la diffusione del vapore, SANY SAFE attiva la modalit\u00e0 standby, spegnendosi e risparmiando energia.<\/p>\n","protected":false},"excerpt":{"rendered":"<p><strong>Sany Safe vaporizza un potente detergente sanificante, atossico, adatto a tutti gli ambienti che elimina gli agenti patogeni come virus, germi, batteri e funghi sia sulle superfici che in sospensione nell&#8217;aria<\/strong>, diffondendo nell&#8217;ambiente invisibili microparticelle in grado di penetrare anche nei luoghi pi\u00f9 inaccessibili.<\/p>\n","protected":false},"featured_media":2066,"template":"","meta":{"_et_pb_use_builder":"off","_et_pb_old_content":"<strong><span style=\"vertical-align: inherit\"><span style=\"vertical-align: inherit\">Para monitoreo de intrusos, control de acceso, bienvenida, advertencia o aviso<\/span><\/span><\/strong><span style=\"vertical-align: inherit\"><span style=\"vertical-align: inherit\"> \u00a0, recomendamos el\u00a0 <\/span><\/span><strong><span style=\"vertical-align: inherit\"><span style=\"vertical-align: inherit\">enunciador de voz de 4 canales - <\/span><\/span><\/strong>\u00a0<strong><span style=\"vertical-align: inherit\"><span style=\"vertical-align: inherit\">Multispeech Kit GJD090<\/span><\/span><\/strong><span style=\"vertical-align: inherit\"><span style=\"vertical-align: inherit\"> . <\/span><span style=\"vertical-align: inherit\">Se puede grabar un mensaje diferente de 30 segundos en cada canal o podr\u00eda ser un solo mensaje de 120 segundos.<\/span><\/span>\r\n\r\n<span style=\"vertical-align: inherit\"><span style=\"vertical-align: inherit\">El m\u00f3dulo es configurable para aceptar cualquier entrada normalmente abierta o normalmente cerrada, lo que le da una mayor flexibilidad para usarlo con cualquier\u00a0 <\/span><\/span><strong><span style=\"vertical-align: inherit\"><span style=\"vertical-align: inherit\">dispositivo de detecci\u00f3n, panel de alarma, bot\u00f3n de p\u00e1nico, contestador telef\u00f3nico o activaci\u00f3n desde una estaci\u00f3n de monitoreo de video remota.\u00a0<\/span><\/span><\/strong><span style=\"vertical-align: inherit\"><span style=\"vertical-align: inherit\">El control de volumen es ajustable y hay dos sonidos de preatenci\u00f3n disponibles.<\/span><\/span>\r\n\r\n<span style=\"vertical-align: inherit\"><span style=\"vertical-align: inherit\">El kit Multispeech proporciona una salida de audio de 8 ohmios que se puede aplicar a un altavoz o un marcador que tenga una entrada de procesador de voz. <\/span><span style=\"vertical-align: inherit\">La grabaci\u00f3n se puede realizar utilizando el micr\u00f3fono integrado o, alternativamente, mediante una entrada de l\u00ednea de 1V pp.\u00a0<\/span><\/span><strong><span style=\"vertical-align: inherit\"><span style=\"vertical-align: inherit\">La instalaci\u00f3n es f\u00e1cil y la grabaci\u00f3n de mensajes es r\u00e1pida y sencilla<\/span><\/span><\/strong><span style=\"vertical-align: inherit\"><span style=\"vertical-align: inherit\"> .<\/span><\/span>\r\n\r\n<span style=\"vertical-align: inherit\"><span style=\"vertical-align: inherit\">Este kit incluye:<\/span><\/span>\r\n\r\n<strong><span style=\"vertical-align: inherit\"><span style=\"vertical-align: inherit\">1 altavoz de bocina de 8 vatios y 8 ohmios<\/span><\/span><\/strong>\r\n\r\n<strong><span style=\"vertical-align: inherit\"><span style=\"vertical-align: inherit\">1 x Multispeech y PSU en caja resistente a la intemperie<\/span><\/span><\/strong>","_et_gb_content_width":""},"pwb-brand":[203],"product_brand":[],"product_cat":[41,43],"product_tag":[102,101],"class_list":{"0":"post-2040","1":"product","2":"type-product","3":"status-publish","4":"has-post-thumbnail","6":"pwb-brand-avs-electronics-s-p-a","7":"product_cat-sistemi-rilevamento-intrusioni-perimetrali","8":"product_cat-soluzioni-ausiliarie","9":"product_tag-auxiliary-solution","10":"product_tag-soluzione-disinfettante","12":"first","13":"instock","14":"featured","15":"shipping-taxable","16":"product-type-simple"},"yoast_head":"<!-- This site is optimized with the Yoast SEO plugin v25.2 - https:\/\/yoast.com\/wordpress\/plugins\/seo\/ -->\n<title>SANY SAFE: Sistema di sanificazione ambientale - Bunker Seguridad Electr\u00f3nica S.L.<\/title>\n<meta name=\"description\" content=\"Sany Safe vaporizza un potente detergente sanificante, atossico, adatto a tutti gli ambienti che elimina gli agenti patogeni\" \/>\n<meta name=\"robots\" content=\"index, follow, max-snippet:-1, max-image-preview:large, max-video-preview:-1\" \/>\n<link rel=\"canonical\" href=\"https:\/\/bunkerseguridad.es\/it\/prodotto-sicurezza\/sany-safe-sistema-di-sanificazione-ambientale\/\" \/>\n<meta property=\"og:locale\" content=\"it_IT\" \/>\n<meta property=\"og:type\" content=\"article\" \/>\n<meta property=\"og:title\" content=\"SANY SAFE: Sistema di sanificazione ambientale - Bunker Seguridad Electr\u00f3nica S.L.\" \/>\n<meta property=\"og:description\" content=\"Sany Safe vaporizza un potente detergente sanificante, atossico, adatto a tutti gli ambienti che elimina gli agenti patogeni\" \/>\n<meta property=\"og:url\" content=\"https:\/\/bunkerseguridad.es\/it\/prodotto-sicurezza\/sany-safe-sistema-di-sanificazione-ambientale\/\" \/>\n<meta property=\"og:site_name\" content=\"Bunker Seguridad Electr\u00f3nica S.L.\" \/>\n<meta property=\"article:modified_time\" content=\"2021-03-30T09:34:46+00:00\" \/>\n<meta property=\"og:image\" content=\"https:\/\/bunkerseguridad.es\/it\/wp-content\/uploads\/2020\/10\/sany-safe-system.png\" \/>\n\t<meta property=\"og:image:width\" content=\"1200\" \/>\n\t<meta property=\"og:image:height\" content=\"1200\" \/>\n\t<meta property=\"og:image:type\" content=\"image\/png\" \/>\n<meta name=\"twitter:card\" content=\"summary_large_image\" \/>\n<meta name=\"twitter:label1\" content=\"Tempo di lettura stimato\" \/>\n\t<meta name=\"twitter:data1\" content=\"2 minuti\" \/>\n<script type=\"application\/ld+json\" class=\"yoast-schema-graph\">{\"@context\":\"https:\/\/schema.org\",\"@graph\":[{\"@type\":\"WebPage\",\"@id\":\"https:\/\/bunkerseguridad.es\/it\/prodotto-sicurezza\/sany-safe-sistema-di-sanificazione-ambientale\/\",\"url\":\"https:\/\/bunkerseguridad.es\/it\/prodotto-sicurezza\/sany-safe-sistema-di-sanificazione-ambientale\/\",\"name\":\"SANY SAFE: Sistema di sanificazione ambientale - Bunker Seguridad Electr\u00f3nica S.L.\",\"isPartOf\":{\"@id\":\"https:\/\/bunkerseguridad.es\/it\/#website\"},\"primaryImageOfPage\":{\"@id\":\"https:\/\/bunkerseguridad.es\/it\/prodotto-sicurezza\/sany-safe-sistema-di-sanificazione-ambientale\/#primaryimage\"},\"image\":{\"@id\":\"https:\/\/bunkerseguridad.es\/it\/prodotto-sicurezza\/sany-safe-sistema-di-sanificazione-ambientale\/#primaryimage\"},\"thumbnailUrl\":\"https:\/\/bunkerseguridad.es\/it\/wp-content\/uploads\/2020\/10\/sany-safe-system.png\",\"datePublished\":\"2020-10-06T09:34:39+00:00\",\"dateModified\":\"2021-03-30T09:34:46+00:00\",\"description\":\"Sany Safe vaporizza un potente detergente sanificante, atossico, adatto a tutti gli ambienti che elimina gli agenti patogeni\",\"breadcrumb\":{\"@id\":\"https:\/\/bunkerseguridad.es\/it\/prodotto-sicurezza\/sany-safe-sistema-di-sanificazione-ambientale\/#breadcrumb\"},\"inLanguage\":\"it-IT\",\"potentialAction\":[{\"@type\":\"ReadAction\",\"target\":[\"https:\/\/bunkerseguridad.es\/it\/prodotto-sicurezza\/sany-safe-sistema-di-sanificazione-ambientale\/\"]}]},{\"@type\":\"ImageObject\",\"inLanguage\":\"it-IT\",\"@id\":\"https:\/\/bunkerseguridad.es\/it\/prodotto-sicurezza\/sany-safe-sistema-di-sanificazione-ambientale\/#primaryimage\",\"url\":\"https:\/\/bunkerseguridad.es\/it\/wp-content\/uploads\/2020\/10\/sany-safe-system.png\",\"contentUrl\":\"https:\/\/bunkerseguridad.es\/it\/wp-content\/uploads\/2020\/10\/sany-safe-system.png\",\"width\":1200,\"height\":1200,\"caption\":\"Sany Safe system\"},{\"@type\":\"BreadcrumbList\",\"@id\":\"https:\/\/bunkerseguridad.es\/it\/prodotto-sicurezza\/sany-safe-sistema-di-sanificazione-ambientale\/#breadcrumb\",\"itemListElement\":[{\"@type\":\"ListItem\",\"position\":1,\"name\":\"Home\",\"item\":\"https:\/\/bunkerseguridad.es\/it\/\"},{\"@type\":\"ListItem\",\"position\":2,\"name\":\"Shop\",\"item\":\"https:\/\/bunkerseguridad.es\/it\/shop\/\"},{\"@type\":\"ListItem\",\"position\":3,\"name\":\"SANY SAFE: Sistema di sanificazione ambientale\"}]},{\"@type\":\"WebSite\",\"@id\":\"https:\/\/bunkerseguridad.es\/it\/#website\",\"url\":\"https:\/\/bunkerseguridad.es\/it\/\",\"name\":\"Bunker Seguridad Electr\u00f3nica S.L.\",\"description\":\"Produzione e distribuzione di sistemi di rilevamento perimetrale in Europa.\",\"potentialAction\":[{\"@type\":\"SearchAction\",\"target\":{\"@type\":\"EntryPoint\",\"urlTemplate\":\"https:\/\/bunkerseguridad.es\/it\/?s={search_term_string}\"},\"query-input\":{\"@type\":\"PropertyValueSpecification\",\"valueRequired\":true,\"valueName\":\"search_term_string\"}}],\"inLanguage\":\"it-IT\"}]}<\/script>\n<!-- \/ Yoast SEO plugin. -->","yoast_head_json":{"title":"SANY SAFE: Sistema di sanificazione ambientale - Bunker Seguridad Electr\u00f3nica S.L.","description":"Sany Safe vaporizza un potente detergente sanificante, atossico, adatto a tutti gli ambienti che elimina gli agenti patogeni","robots":{"index":"index","follow":"follow","max-snippet":"max-snippet:-1","max-image-preview":"max-image-preview:large","max-video-preview":"max-video-preview:-1"},"canonical":"https:\/\/bunkerseguridad.es\/it\/prodotto-sicurezza\/sany-safe-sistema-di-sanificazione-ambientale\/","og_locale":"it_IT","og_type":"article","og_title":"SANY SAFE: Sistema di sanificazione ambientale - Bunker Seguridad Electr\u00f3nica S.L.","og_description":"Sany Safe vaporizza un potente detergente sanificante, atossico, adatto a tutti gli ambienti che elimina gli agenti patogeni","og_url":"https:\/\/bunkerseguridad.es\/it\/prodotto-sicurezza\/sany-safe-sistema-di-sanificazione-ambientale\/","og_site_name":"Bunker Seguridad Electr\u00f3nica S.L.","article_modified_time":"2021-03-30T09:34:46+00:00","og_image":[{"width":1200,"height":1200,"url":"https:\/\/bunkerseguridad.es\/it\/wp-content\/uploads\/2020\/10\/sany-safe-system.png","type":"image\/png"}],"twitter_card":"summary_large_image","twitter_misc":{"Tempo di lettura stimato":"2 minuti"},"schema":{"@context":"https:\/\/schema.org","@graph":[{"@type":"WebPage","@id":"https:\/\/bunkerseguridad.es\/it\/prodotto-sicurezza\/sany-safe-sistema-di-sanificazione-ambientale\/","url":"https:\/\/bunkerseguridad.es\/it\/prodotto-sicurezza\/sany-safe-sistema-di-sanificazione-ambientale\/","name":"SANY SAFE: Sistema di sanificazione ambientale - Bunker Seguridad Electr\u00f3nica S.L.","isPartOf":{"@id":"https:\/\/bunkerseguridad.es\/it\/#website"},"primaryImageOfPage":{"@id":"https:\/\/bunkerseguridad.es\/it\/prodotto-sicurezza\/sany-safe-sistema-di-sanificazione-ambientale\/#primaryimage"},"image":{"@id":"https:\/\/bunkerseguridad.es\/it\/prodotto-sicurezza\/sany-safe-sistema-di-sanificazione-ambientale\/#primaryimage"},"thumbnailUrl":"https:\/\/bunkerseguridad.es\/it\/wp-content\/uploads\/2020\/10\/sany-safe-system.png","datePublished":"2020-10-06T09:34:39+00:00","dateModified":"2021-03-30T09:34:46+00:00","description":"Sany Safe vaporizza un potente detergente sanificante, atossico, adatto a tutti gli ambienti che elimina gli agenti patogeni","breadcrumb":{"@id":"https:\/\/bunkerseguridad.es\/it\/prodotto-sicurezza\/sany-safe-sistema-di-sanificazione-ambientale\/#breadcrumb"},"inLanguage":"it-IT","potentialAction":[{"@type":"ReadAction","target":["https:\/\/bunkerseguridad.es\/it\/prodotto-sicurezza\/sany-safe-sistema-di-sanificazione-ambientale\/"]}]},{"@type":"ImageObject","inLanguage":"it-IT","@id":"https:\/\/bunkerseguridad.es\/it\/prodotto-sicurezza\/sany-safe-sistema-di-sanificazione-ambientale\/#primaryimage","url":"https:\/\/bunkerseguridad.es\/it\/wp-content\/uploads\/2020\/10\/sany-safe-system.png","contentUrl":"https:\/\/bunkerseguridad.es\/it\/wp-content\/uploads\/2020\/10\/sany-safe-system.png","width":1200,"height":1200,"caption":"Sany Safe system"},{"@type":"BreadcrumbList","@id":"https:\/\/bunkerseguridad.es\/it\/prodotto-sicurezza\/sany-safe-sistema-di-sanificazione-ambientale\/#breadcrumb","itemListElement":[{"@type":"ListItem","position":1,"name":"Home","item":"https:\/\/bunkerseguridad.es\/it\/"},{"@type":"ListItem","position":2,"name":"Shop","item":"https:\/\/bunkerseguridad.es\/it\/shop\/"},{"@type":"ListItem","position":3,"name":"SANY SAFE: Sistema di sanificazione ambientale"}]},{"@type":"WebSite","@id":"https:\/\/bunkerseguridad.es\/it\/#website","url":"https:\/\/bunkerseguridad.es\/it\/","name":"Bunker Seguridad Electr\u00f3nica S.L.","description":"Produzione e distribuzione di sistemi di rilevamento perimetrale in Europa.","potentialAction":[{"@type":"SearchAction","target":{"@type":"EntryPoint","urlTemplate":"https:\/\/bunkerseguridad.es\/it\/?s={search_term_string}"},"query-input":{"@type":"PropertyValueSpecification","valueRequired":true,"valueName":"search_term_string"}}],"inLanguage":"it-IT"}]}},"brands":[{"id":203,"name":"AVS Electronics","slug":"avs-electronics-s-p-a"}],"_links":{"self":[{"href":"https:\/\/bunkerseguridad.es\/it\/wp-json\/wp\/v2\/product\/2040","targetHints":{"allow":["GET"]}}],"collection":[{"href":"https:\/\/bunkerseguridad.es\/it\/wp-json\/wp\/v2\/product"}],"about":[{"href":"https:\/\/bunkerseguridad.es\/it\/wp-json\/wp\/v2\/types\/product"}],"wp:featuredmedia":[{"embeddable":true,"href":"https:\/\/bunkerseguridad.es\/it\/wp-json\/wp\/v2\/media\/2066"}],"wp:attachment":[{"href":"https:\/\/bunkerseguridad.es\/it\/wp-json\/wp\/v2\/media?parent=2040"}],"wp:term":[{"taxonomy":"pwb-brand","embeddable":true,"href":"https:\/\/bunkerseguridad.es\/it\/wp-json\/wp\/v2\/pwb-brand?post=2040"},{"taxonomy":"product_brand","embeddable":true,"href":"https:\/\/bunkerseguridad.es\/it\/wp-json\/wp\/v2\/product_brand?post=2040"},{"taxonomy":"product_cat","embeddable":true,"href":"https:\/\/bunkerseguridad.es\/it\/wp-json\/wp\/v2\/product_cat?post=2040"},{"taxonomy":"product_tag","embeddable":true,"href":"https:\/\/bunkerseguridad.es\/it\/wp-json\/wp\/v2\/product_tag?post=2040"}],"curies":[{"name":"wp","href":"https:\/\/api.w.org\/{rel}","templated":true}]}}