{"id":3019,"date":"2020-10-19T08:11:46","date_gmt":"2020-10-19T08:11:46","guid":{"rendered":"http:\/\/www.bunkerseguridad.es\/en\/?post_type=product&#038;p=3019"},"modified":"2021-03-30T09:36:02","modified_gmt":"2021-03-30T09:36:02","slug":"modulo-di-interfaccia-ip-int-quadip","status":"publish","type":"product","link":"https:\/\/bunkerseguridad.es\/it\/prodotto-sicurezza\/modulo-di-interfaccia-ip-int-quadip\/","title":{"rendered":"Modulo di interfaccia IP INT-QUADIP"},"content":{"rendered":"<p>Permettete alla vostra<strong> soluzione di sorveglianza<\/strong> di raggiungere il suo pieno potenziale integrando i<strong> sensori a fascio Takex<\/strong> direttamente con il vostro <strong>sistema IP<\/strong>; avviate la registrazione quando qualcuno entra nell&#8217;area, spostate una<strong> telecamera PTZ<\/strong> sul luogo di un&#8217;intrusione o <strong>attivate l&#8217;illuminazione.<\/strong> Mentre <strong>gli allarmi di rete <\/strong>e<strong> il Power over Ethernet<\/strong> sono standard sulle <strong>telecamere IP<\/strong>, la maggior parte delle <strong>apparecchiature di sorveglianza<\/strong> utilizzano uscite a rel\u00e8 e <strong>alimentazione a 12V.<\/strong> Con il <strong>modulo di interfaccia IP Takex<\/strong>, i nostri <strong>fasci fotoelettrici<\/strong> sono facili come le<strong> telecamere IP<\/strong> da installare e integrare con i <strong>sistemi di gestione video.<\/strong><\/p>\n<p><strong>Integrazione VMS<\/strong><\/p>\n<p>I <strong>sensori Takex IP<\/strong> supportano l&#8217;integrazione diretta con i <strong>principali VMS<\/strong> e <strong>sistemi di telecamere<\/strong> sul mercato. Create potenti<strong> soluzioni di sicurezza<\/strong> in cui la <strong>registrazione si avvia automaticamente<\/strong>, le telecamere sono dirette al luogo dell&#8217;intrusione e le guardie sono avvisate con informazioni dettagliate sull&#8217;allarme.<\/p>\n<p><strong>Installazione con un solo cavo<\/strong><\/p>\n<p>L&#8217;integrazione di un <strong>sensore<\/strong> in un <strong>moderno sistema di sicurezza IP<\/strong> utilizzando le vecchie tecnologie richiede molti <strong>prodotti di terzi <\/strong>e<strong> ore di lavoro<\/strong>. Con IP e <strong>PoE<\/strong> \u00e8 necessario solo un <strong>cavo ethernet<\/strong> dal prodotto allo <strong>switch PoE<\/strong> pi\u00f9 vicino. L&#8217;installazione \u00e8 facile come quella di una <strong>telecamera IP<\/strong>.<\/p>\n<p>Parole chiave: soluzione di sorveglianza, Takex, sensori a fascio, sistema IP, telecamera PTZ, attivare l&#8217;illuminazione, allarmi di rete, Power over Ethernet, telecamere IP, apparecchiature di sorveglianza, alimentazione 12V, modulo di interfaccia IP, fasci fotoelettrici, telecamere IP, sistemi di gestione video, sensori IP, VMS leader, sistemi di telecamere, soluzioni di sicurezza, registrazione automatica, informazioni dettagliate di allarme, sensore, IP moderno, sistema di sicurezza, prodotti di terze parti, ore uomo, PoE, cavo ethernet, switch PoE, telecamera IP, PoE Class 3, IEEE 802. 3af, compatibile VMS, Axis, Bosch, Hikvision, Sony, plug &amp; play web, interfaccia browser, PB-IN-HF\/A, PB-F, PB-IN-100AT, serie PB-KH.<\/p>\n<p><strong>Caratteristiche:<\/strong><\/p>\n<ul>\n<li>PoE Classe 3<\/li>\n<li>IEEE 802.3af<\/li>\n<li>Compatibile con VMS<\/li>\n<li>Controllo diretto delle telecamere supportate* tra cui: Axis, Bosch, Hikvision, Sony<\/li>\n<li>Interfaccia browser web plug &amp; play<\/li>\n<li>Nessun software o installazione richiesta<\/li>\n<li>Installazione con un solo cavo<\/li>\n<li>Progettato per le serie PB-IN-HF\/A, PB-F, PB-IN-100AT e PB-KH<\/li>\n<\/ul>\n","protected":false},"excerpt":{"rendered":"<p>Permettete alla <strong>vostra soluzione<\/strong> di sorveglianza di raggiungere il suo pieno potenziale integrando i <strong>sensori a fascio Takex<\/strong> direttamente con il vostro <strong>sistema IP<\/strong>; avviate la registrazione quando qualcuno entra nell&#8217;area, spostate una <strong>telecamera PTZ<\/strong> sul luogo di un&#8217;intrusione o <strong>attivate l&#8217;illuminazione<\/strong><\/p>\n","protected":false},"featured_media":3024,"template":"","meta":{"_et_pb_use_builder":"off","_et_pb_old_content":"<strong><span style=\"vertical-align: inherit\"><span style=\"vertical-align: inherit\">Para monitoreo de intrusos, control de acceso, bienvenida, advertencia o aviso<\/span><\/span><\/strong><span style=\"vertical-align: inherit\"><span style=\"vertical-align: inherit\"> \u00a0, recomendamos el\u00a0 <\/span><\/span><strong><span style=\"vertical-align: inherit\"><span style=\"vertical-align: inherit\">enunciador de voz de 4 canales - <\/span><\/span><\/strong>\u00a0<strong><span style=\"vertical-align: inherit\"><span style=\"vertical-align: inherit\">Multispeech Kit GJD090<\/span><\/span><\/strong><span style=\"vertical-align: inherit\"><span style=\"vertical-align: inherit\"> . <\/span><span style=\"vertical-align: inherit\">Se puede grabar un mensaje diferente de 30 segundos en cada canal o podr\u00eda ser un solo mensaje de 120 segundos.<\/span><\/span>\r\n\r\n<span style=\"vertical-align: inherit\"><span style=\"vertical-align: inherit\">El m\u00f3dulo es configurable para aceptar cualquier entrada normalmente abierta o normalmente cerrada, lo que le da una mayor flexibilidad para usarlo con cualquier\u00a0 <\/span><\/span><strong><span style=\"vertical-align: inherit\"><span style=\"vertical-align: inherit\">dispositivo de detecci\u00f3n, panel de alarma, bot\u00f3n de p\u00e1nico, contestador telef\u00f3nico o activaci\u00f3n desde una estaci\u00f3n de monitoreo de video remota.\u00a0<\/span><\/span><\/strong><span style=\"vertical-align: inherit\"><span style=\"vertical-align: inherit\">El control de volumen es ajustable y hay dos sonidos de preatenci\u00f3n disponibles.<\/span><\/span>\r\n\r\n<span style=\"vertical-align: inherit\"><span style=\"vertical-align: inherit\">El kit Multispeech proporciona una salida de audio de 8 ohmios que se puede aplicar a un altavoz o un marcador que tenga una entrada de procesador de voz. <\/span><span style=\"vertical-align: inherit\">La grabaci\u00f3n se puede realizar utilizando el micr\u00f3fono integrado o, alternativamente, mediante una entrada de l\u00ednea de 1V pp.\u00a0<\/span><\/span><strong><span style=\"vertical-align: inherit\"><span style=\"vertical-align: inherit\">La instalaci\u00f3n es f\u00e1cil y la grabaci\u00f3n de mensajes es r\u00e1pida y sencilla<\/span><\/span><\/strong><span style=\"vertical-align: inherit\"><span style=\"vertical-align: inherit\"> .<\/span><\/span>\r\n\r\n<span style=\"vertical-align: inherit\"><span style=\"vertical-align: inherit\">Este kit incluye:<\/span><\/span>\r\n\r\n<strong><span style=\"vertical-align: inherit\"><span style=\"vertical-align: inherit\">1 altavoz de bocina de 8 vatios y 8 ohmios<\/span><\/span><\/strong>\r\n\r\n<strong><span style=\"vertical-align: inherit\"><span style=\"vertical-align: inherit\">1 x Multispeech y PSU en caja resistente a la intemperie<\/span><\/span><\/strong>","_et_gb_content_width":""},"pwb-brand":[202],"product_brand":[],"product_cat":[41,43],"product_tag":[102,101],"class_list":{"0":"post-3019","1":"product","2":"type-product","3":"status-publish","4":"has-post-thumbnail","6":"pwb-brand-takex","7":"product_cat-sistemi-rilevamento-intrusioni-perimetrali","8":"product_cat-soluzioni-ausiliarie","9":"product_tag-auxiliary-solution","10":"product_tag-soluzione-disinfettante","12":"first","13":"instock","14":"shipping-taxable","15":"product-type-simple"},"yoast_head":"<!-- This site is optimized with the Yoast SEO plugin v25.2 - https:\/\/yoast.com\/wordpress\/plugins\/seo\/ -->\n<title>Modulo di interfaccia IP INT-QUADIP - Bunker Seguridad Electr\u00f3nica S.L.<\/title>\n<meta name=\"description\" content=\"Kit annunciatore vocale a 4 canali per monitoraggio intrusi, controllo accessi, benvenuto o avviso con un altoparlante a tromba\" \/>\n<meta name=\"robots\" content=\"index, follow, max-snippet:-1, max-image-preview:large, max-video-preview:-1\" \/>\n<link rel=\"canonical\" href=\"https:\/\/bunkerseguridad.es\/it\/prodotto-sicurezza\/modulo-di-interfaccia-ip-int-quadip\/\" \/>\n<meta property=\"og:locale\" content=\"it_IT\" \/>\n<meta property=\"og:type\" content=\"article\" \/>\n<meta property=\"og:title\" content=\"Modulo di interfaccia IP INT-QUADIP - Bunker Seguridad Electr\u00f3nica S.L.\" \/>\n<meta property=\"og:description\" content=\"Kit annunciatore vocale a 4 canali per monitoraggio intrusi, controllo accessi, benvenuto o avviso con un altoparlante a tromba\" \/>\n<meta property=\"og:url\" content=\"https:\/\/bunkerseguridad.es\/it\/prodotto-sicurezza\/modulo-di-interfaccia-ip-int-quadip\/\" \/>\n<meta property=\"og:site_name\" content=\"Bunker Seguridad Electr\u00f3nica S.L.\" \/>\n<meta property=\"article:modified_time\" content=\"2021-03-30T09:36:02+00:00\" \/>\n<meta property=\"og:image\" content=\"https:\/\/bunkerseguridad.es\/it\/wp-content\/uploads\/2020\/10\/datasheet_int-quadip_takex.png\" \/>\n\t<meta property=\"og:image:width\" content=\"1200\" \/>\n\t<meta property=\"og:image:height\" content=\"1200\" \/>\n\t<meta property=\"og:image:type\" content=\"image\/png\" \/>\n<meta name=\"twitter:card\" content=\"summary_large_image\" \/>\n<meta name=\"twitter:label1\" content=\"Tempo di lettura stimato\" \/>\n\t<meta name=\"twitter:data1\" content=\"2 minuti\" \/>\n<script type=\"application\/ld+json\" class=\"yoast-schema-graph\">{\"@context\":\"https:\/\/schema.org\",\"@graph\":[{\"@type\":\"WebPage\",\"@id\":\"https:\/\/bunkerseguridad.es\/it\/prodotto-sicurezza\/modulo-di-interfaccia-ip-int-quadip\/\",\"url\":\"https:\/\/bunkerseguridad.es\/it\/prodotto-sicurezza\/modulo-di-interfaccia-ip-int-quadip\/\",\"name\":\"Modulo di interfaccia IP INT-QUADIP - Bunker Seguridad Electr\u00f3nica S.L.\",\"isPartOf\":{\"@id\":\"https:\/\/bunkerseguridad.es\/it\/#website\"},\"primaryImageOfPage\":{\"@id\":\"https:\/\/bunkerseguridad.es\/it\/prodotto-sicurezza\/modulo-di-interfaccia-ip-int-quadip\/#primaryimage\"},\"image\":{\"@id\":\"https:\/\/bunkerseguridad.es\/it\/prodotto-sicurezza\/modulo-di-interfaccia-ip-int-quadip\/#primaryimage\"},\"thumbnailUrl\":\"https:\/\/bunkerseguridad.es\/it\/wp-content\/uploads\/2020\/10\/datasheet_int-quadip_takex.png\",\"datePublished\":\"2020-10-19T08:11:46+00:00\",\"dateModified\":\"2021-03-30T09:36:02+00:00\",\"description\":\"Kit annunciatore vocale a 4 canali per monitoraggio intrusi, controllo accessi, benvenuto o avviso con un altoparlante a tromba\",\"breadcrumb\":{\"@id\":\"https:\/\/bunkerseguridad.es\/it\/prodotto-sicurezza\/modulo-di-interfaccia-ip-int-quadip\/#breadcrumb\"},\"inLanguage\":\"it-IT\",\"potentialAction\":[{\"@type\":\"ReadAction\",\"target\":[\"https:\/\/bunkerseguridad.es\/it\/prodotto-sicurezza\/modulo-di-interfaccia-ip-int-quadip\/\"]}]},{\"@type\":\"ImageObject\",\"inLanguage\":\"it-IT\",\"@id\":\"https:\/\/bunkerseguridad.es\/it\/prodotto-sicurezza\/modulo-di-interfaccia-ip-int-quadip\/#primaryimage\",\"url\":\"https:\/\/bunkerseguridad.es\/it\/wp-content\/uploads\/2020\/10\/datasheet_int-quadip_takex.png\",\"contentUrl\":\"https:\/\/bunkerseguridad.es\/it\/wp-content\/uploads\/2020\/10\/datasheet_int-quadip_takex.png\",\"width\":1200,\"height\":1200,\"caption\":\"IP interface module INT-QUADIP\"},{\"@type\":\"BreadcrumbList\",\"@id\":\"https:\/\/bunkerseguridad.es\/it\/prodotto-sicurezza\/modulo-di-interfaccia-ip-int-quadip\/#breadcrumb\",\"itemListElement\":[{\"@type\":\"ListItem\",\"position\":1,\"name\":\"Home\",\"item\":\"https:\/\/bunkerseguridad.es\/it\/\"},{\"@type\":\"ListItem\",\"position\":2,\"name\":\"Shop\",\"item\":\"https:\/\/bunkerseguridad.es\/it\/shop\/\"},{\"@type\":\"ListItem\",\"position\":3,\"name\":\"Modulo di interfaccia IP INT-QUADIP\"}]},{\"@type\":\"WebSite\",\"@id\":\"https:\/\/bunkerseguridad.es\/it\/#website\",\"url\":\"https:\/\/bunkerseguridad.es\/it\/\",\"name\":\"Bunker Seguridad Electr\u00f3nica S.L.\",\"description\":\"Produzione e distribuzione di sistemi di rilevamento perimetrale in Europa.\",\"potentialAction\":[{\"@type\":\"SearchAction\",\"target\":{\"@type\":\"EntryPoint\",\"urlTemplate\":\"https:\/\/bunkerseguridad.es\/it\/?s={search_term_string}\"},\"query-input\":{\"@type\":\"PropertyValueSpecification\",\"valueRequired\":true,\"valueName\":\"search_term_string\"}}],\"inLanguage\":\"it-IT\"}]}<\/script>\n<!-- \/ Yoast SEO plugin. -->","yoast_head_json":{"title":"Modulo di interfaccia IP INT-QUADIP - Bunker Seguridad Electr\u00f3nica S.L.","description":"Kit annunciatore vocale a 4 canali per monitoraggio intrusi, controllo accessi, benvenuto o avviso con un altoparlante a tromba","robots":{"index":"index","follow":"follow","max-snippet":"max-snippet:-1","max-image-preview":"max-image-preview:large","max-video-preview":"max-video-preview:-1"},"canonical":"https:\/\/bunkerseguridad.es\/it\/prodotto-sicurezza\/modulo-di-interfaccia-ip-int-quadip\/","og_locale":"it_IT","og_type":"article","og_title":"Modulo di interfaccia IP INT-QUADIP - Bunker Seguridad Electr\u00f3nica S.L.","og_description":"Kit annunciatore vocale a 4 canali per monitoraggio intrusi, controllo accessi, benvenuto o avviso con un altoparlante a tromba","og_url":"https:\/\/bunkerseguridad.es\/it\/prodotto-sicurezza\/modulo-di-interfaccia-ip-int-quadip\/","og_site_name":"Bunker Seguridad Electr\u00f3nica S.L.","article_modified_time":"2021-03-30T09:36:02+00:00","og_image":[{"width":1200,"height":1200,"url":"https:\/\/bunkerseguridad.es\/it\/wp-content\/uploads\/2020\/10\/datasheet_int-quadip_takex.png","type":"image\/png"}],"twitter_card":"summary_large_image","twitter_misc":{"Tempo di lettura stimato":"2 minuti"},"schema":{"@context":"https:\/\/schema.org","@graph":[{"@type":"WebPage","@id":"https:\/\/bunkerseguridad.es\/it\/prodotto-sicurezza\/modulo-di-interfaccia-ip-int-quadip\/","url":"https:\/\/bunkerseguridad.es\/it\/prodotto-sicurezza\/modulo-di-interfaccia-ip-int-quadip\/","name":"Modulo di interfaccia IP INT-QUADIP - Bunker Seguridad Electr\u00f3nica S.L.","isPartOf":{"@id":"https:\/\/bunkerseguridad.es\/it\/#website"},"primaryImageOfPage":{"@id":"https:\/\/bunkerseguridad.es\/it\/prodotto-sicurezza\/modulo-di-interfaccia-ip-int-quadip\/#primaryimage"},"image":{"@id":"https:\/\/bunkerseguridad.es\/it\/prodotto-sicurezza\/modulo-di-interfaccia-ip-int-quadip\/#primaryimage"},"thumbnailUrl":"https:\/\/bunkerseguridad.es\/it\/wp-content\/uploads\/2020\/10\/datasheet_int-quadip_takex.png","datePublished":"2020-10-19T08:11:46+00:00","dateModified":"2021-03-30T09:36:02+00:00","description":"Kit annunciatore vocale a 4 canali per monitoraggio intrusi, controllo accessi, benvenuto o avviso con un altoparlante a tromba","breadcrumb":{"@id":"https:\/\/bunkerseguridad.es\/it\/prodotto-sicurezza\/modulo-di-interfaccia-ip-int-quadip\/#breadcrumb"},"inLanguage":"it-IT","potentialAction":[{"@type":"ReadAction","target":["https:\/\/bunkerseguridad.es\/it\/prodotto-sicurezza\/modulo-di-interfaccia-ip-int-quadip\/"]}]},{"@type":"ImageObject","inLanguage":"it-IT","@id":"https:\/\/bunkerseguridad.es\/it\/prodotto-sicurezza\/modulo-di-interfaccia-ip-int-quadip\/#primaryimage","url":"https:\/\/bunkerseguridad.es\/it\/wp-content\/uploads\/2020\/10\/datasheet_int-quadip_takex.png","contentUrl":"https:\/\/bunkerseguridad.es\/it\/wp-content\/uploads\/2020\/10\/datasheet_int-quadip_takex.png","width":1200,"height":1200,"caption":"IP interface module INT-QUADIP"},{"@type":"BreadcrumbList","@id":"https:\/\/bunkerseguridad.es\/it\/prodotto-sicurezza\/modulo-di-interfaccia-ip-int-quadip\/#breadcrumb","itemListElement":[{"@type":"ListItem","position":1,"name":"Home","item":"https:\/\/bunkerseguridad.es\/it\/"},{"@type":"ListItem","position":2,"name":"Shop","item":"https:\/\/bunkerseguridad.es\/it\/shop\/"},{"@type":"ListItem","position":3,"name":"Modulo di interfaccia IP INT-QUADIP"}]},{"@type":"WebSite","@id":"https:\/\/bunkerseguridad.es\/it\/#website","url":"https:\/\/bunkerseguridad.es\/it\/","name":"Bunker Seguridad Electr\u00f3nica S.L.","description":"Produzione e distribuzione di sistemi di rilevamento perimetrale in Europa.","potentialAction":[{"@type":"SearchAction","target":{"@type":"EntryPoint","urlTemplate":"https:\/\/bunkerseguridad.es\/it\/?s={search_term_string}"},"query-input":{"@type":"PropertyValueSpecification","valueRequired":true,"valueName":"search_term_string"}}],"inLanguage":"it-IT"}]}},"brands":[{"id":202,"name":"Takex","slug":"takex"}],"_links":{"self":[{"href":"https:\/\/bunkerseguridad.es\/it\/wp-json\/wp\/v2\/product\/3019","targetHints":{"allow":["GET"]}}],"collection":[{"href":"https:\/\/bunkerseguridad.es\/it\/wp-json\/wp\/v2\/product"}],"about":[{"href":"https:\/\/bunkerseguridad.es\/it\/wp-json\/wp\/v2\/types\/product"}],"wp:featuredmedia":[{"embeddable":true,"href":"https:\/\/bunkerseguridad.es\/it\/wp-json\/wp\/v2\/media\/3024"}],"wp:attachment":[{"href":"https:\/\/bunkerseguridad.es\/it\/wp-json\/wp\/v2\/media?parent=3019"}],"wp:term":[{"taxonomy":"pwb-brand","embeddable":true,"href":"https:\/\/bunkerseguridad.es\/it\/wp-json\/wp\/v2\/pwb-brand?post=3019"},{"taxonomy":"product_brand","embeddable":true,"href":"https:\/\/bunkerseguridad.es\/it\/wp-json\/wp\/v2\/product_brand?post=3019"},{"taxonomy":"product_cat","embeddable":true,"href":"https:\/\/bunkerseguridad.es\/it\/wp-json\/wp\/v2\/product_cat?post=3019"},{"taxonomy":"product_tag","embeddable":true,"href":"https:\/\/bunkerseguridad.es\/it\/wp-json\/wp\/v2\/product_tag?post=3019"}],"curies":[{"name":"wp","href":"https:\/\/api.w.org\/{rel}","templated":true}]}}