{"id":3639,"date":"2020-11-03T10:39:37","date_gmt":"2020-11-03T10:39:37","guid":{"rendered":"http:\/\/www.bunkerseguridad.es\/en\/?post_type=product&#038;p=3639"},"modified":"2021-04-08T08:20:05","modified_gmt":"2021-04-08T08:20:05","slug":"t-ip6-exti-o-ip-modulo-con-6-ingressi-relay-6-uscite-relay","status":"publish","type":"product","link":"https:\/\/bunkerseguridad.es\/it\/prodotto-sicurezza\/t-ip6-exti-o-ip-modulo-con-6-ingressi-relay-6-uscite-relay\/","title":{"rendered":"T-IP6-EXT(I\/O) Modulo IP con 6 ingressi a rel\u00e8 &amp; 6 uscite a rel\u00e8"},"content":{"rendered":"<p>Modulo con connettivit\u00e0 IP che fornisce 6 ingressi e 6 uscite a rel\u00e8.<\/p>\n<p>Compatible with VidA and LPR series.<\/p>\n","protected":false},"excerpt":{"rendered":"<p>Modulo con<strong> connettivit\u00e0 IP<\/strong> che fornisce <strong>6 ingressi e 6 uscite a rel\u00e8.<\/strong><\/p>\n","protected":false},"featured_media":4578,"template":"","meta":{"_et_pb_use_builder":"","_et_pb_old_content":"","_et_gb_content_width":""},"pwb-brand":[205],"product_brand":[],"product_cat":[28,231],"product_tag":[137],"class_list":{"0":"post-3639","1":"product","2":"type-product","3":"status-publish","4":"has-post-thumbnail","6":"pwb-brand-tempos-analytics","7":"product_cat-estensioni-licenze-e-moduli","8":"product_cat-moduli-aggiuntivi","9":"product_tag-modulo-aggiuntivo","11":"first","12":"instock","13":"shipping-taxable","14":"product-type-simple"},"yoast_head":"<!-- This site is optimized with the Yoast SEO plugin v25.2 - https:\/\/yoast.com\/wordpress\/plugins\/seo\/ -->\n<title>T-IP6-EXT(I\/O) Modulo IP con 6 ingressi a rel\u00e8 &amp; 6 uscite a rel\u00e8 - Bunker Seguridad Electr\u00f3nica S.L.<\/title>\n<meta name=\"robots\" content=\"index, follow, max-snippet:-1, max-image-preview:large, max-video-preview:-1\" \/>\n<link rel=\"canonical\" href=\"https:\/\/bunkerseguridad.es\/it\/prodotto-sicurezza\/t-ip6-exti-o-ip-modulo-con-6-ingressi-relay-6-uscite-relay\/\" \/>\n<meta property=\"og:locale\" content=\"it_IT\" \/>\n<meta property=\"og:type\" content=\"article\" \/>\n<meta property=\"og:title\" content=\"T-IP6-EXT(I\/O) Modulo IP con 6 ingressi a rel\u00e8 &amp; 6 uscite a rel\u00e8 - Bunker Seguridad Electr\u00f3nica S.L.\" \/>\n<meta property=\"og:description\" content=\"Modulo con connettivit\u00e0 IP che fornisce 6 ingressi e 6 uscite a rel\u00e8.\" \/>\n<meta property=\"og:url\" content=\"https:\/\/bunkerseguridad.es\/it\/prodotto-sicurezza\/t-ip6-exti-o-ip-modulo-con-6-ingressi-relay-6-uscite-relay\/\" \/>\n<meta property=\"og:site_name\" content=\"Bunker Seguridad Electr\u00f3nica S.L.\" \/>\n<meta property=\"article:modified_time\" content=\"2021-04-08T08:20:05+00:00\" \/>\n<meta property=\"og:image\" content=\"https:\/\/bunkerseguridad.es\/it\/wp-content\/uploads\/2020\/11\/Productos-Modules-Analysis-video.jpg\" \/>\n\t<meta property=\"og:image:width\" content=\"1200\" \/>\n\t<meta property=\"og:image:height\" content=\"1200\" \/>\n\t<meta property=\"og:image:type\" content=\"image\/jpeg\" \/>\n<meta name=\"twitter:card\" content=\"summary_large_image\" \/>\n<meta name=\"twitter:label1\" content=\"Tempo di lettura stimato\" \/>\n\t<meta name=\"twitter:data1\" content=\"1 minuto\" \/>\n<script type=\"application\/ld+json\" class=\"yoast-schema-graph\">{\"@context\":\"https:\/\/schema.org\",\"@graph\":[{\"@type\":\"WebPage\",\"@id\":\"https:\/\/bunkerseguridad.es\/it\/prodotto-sicurezza\/t-ip6-exti-o-ip-modulo-con-6-ingressi-relay-6-uscite-relay\/\",\"url\":\"https:\/\/bunkerseguridad.es\/it\/prodotto-sicurezza\/t-ip6-exti-o-ip-modulo-con-6-ingressi-relay-6-uscite-relay\/\",\"name\":\"T-IP6-EXT(I\/O) Modulo IP con 6 ingressi a rel\u00e8 &amp; 6 uscite a rel\u00e8 - Bunker Seguridad Electr\u00f3nica S.L.\",\"isPartOf\":{\"@id\":\"https:\/\/bunkerseguridad.es\/it\/#website\"},\"primaryImageOfPage\":{\"@id\":\"https:\/\/bunkerseguridad.es\/it\/prodotto-sicurezza\/t-ip6-exti-o-ip-modulo-con-6-ingressi-relay-6-uscite-relay\/#primaryimage\"},\"image\":{\"@id\":\"https:\/\/bunkerseguridad.es\/it\/prodotto-sicurezza\/t-ip6-exti-o-ip-modulo-con-6-ingressi-relay-6-uscite-relay\/#primaryimage\"},\"thumbnailUrl\":\"https:\/\/bunkerseguridad.es\/it\/wp-content\/uploads\/2020\/11\/Productos-Modules-Analysis-video.jpg\",\"datePublished\":\"2020-11-03T10:39:37+00:00\",\"dateModified\":\"2021-04-08T08:20:05+00:00\",\"breadcrumb\":{\"@id\":\"https:\/\/bunkerseguridad.es\/it\/prodotto-sicurezza\/t-ip6-exti-o-ip-modulo-con-6-ingressi-relay-6-uscite-relay\/#breadcrumb\"},\"inLanguage\":\"it-IT\",\"potentialAction\":[{\"@type\":\"ReadAction\",\"target\":[\"https:\/\/bunkerseguridad.es\/it\/prodotto-sicurezza\/t-ip6-exti-o-ip-modulo-con-6-ingressi-relay-6-uscite-relay\/\"]}]},{\"@type\":\"ImageObject\",\"inLanguage\":\"it-IT\",\"@id\":\"https:\/\/bunkerseguridad.es\/it\/prodotto-sicurezza\/t-ip6-exti-o-ip-modulo-con-6-ingressi-relay-6-uscite-relay\/#primaryimage\",\"url\":\"https:\/\/bunkerseguridad.es\/it\/wp-content\/uploads\/2020\/11\/Productos-Modules-Analysis-video.jpg\",\"contentUrl\":\"https:\/\/bunkerseguridad.es\/it\/wp-content\/uploads\/2020\/11\/Productos-Modules-Analysis-video.jpg\",\"width\":1200,\"height\":1200},{\"@type\":\"BreadcrumbList\",\"@id\":\"https:\/\/bunkerseguridad.es\/it\/prodotto-sicurezza\/t-ip6-exti-o-ip-modulo-con-6-ingressi-relay-6-uscite-relay\/#breadcrumb\",\"itemListElement\":[{\"@type\":\"ListItem\",\"position\":1,\"name\":\"Home\",\"item\":\"https:\/\/bunkerseguridad.es\/it\/\"},{\"@type\":\"ListItem\",\"position\":2,\"name\":\"Shop\",\"item\":\"https:\/\/bunkerseguridad.es\/it\/shop\/\"},{\"@type\":\"ListItem\",\"position\":3,\"name\":\"T-IP6-EXT(I\/O) Modulo IP con 6 ingressi a rel\u00e8 &amp; 6 uscite a rel\u00e8\"}]},{\"@type\":\"WebSite\",\"@id\":\"https:\/\/bunkerseguridad.es\/it\/#website\",\"url\":\"https:\/\/bunkerseguridad.es\/it\/\",\"name\":\"Bunker Seguridad Electr\u00f3nica S.L.\",\"description\":\"Produzione e distribuzione di sistemi di rilevamento perimetrale in Europa.\",\"potentialAction\":[{\"@type\":\"SearchAction\",\"target\":{\"@type\":\"EntryPoint\",\"urlTemplate\":\"https:\/\/bunkerseguridad.es\/it\/?s={search_term_string}\"},\"query-input\":{\"@type\":\"PropertyValueSpecification\",\"valueRequired\":true,\"valueName\":\"search_term_string\"}}],\"inLanguage\":\"it-IT\"}]}<\/script>\n<!-- \/ Yoast SEO plugin. -->","yoast_head_json":{"title":"T-IP6-EXT(I\/O) Modulo IP con 6 ingressi a rel\u00e8 &amp; 6 uscite a rel\u00e8 - Bunker Seguridad Electr\u00f3nica S.L.","robots":{"index":"index","follow":"follow","max-snippet":"max-snippet:-1","max-image-preview":"max-image-preview:large","max-video-preview":"max-video-preview:-1"},"canonical":"https:\/\/bunkerseguridad.es\/it\/prodotto-sicurezza\/t-ip6-exti-o-ip-modulo-con-6-ingressi-relay-6-uscite-relay\/","og_locale":"it_IT","og_type":"article","og_title":"T-IP6-EXT(I\/O) Modulo IP con 6 ingressi a rel\u00e8 &amp; 6 uscite a rel\u00e8 - Bunker Seguridad Electr\u00f3nica S.L.","og_description":"Modulo con connettivit\u00e0 IP che fornisce 6 ingressi e 6 uscite a rel\u00e8.","og_url":"https:\/\/bunkerseguridad.es\/it\/prodotto-sicurezza\/t-ip6-exti-o-ip-modulo-con-6-ingressi-relay-6-uscite-relay\/","og_site_name":"Bunker Seguridad Electr\u00f3nica S.L.","article_modified_time":"2021-04-08T08:20:05+00:00","og_image":[{"width":1200,"height":1200,"url":"https:\/\/bunkerseguridad.es\/it\/wp-content\/uploads\/2020\/11\/Productos-Modules-Analysis-video.jpg","type":"image\/jpeg"}],"twitter_card":"summary_large_image","twitter_misc":{"Tempo di lettura stimato":"1 minuto"},"schema":{"@context":"https:\/\/schema.org","@graph":[{"@type":"WebPage","@id":"https:\/\/bunkerseguridad.es\/it\/prodotto-sicurezza\/t-ip6-exti-o-ip-modulo-con-6-ingressi-relay-6-uscite-relay\/","url":"https:\/\/bunkerseguridad.es\/it\/prodotto-sicurezza\/t-ip6-exti-o-ip-modulo-con-6-ingressi-relay-6-uscite-relay\/","name":"T-IP6-EXT(I\/O) Modulo IP con 6 ingressi a rel\u00e8 &amp; 6 uscite a rel\u00e8 - Bunker Seguridad Electr\u00f3nica S.L.","isPartOf":{"@id":"https:\/\/bunkerseguridad.es\/it\/#website"},"primaryImageOfPage":{"@id":"https:\/\/bunkerseguridad.es\/it\/prodotto-sicurezza\/t-ip6-exti-o-ip-modulo-con-6-ingressi-relay-6-uscite-relay\/#primaryimage"},"image":{"@id":"https:\/\/bunkerseguridad.es\/it\/prodotto-sicurezza\/t-ip6-exti-o-ip-modulo-con-6-ingressi-relay-6-uscite-relay\/#primaryimage"},"thumbnailUrl":"https:\/\/bunkerseguridad.es\/it\/wp-content\/uploads\/2020\/11\/Productos-Modules-Analysis-video.jpg","datePublished":"2020-11-03T10:39:37+00:00","dateModified":"2021-04-08T08:20:05+00:00","breadcrumb":{"@id":"https:\/\/bunkerseguridad.es\/it\/prodotto-sicurezza\/t-ip6-exti-o-ip-modulo-con-6-ingressi-relay-6-uscite-relay\/#breadcrumb"},"inLanguage":"it-IT","potentialAction":[{"@type":"ReadAction","target":["https:\/\/bunkerseguridad.es\/it\/prodotto-sicurezza\/t-ip6-exti-o-ip-modulo-con-6-ingressi-relay-6-uscite-relay\/"]}]},{"@type":"ImageObject","inLanguage":"it-IT","@id":"https:\/\/bunkerseguridad.es\/it\/prodotto-sicurezza\/t-ip6-exti-o-ip-modulo-con-6-ingressi-relay-6-uscite-relay\/#primaryimage","url":"https:\/\/bunkerseguridad.es\/it\/wp-content\/uploads\/2020\/11\/Productos-Modules-Analysis-video.jpg","contentUrl":"https:\/\/bunkerseguridad.es\/it\/wp-content\/uploads\/2020\/11\/Productos-Modules-Analysis-video.jpg","width":1200,"height":1200},{"@type":"BreadcrumbList","@id":"https:\/\/bunkerseguridad.es\/it\/prodotto-sicurezza\/t-ip6-exti-o-ip-modulo-con-6-ingressi-relay-6-uscite-relay\/#breadcrumb","itemListElement":[{"@type":"ListItem","position":1,"name":"Home","item":"https:\/\/bunkerseguridad.es\/it\/"},{"@type":"ListItem","position":2,"name":"Shop","item":"https:\/\/bunkerseguridad.es\/it\/shop\/"},{"@type":"ListItem","position":3,"name":"T-IP6-EXT(I\/O) Modulo IP con 6 ingressi a rel\u00e8 &amp; 6 uscite a rel\u00e8"}]},{"@type":"WebSite","@id":"https:\/\/bunkerseguridad.es\/it\/#website","url":"https:\/\/bunkerseguridad.es\/it\/","name":"Bunker Seguridad Electr\u00f3nica S.L.","description":"Produzione e distribuzione di sistemi di rilevamento perimetrale in Europa.","potentialAction":[{"@type":"SearchAction","target":{"@type":"EntryPoint","urlTemplate":"https:\/\/bunkerseguridad.es\/it\/?s={search_term_string}"},"query-input":{"@type":"PropertyValueSpecification","valueRequired":true,"valueName":"search_term_string"}}],"inLanguage":"it-IT"}]}},"brands":[{"id":205,"name":"Tempos Analytics","slug":"tempos-analytics"}],"_links":{"self":[{"href":"https:\/\/bunkerseguridad.es\/it\/wp-json\/wp\/v2\/product\/3639","targetHints":{"allow":["GET"]}}],"collection":[{"href":"https:\/\/bunkerseguridad.es\/it\/wp-json\/wp\/v2\/product"}],"about":[{"href":"https:\/\/bunkerseguridad.es\/it\/wp-json\/wp\/v2\/types\/product"}],"wp:featuredmedia":[{"embeddable":true,"href":"https:\/\/bunkerseguridad.es\/it\/wp-json\/wp\/v2\/media\/4578"}],"wp:attachment":[{"href":"https:\/\/bunkerseguridad.es\/it\/wp-json\/wp\/v2\/media?parent=3639"}],"wp:term":[{"taxonomy":"pwb-brand","embeddable":true,"href":"https:\/\/bunkerseguridad.es\/it\/wp-json\/wp\/v2\/pwb-brand?post=3639"},{"taxonomy":"product_brand","embeddable":true,"href":"https:\/\/bunkerseguridad.es\/it\/wp-json\/wp\/v2\/product_brand?post=3639"},{"taxonomy":"product_cat","embeddable":true,"href":"https:\/\/bunkerseguridad.es\/it\/wp-json\/wp\/v2\/product_cat?post=3639"},{"taxonomy":"product_tag","embeddable":true,"href":"https:\/\/bunkerseguridad.es\/it\/wp-json\/wp\/v2\/product_tag?post=3639"}],"curies":[{"name":"wp","href":"https:\/\/api.w.org\/{rel}","templated":true}]}}