{"id":3706,"date":"2020-11-04T08:39:20","date_gmt":"2020-11-04T08:39:20","guid":{"rendered":"http:\/\/www.bunkerseguridad.es\/en\/?post_type=product&#038;p=3706"},"modified":"2021-04-08T07:25:09","modified_gmt":"2021-04-08T07:25:09","slug":"lpr-tmp-lic-licenza-di-estensione-per-la-gestione-delle-liste-temporanee","status":"publish","type":"product","link":"https:\/\/bunkerseguridad.es\/it\/prodotto-sicurezza\/lpr-tmp-lic-licenza-di-estensione-per-la-gestione-delle-liste-temporanee\/","title":{"rendered":"LPR-TMP-LIC Licenza di estensione per la gestione delle liste temporanee"},"content":{"rendered":"<p>Licenza di estensione per la gestione delle liste temporanee. La capacit\u00e0 di creare e gestire <strong>liste temporanee di veicoli<\/strong> aggiunge <strong>flessibilit\u00e0<\/strong> al tuo sistema LPR.<\/p>\n<p>Include una<strong> licenza TPR-500-LIC<\/strong> (estensione del database con <strong>500 targhe aggiuntive).<\/strong><\/p>\n<p><strong>\u00c8 compatibile con le serie LPR.<\/strong><\/p>\n<p><strong>Il dispositivo fisico non \u00e8 incluso.<\/strong><\/p>\n","protected":false},"excerpt":{"rendered":"<p>Licenza di estensione per la gestione delle liste temporanee. La capacit\u00e0 di creare e gestire liste<strong> temporanee di veicoli<\/strong> aggiunge flessibilit\u00e0 al tuo sistema LPR.<\/p>\n","protected":false},"featured_media":4577,"template":"","meta":{"_et_pb_use_builder":"","_et_pb_old_content":"","_et_gb_content_width":""},"pwb-brand":[205],"product_brand":[],"product_cat":[28,230],"product_tag":[128],"class_list":{"0":"post-3706","1":"product","2":"type-product","3":"status-publish","4":"has-post-thumbnail","6":"pwb-brand-tempos-analytics","7":"product_cat-estensioni-licenze-e-moduli","8":"product_cat-licenze-di-estensione","9":"product_tag-licenza-di-estensione-lpr","11":"first","12":"instock","13":"shipping-taxable","14":"product-type-simple"},"yoast_head":"<!-- This site is optimized with the Yoast SEO plugin v25.2 - https:\/\/yoast.com\/wordpress\/plugins\/seo\/ -->\n<title>LPR-TMP-LIC Licenza di estensione per la gestione delle liste temporanee - Bunker Seguridad Electr\u00f3nica S.L.<\/title>\n<meta name=\"description\" content=\"La capacit\u00e0 di creare e gestire liste temporanee di veicoli aggiunge flessibilit\u00e0 al tuo sistema LPR. Include una licenza TPR-500-LIC.\" \/>\n<meta name=\"robots\" content=\"index, follow, max-snippet:-1, max-image-preview:large, max-video-preview:-1\" \/>\n<link rel=\"canonical\" href=\"https:\/\/bunkerseguridad.es\/it\/prodotto-sicurezza\/lpr-tmp-lic-licenza-di-estensione-per-la-gestione-delle-liste-temporanee\/\" \/>\n<meta property=\"og:locale\" content=\"it_IT\" \/>\n<meta property=\"og:type\" content=\"article\" \/>\n<meta property=\"og:title\" content=\"LPR-TMP-LIC Licenza di estensione per la gestione delle liste temporanee - Bunker Seguridad Electr\u00f3nica S.L.\" \/>\n<meta property=\"og:description\" content=\"La capacit\u00e0 di creare e gestire liste temporanee di veicoli aggiunge flessibilit\u00e0 al tuo sistema LPR. Include una licenza TPR-500-LIC.\" \/>\n<meta property=\"og:url\" content=\"https:\/\/bunkerseguridad.es\/it\/prodotto-sicurezza\/lpr-tmp-lic-licenza-di-estensione-per-la-gestione-delle-liste-temporanee\/\" \/>\n<meta property=\"og:site_name\" content=\"Bunker Seguridad Electr\u00f3nica S.L.\" \/>\n<meta property=\"article:modified_time\" content=\"2021-04-08T07:25:09+00:00\" \/>\n<meta property=\"og:image\" content=\"https:\/\/bunkerseguridad.es\/it\/wp-content\/uploads\/2020\/11\/Productos-Licences-Analysis-video.jpg\" \/>\n\t<meta property=\"og:image:width\" content=\"1200\" \/>\n\t<meta property=\"og:image:height\" content=\"1200\" \/>\n\t<meta property=\"og:image:type\" content=\"image\/jpeg\" \/>\n<meta name=\"twitter:card\" content=\"summary_large_image\" \/>\n<meta name=\"twitter:label1\" content=\"Tempo di lettura stimato\" \/>\n\t<meta name=\"twitter:data1\" content=\"1 minuto\" \/>\n<script type=\"application\/ld+json\" class=\"yoast-schema-graph\">{\"@context\":\"https:\/\/schema.org\",\"@graph\":[{\"@type\":\"WebPage\",\"@id\":\"https:\/\/bunkerseguridad.es\/it\/prodotto-sicurezza\/lpr-tmp-lic-licenza-di-estensione-per-la-gestione-delle-liste-temporanee\/\",\"url\":\"https:\/\/bunkerseguridad.es\/it\/prodotto-sicurezza\/lpr-tmp-lic-licenza-di-estensione-per-la-gestione-delle-liste-temporanee\/\",\"name\":\"LPR-TMP-LIC Licenza di estensione per la gestione delle liste temporanee - Bunker Seguridad Electr\u00f3nica S.L.\",\"isPartOf\":{\"@id\":\"https:\/\/bunkerseguridad.es\/it\/#website\"},\"primaryImageOfPage\":{\"@id\":\"https:\/\/bunkerseguridad.es\/it\/prodotto-sicurezza\/lpr-tmp-lic-licenza-di-estensione-per-la-gestione-delle-liste-temporanee\/#primaryimage\"},\"image\":{\"@id\":\"https:\/\/bunkerseguridad.es\/it\/prodotto-sicurezza\/lpr-tmp-lic-licenza-di-estensione-per-la-gestione-delle-liste-temporanee\/#primaryimage\"},\"thumbnailUrl\":\"https:\/\/bunkerseguridad.es\/it\/wp-content\/uploads\/2020\/11\/Productos-Licences-Analysis-video.jpg\",\"datePublished\":\"2020-11-04T08:39:20+00:00\",\"dateModified\":\"2021-04-08T07:25:09+00:00\",\"description\":\"La capacit\u00e0 di creare e gestire liste temporanee di veicoli aggiunge flessibilit\u00e0 al tuo sistema LPR. Include una licenza TPR-500-LIC.\",\"breadcrumb\":{\"@id\":\"https:\/\/bunkerseguridad.es\/it\/prodotto-sicurezza\/lpr-tmp-lic-licenza-di-estensione-per-la-gestione-delle-liste-temporanee\/#breadcrumb\"},\"inLanguage\":\"it-IT\",\"potentialAction\":[{\"@type\":\"ReadAction\",\"target\":[\"https:\/\/bunkerseguridad.es\/it\/prodotto-sicurezza\/lpr-tmp-lic-licenza-di-estensione-per-la-gestione-delle-liste-temporanee\/\"]}]},{\"@type\":\"ImageObject\",\"inLanguage\":\"it-IT\",\"@id\":\"https:\/\/bunkerseguridad.es\/it\/prodotto-sicurezza\/lpr-tmp-lic-licenza-di-estensione-per-la-gestione-delle-liste-temporanee\/#primaryimage\",\"url\":\"https:\/\/bunkerseguridad.es\/it\/wp-content\/uploads\/2020\/11\/Productos-Licences-Analysis-video.jpg\",\"contentUrl\":\"https:\/\/bunkerseguridad.es\/it\/wp-content\/uploads\/2020\/11\/Productos-Licences-Analysis-video.jpg\",\"width\":1200,\"height\":1200},{\"@type\":\"BreadcrumbList\",\"@id\":\"https:\/\/bunkerseguridad.es\/it\/prodotto-sicurezza\/lpr-tmp-lic-licenza-di-estensione-per-la-gestione-delle-liste-temporanee\/#breadcrumb\",\"itemListElement\":[{\"@type\":\"ListItem\",\"position\":1,\"name\":\"Home\",\"item\":\"https:\/\/bunkerseguridad.es\/it\/\"},{\"@type\":\"ListItem\",\"position\":2,\"name\":\"Shop\",\"item\":\"https:\/\/bunkerseguridad.es\/it\/shop\/\"},{\"@type\":\"ListItem\",\"position\":3,\"name\":\"LPR-TMP-LIC Licenza di estensione per la gestione delle liste temporanee\"}]},{\"@type\":\"WebSite\",\"@id\":\"https:\/\/bunkerseguridad.es\/it\/#website\",\"url\":\"https:\/\/bunkerseguridad.es\/it\/\",\"name\":\"Bunker Seguridad Electr\u00f3nica S.L.\",\"description\":\"Produzione e distribuzione di sistemi di rilevamento perimetrale in Europa.\",\"potentialAction\":[{\"@type\":\"SearchAction\",\"target\":{\"@type\":\"EntryPoint\",\"urlTemplate\":\"https:\/\/bunkerseguridad.es\/it\/?s={search_term_string}\"},\"query-input\":{\"@type\":\"PropertyValueSpecification\",\"valueRequired\":true,\"valueName\":\"search_term_string\"}}],\"inLanguage\":\"it-IT\"}]}<\/script>\n<!-- \/ Yoast SEO plugin. -->","yoast_head_json":{"title":"LPR-TMP-LIC Licenza di estensione per la gestione delle liste temporanee - Bunker Seguridad Electr\u00f3nica S.L.","description":"La capacit\u00e0 di creare e gestire liste temporanee di veicoli aggiunge flessibilit\u00e0 al tuo sistema LPR. Include una licenza TPR-500-LIC.","robots":{"index":"index","follow":"follow","max-snippet":"max-snippet:-1","max-image-preview":"max-image-preview:large","max-video-preview":"max-video-preview:-1"},"canonical":"https:\/\/bunkerseguridad.es\/it\/prodotto-sicurezza\/lpr-tmp-lic-licenza-di-estensione-per-la-gestione-delle-liste-temporanee\/","og_locale":"it_IT","og_type":"article","og_title":"LPR-TMP-LIC Licenza di estensione per la gestione delle liste temporanee - Bunker Seguridad Electr\u00f3nica S.L.","og_description":"La capacit\u00e0 di creare e gestire liste temporanee di veicoli aggiunge flessibilit\u00e0 al tuo sistema LPR. Include una licenza TPR-500-LIC.","og_url":"https:\/\/bunkerseguridad.es\/it\/prodotto-sicurezza\/lpr-tmp-lic-licenza-di-estensione-per-la-gestione-delle-liste-temporanee\/","og_site_name":"Bunker Seguridad Electr\u00f3nica S.L.","article_modified_time":"2021-04-08T07:25:09+00:00","og_image":[{"width":1200,"height":1200,"url":"https:\/\/bunkerseguridad.es\/it\/wp-content\/uploads\/2020\/11\/Productos-Licences-Analysis-video.jpg","type":"image\/jpeg"}],"twitter_card":"summary_large_image","twitter_misc":{"Tempo di lettura stimato":"1 minuto"},"schema":{"@context":"https:\/\/schema.org","@graph":[{"@type":"WebPage","@id":"https:\/\/bunkerseguridad.es\/it\/prodotto-sicurezza\/lpr-tmp-lic-licenza-di-estensione-per-la-gestione-delle-liste-temporanee\/","url":"https:\/\/bunkerseguridad.es\/it\/prodotto-sicurezza\/lpr-tmp-lic-licenza-di-estensione-per-la-gestione-delle-liste-temporanee\/","name":"LPR-TMP-LIC Licenza di estensione per la gestione delle liste temporanee - Bunker Seguridad Electr\u00f3nica S.L.","isPartOf":{"@id":"https:\/\/bunkerseguridad.es\/it\/#website"},"primaryImageOfPage":{"@id":"https:\/\/bunkerseguridad.es\/it\/prodotto-sicurezza\/lpr-tmp-lic-licenza-di-estensione-per-la-gestione-delle-liste-temporanee\/#primaryimage"},"image":{"@id":"https:\/\/bunkerseguridad.es\/it\/prodotto-sicurezza\/lpr-tmp-lic-licenza-di-estensione-per-la-gestione-delle-liste-temporanee\/#primaryimage"},"thumbnailUrl":"https:\/\/bunkerseguridad.es\/it\/wp-content\/uploads\/2020\/11\/Productos-Licences-Analysis-video.jpg","datePublished":"2020-11-04T08:39:20+00:00","dateModified":"2021-04-08T07:25:09+00:00","description":"La capacit\u00e0 di creare e gestire liste temporanee di veicoli aggiunge flessibilit\u00e0 al tuo sistema LPR. Include una licenza TPR-500-LIC.","breadcrumb":{"@id":"https:\/\/bunkerseguridad.es\/it\/prodotto-sicurezza\/lpr-tmp-lic-licenza-di-estensione-per-la-gestione-delle-liste-temporanee\/#breadcrumb"},"inLanguage":"it-IT","potentialAction":[{"@type":"ReadAction","target":["https:\/\/bunkerseguridad.es\/it\/prodotto-sicurezza\/lpr-tmp-lic-licenza-di-estensione-per-la-gestione-delle-liste-temporanee\/"]}]},{"@type":"ImageObject","inLanguage":"it-IT","@id":"https:\/\/bunkerseguridad.es\/it\/prodotto-sicurezza\/lpr-tmp-lic-licenza-di-estensione-per-la-gestione-delle-liste-temporanee\/#primaryimage","url":"https:\/\/bunkerseguridad.es\/it\/wp-content\/uploads\/2020\/11\/Productos-Licences-Analysis-video.jpg","contentUrl":"https:\/\/bunkerseguridad.es\/it\/wp-content\/uploads\/2020\/11\/Productos-Licences-Analysis-video.jpg","width":1200,"height":1200},{"@type":"BreadcrumbList","@id":"https:\/\/bunkerseguridad.es\/it\/prodotto-sicurezza\/lpr-tmp-lic-licenza-di-estensione-per-la-gestione-delle-liste-temporanee\/#breadcrumb","itemListElement":[{"@type":"ListItem","position":1,"name":"Home","item":"https:\/\/bunkerseguridad.es\/it\/"},{"@type":"ListItem","position":2,"name":"Shop","item":"https:\/\/bunkerseguridad.es\/it\/shop\/"},{"@type":"ListItem","position":3,"name":"LPR-TMP-LIC Licenza di estensione per la gestione delle liste temporanee"}]},{"@type":"WebSite","@id":"https:\/\/bunkerseguridad.es\/it\/#website","url":"https:\/\/bunkerseguridad.es\/it\/","name":"Bunker Seguridad Electr\u00f3nica S.L.","description":"Produzione e distribuzione di sistemi di rilevamento perimetrale in Europa.","potentialAction":[{"@type":"SearchAction","target":{"@type":"EntryPoint","urlTemplate":"https:\/\/bunkerseguridad.es\/it\/?s={search_term_string}"},"query-input":{"@type":"PropertyValueSpecification","valueRequired":true,"valueName":"search_term_string"}}],"inLanguage":"it-IT"}]}},"brands":[{"id":205,"name":"Tempos Analytics","slug":"tempos-analytics"}],"_links":{"self":[{"href":"https:\/\/bunkerseguridad.es\/it\/wp-json\/wp\/v2\/product\/3706","targetHints":{"allow":["GET"]}}],"collection":[{"href":"https:\/\/bunkerseguridad.es\/it\/wp-json\/wp\/v2\/product"}],"about":[{"href":"https:\/\/bunkerseguridad.es\/it\/wp-json\/wp\/v2\/types\/product"}],"wp:featuredmedia":[{"embeddable":true,"href":"https:\/\/bunkerseguridad.es\/it\/wp-json\/wp\/v2\/media\/4577"}],"wp:attachment":[{"href":"https:\/\/bunkerseguridad.es\/it\/wp-json\/wp\/v2\/media?parent=3706"}],"wp:term":[{"taxonomy":"pwb-brand","embeddable":true,"href":"https:\/\/bunkerseguridad.es\/it\/wp-json\/wp\/v2\/pwb-brand?post=3706"},{"taxonomy":"product_brand","embeddable":true,"href":"https:\/\/bunkerseguridad.es\/it\/wp-json\/wp\/v2\/product_brand?post=3706"},{"taxonomy":"product_cat","embeddable":true,"href":"https:\/\/bunkerseguridad.es\/it\/wp-json\/wp\/v2\/product_cat?post=3706"},{"taxonomy":"product_tag","embeddable":true,"href":"https:\/\/bunkerseguridad.es\/it\/wp-json\/wp\/v2\/product_tag?post=3706"}],"curies":[{"name":"wp","href":"https:\/\/api.w.org\/{rel}","templated":true}]}}