{"id":373,"date":"2020-09-01T11:33:15","date_gmt":"2020-09-01T11:33:15","guid":{"rendered":"http:\/\/www.bunkerseguridad.es\/en\/?post_type=product&#038;p=373"},"modified":"2021-03-18T08:48:32","modified_gmt":"2021-03-18T08:48:32","slug":"cav-colonna-tipo-faro-180-per-barriere-ad-ir","status":"publish","type":"product","link":"https:\/\/bunkerseguridad.es\/it\/prodotto-sicurezza\/cav-colonna-tipo-faro-180-per-barriere-ad-ir\/","title":{"rendered":"CAV \u2013 Colonna tipo faro (180\u00b0) per barriere ad IR"},"content":{"rendered":"<p>Bunker Seguridad, fabbricante di sensori e sistemi di sicurezza perimetrale ha progettato la gamma Garden Guard, composta da colonne a infrarossi somiglianti a lampioni e a lampade per esterni. Questa famiglia di colonne IR, chiamata Garden Guard si compone di riferimenti MALTA, CAV e CAV-W. Nei primi due casi, ovvero nel caso delle colonne infrarosse MALTA e CAV esiste la versione &#8220;\/2&#8221; (MALTA\/2 e CAV\/2) \u00a0che include due unit\u00e0 di prodotto in una scatola appena un po&#8217; pi\u00f9 lunga di 30 cm che il riferimento della colonna fotoelettrica di una unit\u00e0 (MALTA e CAV) \u2013 questo significa un risparmio importante in termini di prezzo per unit\u00e0, di trasporto, di stoccaggio, etc.<\/p>\n<div class=\"field-items\">\n<div class=\"field-item even\">\n<p>MALTA \u00e8 una colonna a infrarossi con la struttura di un lampione dove si possono nascondere facilmente fino a 3 sensori barriere IR di due fasci (3Tx + 3Rx o combinazione di sensori fotoelettrici). Le colonne a infrarossi MALTA della famiglia Garden Guard si inseriscono perfettamente in qualsiasi ambiente residenziale, fornendo allo stesso tempo sicurezza, eleganza e iluminazione alla zona. I sensori sono completamente nascosti all\u2019interno del palo assicurando cos\u00ec la rilevazione di un intruso, completamente ignaro della presenza di un sistema di sicurezza perimetrale.<\/p>\n<p>La gamma completa di colonne perimetrali a infrarossi della famiglia Garden Guard \u00e8 perfettamente compatibile con altre colonne sia a livello estetico che funzionale. Questo significa che si possono utilizzare colonne di sicurezza MALTA con altre MALTA, oppure con colonne a infrarossi tipo CAV e anche, se fosse necessario, con la nostra gamma industriale (colonne a infrarossi PT, MB e MB-W).<\/p>\n<\/div>\n<\/div>\n<p><strong>Caratteristiche:<\/strong><\/p>\n<p>CAV \u00e8 una colonna per barriere a infrarossi della familia Garden Guard, progettata per essere fissata e montata a pavimento (per montaggio a parete vedere il modello di colonna perimetrale CAVW).<\/p>\n<p>Dimensioni del modello di colonna infrarossa di giardino Garden Guard CAV per sensori fotoelettrici a doppio fascio:<\/p>\n<ul>\n<li>Palo esterno della colonna IR: 10 cm (3.94&#8243;).<\/li>\n<li>Parte superiore della colonna IR: 25 cm (9.84&#8243;).<\/li>\n<li>Altezza totale con la lampada della colonna IR inclusa (25cm): 100 cm (39.4&#8243;).<\/li>\n<li>Diametro della base della colonna a infrarossi: 27 cm (10.63&#8243;).<\/li>\n<\/ul>\n<p>Materiali che compongono la colonna fotoelettrica Garden Guard, modello CAV:<\/p>\n<ul>\n<li>Profilo di alluminio che funziona come la parte centrale della colonna a infrarossi CAV.<\/li>\n<li>Tubo di policarbonato nero con trattamento UV &#8211; ha due funzioni nella colonna a infrarossi: da un lato copre la struttura nascondendo la localizzazione, l\u2019orientazione e l\u2019altezza dei sensori fotoelettrici a infrarossi e dall\u2019altro li protegge di possibili atti di vandalismo.<\/li>\n<li>Staffa supporto di fissaggio ABS rinforzato dove si inserisce e fissa il profilo di alluminio della colonna di sicurezza e il profilo visore di policarbonato.<\/li>\n<li>Parte superiore della CAV tipo griglia di policarbonato nero.<\/li>\n<li>Incavo ceramico per fissaggio della lampadina tipo E27 nella parte superiore della lampada a infrarossi per giardino.<\/li>\n<\/ul>\n<p>Peso approssimato di ogni colonna a infrarossi Garden Guard, modello CAV: 4,5 kg.<\/p>\n","protected":false},"excerpt":{"rendered":"<p>Bunker Seguridad, produttore di sensori perimetrali e sistemi di sicurezza, ha sviluppato la gamma &#8220;Garden Guard&#8221;, composta da torri a infrarossi camuffate in lampioni IR e lampade da giardino. Questa famiglia di torri IR, chiamata Garden Guard, \u00e8 composta dalle referenze MALTA, CAV e CAV-W.<\/p>\n","protected":false},"featured_media":627,"template":"","meta":{"_et_pb_use_builder":"","_et_pb_old_content":"","_et_gb_content_width":""},"pwb-brand":[198],"product_brand":[],"product_cat":[50,52],"product_tag":[357,65,69,75,62,74,72],"class_list":{"0":"post-373","1":"product","2":"type-product","3":"status-publish","4":"has-post-thumbnail","6":"pwb-brand-bunker-seguridad-electronica-s-l","7":"product_cat-colonne-perimetrali","8":"product_cat-colonne-infrarossi-residenziali","9":"product_tag-180o","10":"product_tag-1m","11":"product_tag-installazione-a-terra","12":"product_tag-lampione","13":"product_tag-singolo-lato","14":"product_tag-torre-del-giardino","15":"product_tag-torre-residenziale","17":"first","18":"instock","19":"shipping-taxable","20":"product-type-simple"},"yoast_head":"<!-- This site is optimized with the Yoast SEO plugin v25.2 - https:\/\/yoast.com\/wordpress\/plugins\/seo\/ -->\n<title>CAV \u2013 Colonna tipo faro (180\u00b0) per barriere ad IR - Bunker Seguridad Electr\u00f3nica S.L.<\/title>\n<meta name=\"description\" content=\"CAV \u00e8 una colonna per barriere a infrarossi della familia Garden Guard, progettata per essere fissata e montata a pavimento\" \/>\n<meta name=\"robots\" content=\"index, follow, max-snippet:-1, max-image-preview:large, max-video-preview:-1\" \/>\n<link rel=\"canonical\" href=\"https:\/\/bunkerseguridad.es\/it\/prodotto-sicurezza\/cav-colonna-tipo-faro-180-per-barriere-ad-ir\/\" \/>\n<meta property=\"og:locale\" content=\"it_IT\" \/>\n<meta property=\"og:type\" content=\"article\" \/>\n<meta property=\"og:title\" content=\"CAV \u2013 Colonna tipo faro (180\u00b0) per barriere ad IR - Bunker Seguridad Electr\u00f3nica S.L.\" \/>\n<meta property=\"og:description\" content=\"CAV \u00e8 una colonna per barriere a infrarossi della familia Garden Guard, progettata per essere fissata e montata a pavimento\" \/>\n<meta property=\"og:url\" content=\"https:\/\/bunkerseguridad.es\/it\/prodotto-sicurezza\/cav-colonna-tipo-faro-180-per-barriere-ad-ir\/\" \/>\n<meta property=\"og:site_name\" content=\"Bunker Seguridad Electr\u00f3nica S.L.\" \/>\n<meta property=\"article:modified_time\" content=\"2021-03-18T08:48:32+00:00\" \/>\n<meta property=\"og:image\" content=\"https:\/\/bunkerseguridad.es\/it\/wp-content\/uploads\/2020\/09\/Perimeter-Control-System.png\" \/>\n\t<meta property=\"og:image:width\" content=\"1200\" \/>\n\t<meta property=\"og:image:height\" content=\"1200\" \/>\n\t<meta property=\"og:image:type\" content=\"image\/png\" \/>\n<meta name=\"twitter:card\" content=\"summary_large_image\" \/>\n<meta name=\"twitter:label1\" content=\"Tempo di lettura stimato\" \/>\n\t<meta name=\"twitter:data1\" content=\"3 minuti\" \/>\n<script type=\"application\/ld+json\" class=\"yoast-schema-graph\">{\"@context\":\"https:\/\/schema.org\",\"@graph\":[{\"@type\":\"WebPage\",\"@id\":\"https:\/\/bunkerseguridad.es\/it\/prodotto-sicurezza\/cav-colonna-tipo-faro-180-per-barriere-ad-ir\/\",\"url\":\"https:\/\/bunkerseguridad.es\/it\/prodotto-sicurezza\/cav-colonna-tipo-faro-180-per-barriere-ad-ir\/\",\"name\":\"CAV \u2013 Colonna tipo faro (180\u00b0) per barriere ad IR - Bunker Seguridad Electr\u00f3nica S.L.\",\"isPartOf\":{\"@id\":\"https:\/\/bunkerseguridad.es\/it\/#website\"},\"primaryImageOfPage\":{\"@id\":\"https:\/\/bunkerseguridad.es\/it\/prodotto-sicurezza\/cav-colonna-tipo-faro-180-per-barriere-ad-ir\/#primaryimage\"},\"image\":{\"@id\":\"https:\/\/bunkerseguridad.es\/it\/prodotto-sicurezza\/cav-colonna-tipo-faro-180-per-barriere-ad-ir\/#primaryimage\"},\"thumbnailUrl\":\"https:\/\/bunkerseguridad.es\/it\/wp-content\/uploads\/2020\/09\/Perimeter-Control-System.png\",\"datePublished\":\"2020-09-01T11:33:15+00:00\",\"dateModified\":\"2021-03-18T08:48:32+00:00\",\"description\":\"CAV \u00e8 una colonna per barriere a infrarossi della familia Garden Guard, progettata per essere fissata e montata a pavimento\",\"breadcrumb\":{\"@id\":\"https:\/\/bunkerseguridad.es\/it\/prodotto-sicurezza\/cav-colonna-tipo-faro-180-per-barriere-ad-ir\/#breadcrumb\"},\"inLanguage\":\"it-IT\",\"potentialAction\":[{\"@type\":\"ReadAction\",\"target\":[\"https:\/\/bunkerseguridad.es\/it\/prodotto-sicurezza\/cav-colonna-tipo-faro-180-per-barriere-ad-ir\/\"]}]},{\"@type\":\"ImageObject\",\"inLanguage\":\"it-IT\",\"@id\":\"https:\/\/bunkerseguridad.es\/it\/prodotto-sicurezza\/cav-colonna-tipo-faro-180-per-barriere-ad-ir\/#primaryimage\",\"url\":\"https:\/\/bunkerseguridad.es\/it\/wp-content\/uploads\/2020\/09\/Perimeter-Control-System.png\",\"contentUrl\":\"https:\/\/bunkerseguridad.es\/it\/wp-content\/uploads\/2020\/09\/Perimeter-Control-System.png\",\"width\":1200,\"height\":1200,\"caption\":\"CAV \u2013 Garden Lamp Tower 180\u00ba\"},{\"@type\":\"BreadcrumbList\",\"@id\":\"https:\/\/bunkerseguridad.es\/it\/prodotto-sicurezza\/cav-colonna-tipo-faro-180-per-barriere-ad-ir\/#breadcrumb\",\"itemListElement\":[{\"@type\":\"ListItem\",\"position\":1,\"name\":\"Home\",\"item\":\"https:\/\/bunkerseguridad.es\/it\/\"},{\"@type\":\"ListItem\",\"position\":2,\"name\":\"Shop\",\"item\":\"https:\/\/bunkerseguridad.es\/it\/shop\/\"},{\"@type\":\"ListItem\",\"position\":3,\"name\":\"CAV \u2013 Colonna tipo faro (180\u00b0) per barriere ad IR\"}]},{\"@type\":\"WebSite\",\"@id\":\"https:\/\/bunkerseguridad.es\/it\/#website\",\"url\":\"https:\/\/bunkerseguridad.es\/it\/\",\"name\":\"Bunker Seguridad Electr\u00f3nica S.L.\",\"description\":\"Produzione e distribuzione di sistemi di rilevamento perimetrale in Europa.\",\"potentialAction\":[{\"@type\":\"SearchAction\",\"target\":{\"@type\":\"EntryPoint\",\"urlTemplate\":\"https:\/\/bunkerseguridad.es\/it\/?s={search_term_string}\"},\"query-input\":{\"@type\":\"PropertyValueSpecification\",\"valueRequired\":true,\"valueName\":\"search_term_string\"}}],\"inLanguage\":\"it-IT\"}]}<\/script>\n<!-- \/ Yoast SEO plugin. -->","yoast_head_json":{"title":"CAV \u2013 Colonna tipo faro (180\u00b0) per barriere ad IR - Bunker Seguridad Electr\u00f3nica S.L.","description":"CAV \u00e8 una colonna per barriere a infrarossi della familia Garden Guard, progettata per essere fissata e montata a pavimento","robots":{"index":"index","follow":"follow","max-snippet":"max-snippet:-1","max-image-preview":"max-image-preview:large","max-video-preview":"max-video-preview:-1"},"canonical":"https:\/\/bunkerseguridad.es\/it\/prodotto-sicurezza\/cav-colonna-tipo-faro-180-per-barriere-ad-ir\/","og_locale":"it_IT","og_type":"article","og_title":"CAV \u2013 Colonna tipo faro (180\u00b0) per barriere ad IR - Bunker Seguridad Electr\u00f3nica S.L.","og_description":"CAV \u00e8 una colonna per barriere a infrarossi della familia Garden Guard, progettata per essere fissata e montata a pavimento","og_url":"https:\/\/bunkerseguridad.es\/it\/prodotto-sicurezza\/cav-colonna-tipo-faro-180-per-barriere-ad-ir\/","og_site_name":"Bunker Seguridad Electr\u00f3nica S.L.","article_modified_time":"2021-03-18T08:48:32+00:00","og_image":[{"width":1200,"height":1200,"url":"https:\/\/bunkerseguridad.es\/it\/wp-content\/uploads\/2020\/09\/Perimeter-Control-System.png","type":"image\/png"}],"twitter_card":"summary_large_image","twitter_misc":{"Tempo di lettura stimato":"3 minuti"},"schema":{"@context":"https:\/\/schema.org","@graph":[{"@type":"WebPage","@id":"https:\/\/bunkerseguridad.es\/it\/prodotto-sicurezza\/cav-colonna-tipo-faro-180-per-barriere-ad-ir\/","url":"https:\/\/bunkerseguridad.es\/it\/prodotto-sicurezza\/cav-colonna-tipo-faro-180-per-barriere-ad-ir\/","name":"CAV \u2013 Colonna tipo faro (180\u00b0) per barriere ad IR - Bunker Seguridad Electr\u00f3nica S.L.","isPartOf":{"@id":"https:\/\/bunkerseguridad.es\/it\/#website"},"primaryImageOfPage":{"@id":"https:\/\/bunkerseguridad.es\/it\/prodotto-sicurezza\/cav-colonna-tipo-faro-180-per-barriere-ad-ir\/#primaryimage"},"image":{"@id":"https:\/\/bunkerseguridad.es\/it\/prodotto-sicurezza\/cav-colonna-tipo-faro-180-per-barriere-ad-ir\/#primaryimage"},"thumbnailUrl":"https:\/\/bunkerseguridad.es\/it\/wp-content\/uploads\/2020\/09\/Perimeter-Control-System.png","datePublished":"2020-09-01T11:33:15+00:00","dateModified":"2021-03-18T08:48:32+00:00","description":"CAV \u00e8 una colonna per barriere a infrarossi della familia Garden Guard, progettata per essere fissata e montata a pavimento","breadcrumb":{"@id":"https:\/\/bunkerseguridad.es\/it\/prodotto-sicurezza\/cav-colonna-tipo-faro-180-per-barriere-ad-ir\/#breadcrumb"},"inLanguage":"it-IT","potentialAction":[{"@type":"ReadAction","target":["https:\/\/bunkerseguridad.es\/it\/prodotto-sicurezza\/cav-colonna-tipo-faro-180-per-barriere-ad-ir\/"]}]},{"@type":"ImageObject","inLanguage":"it-IT","@id":"https:\/\/bunkerseguridad.es\/it\/prodotto-sicurezza\/cav-colonna-tipo-faro-180-per-barriere-ad-ir\/#primaryimage","url":"https:\/\/bunkerseguridad.es\/it\/wp-content\/uploads\/2020\/09\/Perimeter-Control-System.png","contentUrl":"https:\/\/bunkerseguridad.es\/it\/wp-content\/uploads\/2020\/09\/Perimeter-Control-System.png","width":1200,"height":1200,"caption":"CAV \u2013 Garden Lamp Tower 180\u00ba"},{"@type":"BreadcrumbList","@id":"https:\/\/bunkerseguridad.es\/it\/prodotto-sicurezza\/cav-colonna-tipo-faro-180-per-barriere-ad-ir\/#breadcrumb","itemListElement":[{"@type":"ListItem","position":1,"name":"Home","item":"https:\/\/bunkerseguridad.es\/it\/"},{"@type":"ListItem","position":2,"name":"Shop","item":"https:\/\/bunkerseguridad.es\/it\/shop\/"},{"@type":"ListItem","position":3,"name":"CAV \u2013 Colonna tipo faro (180\u00b0) per barriere ad IR"}]},{"@type":"WebSite","@id":"https:\/\/bunkerseguridad.es\/it\/#website","url":"https:\/\/bunkerseguridad.es\/it\/","name":"Bunker Seguridad Electr\u00f3nica S.L.","description":"Produzione e distribuzione di sistemi di rilevamento perimetrale in Europa.","potentialAction":[{"@type":"SearchAction","target":{"@type":"EntryPoint","urlTemplate":"https:\/\/bunkerseguridad.es\/it\/?s={search_term_string}"},"query-input":{"@type":"PropertyValueSpecification","valueRequired":true,"valueName":"search_term_string"}}],"inLanguage":"it-IT"}]}},"brands":[{"id":198,"name":"Bunker Seguridad","slug":"bunker-seguridad-electronica-s-l"}],"_links":{"self":[{"href":"https:\/\/bunkerseguridad.es\/it\/wp-json\/wp\/v2\/product\/373","targetHints":{"allow":["GET"]}}],"collection":[{"href":"https:\/\/bunkerseguridad.es\/it\/wp-json\/wp\/v2\/product"}],"about":[{"href":"https:\/\/bunkerseguridad.es\/it\/wp-json\/wp\/v2\/types\/product"}],"wp:featuredmedia":[{"embeddable":true,"href":"https:\/\/bunkerseguridad.es\/it\/wp-json\/wp\/v2\/media\/627"}],"wp:attachment":[{"href":"https:\/\/bunkerseguridad.es\/it\/wp-json\/wp\/v2\/media?parent=373"}],"wp:term":[{"taxonomy":"pwb-brand","embeddable":true,"href":"https:\/\/bunkerseguridad.es\/it\/wp-json\/wp\/v2\/pwb-brand?post=373"},{"taxonomy":"product_brand","embeddable":true,"href":"https:\/\/bunkerseguridad.es\/it\/wp-json\/wp\/v2\/product_brand?post=373"},{"taxonomy":"product_cat","embeddable":true,"href":"https:\/\/bunkerseguridad.es\/it\/wp-json\/wp\/v2\/product_cat?post=373"},{"taxonomy":"product_tag","embeddable":true,"href":"https:\/\/bunkerseguridad.es\/it\/wp-json\/wp\/v2\/product_tag?post=373"}],"curies":[{"name":"wp","href":"https:\/\/api.w.org\/{rel}","templated":true}]}}