{"id":5337,"date":"2020-12-14T09:27:33","date_gmt":"2020-12-14T09:27:33","guid":{"rendered":"http:\/\/www.bunkerseguridad.es\/en\/?post_type=product&#038;p=5337"},"modified":"2021-03-29T08:06:00","modified_gmt":"2021-03-29T08:06:00","slug":"chassis-card-cage-fmcr2-z-2ru-19","status":"publish","type":"product","link":"https:\/\/bunkerseguridad.es\/it\/prodotto-sicurezza\/chassis-card-cage-fmcr2-z-2ru-19\/","title":{"rendered":"Chassis Card Cage FMCR2-z &#8211; 2RU 19&#8243;"},"content":{"rendered":"<p>Lo chassis della serie<strong> KBC FMCR2<\/strong> \u00e8 una gabbia di alta qualit\u00e0 2U, 19&#8243; montata su rack. Pu\u00f2 ospitare fino a sedici media converter KBC MCC Series. Tutti i media converter situati all&#8217;interno del rack sono sostituibili a caldo, eliminando la necessit\u00e0 di spegnere lo chassis quando si effettua la manutenzione o si fanno aggiunte all&#8217;installazione.<\/p>\n<p><strong>Caratteristiche:<\/strong><\/p>\n<ul>\n<li>Intervallo di temperatura operativa -10\u00b0 &#8211; +50\u00b0C<\/li>\n<li>16 unit\u00e0 possono essere inserite in un rack da 19<\/li>\n<\/ul>\n","protected":false},"excerpt":{"rendered":"<p><strong>2RU 19&#8243;<\/strong> chassis card cage per fino a 16 moduli media converter serie MCCL1 o MCCG1. 10\u00b0C a 55\u00b0C (14\u00b0F a 131\u00b0F) temp.100~240VAC, 50\/60Hz.<\/p>\n","protected":false},"featured_media":5339,"template":"","meta":{"_et_pb_use_builder":"","_et_pb_old_content":"","_et_gb_content_width":""},"pwb-brand":[206],"product_brand":[],"product_cat":[307,31,38],"product_tag":[338,157,148,151],"class_list":{"0":"post-5337","1":"product","2":"type-product","3":"status-publish","4":"has-post-thumbnail","6":"pwb-brand-kbc-networks","7":"product_cat-professional-media-converters","8":"product_cat-trasmissione-dei-dati","9":"product_cat-convertitori-di-media","10":"product_tag-338","11":"product_tag-chasis","12":"product_tag-montabile-a-rack","13":"product_tag-professional-media-converter","15":"first","16":"instock","17":"shipping-taxable","18":"product-type-simple"},"yoast_head":"<!-- This site is optimized with the Yoast SEO plugin v25.2 - https:\/\/yoast.com\/wordpress\/plugins\/seo\/ -->\n<title>Chassis Card Cage FMCR2-z - 2RU 19&quot; - Bunker Seguridad Electr\u00f3nica S.L.<\/title>\n<meta name=\"description\" content=\"2RU 19&quot; chassis card cage per fino a 16 moduli media converter serie MCCL1 o MCCG1. 10\u00b0C a 55\u00b0C (14\u00b0F a 131\u00b0F) temp.100~240VAC, 50\/60Hz.\" \/>\n<meta name=\"robots\" content=\"index, follow, max-snippet:-1, max-image-preview:large, max-video-preview:-1\" \/>\n<link rel=\"canonical\" href=\"https:\/\/bunkerseguridad.es\/it\/prodotto-sicurezza\/chassis-card-cage-fmcr2-z-2ru-19\/\" \/>\n<meta property=\"og:locale\" content=\"it_IT\" \/>\n<meta property=\"og:type\" content=\"article\" \/>\n<meta property=\"og:title\" content=\"Chassis Card Cage FMCR2-z - 2RU 19&quot; - Bunker Seguridad Electr\u00f3nica S.L.\" \/>\n<meta property=\"og:description\" content=\"2RU 19&quot; chassis card cage per fino a 16 moduli media converter serie MCCL1 o MCCG1. 10\u00b0C a 55\u00b0C (14\u00b0F a 131\u00b0F) temp.100~240VAC, 50\/60Hz.\" \/>\n<meta property=\"og:url\" content=\"https:\/\/bunkerseguridad.es\/it\/prodotto-sicurezza\/chassis-card-cage-fmcr2-z-2ru-19\/\" \/>\n<meta property=\"og:site_name\" content=\"Bunker Seguridad Electr\u00f3nica S.L.\" \/>\n<meta property=\"article:modified_time\" content=\"2021-03-29T08:06:00+00:00\" \/>\n<meta property=\"og:image\" content=\"https:\/\/bunkerseguridad.es\/it\/wp-content\/uploads\/2020\/12\/2RU-Rack-Mount-for-MCCL1-MCCG1-Series.png\" \/>\n\t<meta property=\"og:image:width\" content=\"1200\" \/>\n\t<meta property=\"og:image:height\" content=\"1200\" \/>\n\t<meta property=\"og:image:type\" content=\"image\/png\" \/>\n<meta name=\"twitter:card\" content=\"summary_large_image\" \/>\n<meta name=\"twitter:label1\" content=\"Tempo di lettura stimato\" \/>\n\t<meta name=\"twitter:data1\" content=\"1 minuto\" \/>\n<script type=\"application\/ld+json\" class=\"yoast-schema-graph\">{\"@context\":\"https:\/\/schema.org\",\"@graph\":[{\"@type\":\"WebPage\",\"@id\":\"https:\/\/bunkerseguridad.es\/it\/prodotto-sicurezza\/chassis-card-cage-fmcr2-z-2ru-19\/\",\"url\":\"https:\/\/bunkerseguridad.es\/it\/prodotto-sicurezza\/chassis-card-cage-fmcr2-z-2ru-19\/\",\"name\":\"Chassis Card Cage FMCR2-z - 2RU 19\\\" - Bunker Seguridad Electr\u00f3nica S.L.\",\"isPartOf\":{\"@id\":\"https:\/\/bunkerseguridad.es\/it\/#website\"},\"primaryImageOfPage\":{\"@id\":\"https:\/\/bunkerseguridad.es\/it\/prodotto-sicurezza\/chassis-card-cage-fmcr2-z-2ru-19\/#primaryimage\"},\"image\":{\"@id\":\"https:\/\/bunkerseguridad.es\/it\/prodotto-sicurezza\/chassis-card-cage-fmcr2-z-2ru-19\/#primaryimage\"},\"thumbnailUrl\":\"https:\/\/bunkerseguridad.es\/it\/wp-content\/uploads\/2020\/12\/2RU-Rack-Mount-for-MCCL1-MCCG1-Series.png\",\"datePublished\":\"2020-12-14T09:27:33+00:00\",\"dateModified\":\"2021-03-29T08:06:00+00:00\",\"description\":\"2RU 19\\\" chassis card cage per fino a 16 moduli media converter serie MCCL1 o MCCG1. 10\u00b0C a 55\u00b0C (14\u00b0F a 131\u00b0F) temp.100~240VAC, 50\/60Hz.\",\"breadcrumb\":{\"@id\":\"https:\/\/bunkerseguridad.es\/it\/prodotto-sicurezza\/chassis-card-cage-fmcr2-z-2ru-19\/#breadcrumb\"},\"inLanguage\":\"it-IT\",\"potentialAction\":[{\"@type\":\"ReadAction\",\"target\":[\"https:\/\/bunkerseguridad.es\/it\/prodotto-sicurezza\/chassis-card-cage-fmcr2-z-2ru-19\/\"]}]},{\"@type\":\"ImageObject\",\"inLanguage\":\"it-IT\",\"@id\":\"https:\/\/bunkerseguridad.es\/it\/prodotto-sicurezza\/chassis-card-cage-fmcr2-z-2ru-19\/#primaryimage\",\"url\":\"https:\/\/bunkerseguridad.es\/it\/wp-content\/uploads\/2020\/12\/2RU-Rack-Mount-for-MCCL1-MCCG1-Series.png\",\"contentUrl\":\"https:\/\/bunkerseguridad.es\/it\/wp-content\/uploads\/2020\/12\/2RU-Rack-Mount-for-MCCL1-MCCG1-Series.png\",\"width\":1200,\"height\":1200,\"caption\":\"2RU-Rack-Mount-for-MCCL1---MCCG1-Series\"},{\"@type\":\"BreadcrumbList\",\"@id\":\"https:\/\/bunkerseguridad.es\/it\/prodotto-sicurezza\/chassis-card-cage-fmcr2-z-2ru-19\/#breadcrumb\",\"itemListElement\":[{\"@type\":\"ListItem\",\"position\":1,\"name\":\"Home\",\"item\":\"https:\/\/bunkerseguridad.es\/it\/\"},{\"@type\":\"ListItem\",\"position\":2,\"name\":\"Shop\",\"item\":\"https:\/\/bunkerseguridad.es\/it\/shop\/\"},{\"@type\":\"ListItem\",\"position\":3,\"name\":\"Chassis Card Cage FMCR2-z &#8211; 2RU 19&#8243;\"}]},{\"@type\":\"WebSite\",\"@id\":\"https:\/\/bunkerseguridad.es\/it\/#website\",\"url\":\"https:\/\/bunkerseguridad.es\/it\/\",\"name\":\"Bunker Seguridad Electr\u00f3nica S.L.\",\"description\":\"Produzione e distribuzione di sistemi di rilevamento perimetrale in Europa.\",\"potentialAction\":[{\"@type\":\"SearchAction\",\"target\":{\"@type\":\"EntryPoint\",\"urlTemplate\":\"https:\/\/bunkerseguridad.es\/it\/?s={search_term_string}\"},\"query-input\":{\"@type\":\"PropertyValueSpecification\",\"valueRequired\":true,\"valueName\":\"search_term_string\"}}],\"inLanguage\":\"it-IT\"}]}<\/script>\n<!-- \/ Yoast SEO plugin. -->","yoast_head_json":{"title":"Chassis Card Cage FMCR2-z - 2RU 19\" - Bunker Seguridad Electr\u00f3nica S.L.","description":"2RU 19\" chassis card cage per fino a 16 moduli media converter serie MCCL1 o MCCG1. 10\u00b0C a 55\u00b0C (14\u00b0F a 131\u00b0F) temp.100~240VAC, 50\/60Hz.","robots":{"index":"index","follow":"follow","max-snippet":"max-snippet:-1","max-image-preview":"max-image-preview:large","max-video-preview":"max-video-preview:-1"},"canonical":"https:\/\/bunkerseguridad.es\/it\/prodotto-sicurezza\/chassis-card-cage-fmcr2-z-2ru-19\/","og_locale":"it_IT","og_type":"article","og_title":"Chassis Card Cage FMCR2-z - 2RU 19\" - Bunker Seguridad Electr\u00f3nica S.L.","og_description":"2RU 19\" chassis card cage per fino a 16 moduli media converter serie MCCL1 o MCCG1. 10\u00b0C a 55\u00b0C (14\u00b0F a 131\u00b0F) temp.100~240VAC, 50\/60Hz.","og_url":"https:\/\/bunkerseguridad.es\/it\/prodotto-sicurezza\/chassis-card-cage-fmcr2-z-2ru-19\/","og_site_name":"Bunker Seguridad Electr\u00f3nica S.L.","article_modified_time":"2021-03-29T08:06:00+00:00","og_image":[{"width":1200,"height":1200,"url":"https:\/\/bunkerseguridad.es\/it\/wp-content\/uploads\/2020\/12\/2RU-Rack-Mount-for-MCCL1-MCCG1-Series.png","type":"image\/png"}],"twitter_card":"summary_large_image","twitter_misc":{"Tempo di lettura stimato":"1 minuto"},"schema":{"@context":"https:\/\/schema.org","@graph":[{"@type":"WebPage","@id":"https:\/\/bunkerseguridad.es\/it\/prodotto-sicurezza\/chassis-card-cage-fmcr2-z-2ru-19\/","url":"https:\/\/bunkerseguridad.es\/it\/prodotto-sicurezza\/chassis-card-cage-fmcr2-z-2ru-19\/","name":"Chassis Card Cage FMCR2-z - 2RU 19\" - Bunker Seguridad Electr\u00f3nica S.L.","isPartOf":{"@id":"https:\/\/bunkerseguridad.es\/it\/#website"},"primaryImageOfPage":{"@id":"https:\/\/bunkerseguridad.es\/it\/prodotto-sicurezza\/chassis-card-cage-fmcr2-z-2ru-19\/#primaryimage"},"image":{"@id":"https:\/\/bunkerseguridad.es\/it\/prodotto-sicurezza\/chassis-card-cage-fmcr2-z-2ru-19\/#primaryimage"},"thumbnailUrl":"https:\/\/bunkerseguridad.es\/it\/wp-content\/uploads\/2020\/12\/2RU-Rack-Mount-for-MCCL1-MCCG1-Series.png","datePublished":"2020-12-14T09:27:33+00:00","dateModified":"2021-03-29T08:06:00+00:00","description":"2RU 19\" chassis card cage per fino a 16 moduli media converter serie MCCL1 o MCCG1. 10\u00b0C a 55\u00b0C (14\u00b0F a 131\u00b0F) temp.100~240VAC, 50\/60Hz.","breadcrumb":{"@id":"https:\/\/bunkerseguridad.es\/it\/prodotto-sicurezza\/chassis-card-cage-fmcr2-z-2ru-19\/#breadcrumb"},"inLanguage":"it-IT","potentialAction":[{"@type":"ReadAction","target":["https:\/\/bunkerseguridad.es\/it\/prodotto-sicurezza\/chassis-card-cage-fmcr2-z-2ru-19\/"]}]},{"@type":"ImageObject","inLanguage":"it-IT","@id":"https:\/\/bunkerseguridad.es\/it\/prodotto-sicurezza\/chassis-card-cage-fmcr2-z-2ru-19\/#primaryimage","url":"https:\/\/bunkerseguridad.es\/it\/wp-content\/uploads\/2020\/12\/2RU-Rack-Mount-for-MCCL1-MCCG1-Series.png","contentUrl":"https:\/\/bunkerseguridad.es\/it\/wp-content\/uploads\/2020\/12\/2RU-Rack-Mount-for-MCCL1-MCCG1-Series.png","width":1200,"height":1200,"caption":"2RU-Rack-Mount-for-MCCL1---MCCG1-Series"},{"@type":"BreadcrumbList","@id":"https:\/\/bunkerseguridad.es\/it\/prodotto-sicurezza\/chassis-card-cage-fmcr2-z-2ru-19\/#breadcrumb","itemListElement":[{"@type":"ListItem","position":1,"name":"Home","item":"https:\/\/bunkerseguridad.es\/it\/"},{"@type":"ListItem","position":2,"name":"Shop","item":"https:\/\/bunkerseguridad.es\/it\/shop\/"},{"@type":"ListItem","position":3,"name":"Chassis Card Cage FMCR2-z &#8211; 2RU 19&#8243;"}]},{"@type":"WebSite","@id":"https:\/\/bunkerseguridad.es\/it\/#website","url":"https:\/\/bunkerseguridad.es\/it\/","name":"Bunker Seguridad Electr\u00f3nica S.L.","description":"Produzione e distribuzione di sistemi di rilevamento perimetrale in Europa.","potentialAction":[{"@type":"SearchAction","target":{"@type":"EntryPoint","urlTemplate":"https:\/\/bunkerseguridad.es\/it\/?s={search_term_string}"},"query-input":{"@type":"PropertyValueSpecification","valueRequired":true,"valueName":"search_term_string"}}],"inLanguage":"it-IT"}]}},"brands":[{"id":206,"name":"KBC Networks","slug":"kbc-networks"}],"_links":{"self":[{"href":"https:\/\/bunkerseguridad.es\/it\/wp-json\/wp\/v2\/product\/5337","targetHints":{"allow":["GET"]}}],"collection":[{"href":"https:\/\/bunkerseguridad.es\/it\/wp-json\/wp\/v2\/product"}],"about":[{"href":"https:\/\/bunkerseguridad.es\/it\/wp-json\/wp\/v2\/types\/product"}],"wp:featuredmedia":[{"embeddable":true,"href":"https:\/\/bunkerseguridad.es\/it\/wp-json\/wp\/v2\/media\/5339"}],"wp:attachment":[{"href":"https:\/\/bunkerseguridad.es\/it\/wp-json\/wp\/v2\/media?parent=5337"}],"wp:term":[{"taxonomy":"pwb-brand","embeddable":true,"href":"https:\/\/bunkerseguridad.es\/it\/wp-json\/wp\/v2\/pwb-brand?post=5337"},{"taxonomy":"product_brand","embeddable":true,"href":"https:\/\/bunkerseguridad.es\/it\/wp-json\/wp\/v2\/product_brand?post=5337"},{"taxonomy":"product_cat","embeddable":true,"href":"https:\/\/bunkerseguridad.es\/it\/wp-json\/wp\/v2\/product_cat?post=5337"},{"taxonomy":"product_tag","embeddable":true,"href":"https:\/\/bunkerseguridad.es\/it\/wp-json\/wp\/v2\/product_tag?post=5337"}],"curies":[{"name":"wp","href":"https:\/\/api.w.org\/{rel}","templated":true}]}}