{"id":5345,"date":"2020-12-14T10:19:47","date_gmt":"2020-12-14T10:19:47","guid":{"rendered":"http:\/\/www.bunkerseguridad.es\/en\/?post_type=product&#038;p=5345"},"modified":"2021-03-29T08:36:25","modified_gmt":"2021-03-29T08:36:25","slug":"convertitori-di-media-mccg1-s2-xyz","status":"publish","type":"product","link":"https:\/\/bunkerseguridad.es\/it\/prodotto-sicurezza\/convertitori-di-media-mccg1-s2-xyz\/","title":{"rendered":"Convertitori di media MCCG1-S2-xyz"},"content":{"rendered":"<p>La serie KBC MCCG1 \u00e8 un media converter Ethernet 10\/100\/1000. Supporta la trasmissione di un canale Ethernet su una o due fibre ottiche multimodali o monomodali con funzionamento full duplex. Il design plug-and-play rende l&#8217;installazione semplice, senza regolazioni elettriche o ottiche necessarie. Gli indicatori LED sono forniti per mostrare lo stato operativo dell&#8217;unit\u00e0. La serie \u00e8 disponibile in un&#8217;unit\u00e0 compatta per il montaggio a parete che si adatta anche a un rack 2U 19&#8243;. Fino a 16 media converter MCCL1 possono essere alloggiati in un rack. I media converter KBC MCCG1 10\/100\/1000 sono progettati per distanze di trasmissione fino a 4 km per la fibra multimodale e 25 km su fibra monomodale. Se il media converter deve essere collegato a una porta SFP, contattateci per un consiglio, poich\u00e9 gli SFP possono variare nel livello di saturazione.<\/p>\n<p><strong>Caratteristiche:<\/strong><\/p>\n<ul>\n<li>Intervallo di temperatura operativa -10\u00b0 &#8211; +55\u00b0C<\/li>\n<li>16 unit\u00e0 possono essere inserite in un rack da 19<\/li>\n<li>Rilevamento automatico 10\/100\/1000<\/li>\n<li>Interfacce multimodali e monomodali<\/li>\n<li>Fibra singola e doppia<\/li>\n<\/ul>\n","protected":false},"excerpt":{"rendered":"<p><strong>Convertitori di media Ethernet commerciali &#8211;<\/strong> Il KBC MCCG1 Gigabit &#8211; 1000Mbps Ethernet LAN fibra ottica media converter, 2 fibre, 1310nm modalit\u00e0 singola, 15dB budget di perdita ottica. Gamma di 25Km. Da -10\u00b0C a 55\u00b0C (da 14\u00b0F a 131\u00b0F) temperatura di funzionamento. 5VDC, 2W.<\/p>\n","protected":false},"featured_media":5309,"template":"","meta":{"_et_pb_use_builder":"","_et_pb_old_content":"","_et_gb_content_width":""},"pwb-brand":[206],"product_brand":[],"product_cat":[307,31,38],"product_tag":[156,151,183],"class_list":{"0":"post-5345","1":"product","2":"type-product","3":"status-publish","4":"has-post-thumbnail","6":"pwb-brand-kbc-networks","7":"product_cat-professional-media-converters","8":"product_cat-trasmissione-dei-dati","9":"product_cat-convertitori-di-media","10":"product_tag-10-100-1000mbps","11":"product_tag-professional-media-converter","12":"product_tag-singolo-modo","14":"first","15":"instock","16":"shipping-taxable","17":"product-type-simple"},"yoast_head":"<!-- This site is optimized with the Yoast SEO plugin v25.2 - https:\/\/yoast.com\/wordpress\/plugins\/seo\/ -->\n<title>Convertitori di media MCCG1-S2-xyz - Bunker Seguridad Electr\u00f3nica S.L.<\/title>\n<meta name=\"description\" content=\"Il KBC MCCG1 Gigabit - 1000Mbps Ethernet LAN fibra ottica media converter, 2 fibre, 1310nm modalit\u00e0 singola, 15dB budget di perdita ottica.\" \/>\n<meta name=\"robots\" content=\"index, follow, max-snippet:-1, max-image-preview:large, max-video-preview:-1\" \/>\n<link rel=\"canonical\" href=\"https:\/\/bunkerseguridad.es\/it\/prodotto-sicurezza\/convertitori-di-media-mccg1-s2-xyz\/\" \/>\n<meta property=\"og:locale\" content=\"it_IT\" \/>\n<meta property=\"og:type\" content=\"article\" \/>\n<meta property=\"og:title\" content=\"Convertitori di media MCCG1-S2-xyz - Bunker Seguridad Electr\u00f3nica S.L.\" \/>\n<meta property=\"og:description\" content=\"Il KBC MCCG1 Gigabit - 1000Mbps Ethernet LAN fibra ottica media converter, 2 fibre, 1310nm modalit\u00e0 singola, 15dB budget di perdita ottica.\" \/>\n<meta property=\"og:url\" content=\"https:\/\/bunkerseguridad.es\/it\/prodotto-sicurezza\/convertitori-di-media-mccg1-s2-xyz\/\" \/>\n<meta property=\"og:site_name\" content=\"Bunker Seguridad Electr\u00f3nica S.L.\" \/>\n<meta property=\"article:modified_time\" content=\"2021-03-29T08:36:25+00:00\" \/>\n<meta property=\"og:image\" content=\"https:\/\/bunkerseguridad.es\/it\/wp-content\/uploads\/2020\/12\/Ethernet-Media-Converters-MCCL1-M2-xyz.png\" \/>\n\t<meta property=\"og:image:width\" content=\"1200\" \/>\n\t<meta property=\"og:image:height\" content=\"1200\" \/>\n\t<meta property=\"og:image:type\" content=\"image\/png\" \/>\n<meta name=\"twitter:card\" content=\"summary_large_image\" \/>\n<meta name=\"twitter:label1\" content=\"Tempo di lettura stimato\" \/>\n\t<meta name=\"twitter:data1\" content=\"1 minuto\" \/>\n<script type=\"application\/ld+json\" class=\"yoast-schema-graph\">{\"@context\":\"https:\/\/schema.org\",\"@graph\":[{\"@type\":\"WebPage\",\"@id\":\"https:\/\/bunkerseguridad.es\/it\/prodotto-sicurezza\/convertitori-di-media-mccg1-s2-xyz\/\",\"url\":\"https:\/\/bunkerseguridad.es\/it\/prodotto-sicurezza\/convertitori-di-media-mccg1-s2-xyz\/\",\"name\":\"Convertitori di media MCCG1-S2-xyz - Bunker Seguridad Electr\u00f3nica S.L.\",\"isPartOf\":{\"@id\":\"https:\/\/bunkerseguridad.es\/it\/#website\"},\"primaryImageOfPage\":{\"@id\":\"https:\/\/bunkerseguridad.es\/it\/prodotto-sicurezza\/convertitori-di-media-mccg1-s2-xyz\/#primaryimage\"},\"image\":{\"@id\":\"https:\/\/bunkerseguridad.es\/it\/prodotto-sicurezza\/convertitori-di-media-mccg1-s2-xyz\/#primaryimage\"},\"thumbnailUrl\":\"https:\/\/bunkerseguridad.es\/it\/wp-content\/uploads\/2020\/12\/Ethernet-Media-Converters-MCCL1-M2-xyz.png\",\"datePublished\":\"2020-12-14T10:19:47+00:00\",\"dateModified\":\"2021-03-29T08:36:25+00:00\",\"description\":\"Il KBC MCCG1 Gigabit - 1000Mbps Ethernet LAN fibra ottica media converter, 2 fibre, 1310nm modalit\u00e0 singola, 15dB budget di perdita ottica.\",\"breadcrumb\":{\"@id\":\"https:\/\/bunkerseguridad.es\/it\/prodotto-sicurezza\/convertitori-di-media-mccg1-s2-xyz\/#breadcrumb\"},\"inLanguage\":\"it-IT\",\"potentialAction\":[{\"@type\":\"ReadAction\",\"target\":[\"https:\/\/bunkerseguridad.es\/it\/prodotto-sicurezza\/convertitori-di-media-mccg1-s2-xyz\/\"]}]},{\"@type\":\"ImageObject\",\"inLanguage\":\"it-IT\",\"@id\":\"https:\/\/bunkerseguridad.es\/it\/prodotto-sicurezza\/convertitori-di-media-mccg1-s2-xyz\/#primaryimage\",\"url\":\"https:\/\/bunkerseguridad.es\/it\/wp-content\/uploads\/2020\/12\/Ethernet-Media-Converters-MCCL1-M2-xyz.png\",\"contentUrl\":\"https:\/\/bunkerseguridad.es\/it\/wp-content\/uploads\/2020\/12\/Ethernet-Media-Converters-MCCL1-M2-xyz.png\",\"width\":1200,\"height\":1200,\"caption\":\"Ethernet-Media-Converters-MCCG1 Gigabit series\"},{\"@type\":\"BreadcrumbList\",\"@id\":\"https:\/\/bunkerseguridad.es\/it\/prodotto-sicurezza\/convertitori-di-media-mccg1-s2-xyz\/#breadcrumb\",\"itemListElement\":[{\"@type\":\"ListItem\",\"position\":1,\"name\":\"Home\",\"item\":\"https:\/\/bunkerseguridad.es\/it\/\"},{\"@type\":\"ListItem\",\"position\":2,\"name\":\"Shop\",\"item\":\"https:\/\/bunkerseguridad.es\/it\/shop\/\"},{\"@type\":\"ListItem\",\"position\":3,\"name\":\"Convertitori di media MCCG1-S2-xyz\"}]},{\"@type\":\"WebSite\",\"@id\":\"https:\/\/bunkerseguridad.es\/it\/#website\",\"url\":\"https:\/\/bunkerseguridad.es\/it\/\",\"name\":\"Bunker Seguridad Electr\u00f3nica S.L.\",\"description\":\"Produzione e distribuzione di sistemi di rilevamento perimetrale in Europa.\",\"potentialAction\":[{\"@type\":\"SearchAction\",\"target\":{\"@type\":\"EntryPoint\",\"urlTemplate\":\"https:\/\/bunkerseguridad.es\/it\/?s={search_term_string}\"},\"query-input\":{\"@type\":\"PropertyValueSpecification\",\"valueRequired\":true,\"valueName\":\"search_term_string\"}}],\"inLanguage\":\"it-IT\"}]}<\/script>\n<!-- \/ Yoast SEO plugin. -->","yoast_head_json":{"title":"Convertitori di media MCCG1-S2-xyz - Bunker Seguridad Electr\u00f3nica S.L.","description":"Il KBC MCCG1 Gigabit - 1000Mbps Ethernet LAN fibra ottica media converter, 2 fibre, 1310nm modalit\u00e0 singola, 15dB budget di perdita ottica.","robots":{"index":"index","follow":"follow","max-snippet":"max-snippet:-1","max-image-preview":"max-image-preview:large","max-video-preview":"max-video-preview:-1"},"canonical":"https:\/\/bunkerseguridad.es\/it\/prodotto-sicurezza\/convertitori-di-media-mccg1-s2-xyz\/","og_locale":"it_IT","og_type":"article","og_title":"Convertitori di media MCCG1-S2-xyz - Bunker Seguridad Electr\u00f3nica S.L.","og_description":"Il KBC MCCG1 Gigabit - 1000Mbps Ethernet LAN fibra ottica media converter, 2 fibre, 1310nm modalit\u00e0 singola, 15dB budget di perdita ottica.","og_url":"https:\/\/bunkerseguridad.es\/it\/prodotto-sicurezza\/convertitori-di-media-mccg1-s2-xyz\/","og_site_name":"Bunker Seguridad Electr\u00f3nica S.L.","article_modified_time":"2021-03-29T08:36:25+00:00","og_image":[{"width":1200,"height":1200,"url":"https:\/\/bunkerseguridad.es\/it\/wp-content\/uploads\/2020\/12\/Ethernet-Media-Converters-MCCL1-M2-xyz.png","type":"image\/png"}],"twitter_card":"summary_large_image","twitter_misc":{"Tempo di lettura stimato":"1 minuto"},"schema":{"@context":"https:\/\/schema.org","@graph":[{"@type":"WebPage","@id":"https:\/\/bunkerseguridad.es\/it\/prodotto-sicurezza\/convertitori-di-media-mccg1-s2-xyz\/","url":"https:\/\/bunkerseguridad.es\/it\/prodotto-sicurezza\/convertitori-di-media-mccg1-s2-xyz\/","name":"Convertitori di media MCCG1-S2-xyz - Bunker Seguridad Electr\u00f3nica S.L.","isPartOf":{"@id":"https:\/\/bunkerseguridad.es\/it\/#website"},"primaryImageOfPage":{"@id":"https:\/\/bunkerseguridad.es\/it\/prodotto-sicurezza\/convertitori-di-media-mccg1-s2-xyz\/#primaryimage"},"image":{"@id":"https:\/\/bunkerseguridad.es\/it\/prodotto-sicurezza\/convertitori-di-media-mccg1-s2-xyz\/#primaryimage"},"thumbnailUrl":"https:\/\/bunkerseguridad.es\/it\/wp-content\/uploads\/2020\/12\/Ethernet-Media-Converters-MCCL1-M2-xyz.png","datePublished":"2020-12-14T10:19:47+00:00","dateModified":"2021-03-29T08:36:25+00:00","description":"Il KBC MCCG1 Gigabit - 1000Mbps Ethernet LAN fibra ottica media converter, 2 fibre, 1310nm modalit\u00e0 singola, 15dB budget di perdita ottica.","breadcrumb":{"@id":"https:\/\/bunkerseguridad.es\/it\/prodotto-sicurezza\/convertitori-di-media-mccg1-s2-xyz\/#breadcrumb"},"inLanguage":"it-IT","potentialAction":[{"@type":"ReadAction","target":["https:\/\/bunkerseguridad.es\/it\/prodotto-sicurezza\/convertitori-di-media-mccg1-s2-xyz\/"]}]},{"@type":"ImageObject","inLanguage":"it-IT","@id":"https:\/\/bunkerseguridad.es\/it\/prodotto-sicurezza\/convertitori-di-media-mccg1-s2-xyz\/#primaryimage","url":"https:\/\/bunkerseguridad.es\/it\/wp-content\/uploads\/2020\/12\/Ethernet-Media-Converters-MCCL1-M2-xyz.png","contentUrl":"https:\/\/bunkerseguridad.es\/it\/wp-content\/uploads\/2020\/12\/Ethernet-Media-Converters-MCCL1-M2-xyz.png","width":1200,"height":1200,"caption":"Ethernet-Media-Converters-MCCG1 Gigabit series"},{"@type":"BreadcrumbList","@id":"https:\/\/bunkerseguridad.es\/it\/prodotto-sicurezza\/convertitori-di-media-mccg1-s2-xyz\/#breadcrumb","itemListElement":[{"@type":"ListItem","position":1,"name":"Home","item":"https:\/\/bunkerseguridad.es\/it\/"},{"@type":"ListItem","position":2,"name":"Shop","item":"https:\/\/bunkerseguridad.es\/it\/shop\/"},{"@type":"ListItem","position":3,"name":"Convertitori di media MCCG1-S2-xyz"}]},{"@type":"WebSite","@id":"https:\/\/bunkerseguridad.es\/it\/#website","url":"https:\/\/bunkerseguridad.es\/it\/","name":"Bunker Seguridad Electr\u00f3nica S.L.","description":"Produzione e distribuzione di sistemi di rilevamento perimetrale in Europa.","potentialAction":[{"@type":"SearchAction","target":{"@type":"EntryPoint","urlTemplate":"https:\/\/bunkerseguridad.es\/it\/?s={search_term_string}"},"query-input":{"@type":"PropertyValueSpecification","valueRequired":true,"valueName":"search_term_string"}}],"inLanguage":"it-IT"}]}},"brands":[{"id":206,"name":"KBC Networks","slug":"kbc-networks"}],"_links":{"self":[{"href":"https:\/\/bunkerseguridad.es\/it\/wp-json\/wp\/v2\/product\/5345","targetHints":{"allow":["GET"]}}],"collection":[{"href":"https:\/\/bunkerseguridad.es\/it\/wp-json\/wp\/v2\/product"}],"about":[{"href":"https:\/\/bunkerseguridad.es\/it\/wp-json\/wp\/v2\/types\/product"}],"wp:featuredmedia":[{"embeddable":true,"href":"https:\/\/bunkerseguridad.es\/it\/wp-json\/wp\/v2\/media\/5309"}],"wp:attachment":[{"href":"https:\/\/bunkerseguridad.es\/it\/wp-json\/wp\/v2\/media?parent=5345"}],"wp:term":[{"taxonomy":"pwb-brand","embeddable":true,"href":"https:\/\/bunkerseguridad.es\/it\/wp-json\/wp\/v2\/pwb-brand?post=5345"},{"taxonomy":"product_brand","embeddable":true,"href":"https:\/\/bunkerseguridad.es\/it\/wp-json\/wp\/v2\/product_brand?post=5345"},{"taxonomy":"product_cat","embeddable":true,"href":"https:\/\/bunkerseguridad.es\/it\/wp-json\/wp\/v2\/product_cat?post=5345"},{"taxonomy":"product_tag","embeddable":true,"href":"https:\/\/bunkerseguridad.es\/it\/wp-json\/wp\/v2\/product_tag?post=5345"}],"curies":[{"name":"wp","href":"https:\/\/api.w.org\/{rel}","templated":true}]}}