{"id":5990,"date":"2020-12-18T09:57:13","date_gmt":"2020-12-18T09:57:13","guid":{"rendered":"http:\/\/www.bunkerseguridad.es\/en\/?post_type=product&#038;p=5990"},"modified":"2021-03-26T10:18:16","modified_gmt":"2021-03-26T10:18:16","slug":"convertitori-di-media-mcln1-s2n-xyz-b","status":"publish","type":"product","link":"https:\/\/bunkerseguridad.es\/it\/prodotto-sicurezza\/convertitori-di-media-mcln1-s2n-xyz-b\/","title":{"rendered":"Convertitori di media MCLN1-S2N-xyz-B"},"content":{"rendered":"<p>La serie <strong>KBC MCLN1<\/strong> \u00e8 un media converter (MC) Ethernet 10\/100M industriale. Supporta la trasmissione di un canale 10\/100Base-T Ethernet su una o due fibre ottiche multimodali o monomodali con funzionamento full duplex. Il design plug-and-play rende l&#8217;installazione semplice, senza regolazioni elettriche o ottiche necessarie. Gli indicatori LED sono forniti per mostrare lo stato operativo dell&#8217;unit\u00e0. Il design robusto sia nella custodia che nella protezione elettrica lo rende adatto all&#8217;applicazione in ambienti difficili.<\/p>\n<p><strong>Caratteristiche:<\/strong><\/p>\n<ul>\n<li>Rilevamento automatico 10\/100M<\/li>\n<li>Protezione contro le sovratensioni 2kV sulla porta elettrica RJ45<\/li>\n<li>Compatibile con la versione SFP della serie MCLN1, la versione PoE della serie MCLS1, e due canali 10\/100M media converter MCLN2 serie<\/li>\n<li>SM (singolo modo) e MM (multi modo)<\/li>\n<li>1 fibra o 2 fibre<\/li>\n<li>SM&amp;MM: 1310nm\/1550m per 1 fibra, 1310nm per 2 fibre<\/li>\n<li>La distanza di trasmissione tipica di SM e di millimetro \u00e8 20km e 2 km rispettivamente, la distanza pi\u00f9 lunga \u00e8 disponibile<\/li>\n<li>Custodia IP40<\/li>\n<li>Versione DIN, montaggio a parete o scheda 2U<\/li>\n<li>FR2-12 Rack passivo con 12 slot o scheda Chassis in FR2-16 con 16 slot<\/li>\n<\/ul>\n","protected":false},"excerpt":{"rendered":"<p><strong>Convertitori di media Ethernet commerciali<\/strong> &#8211; Il KBC MCLN1-S2N-xyz-B \u00e8 un convertitore di media industriale 10\/100Mbps Ethernet LAN in fibra ottica, 2 fibre, 1310nm modalit\u00e0 singola, budget di perdita ottica 12dB. Gamma di 20Km. -40\u00b0C a 75\u00b0C (-40\u00b0F a 167\u00b0F) temperatura di funzionamento. 12VDC, &lt;3W.<\/p>\n","protected":false},"featured_media":5853,"template":"","meta":{"_et_pb_use_builder":"","_et_pb_old_content":"","_et_gb_content_width":""},"pwb-brand":[206],"product_brand":[],"product_cat":[308,31,38],"product_tag":[155,152,183],"class_list":{"0":"post-5990","1":"product","2":"type-product","3":"status-publish","4":"has-post-thumbnail","6":"pwb-brand-kbc-networks","7":"product_cat-industrial-media-converters","8":"product_cat-trasmissione-dei-dati","9":"product_cat-convertitori-di-media","10":"product_tag-10-100mbps","11":"product_tag-convertitore-di-media-industriali","12":"product_tag-singolo-modo","14":"first","15":"instock","16":"shipping-taxable","17":"product-type-simple"},"yoast_head":"<!-- This site is optimized with the Yoast SEO plugin v25.2 - https:\/\/yoast.com\/wordpress\/plugins\/seo\/ -->\n<title>Convertitori di media MCLN1-S2N-xyz-B - Bunker Seguridad Electr\u00f3nica S.L.<\/title>\n<meta name=\"description\" content=\"La serie KBC MCLN1 \u00e8 un media converter (MC) Ethernet 10\/100M industriale.\" \/>\n<meta name=\"robots\" content=\"index, follow, max-snippet:-1, max-image-preview:large, max-video-preview:-1\" \/>\n<link rel=\"canonical\" href=\"https:\/\/bunkerseguridad.es\/it\/prodotto-sicurezza\/convertitori-di-media-mcln1-s2n-xyz-b\/\" \/>\n<meta property=\"og:locale\" content=\"it_IT\" \/>\n<meta property=\"og:type\" content=\"article\" \/>\n<meta property=\"og:title\" content=\"Convertitori di media MCLN1-S2N-xyz-B - Bunker Seguridad Electr\u00f3nica S.L.\" \/>\n<meta property=\"og:description\" content=\"La serie KBC MCLN1 \u00e8 un media converter (MC) Ethernet 10\/100M industriale.\" \/>\n<meta property=\"og:url\" content=\"https:\/\/bunkerseguridad.es\/it\/prodotto-sicurezza\/convertitori-di-media-mcln1-s2n-xyz-b\/\" \/>\n<meta property=\"og:site_name\" content=\"Bunker Seguridad Electr\u00f3nica S.L.\" \/>\n<meta property=\"article:modified_time\" content=\"2021-03-26T10:18:16+00:00\" \/>\n<meta property=\"og:image\" content=\"https:\/\/bunkerseguridad.es\/it\/wp-content\/uploads\/2020\/12\/MCLN1-M2N-xyz-B-1-1.png\" \/>\n\t<meta property=\"og:image:width\" content=\"1200\" \/>\n\t<meta property=\"og:image:height\" content=\"1200\" \/>\n\t<meta property=\"og:image:type\" content=\"image\/png\" \/>\n<meta name=\"twitter:card\" content=\"summary_large_image\" \/>\n<meta name=\"twitter:label1\" content=\"Tempo di lettura stimato\" \/>\n\t<meta name=\"twitter:data1\" content=\"1 minuto\" \/>\n<script type=\"application\/ld+json\" class=\"yoast-schema-graph\">{\"@context\":\"https:\/\/schema.org\",\"@graph\":[{\"@type\":\"WebPage\",\"@id\":\"https:\/\/bunkerseguridad.es\/it\/prodotto-sicurezza\/convertitori-di-media-mcln1-s2n-xyz-b\/\",\"url\":\"https:\/\/bunkerseguridad.es\/it\/prodotto-sicurezza\/convertitori-di-media-mcln1-s2n-xyz-b\/\",\"name\":\"Convertitori di media MCLN1-S2N-xyz-B - Bunker Seguridad Electr\u00f3nica S.L.\",\"isPartOf\":{\"@id\":\"https:\/\/bunkerseguridad.es\/it\/#website\"},\"primaryImageOfPage\":{\"@id\":\"https:\/\/bunkerseguridad.es\/it\/prodotto-sicurezza\/convertitori-di-media-mcln1-s2n-xyz-b\/#primaryimage\"},\"image\":{\"@id\":\"https:\/\/bunkerseguridad.es\/it\/prodotto-sicurezza\/convertitori-di-media-mcln1-s2n-xyz-b\/#primaryimage\"},\"thumbnailUrl\":\"https:\/\/bunkerseguridad.es\/it\/wp-content\/uploads\/2020\/12\/MCLN1-M2N-xyz-B-1-1.png\",\"datePublished\":\"2020-12-18T09:57:13+00:00\",\"dateModified\":\"2021-03-26T10:18:16+00:00\",\"description\":\"La serie KBC MCLN1 \u00e8 un media converter (MC) Ethernet 10\/100M industriale.\",\"breadcrumb\":{\"@id\":\"https:\/\/bunkerseguridad.es\/it\/prodotto-sicurezza\/convertitori-di-media-mcln1-s2n-xyz-b\/#breadcrumb\"},\"inLanguage\":\"it-IT\",\"potentialAction\":[{\"@type\":\"ReadAction\",\"target\":[\"https:\/\/bunkerseguridad.es\/it\/prodotto-sicurezza\/convertitori-di-media-mcln1-s2n-xyz-b\/\"]}]},{\"@type\":\"ImageObject\",\"inLanguage\":\"it-IT\",\"@id\":\"https:\/\/bunkerseguridad.es\/it\/prodotto-sicurezza\/convertitori-di-media-mcln1-s2n-xyz-b\/#primaryimage\",\"url\":\"https:\/\/bunkerseguridad.es\/it\/wp-content\/uploads\/2020\/12\/MCLN1-M2N-xyz-B-1-1.png\",\"contentUrl\":\"https:\/\/bunkerseguridad.es\/it\/wp-content\/uploads\/2020\/12\/MCLN1-M2N-xyz-B-1-1.png\",\"width\":1200,\"height\":1200,\"caption\":\"MCGN1-S2N-xyz-B\"},{\"@type\":\"BreadcrumbList\",\"@id\":\"https:\/\/bunkerseguridad.es\/it\/prodotto-sicurezza\/convertitori-di-media-mcln1-s2n-xyz-b\/#breadcrumb\",\"itemListElement\":[{\"@type\":\"ListItem\",\"position\":1,\"name\":\"Home\",\"item\":\"https:\/\/bunkerseguridad.es\/it\/\"},{\"@type\":\"ListItem\",\"position\":2,\"name\":\"Shop\",\"item\":\"https:\/\/bunkerseguridad.es\/it\/shop\/\"},{\"@type\":\"ListItem\",\"position\":3,\"name\":\"Convertitori di media MCLN1-S2N-xyz-B\"}]},{\"@type\":\"WebSite\",\"@id\":\"https:\/\/bunkerseguridad.es\/it\/#website\",\"url\":\"https:\/\/bunkerseguridad.es\/it\/\",\"name\":\"Bunker Seguridad Electr\u00f3nica S.L.\",\"description\":\"Produzione e distribuzione di sistemi di rilevamento perimetrale in Europa.\",\"potentialAction\":[{\"@type\":\"SearchAction\",\"target\":{\"@type\":\"EntryPoint\",\"urlTemplate\":\"https:\/\/bunkerseguridad.es\/it\/?s={search_term_string}\"},\"query-input\":{\"@type\":\"PropertyValueSpecification\",\"valueRequired\":true,\"valueName\":\"search_term_string\"}}],\"inLanguage\":\"it-IT\"}]}<\/script>\n<!-- \/ Yoast SEO plugin. -->","yoast_head_json":{"title":"Convertitori di media MCLN1-S2N-xyz-B - Bunker Seguridad Electr\u00f3nica S.L.","description":"La serie KBC MCLN1 \u00e8 un media converter (MC) Ethernet 10\/100M industriale.","robots":{"index":"index","follow":"follow","max-snippet":"max-snippet:-1","max-image-preview":"max-image-preview:large","max-video-preview":"max-video-preview:-1"},"canonical":"https:\/\/bunkerseguridad.es\/it\/prodotto-sicurezza\/convertitori-di-media-mcln1-s2n-xyz-b\/","og_locale":"it_IT","og_type":"article","og_title":"Convertitori di media MCLN1-S2N-xyz-B - Bunker Seguridad Electr\u00f3nica S.L.","og_description":"La serie KBC MCLN1 \u00e8 un media converter (MC) Ethernet 10\/100M industriale.","og_url":"https:\/\/bunkerseguridad.es\/it\/prodotto-sicurezza\/convertitori-di-media-mcln1-s2n-xyz-b\/","og_site_name":"Bunker Seguridad Electr\u00f3nica S.L.","article_modified_time":"2021-03-26T10:18:16+00:00","og_image":[{"width":1200,"height":1200,"url":"https:\/\/bunkerseguridad.es\/it\/wp-content\/uploads\/2020\/12\/MCLN1-M2N-xyz-B-1-1.png","type":"image\/png"}],"twitter_card":"summary_large_image","twitter_misc":{"Tempo di lettura stimato":"1 minuto"},"schema":{"@context":"https:\/\/schema.org","@graph":[{"@type":"WebPage","@id":"https:\/\/bunkerseguridad.es\/it\/prodotto-sicurezza\/convertitori-di-media-mcln1-s2n-xyz-b\/","url":"https:\/\/bunkerseguridad.es\/it\/prodotto-sicurezza\/convertitori-di-media-mcln1-s2n-xyz-b\/","name":"Convertitori di media MCLN1-S2N-xyz-B - Bunker Seguridad Electr\u00f3nica S.L.","isPartOf":{"@id":"https:\/\/bunkerseguridad.es\/it\/#website"},"primaryImageOfPage":{"@id":"https:\/\/bunkerseguridad.es\/it\/prodotto-sicurezza\/convertitori-di-media-mcln1-s2n-xyz-b\/#primaryimage"},"image":{"@id":"https:\/\/bunkerseguridad.es\/it\/prodotto-sicurezza\/convertitori-di-media-mcln1-s2n-xyz-b\/#primaryimage"},"thumbnailUrl":"https:\/\/bunkerseguridad.es\/it\/wp-content\/uploads\/2020\/12\/MCLN1-M2N-xyz-B-1-1.png","datePublished":"2020-12-18T09:57:13+00:00","dateModified":"2021-03-26T10:18:16+00:00","description":"La serie KBC MCLN1 \u00e8 un media converter (MC) Ethernet 10\/100M industriale.","breadcrumb":{"@id":"https:\/\/bunkerseguridad.es\/it\/prodotto-sicurezza\/convertitori-di-media-mcln1-s2n-xyz-b\/#breadcrumb"},"inLanguage":"it-IT","potentialAction":[{"@type":"ReadAction","target":["https:\/\/bunkerseguridad.es\/it\/prodotto-sicurezza\/convertitori-di-media-mcln1-s2n-xyz-b\/"]}]},{"@type":"ImageObject","inLanguage":"it-IT","@id":"https:\/\/bunkerseguridad.es\/it\/prodotto-sicurezza\/convertitori-di-media-mcln1-s2n-xyz-b\/#primaryimage","url":"https:\/\/bunkerseguridad.es\/it\/wp-content\/uploads\/2020\/12\/MCLN1-M2N-xyz-B-1-1.png","contentUrl":"https:\/\/bunkerseguridad.es\/it\/wp-content\/uploads\/2020\/12\/MCLN1-M2N-xyz-B-1-1.png","width":1200,"height":1200,"caption":"MCGN1-S2N-xyz-B"},{"@type":"BreadcrumbList","@id":"https:\/\/bunkerseguridad.es\/it\/prodotto-sicurezza\/convertitori-di-media-mcln1-s2n-xyz-b\/#breadcrumb","itemListElement":[{"@type":"ListItem","position":1,"name":"Home","item":"https:\/\/bunkerseguridad.es\/it\/"},{"@type":"ListItem","position":2,"name":"Shop","item":"https:\/\/bunkerseguridad.es\/it\/shop\/"},{"@type":"ListItem","position":3,"name":"Convertitori di media MCLN1-S2N-xyz-B"}]},{"@type":"WebSite","@id":"https:\/\/bunkerseguridad.es\/it\/#website","url":"https:\/\/bunkerseguridad.es\/it\/","name":"Bunker Seguridad Electr\u00f3nica S.L.","description":"Produzione e distribuzione di sistemi di rilevamento perimetrale in Europa.","potentialAction":[{"@type":"SearchAction","target":{"@type":"EntryPoint","urlTemplate":"https:\/\/bunkerseguridad.es\/it\/?s={search_term_string}"},"query-input":{"@type":"PropertyValueSpecification","valueRequired":true,"valueName":"search_term_string"}}],"inLanguage":"it-IT"}]}},"brands":[{"id":206,"name":"KBC Networks","slug":"kbc-networks"}],"_links":{"self":[{"href":"https:\/\/bunkerseguridad.es\/it\/wp-json\/wp\/v2\/product\/5990","targetHints":{"allow":["GET"]}}],"collection":[{"href":"https:\/\/bunkerseguridad.es\/it\/wp-json\/wp\/v2\/product"}],"about":[{"href":"https:\/\/bunkerseguridad.es\/it\/wp-json\/wp\/v2\/types\/product"}],"wp:featuredmedia":[{"embeddable":true,"href":"https:\/\/bunkerseguridad.es\/it\/wp-json\/wp\/v2\/media\/5853"}],"wp:attachment":[{"href":"https:\/\/bunkerseguridad.es\/it\/wp-json\/wp\/v2\/media?parent=5990"}],"wp:term":[{"taxonomy":"pwb-brand","embeddable":true,"href":"https:\/\/bunkerseguridad.es\/it\/wp-json\/wp\/v2\/pwb-brand?post=5990"},{"taxonomy":"product_brand","embeddable":true,"href":"https:\/\/bunkerseguridad.es\/it\/wp-json\/wp\/v2\/product_brand?post=5990"},{"taxonomy":"product_cat","embeddable":true,"href":"https:\/\/bunkerseguridad.es\/it\/wp-json\/wp\/v2\/product_cat?post=5990"},{"taxonomy":"product_tag","embeddable":true,"href":"https:\/\/bunkerseguridad.es\/it\/wp-json\/wp\/v2\/product_tag?post=5990"}],"curies":[{"name":"wp","href":"https:\/\/api.w.org\/{rel}","templated":true}]}}