{"id":6036,"date":"2020-12-21T09:14:47","date_gmt":"2020-12-21T09:14:47","guid":{"rendered":"http:\/\/www.bunkerseguridad.es\/en\/?post_type=product&#038;p=6036"},"modified":"2021-03-26T09:31:40","modified_gmt":"2021-03-26T09:31:40","slug":"convertitori-di-media-mcgn2-m1a-m1b-xyz-b","status":"publish","type":"product","link":"https:\/\/bunkerseguridad.es\/it\/prodotto-sicurezza\/convertitori-di-media-mcgn2-m1a-m1b-xyz-b\/","title":{"rendered":"Convertitori di media MCGN2-M1A\/M1B-xyz-B"},"content":{"rendered":"<p>La serie <strong>KBC MCGN2-(M1A)-(M1B)-xyz-B<\/strong> \u00e8 un media converter industriale a due canali 10\/100\/1000M Ethernet. Supporta la trasmissione di due canali 10\/100\/1000 Base-T Ethernet su una o due fibre ottiche multimodali o monomodali con funzionamento full duplex. Tipicamente il convertitore di media di due canali \u00e8 installato nell&#8217;estremit\u00e0 remota, nell&#8217;estremit\u00e0 di testa compatibile un convertitore di media del canale MCGN1 \u00e8 installato. Il design plug-and-play rende l&#8217;installazione semplice, senza regolazioni elettriche o ottiche necessarie. Gli indicatori LED sono forniti per mostrare lo stato operativo dell&#8217;unit\u00e0. La progettazione robusta sia nella recinzione che nella protezione elettrica la rende adatta all&#8217;applicazione nell&#8217;ambiente duro.<\/p>\n<p><strong>Caratteristiche:<\/strong><\/p>\n<ul>\n<li>2 canali 10\/100\/1000M a rilevamento automatico<\/li>\n<li>Protezione contro le sovratensioni 2kV sulla porta elettrica RJ45<\/li>\n<li>Compatibile con 1 canale 10\/100\/1000M media converter MCGN1 serie SM (Single Mode), e MM (Multi Mode)<\/li>\n<li>1 fibra o 2 fibre<\/li>\n<li>SM&amp;MM: 1310nm\/1550m, per 1 fibra; 1310nm per 2 fibre<\/li>\n<li>La distanza di trasmissione tipica di SM e di MM \u00e8 rispettivamente 20km e 500m.Longer \u00e8 disponibile<\/li>\n<li>Custodia IP40<\/li>\n<li>DIN, montaggio a parete<\/li>\n<li>FR2-12 Rack passivo con 12 slot<\/li>\n<\/ul>\n","protected":false},"excerpt":{"rendered":"<p><strong>Commercial Ethernet Media Converters<\/strong> &#8211; La serie KBC MCGN2 (M1A)(M1B) xyz B \u00e8 un industriale a due canali 10\/100\/1000M Ethernet media converter 2 porte, lato &#8220;A&#8221; e 1 fibra MCGN2-M1A-xyz-B, lato &#8220;B&#8221; e 1 fibra MCGN2-M1B-xyz-B, 1310\/1550nm multi-mode, budget di perdita ottica 12dB. Gamma di 500m. Temperatura di funzionamento da -40\u00b0C a 75\u00b0C (da -40\u00b0F a 167\u00b0F). 12VDC, &lt;3W.<\/p>\n","protected":false},"featured_media":6035,"template":"","meta":{"_et_pb_use_builder":"","_et_pb_old_content":"","_et_gb_content_width":""},"pwb-brand":[206],"product_brand":[],"product_cat":[308,31,38],"product_tag":[156,309,152,184],"class_list":{"0":"post-6036","1":"product","2":"type-product","3":"status-publish","4":"has-post-thumbnail","6":"pwb-brand-kbc-networks","7":"product_cat-industrial-media-converters","8":"product_cat-trasmissione-dei-dati","9":"product_cat-convertitori-di-media","10":"product_tag-10-100-1000mbps","11":"product_tag-2-porto","12":"product_tag-convertitore-di-media-industriali","13":"product_tag-multimodo","15":"first","16":"instock","17":"shipping-taxable","18":"product-type-simple"},"yoast_head":"<!-- This site is optimized with the Yoast SEO plugin v25.2 - https:\/\/yoast.com\/wordpress\/plugins\/seo\/ -->\n<title>Convertitori di media MCGN2-M1A\/M1B-xyz-B - Bunker Seguridad Electr\u00f3nica S.L.<\/title>\n<meta name=\"description\" content=\"La serie KBC MCGN2-(M1A)-(M1B)-xyz-B \u00e8 un media converter industriale a due canali 10\/100\/1000M Ethernet.\" \/>\n<meta name=\"robots\" content=\"index, follow, max-snippet:-1, max-image-preview:large, max-video-preview:-1\" \/>\n<link rel=\"canonical\" href=\"https:\/\/bunkerseguridad.es\/it\/prodotto-sicurezza\/convertitori-di-media-mcgn2-m1a-m1b-xyz-b\/\" \/>\n<meta property=\"og:locale\" content=\"it_IT\" \/>\n<meta property=\"og:type\" content=\"article\" \/>\n<meta property=\"og:title\" content=\"Convertitori di media MCGN2-M1A\/M1B-xyz-B - Bunker Seguridad Electr\u00f3nica S.L.\" \/>\n<meta property=\"og:description\" content=\"La serie KBC MCGN2-(M1A)-(M1B)-xyz-B \u00e8 un media converter industriale a due canali 10\/100\/1000M Ethernet.\" \/>\n<meta property=\"og:url\" content=\"https:\/\/bunkerseguridad.es\/it\/prodotto-sicurezza\/convertitori-di-media-mcgn2-m1a-m1b-xyz-b\/\" \/>\n<meta property=\"og:site_name\" content=\"Bunker Seguridad Electr\u00f3nica S.L.\" \/>\n<meta property=\"article:modified_time\" content=\"2021-03-26T09:31:40+00:00\" \/>\n<meta property=\"og:image\" content=\"https:\/\/bunkerseguridad.es\/it\/wp-content\/uploads\/2020\/12\/MCGN2-M2N-xyz-B-Media-Converters-MCGN2-Series.png\" \/>\n\t<meta property=\"og:image:width\" content=\"1200\" \/>\n\t<meta property=\"og:image:height\" content=\"1200\" \/>\n\t<meta property=\"og:image:type\" content=\"image\/png\" \/>\n<meta name=\"twitter:card\" content=\"summary_large_image\" \/>\n<meta name=\"twitter:label1\" content=\"Tempo di lettura stimato\" \/>\n\t<meta name=\"twitter:data1\" content=\"1 minuto\" \/>\n<script type=\"application\/ld+json\" class=\"yoast-schema-graph\">{\"@context\":\"https:\/\/schema.org\",\"@graph\":[{\"@type\":\"WebPage\",\"@id\":\"https:\/\/bunkerseguridad.es\/it\/prodotto-sicurezza\/convertitori-di-media-mcgn2-m1a-m1b-xyz-b\/\",\"url\":\"https:\/\/bunkerseguridad.es\/it\/prodotto-sicurezza\/convertitori-di-media-mcgn2-m1a-m1b-xyz-b\/\",\"name\":\"Convertitori di media MCGN2-M1A\/M1B-xyz-B - Bunker Seguridad Electr\u00f3nica S.L.\",\"isPartOf\":{\"@id\":\"https:\/\/bunkerseguridad.es\/it\/#website\"},\"primaryImageOfPage\":{\"@id\":\"https:\/\/bunkerseguridad.es\/it\/prodotto-sicurezza\/convertitori-di-media-mcgn2-m1a-m1b-xyz-b\/#primaryimage\"},\"image\":{\"@id\":\"https:\/\/bunkerseguridad.es\/it\/prodotto-sicurezza\/convertitori-di-media-mcgn2-m1a-m1b-xyz-b\/#primaryimage\"},\"thumbnailUrl\":\"https:\/\/bunkerseguridad.es\/it\/wp-content\/uploads\/2020\/12\/MCGN2-M2N-xyz-B-Media-Converters-MCGN2-Series.png\",\"datePublished\":\"2020-12-21T09:14:47+00:00\",\"dateModified\":\"2021-03-26T09:31:40+00:00\",\"description\":\"La serie KBC MCGN2-(M1A)-(M1B)-xyz-B \u00e8 un media converter industriale a due canali 10\/100\/1000M Ethernet.\",\"breadcrumb\":{\"@id\":\"https:\/\/bunkerseguridad.es\/it\/prodotto-sicurezza\/convertitori-di-media-mcgn2-m1a-m1b-xyz-b\/#breadcrumb\"},\"inLanguage\":\"it-IT\",\"potentialAction\":[{\"@type\":\"ReadAction\",\"target\":[\"https:\/\/bunkerseguridad.es\/it\/prodotto-sicurezza\/convertitori-di-media-mcgn2-m1a-m1b-xyz-b\/\"]}]},{\"@type\":\"ImageObject\",\"inLanguage\":\"it-IT\",\"@id\":\"https:\/\/bunkerseguridad.es\/it\/prodotto-sicurezza\/convertitori-di-media-mcgn2-m1a-m1b-xyz-b\/#primaryimage\",\"url\":\"https:\/\/bunkerseguridad.es\/it\/wp-content\/uploads\/2020\/12\/MCGN2-M2N-xyz-B-Media-Converters-MCGN2-Series.png\",\"contentUrl\":\"https:\/\/bunkerseguridad.es\/it\/wp-content\/uploads\/2020\/12\/MCGN2-M2N-xyz-B-Media-Converters-MCGN2-Series.png\",\"width\":1200,\"height\":1200,\"caption\":\"MCGN2-M2N-xyz-B---Media-Converters-MCGN2-Series\"},{\"@type\":\"BreadcrumbList\",\"@id\":\"https:\/\/bunkerseguridad.es\/it\/prodotto-sicurezza\/convertitori-di-media-mcgn2-m1a-m1b-xyz-b\/#breadcrumb\",\"itemListElement\":[{\"@type\":\"ListItem\",\"position\":1,\"name\":\"Home\",\"item\":\"https:\/\/bunkerseguridad.es\/it\/\"},{\"@type\":\"ListItem\",\"position\":2,\"name\":\"Shop\",\"item\":\"https:\/\/bunkerseguridad.es\/it\/shop\/\"},{\"@type\":\"ListItem\",\"position\":3,\"name\":\"Convertitori di media MCGN2-M1A\/M1B-xyz-B\"}]},{\"@type\":\"WebSite\",\"@id\":\"https:\/\/bunkerseguridad.es\/it\/#website\",\"url\":\"https:\/\/bunkerseguridad.es\/it\/\",\"name\":\"Bunker Seguridad Electr\u00f3nica S.L.\",\"description\":\"Produzione e distribuzione di sistemi di rilevamento perimetrale in Europa.\",\"potentialAction\":[{\"@type\":\"SearchAction\",\"target\":{\"@type\":\"EntryPoint\",\"urlTemplate\":\"https:\/\/bunkerseguridad.es\/it\/?s={search_term_string}\"},\"query-input\":{\"@type\":\"PropertyValueSpecification\",\"valueRequired\":true,\"valueName\":\"search_term_string\"}}],\"inLanguage\":\"it-IT\"}]}<\/script>\n<!-- \/ Yoast SEO plugin. -->","yoast_head_json":{"title":"Convertitori di media MCGN2-M1A\/M1B-xyz-B - Bunker Seguridad Electr\u00f3nica S.L.","description":"La serie KBC MCGN2-(M1A)-(M1B)-xyz-B \u00e8 un media converter industriale a due canali 10\/100\/1000M Ethernet.","robots":{"index":"index","follow":"follow","max-snippet":"max-snippet:-1","max-image-preview":"max-image-preview:large","max-video-preview":"max-video-preview:-1"},"canonical":"https:\/\/bunkerseguridad.es\/it\/prodotto-sicurezza\/convertitori-di-media-mcgn2-m1a-m1b-xyz-b\/","og_locale":"it_IT","og_type":"article","og_title":"Convertitori di media MCGN2-M1A\/M1B-xyz-B - Bunker Seguridad Electr\u00f3nica S.L.","og_description":"La serie KBC MCGN2-(M1A)-(M1B)-xyz-B \u00e8 un media converter industriale a due canali 10\/100\/1000M Ethernet.","og_url":"https:\/\/bunkerseguridad.es\/it\/prodotto-sicurezza\/convertitori-di-media-mcgn2-m1a-m1b-xyz-b\/","og_site_name":"Bunker Seguridad Electr\u00f3nica S.L.","article_modified_time":"2021-03-26T09:31:40+00:00","og_image":[{"width":1200,"height":1200,"url":"https:\/\/bunkerseguridad.es\/it\/wp-content\/uploads\/2020\/12\/MCGN2-M2N-xyz-B-Media-Converters-MCGN2-Series.png","type":"image\/png"}],"twitter_card":"summary_large_image","twitter_misc":{"Tempo di lettura stimato":"1 minuto"},"schema":{"@context":"https:\/\/schema.org","@graph":[{"@type":"WebPage","@id":"https:\/\/bunkerseguridad.es\/it\/prodotto-sicurezza\/convertitori-di-media-mcgn2-m1a-m1b-xyz-b\/","url":"https:\/\/bunkerseguridad.es\/it\/prodotto-sicurezza\/convertitori-di-media-mcgn2-m1a-m1b-xyz-b\/","name":"Convertitori di media MCGN2-M1A\/M1B-xyz-B - Bunker Seguridad Electr\u00f3nica S.L.","isPartOf":{"@id":"https:\/\/bunkerseguridad.es\/it\/#website"},"primaryImageOfPage":{"@id":"https:\/\/bunkerseguridad.es\/it\/prodotto-sicurezza\/convertitori-di-media-mcgn2-m1a-m1b-xyz-b\/#primaryimage"},"image":{"@id":"https:\/\/bunkerseguridad.es\/it\/prodotto-sicurezza\/convertitori-di-media-mcgn2-m1a-m1b-xyz-b\/#primaryimage"},"thumbnailUrl":"https:\/\/bunkerseguridad.es\/it\/wp-content\/uploads\/2020\/12\/MCGN2-M2N-xyz-B-Media-Converters-MCGN2-Series.png","datePublished":"2020-12-21T09:14:47+00:00","dateModified":"2021-03-26T09:31:40+00:00","description":"La serie KBC MCGN2-(M1A)-(M1B)-xyz-B \u00e8 un media converter industriale a due canali 10\/100\/1000M Ethernet.","breadcrumb":{"@id":"https:\/\/bunkerseguridad.es\/it\/prodotto-sicurezza\/convertitori-di-media-mcgn2-m1a-m1b-xyz-b\/#breadcrumb"},"inLanguage":"it-IT","potentialAction":[{"@type":"ReadAction","target":["https:\/\/bunkerseguridad.es\/it\/prodotto-sicurezza\/convertitori-di-media-mcgn2-m1a-m1b-xyz-b\/"]}]},{"@type":"ImageObject","inLanguage":"it-IT","@id":"https:\/\/bunkerseguridad.es\/it\/prodotto-sicurezza\/convertitori-di-media-mcgn2-m1a-m1b-xyz-b\/#primaryimage","url":"https:\/\/bunkerseguridad.es\/it\/wp-content\/uploads\/2020\/12\/MCGN2-M2N-xyz-B-Media-Converters-MCGN2-Series.png","contentUrl":"https:\/\/bunkerseguridad.es\/it\/wp-content\/uploads\/2020\/12\/MCGN2-M2N-xyz-B-Media-Converters-MCGN2-Series.png","width":1200,"height":1200,"caption":"MCGN2-M2N-xyz-B---Media-Converters-MCGN2-Series"},{"@type":"BreadcrumbList","@id":"https:\/\/bunkerseguridad.es\/it\/prodotto-sicurezza\/convertitori-di-media-mcgn2-m1a-m1b-xyz-b\/#breadcrumb","itemListElement":[{"@type":"ListItem","position":1,"name":"Home","item":"https:\/\/bunkerseguridad.es\/it\/"},{"@type":"ListItem","position":2,"name":"Shop","item":"https:\/\/bunkerseguridad.es\/it\/shop\/"},{"@type":"ListItem","position":3,"name":"Convertitori di media MCGN2-M1A\/M1B-xyz-B"}]},{"@type":"WebSite","@id":"https:\/\/bunkerseguridad.es\/it\/#website","url":"https:\/\/bunkerseguridad.es\/it\/","name":"Bunker Seguridad Electr\u00f3nica S.L.","description":"Produzione e distribuzione di sistemi di rilevamento perimetrale in Europa.","potentialAction":[{"@type":"SearchAction","target":{"@type":"EntryPoint","urlTemplate":"https:\/\/bunkerseguridad.es\/it\/?s={search_term_string}"},"query-input":{"@type":"PropertyValueSpecification","valueRequired":true,"valueName":"search_term_string"}}],"inLanguage":"it-IT"}]}},"brands":[{"id":206,"name":"KBC Networks","slug":"kbc-networks"}],"_links":{"self":[{"href":"https:\/\/bunkerseguridad.es\/it\/wp-json\/wp\/v2\/product\/6036","targetHints":{"allow":["GET"]}}],"collection":[{"href":"https:\/\/bunkerseguridad.es\/it\/wp-json\/wp\/v2\/product"}],"about":[{"href":"https:\/\/bunkerseguridad.es\/it\/wp-json\/wp\/v2\/types\/product"}],"wp:featuredmedia":[{"embeddable":true,"href":"https:\/\/bunkerseguridad.es\/it\/wp-json\/wp\/v2\/media\/6035"}],"wp:attachment":[{"href":"https:\/\/bunkerseguridad.es\/it\/wp-json\/wp\/v2\/media?parent=6036"}],"wp:term":[{"taxonomy":"pwb-brand","embeddable":true,"href":"https:\/\/bunkerseguridad.es\/it\/wp-json\/wp\/v2\/pwb-brand?post=6036"},{"taxonomy":"product_brand","embeddable":true,"href":"https:\/\/bunkerseguridad.es\/it\/wp-json\/wp\/v2\/product_brand?post=6036"},{"taxonomy":"product_cat","embeddable":true,"href":"https:\/\/bunkerseguridad.es\/it\/wp-json\/wp\/v2\/product_cat?post=6036"},{"taxonomy":"product_tag","embeddable":true,"href":"https:\/\/bunkerseguridad.es\/it\/wp-json\/wp\/v2\/product_tag?post=6036"}],"curies":[{"name":"wp","href":"https:\/\/api.w.org\/{rel}","templated":true}]}}