{"id":6044,"date":"2020-12-21T09:58:50","date_gmt":"2020-12-21T09:58:50","guid":{"rendered":"http:\/\/www.bunkerseguridad.es\/en\/?post_type=product&#038;p=6044"},"modified":"2021-03-26T09:11:20","modified_gmt":"2021-03-26T09:11:20","slug":"convertitori-di-media-mcgn1-p1n-xnz-b","status":"publish","type":"product","link":"https:\/\/bunkerseguridad.es\/it\/prodotto-sicurezza\/convertitori-di-media-mcgn1-p1n-xnz-b\/","title":{"rendered":"Convertitori di media MCGN1-P1N-xNz-B"},"content":{"rendered":"<p>La serie <strong>KBC MCGN1<\/strong> \u00e8 un convertitore di media Ethernet 10\/100\/1000M industriale. Supporta la trasmissione di un canale 10\/100\/1000 Base-T Ethernet su porta SFP, selezionando diversi moduli KBC SFP, il convertitore di media pu\u00f2 essere trasmesso tramite una o due fibre ottiche multimodali o monomodali con funzionamento full duplex. Non c&#8217;\u00e8 un&#8217;estremit\u00e0 A o un&#8217;estremit\u00e0 B per la serie MCLN1-P1N, entrambe le estremit\u00e0 di MCGN1-P1N sono uguali, ma quando si inserisce un modulo SFP versione fibra, due estremit\u00e0 dovrebbero essere abbinate, cio\u00e8 un&#8217;estremit\u00e0 \u00e8 1310nm\/1550nm SFP, l&#8217;altra estremit\u00e0 \u00e8 1550nm\/1310nm SFP. Il design plug-and-play rende l&#8217;installazione semplice, senza regolazioni elettriche o ottiche necessarie. Gli indicatori LED sono forniti per mostrare lo stato operativo dell&#8217;unit\u00e0. La progettazione robusta sia nella recinzione che nella protezione elettrica la rende adatta all&#8217;applicazione nell&#8217;ambiente duro.<\/p>\n<p><strong>Caratteristiche:<\/strong><\/p>\n<ul>\n<li>Porta di rilevamento automatico 10\/100\/1000M<\/li>\n<li>1*10\/100\/1000Base-TX porta<\/li>\n<li>1*1000Base-FX porta SFP<\/li>\n<li>Protezione contro le sovratensioni 2kV sulla porta elettrica RJ45<\/li>\n<li>Compatibile con un canale MCGN1 serie con 1 * 9 ottica, due cannel 10\/100\/1000M media converter MCGN2 serie<\/li>\n<li>Custodia IP40<\/li>\n<li>DIN, montaggio a parete<\/li>\n<li>FR2-12 Rack passivo con 12 slot o scheda Chassis in FR2-16 con 16 slot<\/li>\n<\/ul>\n","protected":false},"excerpt":{"rendered":"<p><strong>Convertitori di media Ethernet commerciali<\/strong> &#8211; La serie KBC \u00e8 un industriale, (1) porta LAN 10\/100\/1000Mbps, (1) porta SFP. Temperatura di funzionamento da -40\u00b0C a 75\u00b0C (da -40\u00b0F a 167\u00b0F). 12VDC, &lt;3W.<\/p>\n","protected":false},"featured_media":6046,"template":"","meta":{"_et_pb_use_builder":"","_et_pb_old_content":"","_et_gb_content_width":""},"pwb-brand":[206],"product_brand":[],"product_cat":[308,31,38],"product_tag":[156,152],"class_list":{"0":"post-6044","1":"product","2":"type-product","3":"status-publish","4":"has-post-thumbnail","6":"pwb-brand-kbc-networks","7":"product_cat-industrial-media-converters","8":"product_cat-trasmissione-dei-dati","9":"product_cat-convertitori-di-media","10":"product_tag-10-100-1000mbps","11":"product_tag-convertitore-di-media-industriali","13":"first","14":"instock","15":"shipping-taxable","16":"product-type-simple"},"yoast_head":"<!-- This site is optimized with the Yoast SEO plugin v25.2 - https:\/\/yoast.com\/wordpress\/plugins\/seo\/ -->\n<title>Convertitori di media MCGN1-P1N-xNz-B - Bunker Seguridad Electr\u00f3nica S.L.<\/title>\n<meta name=\"description\" content=\"Convertitori di media Ethernet commerciali - La serie KBC \u00e8 un industriale, (1) porta LAN 10\/100\/1000Mbps, (1) porta SFP.\" \/>\n<meta name=\"robots\" content=\"index, follow, max-snippet:-1, max-image-preview:large, max-video-preview:-1\" \/>\n<link rel=\"canonical\" href=\"https:\/\/bunkerseguridad.es\/it\/prodotto-sicurezza\/convertitori-di-media-mcgn1-p1n-xnz-b\/\" \/>\n<meta property=\"og:locale\" content=\"it_IT\" \/>\n<meta property=\"og:type\" content=\"article\" \/>\n<meta property=\"og:title\" content=\"Convertitori di media MCGN1-P1N-xNz-B - Bunker Seguridad Electr\u00f3nica S.L.\" \/>\n<meta property=\"og:description\" content=\"Convertitori di media Ethernet commerciali - La serie KBC \u00e8 un industriale, (1) porta LAN 10\/100\/1000Mbps, (1) porta SFP.\" \/>\n<meta property=\"og:url\" content=\"https:\/\/bunkerseguridad.es\/it\/prodotto-sicurezza\/convertitori-di-media-mcgn1-p1n-xnz-b\/\" \/>\n<meta property=\"og:site_name\" content=\"Bunker Seguridad Electr\u00f3nica S.L.\" \/>\n<meta property=\"article:modified_time\" content=\"2021-03-26T09:11:20+00:00\" \/>\n<meta property=\"og:image\" content=\"https:\/\/bunkerseguridad.es\/it\/wp-content\/uploads\/2020\/12\/MCGN1-P1N-Series-1.png\" \/>\n\t<meta property=\"og:image:width\" content=\"1200\" \/>\n\t<meta property=\"og:image:height\" content=\"1200\" \/>\n\t<meta property=\"og:image:type\" content=\"image\/png\" \/>\n<meta name=\"twitter:card\" content=\"summary_large_image\" \/>\n<meta name=\"twitter:label1\" content=\"Tempo di lettura stimato\" \/>\n\t<meta name=\"twitter:data1\" content=\"1 minuto\" \/>\n<script type=\"application\/ld+json\" class=\"yoast-schema-graph\">{\"@context\":\"https:\/\/schema.org\",\"@graph\":[{\"@type\":\"WebPage\",\"@id\":\"https:\/\/bunkerseguridad.es\/it\/prodotto-sicurezza\/convertitori-di-media-mcgn1-p1n-xnz-b\/\",\"url\":\"https:\/\/bunkerseguridad.es\/it\/prodotto-sicurezza\/convertitori-di-media-mcgn1-p1n-xnz-b\/\",\"name\":\"Convertitori di media MCGN1-P1N-xNz-B - Bunker Seguridad Electr\u00f3nica S.L.\",\"isPartOf\":{\"@id\":\"https:\/\/bunkerseguridad.es\/it\/#website\"},\"primaryImageOfPage\":{\"@id\":\"https:\/\/bunkerseguridad.es\/it\/prodotto-sicurezza\/convertitori-di-media-mcgn1-p1n-xnz-b\/#primaryimage\"},\"image\":{\"@id\":\"https:\/\/bunkerseguridad.es\/it\/prodotto-sicurezza\/convertitori-di-media-mcgn1-p1n-xnz-b\/#primaryimage\"},\"thumbnailUrl\":\"https:\/\/bunkerseguridad.es\/it\/wp-content\/uploads\/2020\/12\/MCGN1-P1N-Series-1.png\",\"datePublished\":\"2020-12-21T09:58:50+00:00\",\"dateModified\":\"2021-03-26T09:11:20+00:00\",\"description\":\"Convertitori di media Ethernet commerciali - La serie KBC \u00e8 un industriale, (1) porta LAN 10\/100\/1000Mbps, (1) porta SFP.\",\"breadcrumb\":{\"@id\":\"https:\/\/bunkerseguridad.es\/it\/prodotto-sicurezza\/convertitori-di-media-mcgn1-p1n-xnz-b\/#breadcrumb\"},\"inLanguage\":\"it-IT\",\"potentialAction\":[{\"@type\":\"ReadAction\",\"target\":[\"https:\/\/bunkerseguridad.es\/it\/prodotto-sicurezza\/convertitori-di-media-mcgn1-p1n-xnz-b\/\"]}]},{\"@type\":\"ImageObject\",\"inLanguage\":\"it-IT\",\"@id\":\"https:\/\/bunkerseguridad.es\/it\/prodotto-sicurezza\/convertitori-di-media-mcgn1-p1n-xnz-b\/#primaryimage\",\"url\":\"https:\/\/bunkerseguridad.es\/it\/wp-content\/uploads\/2020\/12\/MCGN1-P1N-Series-1.png\",\"contentUrl\":\"https:\/\/bunkerseguridad.es\/it\/wp-content\/uploads\/2020\/12\/MCGN1-P1N-Series-1.png\",\"width\":1200,\"height\":1200,\"caption\":\"The KBC MCGN1 series is an industrial 10\/100\/1000M Ethernet media converter\"},{\"@type\":\"BreadcrumbList\",\"@id\":\"https:\/\/bunkerseguridad.es\/it\/prodotto-sicurezza\/convertitori-di-media-mcgn1-p1n-xnz-b\/#breadcrumb\",\"itemListElement\":[{\"@type\":\"ListItem\",\"position\":1,\"name\":\"Home\",\"item\":\"https:\/\/bunkerseguridad.es\/it\/\"},{\"@type\":\"ListItem\",\"position\":2,\"name\":\"Shop\",\"item\":\"https:\/\/bunkerseguridad.es\/it\/shop\/\"},{\"@type\":\"ListItem\",\"position\":3,\"name\":\"Convertitori di media MCGN1-P1N-xNz-B\"}]},{\"@type\":\"WebSite\",\"@id\":\"https:\/\/bunkerseguridad.es\/it\/#website\",\"url\":\"https:\/\/bunkerseguridad.es\/it\/\",\"name\":\"Bunker Seguridad Electr\u00f3nica S.L.\",\"description\":\"Produzione e distribuzione di sistemi di rilevamento perimetrale in Europa.\",\"potentialAction\":[{\"@type\":\"SearchAction\",\"target\":{\"@type\":\"EntryPoint\",\"urlTemplate\":\"https:\/\/bunkerseguridad.es\/it\/?s={search_term_string}\"},\"query-input\":{\"@type\":\"PropertyValueSpecification\",\"valueRequired\":true,\"valueName\":\"search_term_string\"}}],\"inLanguage\":\"it-IT\"}]}<\/script>\n<!-- \/ Yoast SEO plugin. -->","yoast_head_json":{"title":"Convertitori di media MCGN1-P1N-xNz-B - Bunker Seguridad Electr\u00f3nica S.L.","description":"Convertitori di media Ethernet commerciali - La serie KBC \u00e8 un industriale, (1) porta LAN 10\/100\/1000Mbps, (1) porta SFP.","robots":{"index":"index","follow":"follow","max-snippet":"max-snippet:-1","max-image-preview":"max-image-preview:large","max-video-preview":"max-video-preview:-1"},"canonical":"https:\/\/bunkerseguridad.es\/it\/prodotto-sicurezza\/convertitori-di-media-mcgn1-p1n-xnz-b\/","og_locale":"it_IT","og_type":"article","og_title":"Convertitori di media MCGN1-P1N-xNz-B - Bunker Seguridad Electr\u00f3nica S.L.","og_description":"Convertitori di media Ethernet commerciali - La serie KBC \u00e8 un industriale, (1) porta LAN 10\/100\/1000Mbps, (1) porta SFP.","og_url":"https:\/\/bunkerseguridad.es\/it\/prodotto-sicurezza\/convertitori-di-media-mcgn1-p1n-xnz-b\/","og_site_name":"Bunker Seguridad Electr\u00f3nica S.L.","article_modified_time":"2021-03-26T09:11:20+00:00","og_image":[{"width":1200,"height":1200,"url":"https:\/\/bunkerseguridad.es\/it\/wp-content\/uploads\/2020\/12\/MCGN1-P1N-Series-1.png","type":"image\/png"}],"twitter_card":"summary_large_image","twitter_misc":{"Tempo di lettura stimato":"1 minuto"},"schema":{"@context":"https:\/\/schema.org","@graph":[{"@type":"WebPage","@id":"https:\/\/bunkerseguridad.es\/it\/prodotto-sicurezza\/convertitori-di-media-mcgn1-p1n-xnz-b\/","url":"https:\/\/bunkerseguridad.es\/it\/prodotto-sicurezza\/convertitori-di-media-mcgn1-p1n-xnz-b\/","name":"Convertitori di media MCGN1-P1N-xNz-B - Bunker Seguridad Electr\u00f3nica S.L.","isPartOf":{"@id":"https:\/\/bunkerseguridad.es\/it\/#website"},"primaryImageOfPage":{"@id":"https:\/\/bunkerseguridad.es\/it\/prodotto-sicurezza\/convertitori-di-media-mcgn1-p1n-xnz-b\/#primaryimage"},"image":{"@id":"https:\/\/bunkerseguridad.es\/it\/prodotto-sicurezza\/convertitori-di-media-mcgn1-p1n-xnz-b\/#primaryimage"},"thumbnailUrl":"https:\/\/bunkerseguridad.es\/it\/wp-content\/uploads\/2020\/12\/MCGN1-P1N-Series-1.png","datePublished":"2020-12-21T09:58:50+00:00","dateModified":"2021-03-26T09:11:20+00:00","description":"Convertitori di media Ethernet commerciali - La serie KBC \u00e8 un industriale, (1) porta LAN 10\/100\/1000Mbps, (1) porta SFP.","breadcrumb":{"@id":"https:\/\/bunkerseguridad.es\/it\/prodotto-sicurezza\/convertitori-di-media-mcgn1-p1n-xnz-b\/#breadcrumb"},"inLanguage":"it-IT","potentialAction":[{"@type":"ReadAction","target":["https:\/\/bunkerseguridad.es\/it\/prodotto-sicurezza\/convertitori-di-media-mcgn1-p1n-xnz-b\/"]}]},{"@type":"ImageObject","inLanguage":"it-IT","@id":"https:\/\/bunkerseguridad.es\/it\/prodotto-sicurezza\/convertitori-di-media-mcgn1-p1n-xnz-b\/#primaryimage","url":"https:\/\/bunkerseguridad.es\/it\/wp-content\/uploads\/2020\/12\/MCGN1-P1N-Series-1.png","contentUrl":"https:\/\/bunkerseguridad.es\/it\/wp-content\/uploads\/2020\/12\/MCGN1-P1N-Series-1.png","width":1200,"height":1200,"caption":"The KBC MCGN1 series is an industrial 10\/100\/1000M Ethernet media converter"},{"@type":"BreadcrumbList","@id":"https:\/\/bunkerseguridad.es\/it\/prodotto-sicurezza\/convertitori-di-media-mcgn1-p1n-xnz-b\/#breadcrumb","itemListElement":[{"@type":"ListItem","position":1,"name":"Home","item":"https:\/\/bunkerseguridad.es\/it\/"},{"@type":"ListItem","position":2,"name":"Shop","item":"https:\/\/bunkerseguridad.es\/it\/shop\/"},{"@type":"ListItem","position":3,"name":"Convertitori di media MCGN1-P1N-xNz-B"}]},{"@type":"WebSite","@id":"https:\/\/bunkerseguridad.es\/it\/#website","url":"https:\/\/bunkerseguridad.es\/it\/","name":"Bunker Seguridad Electr\u00f3nica S.L.","description":"Produzione e distribuzione di sistemi di rilevamento perimetrale in Europa.","potentialAction":[{"@type":"SearchAction","target":{"@type":"EntryPoint","urlTemplate":"https:\/\/bunkerseguridad.es\/it\/?s={search_term_string}"},"query-input":{"@type":"PropertyValueSpecification","valueRequired":true,"valueName":"search_term_string"}}],"inLanguage":"it-IT"}]}},"brands":[{"id":206,"name":"KBC Networks","slug":"kbc-networks"}],"_links":{"self":[{"href":"https:\/\/bunkerseguridad.es\/it\/wp-json\/wp\/v2\/product\/6044","targetHints":{"allow":["GET"]}}],"collection":[{"href":"https:\/\/bunkerseguridad.es\/it\/wp-json\/wp\/v2\/product"}],"about":[{"href":"https:\/\/bunkerseguridad.es\/it\/wp-json\/wp\/v2\/types\/product"}],"wp:featuredmedia":[{"embeddable":true,"href":"https:\/\/bunkerseguridad.es\/it\/wp-json\/wp\/v2\/media\/6046"}],"wp:attachment":[{"href":"https:\/\/bunkerseguridad.es\/it\/wp-json\/wp\/v2\/media?parent=6044"}],"wp:term":[{"taxonomy":"pwb-brand","embeddable":true,"href":"https:\/\/bunkerseguridad.es\/it\/wp-json\/wp\/v2\/pwb-brand?post=6044"},{"taxonomy":"product_brand","embeddable":true,"href":"https:\/\/bunkerseguridad.es\/it\/wp-json\/wp\/v2\/product_brand?post=6044"},{"taxonomy":"product_cat","embeddable":true,"href":"https:\/\/bunkerseguridad.es\/it\/wp-json\/wp\/v2\/product_cat?post=6044"},{"taxonomy":"product_tag","embeddable":true,"href":"https:\/\/bunkerseguridad.es\/it\/wp-json\/wp\/v2\/product_tag?post=6044"}],"curies":[{"name":"wp","href":"https:\/\/api.w.org\/{rel}","templated":true}]}}