{"id":6098,"date":"2020-12-22T10:26:50","date_gmt":"2020-12-22T10:26:50","guid":{"rendered":"http:\/\/www.bunkerseguridad.es\/en\/?post_type=product&#038;p=6098"},"modified":"2021-04-13T11:01:02","modified_gmt":"2021-04-13T11:01:02","slug":"soluzioni-wireless-wes3-ax-ag","status":"publish","type":"product","link":"https:\/\/bunkerseguridad.es\/it\/prodotto-sicurezza\/soluzioni-wireless-wes3-ax-ag\/","title":{"rendered":"Soluzioni wireless &#8211; WES3-AX-AG"},"content":{"rendered":"<p><strong>Soluzioni wireless -WES3-AX-AG-5dBi<\/strong> Wireless Ethernet System \u00e8 un sistema di trasmissione wireless che opera nella banda 5GHz senza licenza, fornendo una trasmissione wireless a lungo raggio per qualsiasi cosa in formato Ethernet. Il firmware del WES3 \u00e8 configurabile per tipo di prodotto, consentendo a un&#8217;unit\u00e0 comune di essere configurata come client, host a punto singolo o host multipunto. Il sistema \u00e8 conforme a IEEE802.11a\/n e supporta un throughput fino a 99Mbps grazie alla tecnologia MIMO (Multiple In Multiple Out). Il WES3 fornisce connettivit\u00e0 per una vasta gamma di dispositivi Ethernet come telecamere megapixel\/HD, DVR, codificatori\/decodificatori e server web e utilizza un metodo di crittografia sicuro per impedire l&#8217;accesso non autorizzato al sistema. Il WES3 \u00e8 disponibile come unit\u00e0 conforme a IEEE802.3af o come versione non PoE con un modulo di iniezione di potenza per applicazioni in cui la PoE non \u00e8 disponibile. Tutte le unit\u00e0 WES3 vengono spedite con un supporto universale a parete\/palo.<\/p>\n<p><strong>Caratteristiche:<\/strong><\/p>\n<ul>\n<li>Configurabile per client \/ host singlepoint \/ host multipoint<\/li>\n<li>11a\/n compatibile<\/li>\n<li>Controllo della potenza di trasmissione<\/li>\n<li>Fino a 23dBm potenza di uscita<\/li>\n<li>Trasmissione sicura: Crittografia WPA2 &#8211; AES o TKIP<\/li>\n<li>Allineamento dell&#8217;antenna e strumenti di rilevamento del segnale del sito Regolazione della distanza per la trasmissione a lungo raggio<\/li>\n<li>Gamma di opzioni di antenna<\/li>\n<li>Supporto PoE passivo conforme al midspan<\/li>\n<li>Classe di protezione IP66<\/li>\n<\/ul>\n","protected":false},"excerpt":{"rendered":"<p><strong>Soluzioni wireless &#8211; WES3-AX-AG<\/strong> 5 GHz wireless Ethernet radio. Host punto-punto selezionabile, host o client punto-multipunto. Antenna omnidirezionale da 5dBi, <strong>alimentata PoE<\/strong> (802.3af). Firmware EMEA<\/p>\n","protected":false},"featured_media":6088,"template":"","meta":{"_et_pb_use_builder":"","_et_pb_old_content":"","_et_gb_content_width":""},"pwb-brand":[206],"product_brand":[],"product_cat":[31,35],"product_tag":[178,324,181,146,175,176],"class_list":{"0":"post-6098","1":"product","2":"type-product","3":"status-publish","4":"has-post-thumbnail","6":"pwb-brand-kbc-networks","7":"product_cat-trasmissione-dei-dati","8":"product_cat-soluzioni-wireless","9":"product_tag-5dbi","10":"product_tag-5-ghz","11":"product_tag-omni-direzionale","12":"product_tag-poe","13":"product_tag-point-to-point","14":"product_tag-punto-multipunto","16":"first","17":"instock","18":"shipping-taxable","19":"product-type-simple"},"yoast_head":"<!-- This site is optimized with the Yoast SEO plugin v25.2 - https:\/\/yoast.com\/wordpress\/plugins\/seo\/ -->\n<title>Soluzioni wireless - WES3-AX-AG - Bunker Seguridad Electr\u00f3nica S.L.<\/title>\n<meta name=\"description\" content=\"Soluzioni wireless - WES3-AX-AG 5 GHz wireless Ethernet radio. Host punto-punto selezionabile, host o client punto-multipunto.\" \/>\n<meta name=\"robots\" content=\"index, follow, max-snippet:-1, max-image-preview:large, max-video-preview:-1\" \/>\n<link rel=\"canonical\" href=\"https:\/\/bunkerseguridad.es\/it\/prodotto-sicurezza\/soluzioni-wireless-wes3-ax-ag\/\" \/>\n<meta property=\"og:locale\" content=\"it_IT\" \/>\n<meta property=\"og:type\" content=\"article\" \/>\n<meta property=\"og:title\" content=\"Soluzioni wireless - WES3-AX-AG - Bunker Seguridad Electr\u00f3nica S.L.\" \/>\n<meta property=\"og:description\" content=\"Soluzioni wireless - WES3-AX-AG 5 GHz wireless Ethernet radio. Host punto-punto selezionabile, host o client punto-multipunto.\" \/>\n<meta property=\"og:url\" content=\"https:\/\/bunkerseguridad.es\/it\/prodotto-sicurezza\/soluzioni-wireless-wes3-ax-ag\/\" \/>\n<meta property=\"og:site_name\" content=\"Bunker Seguridad Electr\u00f3nica S.L.\" \/>\n<meta property=\"article:modified_time\" content=\"2021-04-13T11:01:02+00:00\" \/>\n<meta property=\"og:image\" content=\"https:\/\/bunkerseguridad.es\/it\/wp-content\/uploads\/2020\/12\/Wireless-solutions-WES3-AX-AB-1.png\" \/>\n\t<meta property=\"og:image:width\" content=\"1200\" \/>\n\t<meta property=\"og:image:height\" content=\"1200\" \/>\n\t<meta property=\"og:image:type\" content=\"image\/png\" \/>\n<meta name=\"twitter:card\" content=\"summary_large_image\" \/>\n<meta name=\"twitter:label1\" content=\"Tempo di lettura stimato\" \/>\n\t<meta name=\"twitter:data1\" content=\"1 minuto\" \/>\n<script type=\"application\/ld+json\" class=\"yoast-schema-graph\">{\"@context\":\"https:\/\/schema.org\",\"@graph\":[{\"@type\":\"WebPage\",\"@id\":\"https:\/\/bunkerseguridad.es\/it\/prodotto-sicurezza\/soluzioni-wireless-wes3-ax-ag\/\",\"url\":\"https:\/\/bunkerseguridad.es\/it\/prodotto-sicurezza\/soluzioni-wireless-wes3-ax-ag\/\",\"name\":\"Soluzioni wireless - WES3-AX-AG - Bunker Seguridad Electr\u00f3nica S.L.\",\"isPartOf\":{\"@id\":\"https:\/\/bunkerseguridad.es\/it\/#website\"},\"primaryImageOfPage\":{\"@id\":\"https:\/\/bunkerseguridad.es\/it\/prodotto-sicurezza\/soluzioni-wireless-wes3-ax-ag\/#primaryimage\"},\"image\":{\"@id\":\"https:\/\/bunkerseguridad.es\/it\/prodotto-sicurezza\/soluzioni-wireless-wes3-ax-ag\/#primaryimage\"},\"thumbnailUrl\":\"https:\/\/bunkerseguridad.es\/it\/wp-content\/uploads\/2020\/12\/Wireless-solutions-WES3-AX-AB-1.png\",\"datePublished\":\"2020-12-22T10:26:50+00:00\",\"dateModified\":\"2021-04-13T11:01:02+00:00\",\"description\":\"Soluzioni wireless - WES3-AX-AG 5 GHz wireless Ethernet radio. Host punto-punto selezionabile, host o client punto-multipunto.\",\"breadcrumb\":{\"@id\":\"https:\/\/bunkerseguridad.es\/it\/prodotto-sicurezza\/soluzioni-wireless-wes3-ax-ag\/#breadcrumb\"},\"inLanguage\":\"it-IT\",\"potentialAction\":[{\"@type\":\"ReadAction\",\"target\":[\"https:\/\/bunkerseguridad.es\/it\/prodotto-sicurezza\/soluzioni-wireless-wes3-ax-ag\/\"]}]},{\"@type\":\"ImageObject\",\"inLanguage\":\"it-IT\",\"@id\":\"https:\/\/bunkerseguridad.es\/it\/prodotto-sicurezza\/soluzioni-wireless-wes3-ax-ag\/#primaryimage\",\"url\":\"https:\/\/bunkerseguridad.es\/it\/wp-content\/uploads\/2020\/12\/Wireless-solutions-WES3-AX-AB-1.png\",\"contentUrl\":\"https:\/\/bunkerseguridad.es\/it\/wp-content\/uploads\/2020\/12\/Wireless-solutions-WES3-AX-AB-1.png\",\"width\":1200,\"height\":1200,\"caption\":\"Wireless-solutions---WES3-AX-AB\"},{\"@type\":\"BreadcrumbList\",\"@id\":\"https:\/\/bunkerseguridad.es\/it\/prodotto-sicurezza\/soluzioni-wireless-wes3-ax-ag\/#breadcrumb\",\"itemListElement\":[{\"@type\":\"ListItem\",\"position\":1,\"name\":\"Home\",\"item\":\"https:\/\/bunkerseguridad.es\/it\/\"},{\"@type\":\"ListItem\",\"position\":2,\"name\":\"Shop\",\"item\":\"https:\/\/bunkerseguridad.es\/it\/shop\/\"},{\"@type\":\"ListItem\",\"position\":3,\"name\":\"Soluzioni wireless &#8211; WES3-AX-AG\"}]},{\"@type\":\"WebSite\",\"@id\":\"https:\/\/bunkerseguridad.es\/it\/#website\",\"url\":\"https:\/\/bunkerseguridad.es\/it\/\",\"name\":\"Bunker Seguridad Electr\u00f3nica S.L.\",\"description\":\"Produzione e distribuzione di sistemi di rilevamento perimetrale in Europa.\",\"potentialAction\":[{\"@type\":\"SearchAction\",\"target\":{\"@type\":\"EntryPoint\",\"urlTemplate\":\"https:\/\/bunkerseguridad.es\/it\/?s={search_term_string}\"},\"query-input\":{\"@type\":\"PropertyValueSpecification\",\"valueRequired\":true,\"valueName\":\"search_term_string\"}}],\"inLanguage\":\"it-IT\"}]}<\/script>\n<!-- \/ Yoast SEO plugin. -->","yoast_head_json":{"title":"Soluzioni wireless - WES3-AX-AG - Bunker Seguridad Electr\u00f3nica S.L.","description":"Soluzioni wireless - WES3-AX-AG 5 GHz wireless Ethernet radio. Host punto-punto selezionabile, host o client punto-multipunto.","robots":{"index":"index","follow":"follow","max-snippet":"max-snippet:-1","max-image-preview":"max-image-preview:large","max-video-preview":"max-video-preview:-1"},"canonical":"https:\/\/bunkerseguridad.es\/it\/prodotto-sicurezza\/soluzioni-wireless-wes3-ax-ag\/","og_locale":"it_IT","og_type":"article","og_title":"Soluzioni wireless - WES3-AX-AG - Bunker Seguridad Electr\u00f3nica S.L.","og_description":"Soluzioni wireless - WES3-AX-AG 5 GHz wireless Ethernet radio. Host punto-punto selezionabile, host o client punto-multipunto.","og_url":"https:\/\/bunkerseguridad.es\/it\/prodotto-sicurezza\/soluzioni-wireless-wes3-ax-ag\/","og_site_name":"Bunker Seguridad Electr\u00f3nica S.L.","article_modified_time":"2021-04-13T11:01:02+00:00","og_image":[{"width":1200,"height":1200,"url":"https:\/\/bunkerseguridad.es\/it\/wp-content\/uploads\/2020\/12\/Wireless-solutions-WES3-AX-AB-1.png","type":"image\/png"}],"twitter_card":"summary_large_image","twitter_misc":{"Tempo di lettura stimato":"1 minuto"},"schema":{"@context":"https:\/\/schema.org","@graph":[{"@type":"WebPage","@id":"https:\/\/bunkerseguridad.es\/it\/prodotto-sicurezza\/soluzioni-wireless-wes3-ax-ag\/","url":"https:\/\/bunkerseguridad.es\/it\/prodotto-sicurezza\/soluzioni-wireless-wes3-ax-ag\/","name":"Soluzioni wireless - WES3-AX-AG - Bunker Seguridad Electr\u00f3nica S.L.","isPartOf":{"@id":"https:\/\/bunkerseguridad.es\/it\/#website"},"primaryImageOfPage":{"@id":"https:\/\/bunkerseguridad.es\/it\/prodotto-sicurezza\/soluzioni-wireless-wes3-ax-ag\/#primaryimage"},"image":{"@id":"https:\/\/bunkerseguridad.es\/it\/prodotto-sicurezza\/soluzioni-wireless-wes3-ax-ag\/#primaryimage"},"thumbnailUrl":"https:\/\/bunkerseguridad.es\/it\/wp-content\/uploads\/2020\/12\/Wireless-solutions-WES3-AX-AB-1.png","datePublished":"2020-12-22T10:26:50+00:00","dateModified":"2021-04-13T11:01:02+00:00","description":"Soluzioni wireless - WES3-AX-AG 5 GHz wireless Ethernet radio. Host punto-punto selezionabile, host o client punto-multipunto.","breadcrumb":{"@id":"https:\/\/bunkerseguridad.es\/it\/prodotto-sicurezza\/soluzioni-wireless-wes3-ax-ag\/#breadcrumb"},"inLanguage":"it-IT","potentialAction":[{"@type":"ReadAction","target":["https:\/\/bunkerseguridad.es\/it\/prodotto-sicurezza\/soluzioni-wireless-wes3-ax-ag\/"]}]},{"@type":"ImageObject","inLanguage":"it-IT","@id":"https:\/\/bunkerseguridad.es\/it\/prodotto-sicurezza\/soluzioni-wireless-wes3-ax-ag\/#primaryimage","url":"https:\/\/bunkerseguridad.es\/it\/wp-content\/uploads\/2020\/12\/Wireless-solutions-WES3-AX-AB-1.png","contentUrl":"https:\/\/bunkerseguridad.es\/it\/wp-content\/uploads\/2020\/12\/Wireless-solutions-WES3-AX-AB-1.png","width":1200,"height":1200,"caption":"Wireless-solutions---WES3-AX-AB"},{"@type":"BreadcrumbList","@id":"https:\/\/bunkerseguridad.es\/it\/prodotto-sicurezza\/soluzioni-wireless-wes3-ax-ag\/#breadcrumb","itemListElement":[{"@type":"ListItem","position":1,"name":"Home","item":"https:\/\/bunkerseguridad.es\/it\/"},{"@type":"ListItem","position":2,"name":"Shop","item":"https:\/\/bunkerseguridad.es\/it\/shop\/"},{"@type":"ListItem","position":3,"name":"Soluzioni wireless &#8211; WES3-AX-AG"}]},{"@type":"WebSite","@id":"https:\/\/bunkerseguridad.es\/it\/#website","url":"https:\/\/bunkerseguridad.es\/it\/","name":"Bunker Seguridad Electr\u00f3nica S.L.","description":"Produzione e distribuzione di sistemi di rilevamento perimetrale in Europa.","potentialAction":[{"@type":"SearchAction","target":{"@type":"EntryPoint","urlTemplate":"https:\/\/bunkerseguridad.es\/it\/?s={search_term_string}"},"query-input":{"@type":"PropertyValueSpecification","valueRequired":true,"valueName":"search_term_string"}}],"inLanguage":"it-IT"}]}},"brands":[{"id":206,"name":"KBC Networks","slug":"kbc-networks"}],"_links":{"self":[{"href":"https:\/\/bunkerseguridad.es\/it\/wp-json\/wp\/v2\/product\/6098","targetHints":{"allow":["GET"]}}],"collection":[{"href":"https:\/\/bunkerseguridad.es\/it\/wp-json\/wp\/v2\/product"}],"about":[{"href":"https:\/\/bunkerseguridad.es\/it\/wp-json\/wp\/v2\/types\/product"}],"wp:featuredmedia":[{"embeddable":true,"href":"https:\/\/bunkerseguridad.es\/it\/wp-json\/wp\/v2\/media\/6088"}],"wp:attachment":[{"href":"https:\/\/bunkerseguridad.es\/it\/wp-json\/wp\/v2\/media?parent=6098"}],"wp:term":[{"taxonomy":"pwb-brand","embeddable":true,"href":"https:\/\/bunkerseguridad.es\/it\/wp-json\/wp\/v2\/pwb-brand?post=6098"},{"taxonomy":"product_brand","embeddable":true,"href":"https:\/\/bunkerseguridad.es\/it\/wp-json\/wp\/v2\/product_brand?post=6098"},{"taxonomy":"product_cat","embeddable":true,"href":"https:\/\/bunkerseguridad.es\/it\/wp-json\/wp\/v2\/product_cat?post=6098"},{"taxonomy":"product_tag","embeddable":true,"href":"https:\/\/bunkerseguridad.es\/it\/wp-json\/wp\/v2\/product_tag?post=6098"}],"curies":[{"name":"wp","href":"https:\/\/api.w.org\/{rel}","templated":true}]}}