{"id":6183,"date":"2020-12-23T12:32:53","date_gmt":"2020-12-23T12:32:53","guid":{"rendered":"http:\/\/www.bunkerseguridad.es\/en\/?post_type=product&#038;p=6183"},"modified":"2021-03-29T09:41:43","modified_gmt":"2021-03-29T09:41:43","slug":"ecopper-eerf1-ls1-t-in-b","status":"publish","type":"product","link":"https:\/\/bunkerseguridad.es\/it\/prodotto-sicurezza\/ecopper-eerf1-ls1-t-in-b\/","title":{"rendered":"eCopper\u2122 &#8211; EERF1-LS1-T-IN-B"},"content":{"rendered":"<p>La linea di prodotti <strong>KBC eCopper\u2122<\/strong> offre un modo economico per collegare le ultime telecamere IP utilizzando il cablaggio esistente in coassiale o in rame (UTP) a una stazione di monitoraggio remota. Oltre a risparmiare costi e tempo dagli aggiornamenti dell&#8217;infrastruttura di cablaggio a CAT5\/5e\/6, eCopper\u2122 alimenta sia il suo trasmettitore che le telecamere remote, eliminando la necessit\u00e0 di qualsiasi fonte di alimentazione aggiuntiva sul sito della telecamera. eCopper\u2122 estende anche la distanza del cavo della telecamera IP da 100 a 300 metri, rendendolo ideale per aggiornare le telecamere analogiche a IP e altri sistemi in grandi edifici aziendali, negozi, casin\u00f2, banche, prigioni, stadi e altre applicazioni.<br \/>\nIl KBC EECF1-LS1-T-IN-B \u00e8 un trasmettitore Ethernet su coassiale completamente rinforzato. Questo trasmettitore fornisce la connettivit\u00e0 per una porta in rame a coppia intrecciata standard IEEE 10\/100Mbps su un cavo coassiale da 75ohm. L&#8217;alimentazione viene fornita da uno dei ricevitori di testa, EECF16-GN3-R, EECF8-GN3-R, EECF4-DN1-R, o EECF1-LN1 -R Ethernet su ricevitori coassiali attraverso il cavo coassiale con tecnologia PoC (Power over Coax). Questo trasmettitore fornisce il supporto PoE\/PoE+. Sono supportate diverse velocit\u00e0 di dati a seconda della distanza e della qualit\u00e0 del cavo. Il design plugand-play assicura la facilit\u00e0 di installazione senza alcuna regolazione elettrica necessaria. Gli indicatori LED sono forniti per mostrare lo stato operativo dell&#8217;unit\u00e0.<br \/>\nLe porte Ethernet e coassiali del trasmettitore includono cavi volanti. Le sue dimensioni sono adatte per il montaggio all&#8217;interno della custodia della telecamera e dove lo spazio \u00e8 minimo.<\/p>\n<p><strong>Caratteristiche:<\/strong><\/p>\n<ul>\n<li>Conforme a 3af\/802.3at<\/li>\n<li>PoE+ (30W) e Power over Coax<\/li>\n<li>Le porte Ethernet e coassiali del trasmettitore includono cavi volanti<\/li>\n<li>Velocit\u00e0 di dati coassiali &gt;50Mbps (300m) in base alla qualit\u00e0 del coassiale<\/li>\n<li>PoE+ \u00e8 supportato fino a 300m in base alla qualit\u00e0 del coassiale e alla tensione applicata alla centrale &#8211; Alimentato da PoC dalla centrale: EECF16-GN3-R, EECF8-GN3-R, EECF4-<\/li>\n<li>DN1-R o EECF1-LN1-R<\/li>\n<li>Design di protezione completo, compresa la protezione da sovratensioni e fulmini<\/li>\n<li>Design unico di protezione della trasmissione PoC insieme al ricevitore a 1, 4, 8 e 16 canali in testa<\/li>\n<\/ul>\n","protected":false},"excerpt":{"rendered":"<p class=\"componentheading djc_page_heading\"><strong>eCopper\u2122 &#8211; IP su coassiale Il KBC EECF1-LS1-T-IN-<\/strong>B \u00e8 un trasmettitore completamente ruggedized Ethernet su coassiale a un canale, 1-ch Ethernet industriale su trasmettitore UTP. EoU\/PoW\/PoE+, (1) porta Ethernet, 10\/100Mbps auto-sensing, 30W end-span 802.3at PoE+. (1) porta UTP a cavo volante, EoU\/PoW, alimentata dal ricevitore della serie EERF. Modulo compatto con chiusura in velcro.<\/p>\n","protected":false},"featured_media":6194,"template":"","meta":{"_et_pb_use_builder":"","_et_pb_old_content":"","_et_gb_content_width":""},"pwb-brand":[206],"product_brand":[],"product_cat":[31,36],"product_tag":[155,163,146],"class_list":{"0":"post-6183","1":"product","2":"type-product","3":"status-publish","4":"has-post-thumbnail","6":"pwb-brand-kbc-networks","7":"product_cat-trasmissione-dei-dati","8":"product_cat-ecopper-ip-su-coassiale-utp","9":"product_tag-10-100mbps","10":"product_tag-ip-su-coassiale","11":"product_tag-poe","13":"first","14":"instock","15":"shipping-taxable","16":"product-type-simple"},"yoast_head":"<!-- This site is optimized with the Yoast SEO plugin v25.2 - https:\/\/yoast.com\/wordpress\/plugins\/seo\/ -->\n<title>eCopper\u2122 - EERF1-LS1-T-IN-B - Bunker Seguridad Electr\u00f3nica S.L.<\/title>\n<meta name=\"description\" content=\"Il KBC EECF1-LS1-T-IN-B \u00e8 un trasmettitore completamente ruggedized Ethernet su coassiale a un canale, 1-ch Ethernet industriale su trasmettitore UTP.\" \/>\n<meta name=\"robots\" content=\"index, follow, max-snippet:-1, max-image-preview:large, max-video-preview:-1\" \/>\n<link rel=\"canonical\" href=\"https:\/\/bunkerseguridad.es\/it\/prodotto-sicurezza\/ecopper-eerf1-ls1-t-in-b\/\" \/>\n<meta property=\"og:locale\" content=\"it_IT\" \/>\n<meta property=\"og:type\" content=\"article\" \/>\n<meta property=\"og:title\" content=\"eCopper\u2122 - EERF1-LS1-T-IN-B - Bunker Seguridad Electr\u00f3nica S.L.\" \/>\n<meta property=\"og:description\" content=\"Il KBC EECF1-LS1-T-IN-B \u00e8 un trasmettitore completamente ruggedized Ethernet su coassiale a un canale, 1-ch Ethernet industriale su trasmettitore UTP.\" \/>\n<meta property=\"og:url\" content=\"https:\/\/bunkerseguridad.es\/it\/prodotto-sicurezza\/ecopper-eerf1-ls1-t-in-b\/\" \/>\n<meta property=\"og:site_name\" content=\"Bunker Seguridad Electr\u00f3nica S.L.\" \/>\n<meta property=\"article:modified_time\" content=\"2021-03-29T09:41:43+00:00\" \/>\n<meta property=\"og:image\" content=\"https:\/\/bunkerseguridad.es\/it\/wp-content\/uploads\/2020\/12\/EECF1-LS1-T-IN-B-eCopper-Extended-Ethernet-Modules-over-Coax-1.png\" \/>\n\t<meta property=\"og:image:width\" content=\"1200\" \/>\n\t<meta property=\"og:image:height\" content=\"1200\" \/>\n\t<meta property=\"og:image:type\" content=\"image\/png\" \/>\n<meta name=\"twitter:card\" content=\"summary_large_image\" \/>\n<meta name=\"twitter:label1\" content=\"Tempo di lettura stimato\" \/>\n\t<meta name=\"twitter:data1\" content=\"2 minuti\" \/>\n<script type=\"application\/ld+json\" class=\"yoast-schema-graph\">{\"@context\":\"https:\/\/schema.org\",\"@graph\":[{\"@type\":\"WebPage\",\"@id\":\"https:\/\/bunkerseguridad.es\/it\/prodotto-sicurezza\/ecopper-eerf1-ls1-t-in-b\/\",\"url\":\"https:\/\/bunkerseguridad.es\/it\/prodotto-sicurezza\/ecopper-eerf1-ls1-t-in-b\/\",\"name\":\"eCopper\u2122 - EERF1-LS1-T-IN-B - Bunker Seguridad Electr\u00f3nica S.L.\",\"isPartOf\":{\"@id\":\"https:\/\/bunkerseguridad.es\/it\/#website\"},\"primaryImageOfPage\":{\"@id\":\"https:\/\/bunkerseguridad.es\/it\/prodotto-sicurezza\/ecopper-eerf1-ls1-t-in-b\/#primaryimage\"},\"image\":{\"@id\":\"https:\/\/bunkerseguridad.es\/it\/prodotto-sicurezza\/ecopper-eerf1-ls1-t-in-b\/#primaryimage\"},\"thumbnailUrl\":\"https:\/\/bunkerseguridad.es\/it\/wp-content\/uploads\/2020\/12\/EECF1-LS1-T-IN-B-eCopper-Extended-Ethernet-Modules-over-Coax-1.png\",\"datePublished\":\"2020-12-23T12:32:53+00:00\",\"dateModified\":\"2021-03-29T09:41:43+00:00\",\"description\":\"Il KBC EECF1-LS1-T-IN-B \u00e8 un trasmettitore completamente ruggedized Ethernet su coassiale a un canale, 1-ch Ethernet industriale su trasmettitore UTP.\",\"breadcrumb\":{\"@id\":\"https:\/\/bunkerseguridad.es\/it\/prodotto-sicurezza\/ecopper-eerf1-ls1-t-in-b\/#breadcrumb\"},\"inLanguage\":\"it-IT\",\"potentialAction\":[{\"@type\":\"ReadAction\",\"target\":[\"https:\/\/bunkerseguridad.es\/it\/prodotto-sicurezza\/ecopper-eerf1-ls1-t-in-b\/\"]}]},{\"@type\":\"ImageObject\",\"inLanguage\":\"it-IT\",\"@id\":\"https:\/\/bunkerseguridad.es\/it\/prodotto-sicurezza\/ecopper-eerf1-ls1-t-in-b\/#primaryimage\",\"url\":\"https:\/\/bunkerseguridad.es\/it\/wp-content\/uploads\/2020\/12\/EECF1-LS1-T-IN-B-eCopper-Extended-Ethernet-Modules-over-Coax-1.png\",\"contentUrl\":\"https:\/\/bunkerseguridad.es\/it\/wp-content\/uploads\/2020\/12\/EECF1-LS1-T-IN-B-eCopper-Extended-Ethernet-Modules-over-Coax-1.png\",\"width\":1200,\"height\":1200,\"caption\":\"The KBC eCopper\"},{\"@type\":\"BreadcrumbList\",\"@id\":\"https:\/\/bunkerseguridad.es\/it\/prodotto-sicurezza\/ecopper-eerf1-ls1-t-in-b\/#breadcrumb\",\"itemListElement\":[{\"@type\":\"ListItem\",\"position\":1,\"name\":\"Home\",\"item\":\"https:\/\/bunkerseguridad.es\/it\/\"},{\"@type\":\"ListItem\",\"position\":2,\"name\":\"Shop\",\"item\":\"https:\/\/bunkerseguridad.es\/it\/shop\/\"},{\"@type\":\"ListItem\",\"position\":3,\"name\":\"eCopper\u2122 &#8211; EERF1-LS1-T-IN-B\"}]},{\"@type\":\"WebSite\",\"@id\":\"https:\/\/bunkerseguridad.es\/it\/#website\",\"url\":\"https:\/\/bunkerseguridad.es\/it\/\",\"name\":\"Bunker Seguridad Electr\u00f3nica S.L.\",\"description\":\"Produzione e distribuzione di sistemi di rilevamento perimetrale in Europa.\",\"potentialAction\":[{\"@type\":\"SearchAction\",\"target\":{\"@type\":\"EntryPoint\",\"urlTemplate\":\"https:\/\/bunkerseguridad.es\/it\/?s={search_term_string}\"},\"query-input\":{\"@type\":\"PropertyValueSpecification\",\"valueRequired\":true,\"valueName\":\"search_term_string\"}}],\"inLanguage\":\"it-IT\"}]}<\/script>\n<!-- \/ Yoast SEO plugin. -->","yoast_head_json":{"title":"eCopper\u2122 - EERF1-LS1-T-IN-B - Bunker Seguridad Electr\u00f3nica S.L.","description":"Il KBC EECF1-LS1-T-IN-B \u00e8 un trasmettitore completamente ruggedized Ethernet su coassiale a un canale, 1-ch Ethernet industriale su trasmettitore UTP.","robots":{"index":"index","follow":"follow","max-snippet":"max-snippet:-1","max-image-preview":"max-image-preview:large","max-video-preview":"max-video-preview:-1"},"canonical":"https:\/\/bunkerseguridad.es\/it\/prodotto-sicurezza\/ecopper-eerf1-ls1-t-in-b\/","og_locale":"it_IT","og_type":"article","og_title":"eCopper\u2122 - EERF1-LS1-T-IN-B - Bunker Seguridad Electr\u00f3nica S.L.","og_description":"Il KBC EECF1-LS1-T-IN-B \u00e8 un trasmettitore completamente ruggedized Ethernet su coassiale a un canale, 1-ch Ethernet industriale su trasmettitore UTP.","og_url":"https:\/\/bunkerseguridad.es\/it\/prodotto-sicurezza\/ecopper-eerf1-ls1-t-in-b\/","og_site_name":"Bunker Seguridad Electr\u00f3nica S.L.","article_modified_time":"2021-03-29T09:41:43+00:00","og_image":[{"width":1200,"height":1200,"url":"https:\/\/bunkerseguridad.es\/it\/wp-content\/uploads\/2020\/12\/EECF1-LS1-T-IN-B-eCopper-Extended-Ethernet-Modules-over-Coax-1.png","type":"image\/png"}],"twitter_card":"summary_large_image","twitter_misc":{"Tempo di lettura stimato":"2 minuti"},"schema":{"@context":"https:\/\/schema.org","@graph":[{"@type":"WebPage","@id":"https:\/\/bunkerseguridad.es\/it\/prodotto-sicurezza\/ecopper-eerf1-ls1-t-in-b\/","url":"https:\/\/bunkerseguridad.es\/it\/prodotto-sicurezza\/ecopper-eerf1-ls1-t-in-b\/","name":"eCopper\u2122 - EERF1-LS1-T-IN-B - Bunker Seguridad Electr\u00f3nica S.L.","isPartOf":{"@id":"https:\/\/bunkerseguridad.es\/it\/#website"},"primaryImageOfPage":{"@id":"https:\/\/bunkerseguridad.es\/it\/prodotto-sicurezza\/ecopper-eerf1-ls1-t-in-b\/#primaryimage"},"image":{"@id":"https:\/\/bunkerseguridad.es\/it\/prodotto-sicurezza\/ecopper-eerf1-ls1-t-in-b\/#primaryimage"},"thumbnailUrl":"https:\/\/bunkerseguridad.es\/it\/wp-content\/uploads\/2020\/12\/EECF1-LS1-T-IN-B-eCopper-Extended-Ethernet-Modules-over-Coax-1.png","datePublished":"2020-12-23T12:32:53+00:00","dateModified":"2021-03-29T09:41:43+00:00","description":"Il KBC EECF1-LS1-T-IN-B \u00e8 un trasmettitore completamente ruggedized Ethernet su coassiale a un canale, 1-ch Ethernet industriale su trasmettitore UTP.","breadcrumb":{"@id":"https:\/\/bunkerseguridad.es\/it\/prodotto-sicurezza\/ecopper-eerf1-ls1-t-in-b\/#breadcrumb"},"inLanguage":"it-IT","potentialAction":[{"@type":"ReadAction","target":["https:\/\/bunkerseguridad.es\/it\/prodotto-sicurezza\/ecopper-eerf1-ls1-t-in-b\/"]}]},{"@type":"ImageObject","inLanguage":"it-IT","@id":"https:\/\/bunkerseguridad.es\/it\/prodotto-sicurezza\/ecopper-eerf1-ls1-t-in-b\/#primaryimage","url":"https:\/\/bunkerseguridad.es\/it\/wp-content\/uploads\/2020\/12\/EECF1-LS1-T-IN-B-eCopper-Extended-Ethernet-Modules-over-Coax-1.png","contentUrl":"https:\/\/bunkerseguridad.es\/it\/wp-content\/uploads\/2020\/12\/EECF1-LS1-T-IN-B-eCopper-Extended-Ethernet-Modules-over-Coax-1.png","width":1200,"height":1200,"caption":"The KBC eCopper"},{"@type":"BreadcrumbList","@id":"https:\/\/bunkerseguridad.es\/it\/prodotto-sicurezza\/ecopper-eerf1-ls1-t-in-b\/#breadcrumb","itemListElement":[{"@type":"ListItem","position":1,"name":"Home","item":"https:\/\/bunkerseguridad.es\/it\/"},{"@type":"ListItem","position":2,"name":"Shop","item":"https:\/\/bunkerseguridad.es\/it\/shop\/"},{"@type":"ListItem","position":3,"name":"eCopper\u2122 &#8211; EERF1-LS1-T-IN-B"}]},{"@type":"WebSite","@id":"https:\/\/bunkerseguridad.es\/it\/#website","url":"https:\/\/bunkerseguridad.es\/it\/","name":"Bunker Seguridad Electr\u00f3nica S.L.","description":"Produzione e distribuzione di sistemi di rilevamento perimetrale in Europa.","potentialAction":[{"@type":"SearchAction","target":{"@type":"EntryPoint","urlTemplate":"https:\/\/bunkerseguridad.es\/it\/?s={search_term_string}"},"query-input":{"@type":"PropertyValueSpecification","valueRequired":true,"valueName":"search_term_string"}}],"inLanguage":"it-IT"}]}},"brands":[{"id":206,"name":"KBC Networks","slug":"kbc-networks"}],"_links":{"self":[{"href":"https:\/\/bunkerseguridad.es\/it\/wp-json\/wp\/v2\/product\/6183","targetHints":{"allow":["GET"]}}],"collection":[{"href":"https:\/\/bunkerseguridad.es\/it\/wp-json\/wp\/v2\/product"}],"about":[{"href":"https:\/\/bunkerseguridad.es\/it\/wp-json\/wp\/v2\/types\/product"}],"wp:featuredmedia":[{"embeddable":true,"href":"https:\/\/bunkerseguridad.es\/it\/wp-json\/wp\/v2\/media\/6194"}],"wp:attachment":[{"href":"https:\/\/bunkerseguridad.es\/it\/wp-json\/wp\/v2\/media?parent=6183"}],"wp:term":[{"taxonomy":"pwb-brand","embeddable":true,"href":"https:\/\/bunkerseguridad.es\/it\/wp-json\/wp\/v2\/pwb-brand?post=6183"},{"taxonomy":"product_brand","embeddable":true,"href":"https:\/\/bunkerseguridad.es\/it\/wp-json\/wp\/v2\/product_brand?post=6183"},{"taxonomy":"product_cat","embeddable":true,"href":"https:\/\/bunkerseguridad.es\/it\/wp-json\/wp\/v2\/product_cat?post=6183"},{"taxonomy":"product_tag","embeddable":true,"href":"https:\/\/bunkerseguridad.es\/it\/wp-json\/wp\/v2\/product_tag?post=6183"}],"curies":[{"name":"wp","href":"https:\/\/api.w.org\/{rel}","templated":true}]}}