{"id":6309,"date":"2020-12-28T08:43:24","date_gmt":"2020-12-28T08:43:24","guid":{"rendered":"http:\/\/www.bunkerseguridad.es\/en\/?post_type=product&#038;p=6309"},"modified":"2021-03-29T09:04:12","modified_gmt":"2021-03-29T09:04:12","slug":"ecopper-eecf1-ln1-r-mn-b","status":"publish","type":"product","link":"https:\/\/bunkerseguridad.es\/it\/prodotto-sicurezza\/ecopper-eecf1-ln1-r-mn-b\/","title":{"rendered":"eCopper\u2122 &#8211; EECF1-LN1-R-MN-B"},"content":{"rendered":"<p>Il <strong>KBC eCopper\u2122<\/strong> he KBC EECF1-LN1-R-MN-B \u00e8 un ricevitore completamente ruggedized Ethernet su coax a un canale. La sua porta BNC si collega al coassiale e la sua porta 10\/100M Base-T si collega a uno switch. Fornisce la connettivit\u00e0 a un singolo trasmettitore del dispositivo PoC\/PoE EECF1-LS1-T-MN-B. L&#8217;alimentazione viene fornita al trasmettitore attraverso il cavo coassiale. Sono supportate diverse velocit\u00e0 di trasmissione dati a seconda della distanza e della qualit\u00e0 del cavo. Il design plug-and-play assicura la facilit\u00e0 di installazione senza la necessit\u00e0 di regolazioni elettriche. Gli indicatori LED sono forniti per mostrare lo stato operativo dell&#8217;unit\u00e0. Questo ricevitore a un canale si installa con una clip di metallo.<\/p>\n<p><strong>Caratteristiche:<\/strong><\/p>\n<ul>\n<li>1 porta coassiale con PoC<\/li>\n<li>1 porta 10\/100 Base-T<\/li>\n<li>Si collega a 1 unit\u00e0 EECF1-LS1-T-IN-B o 1 unit\u00e0 EECF1-LS1-T-MN-B<\/li>\n<li>Velocit\u00e0 dati coassiale &gt;50Mbps (300m)<\/li>\n<li>PoE+ \u00e8 supportato fino a 300m in base alla qualit\u00e0 del coassiale e alla tensione applicata al coassiale (48~57VDC)<\/li>\n<li>Protezione da sovracorrente e cortocircuito<\/li>\n<li>Design unico di protezione della trasmissione PoC in modo che non venga emesso alcun potere quando l&#8217;estremit\u00e0 del trasmettitore non \u00e8 collegata<\/li>\n<\/ul>\n","protected":false},"excerpt":{"rendered":"<p class=\"componentheading djc_page_heading\"><strong>eCopper\u2122 &#8211; Il KBC EECF1-LN1-R-MN-B<\/strong> \u00e8 un ricevitore ad un canale completamente ruggedized Ethernet over coax. Ethernet industriale a 1 canale su ricevitore coassiale. EoC\/PoC\/PoE+, (1) porta Ethernet fissa, 10\/100Base-T auto-sensing. (1) porta coassiale fissa, che fornisce EoC\/PoC. Ingresso 48~57VDC. Modulo compatto. Richiede un alimentatore venduto separatamente.<\/p>\n","protected":false},"featured_media":6311,"template":"","meta":{"_et_pb_use_builder":"","_et_pb_old_content":"","_et_gb_content_width":""},"pwb-brand":[206],"product_brand":[],"product_cat":[31,36],"product_tag":[155,163,146],"class_list":{"0":"post-6309","1":"product","2":"type-product","3":"status-publish","4":"has-post-thumbnail","6":"pwb-brand-kbc-networks","7":"product_cat-trasmissione-dei-dati","8":"product_cat-ecopper-ip-su-coassiale-utp","9":"product_tag-10-100mbps","10":"product_tag-ip-su-coassiale","11":"product_tag-poe","13":"first","14":"instock","15":"shipping-taxable","16":"product-type-simple"},"yoast_head":"<!-- This site is optimized with the Yoast SEO plugin v25.2 - https:\/\/yoast.com\/wordpress\/plugins\/seo\/ -->\n<title>eCopper\u2122 - EECF1-LN1-R-MN-B - Bunker Seguridad Electr\u00f3nica S.L.<\/title>\n<meta name=\"description\" content=\"Il KBC eCopper\u2122 he KBC EECF1-LN1-R-MN-B \u00e8 un ricevitore completamente ruggedized Ethernet su coax a un canale.\" \/>\n<meta name=\"robots\" content=\"index, follow, max-snippet:-1, max-image-preview:large, max-video-preview:-1\" \/>\n<link rel=\"canonical\" href=\"https:\/\/bunkerseguridad.es\/it\/prodotto-sicurezza\/ecopper-eecf1-ln1-r-mn-b\/\" \/>\n<meta property=\"og:locale\" content=\"it_IT\" \/>\n<meta property=\"og:type\" content=\"article\" \/>\n<meta property=\"og:title\" content=\"eCopper\u2122 - EECF1-LN1-R-MN-B - Bunker Seguridad Electr\u00f3nica S.L.\" \/>\n<meta property=\"og:description\" content=\"Il KBC eCopper\u2122 he KBC EECF1-LN1-R-MN-B \u00e8 un ricevitore completamente ruggedized Ethernet su coax a un canale.\" \/>\n<meta property=\"og:url\" content=\"https:\/\/bunkerseguridad.es\/it\/prodotto-sicurezza\/ecopper-eecf1-ln1-r-mn-b\/\" \/>\n<meta property=\"og:site_name\" content=\"Bunker Seguridad Electr\u00f3nica S.L.\" \/>\n<meta property=\"article:modified_time\" content=\"2021-03-29T09:04:12+00:00\" \/>\n<meta property=\"og:image\" content=\"https:\/\/bunkerseguridad.es\/it\/wp-content\/uploads\/2020\/12\/EECF1-LN1-R-MN-B-ndustrial-Ethernet-Over-Coax-Receiver-with-PoC.png\" \/>\n\t<meta property=\"og:image:width\" content=\"1200\" \/>\n\t<meta property=\"og:image:height\" content=\"1200\" \/>\n\t<meta property=\"og:image:type\" content=\"image\/png\" \/>\n<meta name=\"twitter:card\" content=\"summary_large_image\" \/>\n<meta name=\"twitter:label1\" content=\"Tempo di lettura stimato\" \/>\n\t<meta name=\"twitter:data1\" content=\"1 minuto\" \/>\n<script type=\"application\/ld+json\" class=\"yoast-schema-graph\">{\"@context\":\"https:\/\/schema.org\",\"@graph\":[{\"@type\":\"WebPage\",\"@id\":\"https:\/\/bunkerseguridad.es\/it\/prodotto-sicurezza\/ecopper-eecf1-ln1-r-mn-b\/\",\"url\":\"https:\/\/bunkerseguridad.es\/it\/prodotto-sicurezza\/ecopper-eecf1-ln1-r-mn-b\/\",\"name\":\"eCopper\u2122 - EECF1-LN1-R-MN-B - Bunker Seguridad Electr\u00f3nica S.L.\",\"isPartOf\":{\"@id\":\"https:\/\/bunkerseguridad.es\/it\/#website\"},\"primaryImageOfPage\":{\"@id\":\"https:\/\/bunkerseguridad.es\/it\/prodotto-sicurezza\/ecopper-eecf1-ln1-r-mn-b\/#primaryimage\"},\"image\":{\"@id\":\"https:\/\/bunkerseguridad.es\/it\/prodotto-sicurezza\/ecopper-eecf1-ln1-r-mn-b\/#primaryimage\"},\"thumbnailUrl\":\"https:\/\/bunkerseguridad.es\/it\/wp-content\/uploads\/2020\/12\/EECF1-LN1-R-MN-B-ndustrial-Ethernet-Over-Coax-Receiver-with-PoC.png\",\"datePublished\":\"2020-12-28T08:43:24+00:00\",\"dateModified\":\"2021-03-29T09:04:12+00:00\",\"description\":\"Il KBC eCopper\u2122 he KBC EECF1-LN1-R-MN-B \u00e8 un ricevitore completamente ruggedized Ethernet su coax a un canale.\",\"breadcrumb\":{\"@id\":\"https:\/\/bunkerseguridad.es\/it\/prodotto-sicurezza\/ecopper-eecf1-ln1-r-mn-b\/#breadcrumb\"},\"inLanguage\":\"it-IT\",\"potentialAction\":[{\"@type\":\"ReadAction\",\"target\":[\"https:\/\/bunkerseguridad.es\/it\/prodotto-sicurezza\/ecopper-eecf1-ln1-r-mn-b\/\"]}]},{\"@type\":\"ImageObject\",\"inLanguage\":\"it-IT\",\"@id\":\"https:\/\/bunkerseguridad.es\/it\/prodotto-sicurezza\/ecopper-eecf1-ln1-r-mn-b\/#primaryimage\",\"url\":\"https:\/\/bunkerseguridad.es\/it\/wp-content\/uploads\/2020\/12\/EECF1-LN1-R-MN-B-ndustrial-Ethernet-Over-Coax-Receiver-with-PoC.png\",\"contentUrl\":\"https:\/\/bunkerseguridad.es\/it\/wp-content\/uploads\/2020\/12\/EECF1-LN1-R-MN-B-ndustrial-Ethernet-Over-Coax-Receiver-with-PoC.png\",\"width\":1200,\"height\":1200,\"caption\":\"he KBC eCoppe line of products offer a cost-effective way to connect the latest IP cameras using existing coax or copper (UTP) wiring to a remote monitoring station.\"},{\"@type\":\"BreadcrumbList\",\"@id\":\"https:\/\/bunkerseguridad.es\/it\/prodotto-sicurezza\/ecopper-eecf1-ln1-r-mn-b\/#breadcrumb\",\"itemListElement\":[{\"@type\":\"ListItem\",\"position\":1,\"name\":\"Home\",\"item\":\"https:\/\/bunkerseguridad.es\/it\/\"},{\"@type\":\"ListItem\",\"position\":2,\"name\":\"Shop\",\"item\":\"https:\/\/bunkerseguridad.es\/it\/shop\/\"},{\"@type\":\"ListItem\",\"position\":3,\"name\":\"eCopper\u2122 &#8211; EECF1-LN1-R-MN-B\"}]},{\"@type\":\"WebSite\",\"@id\":\"https:\/\/bunkerseguridad.es\/it\/#website\",\"url\":\"https:\/\/bunkerseguridad.es\/it\/\",\"name\":\"Bunker Seguridad Electr\u00f3nica S.L.\",\"description\":\"Produzione e distribuzione di sistemi di rilevamento perimetrale in Europa.\",\"potentialAction\":[{\"@type\":\"SearchAction\",\"target\":{\"@type\":\"EntryPoint\",\"urlTemplate\":\"https:\/\/bunkerseguridad.es\/it\/?s={search_term_string}\"},\"query-input\":{\"@type\":\"PropertyValueSpecification\",\"valueRequired\":true,\"valueName\":\"search_term_string\"}}],\"inLanguage\":\"it-IT\"}]}<\/script>\n<!-- \/ Yoast SEO plugin. -->","yoast_head_json":{"title":"eCopper\u2122 - EECF1-LN1-R-MN-B - Bunker Seguridad Electr\u00f3nica S.L.","description":"Il KBC eCopper\u2122 he KBC EECF1-LN1-R-MN-B \u00e8 un ricevitore completamente ruggedized Ethernet su coax a un canale.","robots":{"index":"index","follow":"follow","max-snippet":"max-snippet:-1","max-image-preview":"max-image-preview:large","max-video-preview":"max-video-preview:-1"},"canonical":"https:\/\/bunkerseguridad.es\/it\/prodotto-sicurezza\/ecopper-eecf1-ln1-r-mn-b\/","og_locale":"it_IT","og_type":"article","og_title":"eCopper\u2122 - EECF1-LN1-R-MN-B - Bunker Seguridad Electr\u00f3nica S.L.","og_description":"Il KBC eCopper\u2122 he KBC EECF1-LN1-R-MN-B \u00e8 un ricevitore completamente ruggedized Ethernet su coax a un canale.","og_url":"https:\/\/bunkerseguridad.es\/it\/prodotto-sicurezza\/ecopper-eecf1-ln1-r-mn-b\/","og_site_name":"Bunker Seguridad Electr\u00f3nica S.L.","article_modified_time":"2021-03-29T09:04:12+00:00","og_image":[{"width":1200,"height":1200,"url":"https:\/\/bunkerseguridad.es\/it\/wp-content\/uploads\/2020\/12\/EECF1-LN1-R-MN-B-ndustrial-Ethernet-Over-Coax-Receiver-with-PoC.png","type":"image\/png"}],"twitter_card":"summary_large_image","twitter_misc":{"Tempo di lettura stimato":"1 minuto"},"schema":{"@context":"https:\/\/schema.org","@graph":[{"@type":"WebPage","@id":"https:\/\/bunkerseguridad.es\/it\/prodotto-sicurezza\/ecopper-eecf1-ln1-r-mn-b\/","url":"https:\/\/bunkerseguridad.es\/it\/prodotto-sicurezza\/ecopper-eecf1-ln1-r-mn-b\/","name":"eCopper\u2122 - EECF1-LN1-R-MN-B - Bunker Seguridad Electr\u00f3nica S.L.","isPartOf":{"@id":"https:\/\/bunkerseguridad.es\/it\/#website"},"primaryImageOfPage":{"@id":"https:\/\/bunkerseguridad.es\/it\/prodotto-sicurezza\/ecopper-eecf1-ln1-r-mn-b\/#primaryimage"},"image":{"@id":"https:\/\/bunkerseguridad.es\/it\/prodotto-sicurezza\/ecopper-eecf1-ln1-r-mn-b\/#primaryimage"},"thumbnailUrl":"https:\/\/bunkerseguridad.es\/it\/wp-content\/uploads\/2020\/12\/EECF1-LN1-R-MN-B-ndustrial-Ethernet-Over-Coax-Receiver-with-PoC.png","datePublished":"2020-12-28T08:43:24+00:00","dateModified":"2021-03-29T09:04:12+00:00","description":"Il KBC eCopper\u2122 he KBC EECF1-LN1-R-MN-B \u00e8 un ricevitore completamente ruggedized Ethernet su coax a un canale.","breadcrumb":{"@id":"https:\/\/bunkerseguridad.es\/it\/prodotto-sicurezza\/ecopper-eecf1-ln1-r-mn-b\/#breadcrumb"},"inLanguage":"it-IT","potentialAction":[{"@type":"ReadAction","target":["https:\/\/bunkerseguridad.es\/it\/prodotto-sicurezza\/ecopper-eecf1-ln1-r-mn-b\/"]}]},{"@type":"ImageObject","inLanguage":"it-IT","@id":"https:\/\/bunkerseguridad.es\/it\/prodotto-sicurezza\/ecopper-eecf1-ln1-r-mn-b\/#primaryimage","url":"https:\/\/bunkerseguridad.es\/it\/wp-content\/uploads\/2020\/12\/EECF1-LN1-R-MN-B-ndustrial-Ethernet-Over-Coax-Receiver-with-PoC.png","contentUrl":"https:\/\/bunkerseguridad.es\/it\/wp-content\/uploads\/2020\/12\/EECF1-LN1-R-MN-B-ndustrial-Ethernet-Over-Coax-Receiver-with-PoC.png","width":1200,"height":1200,"caption":"he KBC eCoppe line of products offer a cost-effective way to connect the latest IP cameras using existing coax or copper (UTP) wiring to a remote monitoring station."},{"@type":"BreadcrumbList","@id":"https:\/\/bunkerseguridad.es\/it\/prodotto-sicurezza\/ecopper-eecf1-ln1-r-mn-b\/#breadcrumb","itemListElement":[{"@type":"ListItem","position":1,"name":"Home","item":"https:\/\/bunkerseguridad.es\/it\/"},{"@type":"ListItem","position":2,"name":"Shop","item":"https:\/\/bunkerseguridad.es\/it\/shop\/"},{"@type":"ListItem","position":3,"name":"eCopper\u2122 &#8211; EECF1-LN1-R-MN-B"}]},{"@type":"WebSite","@id":"https:\/\/bunkerseguridad.es\/it\/#website","url":"https:\/\/bunkerseguridad.es\/it\/","name":"Bunker Seguridad Electr\u00f3nica S.L.","description":"Produzione e distribuzione di sistemi di rilevamento perimetrale in Europa.","potentialAction":[{"@type":"SearchAction","target":{"@type":"EntryPoint","urlTemplate":"https:\/\/bunkerseguridad.es\/it\/?s={search_term_string}"},"query-input":{"@type":"PropertyValueSpecification","valueRequired":true,"valueName":"search_term_string"}}],"inLanguage":"it-IT"}]}},"brands":[{"id":206,"name":"KBC Networks","slug":"kbc-networks"}],"_links":{"self":[{"href":"https:\/\/bunkerseguridad.es\/it\/wp-json\/wp\/v2\/product\/6309","targetHints":{"allow":["GET"]}}],"collection":[{"href":"https:\/\/bunkerseguridad.es\/it\/wp-json\/wp\/v2\/product"}],"about":[{"href":"https:\/\/bunkerseguridad.es\/it\/wp-json\/wp\/v2\/types\/product"}],"wp:featuredmedia":[{"embeddable":true,"href":"https:\/\/bunkerseguridad.es\/it\/wp-json\/wp\/v2\/media\/6311"}],"wp:attachment":[{"href":"https:\/\/bunkerseguridad.es\/it\/wp-json\/wp\/v2\/media?parent=6309"}],"wp:term":[{"taxonomy":"pwb-brand","embeddable":true,"href":"https:\/\/bunkerseguridad.es\/it\/wp-json\/wp\/v2\/pwb-brand?post=6309"},{"taxonomy":"product_brand","embeddable":true,"href":"https:\/\/bunkerseguridad.es\/it\/wp-json\/wp\/v2\/product_brand?post=6309"},{"taxonomy":"product_cat","embeddable":true,"href":"https:\/\/bunkerseguridad.es\/it\/wp-json\/wp\/v2\/product_cat?post=6309"},{"taxonomy":"product_tag","embeddable":true,"href":"https:\/\/bunkerseguridad.es\/it\/wp-json\/wp\/v2\/product_tag?post=6309"}],"curies":[{"name":"wp","href":"https:\/\/api.w.org\/{rel}","templated":true}]}}