{"id":6312,"date":"2020-12-28T09:26:15","date_gmt":"2020-12-28T09:26:15","guid":{"rendered":"http:\/\/www.bunkerseguridad.es\/en\/?post_type=product&#038;p=6312"},"modified":"2021-03-29T09:07:47","modified_gmt":"2021-03-29T09:07:47","slug":"ecopper-eecf1-ls4-t-wn-b","status":"publish","type":"product","link":"https:\/\/bunkerseguridad.es\/it\/prodotto-sicurezza\/ecopper-eecf1-ls4-t-wn-b\/","title":{"rendered":"eCopper\u2122 &#8211; EECF1-LS4-T-WN-B"},"content":{"rendered":"<p><strong>Il KBC eCopper\u2122 Il KBC EECF1-LN1-R-MN-B<\/strong> \u00e8 un trasmettitore Ethernet su coassiale completamente ruggedized. Questo trasmettitore fornisce la connettivit\u00e0 per quattro porte in rame twisted pair standard IEEE 10\/100Mbps su un cavo coassiale da 75ohm. L&#8217;alimentazione viene fornita dal ricevitore EECF1-LN1-R attraverso il cavo coassiale con la tecnologia PoC (Power over Coax). Questo trasmettitore fornisce il supporto PoE\/PoE+. Sono supportate diverse velocit\u00e0 di trasmissione dati a seconda della distanza e della qualit\u00e0 del cavo. Il design plug-and-play assicura la facilit\u00e0 di installazione con n4 porte UTP con o senza PoW.<\/p>\n<p><strong>Caratteristiche:<\/strong><\/p>\n<ul>\n<li>Conforme a 802.3af\/802.3at<\/li>\n<li>PoE+ (30W) e Power over Coax<\/li>\n<li>Velocit\u00e0 di dati coassiali &gt;50Mbps (300m) in base alla qualit\u00e0 del coassiale<\/li>\n<li>PoE+ \u00e8 supportato fino a 300m in base alla qualit\u00e0 del coassiale e alla tensione applicata alla centrale<\/li>\n<li>Alimentato da PoC dal ricevitore EECF1-LN1-R della casa madre (30W max. condivisi dalle 4 porte)<\/li>\n<li>Design di protezione completo, compresa la protezione dalle sovratensioni e dai fulmini<\/li>\n<li>Design unico di protezione della trasmissione PoC insieme a 1 canale del ricevitore headend<\/li>\n<li>Gestione PoC<\/li>\n<li>Ingresso alimentazione locale<\/li>\n<\/ul>\n","protected":false},"excerpt":{"rendered":"<p class=\"componentheading djc_page_heading\"><strong>eCopper\u2122 &#8211; Il KBC EECF1-LN1-R-MN-B<\/strong> \u00e8 un trasmettitore Ethernet over coax completamente ruggedized. Ethernet industriale a 4 canali su trasmettitore coassiale con gestione PoC\/PoE+, 1 BNC fisso, 4*10\/100M Base-T porte RJ-45 con PoE+, ingresso PoC 30W o alimentatore opzionale 48~57VDC venduto separatamente. Modulo compatto con montaggio a clip.<\/p>\n","protected":false},"featured_media":6313,"template":"","meta":{"_et_pb_use_builder":"","_et_pb_old_content":"","_et_gb_content_width":""},"pwb-brand":[206],"product_brand":[],"product_cat":[31,36],"product_tag":[155,165,163,146],"class_list":{"0":"post-6312","1":"product","2":"type-product","3":"status-publish","4":"has-post-thumbnail","6":"pwb-brand-kbc-networks","7":"product_cat-trasmissione-dei-dati","8":"product_cat-ecopper-ip-su-coassiale-utp","9":"product_tag-10-100mbps","10":"product_tag-eoc-poc","11":"product_tag-ip-su-coassiale","12":"product_tag-poe","14":"first","15":"instock","16":"shipping-taxable","17":"product-type-simple"},"yoast_head":"<!-- This site is optimized with the Yoast SEO plugin v25.2 - https:\/\/yoast.com\/wordpress\/plugins\/seo\/ -->\n<title>eCopper\u2122 - EECF1-LS4-T-WN-B - Bunker Seguridad Electr\u00f3nica S.L.<\/title>\n<meta name=\"description\" content=\"Il KBC eCopper\u2122 Il KBC EECF1-LN1-R-MN-B \u00e8 un trasmettitore Ethernet su coassiale completamente ruggedized.\" \/>\n<meta name=\"robots\" content=\"index, follow, max-snippet:-1, max-image-preview:large, max-video-preview:-1\" \/>\n<link rel=\"canonical\" href=\"https:\/\/bunkerseguridad.es\/it\/prodotto-sicurezza\/ecopper-eecf1-ls4-t-wn-b\/\" \/>\n<meta property=\"og:locale\" content=\"it_IT\" \/>\n<meta property=\"og:type\" content=\"article\" \/>\n<meta property=\"og:title\" content=\"eCopper\u2122 - EECF1-LS4-T-WN-B - Bunker Seguridad Electr\u00f3nica S.L.\" \/>\n<meta property=\"og:description\" content=\"Il KBC eCopper\u2122 Il KBC EECF1-LN1-R-MN-B \u00e8 un trasmettitore Ethernet su coassiale completamente ruggedized.\" \/>\n<meta property=\"og:url\" content=\"https:\/\/bunkerseguridad.es\/it\/prodotto-sicurezza\/ecopper-eecf1-ls4-t-wn-b\/\" \/>\n<meta property=\"og:site_name\" content=\"Bunker Seguridad Electr\u00f3nica S.L.\" \/>\n<meta property=\"article:modified_time\" content=\"2021-03-29T09:07:47+00:00\" \/>\n<meta property=\"og:image\" content=\"https:\/\/bunkerseguridad.es\/it\/wp-content\/uploads\/2020\/12\/ecopper-EECF1-LS4-T-WN-B.png\" \/>\n\t<meta property=\"og:image:width\" content=\"1200\" \/>\n\t<meta property=\"og:image:height\" content=\"1200\" \/>\n\t<meta property=\"og:image:type\" content=\"image\/png\" \/>\n<meta name=\"twitter:card\" content=\"summary_large_image\" \/>\n<meta name=\"twitter:label1\" content=\"Tempo di lettura stimato\" \/>\n\t<meta name=\"twitter:data1\" content=\"1 minuto\" \/>\n<script type=\"application\/ld+json\" class=\"yoast-schema-graph\">{\"@context\":\"https:\/\/schema.org\",\"@graph\":[{\"@type\":\"WebPage\",\"@id\":\"https:\/\/bunkerseguridad.es\/it\/prodotto-sicurezza\/ecopper-eecf1-ls4-t-wn-b\/\",\"url\":\"https:\/\/bunkerseguridad.es\/it\/prodotto-sicurezza\/ecopper-eecf1-ls4-t-wn-b\/\",\"name\":\"eCopper\u2122 - EECF1-LS4-T-WN-B - Bunker Seguridad Electr\u00f3nica S.L.\",\"isPartOf\":{\"@id\":\"https:\/\/bunkerseguridad.es\/it\/#website\"},\"primaryImageOfPage\":{\"@id\":\"https:\/\/bunkerseguridad.es\/it\/prodotto-sicurezza\/ecopper-eecf1-ls4-t-wn-b\/#primaryimage\"},\"image\":{\"@id\":\"https:\/\/bunkerseguridad.es\/it\/prodotto-sicurezza\/ecopper-eecf1-ls4-t-wn-b\/#primaryimage\"},\"thumbnailUrl\":\"https:\/\/bunkerseguridad.es\/it\/wp-content\/uploads\/2020\/12\/ecopper-EECF1-LS4-T-WN-B.png\",\"datePublished\":\"2020-12-28T09:26:15+00:00\",\"dateModified\":\"2021-03-29T09:07:47+00:00\",\"description\":\"Il KBC eCopper\u2122 Il KBC EECF1-LN1-R-MN-B \u00e8 un trasmettitore Ethernet su coassiale completamente ruggedized.\",\"breadcrumb\":{\"@id\":\"https:\/\/bunkerseguridad.es\/it\/prodotto-sicurezza\/ecopper-eecf1-ls4-t-wn-b\/#breadcrumb\"},\"inLanguage\":\"it-IT\",\"potentialAction\":[{\"@type\":\"ReadAction\",\"target\":[\"https:\/\/bunkerseguridad.es\/it\/prodotto-sicurezza\/ecopper-eecf1-ls4-t-wn-b\/\"]}]},{\"@type\":\"ImageObject\",\"inLanguage\":\"it-IT\",\"@id\":\"https:\/\/bunkerseguridad.es\/it\/prodotto-sicurezza\/ecopper-eecf1-ls4-t-wn-b\/#primaryimage\",\"url\":\"https:\/\/bunkerseguridad.es\/it\/wp-content\/uploads\/2020\/12\/ecopper-EECF1-LS4-T-WN-B.png\",\"contentUrl\":\"https:\/\/bunkerseguridad.es\/it\/wp-content\/uploads\/2020\/12\/ecopper-EECF1-LS4-T-WN-B.png\",\"width\":1200,\"height\":1200,\"caption\":\"The KBC EECF1-LS4-T-WN-B is a fully ruggedized Ethernet over coax transmitter\"},{\"@type\":\"BreadcrumbList\",\"@id\":\"https:\/\/bunkerseguridad.es\/it\/prodotto-sicurezza\/ecopper-eecf1-ls4-t-wn-b\/#breadcrumb\",\"itemListElement\":[{\"@type\":\"ListItem\",\"position\":1,\"name\":\"Home\",\"item\":\"https:\/\/bunkerseguridad.es\/it\/\"},{\"@type\":\"ListItem\",\"position\":2,\"name\":\"Shop\",\"item\":\"https:\/\/bunkerseguridad.es\/it\/shop\/\"},{\"@type\":\"ListItem\",\"position\":3,\"name\":\"eCopper\u2122 &#8211; EECF1-LS4-T-WN-B\"}]},{\"@type\":\"WebSite\",\"@id\":\"https:\/\/bunkerseguridad.es\/it\/#website\",\"url\":\"https:\/\/bunkerseguridad.es\/it\/\",\"name\":\"Bunker Seguridad Electr\u00f3nica S.L.\",\"description\":\"Produzione e distribuzione di sistemi di rilevamento perimetrale in Europa.\",\"potentialAction\":[{\"@type\":\"SearchAction\",\"target\":{\"@type\":\"EntryPoint\",\"urlTemplate\":\"https:\/\/bunkerseguridad.es\/it\/?s={search_term_string}\"},\"query-input\":{\"@type\":\"PropertyValueSpecification\",\"valueRequired\":true,\"valueName\":\"search_term_string\"}}],\"inLanguage\":\"it-IT\"}]}<\/script>\n<!-- \/ Yoast SEO plugin. -->","yoast_head_json":{"title":"eCopper\u2122 - EECF1-LS4-T-WN-B - Bunker Seguridad Electr\u00f3nica S.L.","description":"Il KBC eCopper\u2122 Il KBC EECF1-LN1-R-MN-B \u00e8 un trasmettitore Ethernet su coassiale completamente ruggedized.","robots":{"index":"index","follow":"follow","max-snippet":"max-snippet:-1","max-image-preview":"max-image-preview:large","max-video-preview":"max-video-preview:-1"},"canonical":"https:\/\/bunkerseguridad.es\/it\/prodotto-sicurezza\/ecopper-eecf1-ls4-t-wn-b\/","og_locale":"it_IT","og_type":"article","og_title":"eCopper\u2122 - EECF1-LS4-T-WN-B - Bunker Seguridad Electr\u00f3nica S.L.","og_description":"Il KBC eCopper\u2122 Il KBC EECF1-LN1-R-MN-B \u00e8 un trasmettitore Ethernet su coassiale completamente ruggedized.","og_url":"https:\/\/bunkerseguridad.es\/it\/prodotto-sicurezza\/ecopper-eecf1-ls4-t-wn-b\/","og_site_name":"Bunker Seguridad Electr\u00f3nica S.L.","article_modified_time":"2021-03-29T09:07:47+00:00","og_image":[{"width":1200,"height":1200,"url":"https:\/\/bunkerseguridad.es\/it\/wp-content\/uploads\/2020\/12\/ecopper-EECF1-LS4-T-WN-B.png","type":"image\/png"}],"twitter_card":"summary_large_image","twitter_misc":{"Tempo di lettura stimato":"1 minuto"},"schema":{"@context":"https:\/\/schema.org","@graph":[{"@type":"WebPage","@id":"https:\/\/bunkerseguridad.es\/it\/prodotto-sicurezza\/ecopper-eecf1-ls4-t-wn-b\/","url":"https:\/\/bunkerseguridad.es\/it\/prodotto-sicurezza\/ecopper-eecf1-ls4-t-wn-b\/","name":"eCopper\u2122 - EECF1-LS4-T-WN-B - Bunker Seguridad Electr\u00f3nica S.L.","isPartOf":{"@id":"https:\/\/bunkerseguridad.es\/it\/#website"},"primaryImageOfPage":{"@id":"https:\/\/bunkerseguridad.es\/it\/prodotto-sicurezza\/ecopper-eecf1-ls4-t-wn-b\/#primaryimage"},"image":{"@id":"https:\/\/bunkerseguridad.es\/it\/prodotto-sicurezza\/ecopper-eecf1-ls4-t-wn-b\/#primaryimage"},"thumbnailUrl":"https:\/\/bunkerseguridad.es\/it\/wp-content\/uploads\/2020\/12\/ecopper-EECF1-LS4-T-WN-B.png","datePublished":"2020-12-28T09:26:15+00:00","dateModified":"2021-03-29T09:07:47+00:00","description":"Il KBC eCopper\u2122 Il KBC EECF1-LN1-R-MN-B \u00e8 un trasmettitore Ethernet su coassiale completamente ruggedized.","breadcrumb":{"@id":"https:\/\/bunkerseguridad.es\/it\/prodotto-sicurezza\/ecopper-eecf1-ls4-t-wn-b\/#breadcrumb"},"inLanguage":"it-IT","potentialAction":[{"@type":"ReadAction","target":["https:\/\/bunkerseguridad.es\/it\/prodotto-sicurezza\/ecopper-eecf1-ls4-t-wn-b\/"]}]},{"@type":"ImageObject","inLanguage":"it-IT","@id":"https:\/\/bunkerseguridad.es\/it\/prodotto-sicurezza\/ecopper-eecf1-ls4-t-wn-b\/#primaryimage","url":"https:\/\/bunkerseguridad.es\/it\/wp-content\/uploads\/2020\/12\/ecopper-EECF1-LS4-T-WN-B.png","contentUrl":"https:\/\/bunkerseguridad.es\/it\/wp-content\/uploads\/2020\/12\/ecopper-EECF1-LS4-T-WN-B.png","width":1200,"height":1200,"caption":"The KBC EECF1-LS4-T-WN-B is a fully ruggedized Ethernet over coax transmitter"},{"@type":"BreadcrumbList","@id":"https:\/\/bunkerseguridad.es\/it\/prodotto-sicurezza\/ecopper-eecf1-ls4-t-wn-b\/#breadcrumb","itemListElement":[{"@type":"ListItem","position":1,"name":"Home","item":"https:\/\/bunkerseguridad.es\/it\/"},{"@type":"ListItem","position":2,"name":"Shop","item":"https:\/\/bunkerseguridad.es\/it\/shop\/"},{"@type":"ListItem","position":3,"name":"eCopper\u2122 &#8211; EECF1-LS4-T-WN-B"}]},{"@type":"WebSite","@id":"https:\/\/bunkerseguridad.es\/it\/#website","url":"https:\/\/bunkerseguridad.es\/it\/","name":"Bunker Seguridad Electr\u00f3nica S.L.","description":"Produzione e distribuzione di sistemi di rilevamento perimetrale in Europa.","potentialAction":[{"@type":"SearchAction","target":{"@type":"EntryPoint","urlTemplate":"https:\/\/bunkerseguridad.es\/it\/?s={search_term_string}"},"query-input":{"@type":"PropertyValueSpecification","valueRequired":true,"valueName":"search_term_string"}}],"inLanguage":"it-IT"}]}},"brands":[{"id":206,"name":"KBC Networks","slug":"kbc-networks"}],"_links":{"self":[{"href":"https:\/\/bunkerseguridad.es\/it\/wp-json\/wp\/v2\/product\/6312","targetHints":{"allow":["GET"]}}],"collection":[{"href":"https:\/\/bunkerseguridad.es\/it\/wp-json\/wp\/v2\/product"}],"about":[{"href":"https:\/\/bunkerseguridad.es\/it\/wp-json\/wp\/v2\/types\/product"}],"wp:featuredmedia":[{"embeddable":true,"href":"https:\/\/bunkerseguridad.es\/it\/wp-json\/wp\/v2\/media\/6313"}],"wp:attachment":[{"href":"https:\/\/bunkerseguridad.es\/it\/wp-json\/wp\/v2\/media?parent=6312"}],"wp:term":[{"taxonomy":"pwb-brand","embeddable":true,"href":"https:\/\/bunkerseguridad.es\/it\/wp-json\/wp\/v2\/pwb-brand?post=6312"},{"taxonomy":"product_brand","embeddable":true,"href":"https:\/\/bunkerseguridad.es\/it\/wp-json\/wp\/v2\/product_brand?post=6312"},{"taxonomy":"product_cat","embeddable":true,"href":"https:\/\/bunkerseguridad.es\/it\/wp-json\/wp\/v2\/product_cat?post=6312"},{"taxonomy":"product_tag","embeddable":true,"href":"https:\/\/bunkerseguridad.es\/it\/wp-json\/wp\/v2\/product_tag?post=6312"}],"curies":[{"name":"wp","href":"https:\/\/api.w.org\/{rel}","templated":true}]}}