{"id":6315,"date":"2020-12-28T09:44:53","date_gmt":"2020-12-28T09:44:53","guid":{"rendered":"http:\/\/www.bunkerseguridad.es\/en\/?post_type=product&#038;p=6315"},"modified":"2021-03-29T09:18:14","modified_gmt":"2021-03-29T09:18:14","slug":"ecopper-eecf4-dn1-r-wn-b","status":"publish","type":"product","link":"https:\/\/bunkerseguridad.es\/it\/prodotto-sicurezza\/ecopper-eecf4-dn1-r-wn-b\/","title":{"rendered":"eCopper\u2122 &#8211; EECF4-DN1-R-WN-B"},"content":{"rendered":"<p>La linea di prodotti <strong>KBC eCopper\u2122 EECF4-DN1-R-WN-B<\/strong> offre un modo economico per collegare le ultime telecamere IP utilizzando il cablaggio coassiale o in rame (UTP) esistente a una stazione di monitoraggio remota. Oltre a risparmiare costi e tempo per l&#8217;aggiornamento dell&#8217;infrastruttura di cablaggio a CAT5\/5e\/6, eCopper\u2122 alimenta sia il suo trasmettitore che le telecamere remote, eliminando la necessit\u00e0 di qualsiasi fonte di alimentazione aggiuntiva sul sito della telecamera. eCopper\u2122 estende anche la distanza del cavo della telecamera IP da 100 a 300 metri, rendendolo ideale per l&#8217;aggiornamento delle telecamere analogiche a IP e altri sistemi in grandi edifici aziendali, negozi, casin\u00f2, banche, prigioni, stadi e altre applicazioni.<\/p>\n<p>Il KBC EECF4-DN1-R \u00e8 un ricevitore Ethernet over Coax (EoC) con 4 porte coassiali con Power Over Coax (PoC) e 1*10\/100\/1000M porte Ethernet, 1*1000Base-FX porta SFP. Questo ricevitore fornisce la connettivit\u00e0 fino a 4 unit\u00e0 PoC\/PoE versione EECF1-LS1-T-MN-B trasmettitore. L&#8217;alimentazione \u00e8 fornita al trasmettitore attraverso il cavo coassiale. Sono supportate diverse velocit\u00e0 di dati a seconda della distanza e della qualit\u00e0 del cavo. Questo prodotto fornisce anche la gestione PoC che permette all&#8217;operatore di accendere o spegnere a distanza qualsiasi canale coassiale. Il design plug-and-play assicura la facilit\u00e0 di installazione senza alcuna regolazione elettrica necessaria.Gli indicatori LED sono forniti per mostrare chiaramente lo stato operativo dell&#8217;unit\u00e0. Questo ricevitore \u00e8 disponibile in montaggio su guida DIN e a parete.<\/p>\n<p><strong>Caratteristiche:<\/strong><\/p>\n<ul>\n<li>4 porte coassiali con PoC<\/li>\n<li>1 *10\/100\/1000M porte Ethernet, 1 *1000Base-FX porta SFP<\/li>\n<li>Gestione PoC<\/li>\n<li>Collega fino a 4 unit\u00e0 EECF1-LS1-T-IN-B o EECF1-LS1-T-MN-B o qualsiasi combinazione<\/li>\n<li>Velocit\u00e0 dati coassiale &gt;50Mbps (300m)<\/li>\n<li>PoE+ \u00e8 supportato fino a 300m in base alla qualit\u00e0 del coassiale e alla tensione applicata al coassiale (48~57VDC)<\/li>\n<li>Protezione da sovracorrente e cortocircuito<\/li>\n<li>Design unico di protezione della trasmissione PoC in modo che nessun potere venga emesso quando l&#8217;estremit\u00e0 del trasmettitore non \u00e8 collegata<\/li>\n<\/ul>\n","protected":false},"excerpt":{"rendered":"<p class=\"componentheading djc_page_heading\"><strong>eCopper\u2122 &#8211; Il KBC EECF4-DN1-R-WN-B &#8211;<\/strong> Il KBC EECF4-DN1-R \u00e8 un ricevitore Ethernet su Coax (EoC) con 4 porte coassiali con Power Over Coax (PoC) fino a 700m, EoC\/PoE+ fino a 300m. (1) porta Ethernet 10\/100\/1000Mbps, (1) porta Gigabit SFP. Ingresso 48~57VDC. Montaggio da tavolo\/parete. Richiede un alimentatore venduto separatamente.<\/p>\n","protected":false},"featured_media":6317,"template":"","meta":{"_et_pb_use_builder":"","_et_pb_old_content":"","_et_gb_content_width":""},"pwb-brand":[206],"product_brand":[],"product_cat":[31,36],"product_tag":[156,141,165,163,146],"class_list":{"0":"post-6315","1":"product","2":"type-product","3":"status-publish","4":"has-post-thumbnail","6":"pwb-brand-kbc-networks","7":"product_cat-trasmissione-dei-dati","8":"product_cat-ecopper-ip-su-coassiale-utp","9":"product_tag-10-100-1000mbps","10":"product_tag-4-porte","11":"product_tag-eoc-poc","12":"product_tag-ip-su-coassiale","13":"product_tag-poe","15":"first","16":"instock","17":"shipping-taxable","18":"product-type-simple"},"yoast_head":"<!-- This site is optimized with the Yoast SEO plugin v25.2 - https:\/\/yoast.com\/wordpress\/plugins\/seo\/ -->\n<title>eCopper\u2122 - EECF4-DN1-R-WN-B - Bunker Seguridad Electr\u00f3nica S.L.<\/title>\n<meta name=\"description\" content=\"Il KBC EECF4-DN1-R \u00e8 un ricevitore Ethernet su Coax (EoC) con 4 porte coassiali con Power Over Coax (PoC) fino a 700m, EoC\/PoE+ fino a 300m.\" \/>\n<meta name=\"robots\" content=\"index, follow, max-snippet:-1, max-image-preview:large, max-video-preview:-1\" \/>\n<link rel=\"canonical\" href=\"https:\/\/bunkerseguridad.es\/it\/prodotto-sicurezza\/ecopper-eecf4-dn1-r-wn-b\/\" \/>\n<meta property=\"og:locale\" content=\"it_IT\" \/>\n<meta property=\"og:type\" content=\"article\" \/>\n<meta property=\"og:title\" content=\"eCopper\u2122 - EECF4-DN1-R-WN-B - Bunker Seguridad Electr\u00f3nica S.L.\" \/>\n<meta property=\"og:description\" content=\"Il KBC EECF4-DN1-R \u00e8 un ricevitore Ethernet su Coax (EoC) con 4 porte coassiali con Power Over Coax (PoC) fino a 700m, EoC\/PoE+ fino a 300m.\" \/>\n<meta property=\"og:url\" content=\"https:\/\/bunkerseguridad.es\/it\/prodotto-sicurezza\/ecopper-eecf4-dn1-r-wn-b\/\" \/>\n<meta property=\"og:site_name\" content=\"Bunker Seguridad Electr\u00f3nica S.L.\" \/>\n<meta property=\"article:modified_time\" content=\"2021-03-29T09:18:14+00:00\" \/>\n<meta property=\"og:image\" content=\"https:\/\/bunkerseguridad.es\/it\/wp-content\/uploads\/2020\/12\/ecopper-EECF4-DN1-R-XN-B.png\" \/>\n\t<meta property=\"og:image:width\" content=\"1200\" \/>\n\t<meta property=\"og:image:height\" content=\"1200\" \/>\n\t<meta property=\"og:image:type\" content=\"image\/png\" \/>\n<meta name=\"twitter:card\" content=\"summary_large_image\" \/>\n<meta name=\"twitter:label1\" content=\"Tempo di lettura stimato\" \/>\n\t<meta name=\"twitter:data1\" content=\"2 minuti\" \/>\n<script type=\"application\/ld+json\" class=\"yoast-schema-graph\">{\"@context\":\"https:\/\/schema.org\",\"@graph\":[{\"@type\":\"WebPage\",\"@id\":\"https:\/\/bunkerseguridad.es\/it\/prodotto-sicurezza\/ecopper-eecf4-dn1-r-wn-b\/\",\"url\":\"https:\/\/bunkerseguridad.es\/it\/prodotto-sicurezza\/ecopper-eecf4-dn1-r-wn-b\/\",\"name\":\"eCopper\u2122 - EECF4-DN1-R-WN-B - Bunker Seguridad Electr\u00f3nica S.L.\",\"isPartOf\":{\"@id\":\"https:\/\/bunkerseguridad.es\/it\/#website\"},\"primaryImageOfPage\":{\"@id\":\"https:\/\/bunkerseguridad.es\/it\/prodotto-sicurezza\/ecopper-eecf4-dn1-r-wn-b\/#primaryimage\"},\"image\":{\"@id\":\"https:\/\/bunkerseguridad.es\/it\/prodotto-sicurezza\/ecopper-eecf4-dn1-r-wn-b\/#primaryimage\"},\"thumbnailUrl\":\"https:\/\/bunkerseguridad.es\/it\/wp-content\/uploads\/2020\/12\/ecopper-EECF4-DN1-R-XN-B.png\",\"datePublished\":\"2020-12-28T09:44:53+00:00\",\"dateModified\":\"2021-03-29T09:18:14+00:00\",\"description\":\"Il KBC EECF4-DN1-R \u00e8 un ricevitore Ethernet su Coax (EoC) con 4 porte coassiali con Power Over Coax (PoC) fino a 700m, EoC\/PoE+ fino a 300m.\",\"breadcrumb\":{\"@id\":\"https:\/\/bunkerseguridad.es\/it\/prodotto-sicurezza\/ecopper-eecf4-dn1-r-wn-b\/#breadcrumb\"},\"inLanguage\":\"it-IT\",\"potentialAction\":[{\"@type\":\"ReadAction\",\"target\":[\"https:\/\/bunkerseguridad.es\/it\/prodotto-sicurezza\/ecopper-eecf4-dn1-r-wn-b\/\"]}]},{\"@type\":\"ImageObject\",\"inLanguage\":\"it-IT\",\"@id\":\"https:\/\/bunkerseguridad.es\/it\/prodotto-sicurezza\/ecopper-eecf4-dn1-r-wn-b\/#primaryimage\",\"url\":\"https:\/\/bunkerseguridad.es\/it\/wp-content\/uploads\/2020\/12\/ecopper-EECF4-DN1-R-XN-B.png\",\"contentUrl\":\"https:\/\/bunkerseguridad.es\/it\/wp-content\/uploads\/2020\/12\/ecopper-EECF4-DN1-R-XN-B.png\",\"width\":1200,\"height\":1200,\"caption\":\"he KBC EECF4-DN1-R is an Ethernet over Coax (EoC) receiver with 4 coax ports with Power Over Coax (PoC) and 1*10\/100\/1000M Ethernet ports,1*1000Base-FX SFP port\"},{\"@type\":\"BreadcrumbList\",\"@id\":\"https:\/\/bunkerseguridad.es\/it\/prodotto-sicurezza\/ecopper-eecf4-dn1-r-wn-b\/#breadcrumb\",\"itemListElement\":[{\"@type\":\"ListItem\",\"position\":1,\"name\":\"Home\",\"item\":\"https:\/\/bunkerseguridad.es\/it\/\"},{\"@type\":\"ListItem\",\"position\":2,\"name\":\"Shop\",\"item\":\"https:\/\/bunkerseguridad.es\/it\/shop\/\"},{\"@type\":\"ListItem\",\"position\":3,\"name\":\"eCopper\u2122 &#8211; EECF4-DN1-R-WN-B\"}]},{\"@type\":\"WebSite\",\"@id\":\"https:\/\/bunkerseguridad.es\/it\/#website\",\"url\":\"https:\/\/bunkerseguridad.es\/it\/\",\"name\":\"Bunker Seguridad Electr\u00f3nica S.L.\",\"description\":\"Produzione e distribuzione di sistemi di rilevamento perimetrale in Europa.\",\"potentialAction\":[{\"@type\":\"SearchAction\",\"target\":{\"@type\":\"EntryPoint\",\"urlTemplate\":\"https:\/\/bunkerseguridad.es\/it\/?s={search_term_string}\"},\"query-input\":{\"@type\":\"PropertyValueSpecification\",\"valueRequired\":true,\"valueName\":\"search_term_string\"}}],\"inLanguage\":\"it-IT\"}]}<\/script>\n<!-- \/ Yoast SEO plugin. -->","yoast_head_json":{"title":"eCopper\u2122 - EECF4-DN1-R-WN-B - Bunker Seguridad Electr\u00f3nica S.L.","description":"Il KBC EECF4-DN1-R \u00e8 un ricevitore Ethernet su Coax (EoC) con 4 porte coassiali con Power Over Coax (PoC) fino a 700m, EoC\/PoE+ fino a 300m.","robots":{"index":"index","follow":"follow","max-snippet":"max-snippet:-1","max-image-preview":"max-image-preview:large","max-video-preview":"max-video-preview:-1"},"canonical":"https:\/\/bunkerseguridad.es\/it\/prodotto-sicurezza\/ecopper-eecf4-dn1-r-wn-b\/","og_locale":"it_IT","og_type":"article","og_title":"eCopper\u2122 - EECF4-DN1-R-WN-B - Bunker Seguridad Electr\u00f3nica S.L.","og_description":"Il KBC EECF4-DN1-R \u00e8 un ricevitore Ethernet su Coax (EoC) con 4 porte coassiali con Power Over Coax (PoC) fino a 700m, EoC\/PoE+ fino a 300m.","og_url":"https:\/\/bunkerseguridad.es\/it\/prodotto-sicurezza\/ecopper-eecf4-dn1-r-wn-b\/","og_site_name":"Bunker Seguridad Electr\u00f3nica S.L.","article_modified_time":"2021-03-29T09:18:14+00:00","og_image":[{"width":1200,"height":1200,"url":"https:\/\/bunkerseguridad.es\/it\/wp-content\/uploads\/2020\/12\/ecopper-EECF4-DN1-R-XN-B.png","type":"image\/png"}],"twitter_card":"summary_large_image","twitter_misc":{"Tempo di lettura stimato":"2 minuti"},"schema":{"@context":"https:\/\/schema.org","@graph":[{"@type":"WebPage","@id":"https:\/\/bunkerseguridad.es\/it\/prodotto-sicurezza\/ecopper-eecf4-dn1-r-wn-b\/","url":"https:\/\/bunkerseguridad.es\/it\/prodotto-sicurezza\/ecopper-eecf4-dn1-r-wn-b\/","name":"eCopper\u2122 - EECF4-DN1-R-WN-B - Bunker Seguridad Electr\u00f3nica S.L.","isPartOf":{"@id":"https:\/\/bunkerseguridad.es\/it\/#website"},"primaryImageOfPage":{"@id":"https:\/\/bunkerseguridad.es\/it\/prodotto-sicurezza\/ecopper-eecf4-dn1-r-wn-b\/#primaryimage"},"image":{"@id":"https:\/\/bunkerseguridad.es\/it\/prodotto-sicurezza\/ecopper-eecf4-dn1-r-wn-b\/#primaryimage"},"thumbnailUrl":"https:\/\/bunkerseguridad.es\/it\/wp-content\/uploads\/2020\/12\/ecopper-EECF4-DN1-R-XN-B.png","datePublished":"2020-12-28T09:44:53+00:00","dateModified":"2021-03-29T09:18:14+00:00","description":"Il KBC EECF4-DN1-R \u00e8 un ricevitore Ethernet su Coax (EoC) con 4 porte coassiali con Power Over Coax (PoC) fino a 700m, EoC\/PoE+ fino a 300m.","breadcrumb":{"@id":"https:\/\/bunkerseguridad.es\/it\/prodotto-sicurezza\/ecopper-eecf4-dn1-r-wn-b\/#breadcrumb"},"inLanguage":"it-IT","potentialAction":[{"@type":"ReadAction","target":["https:\/\/bunkerseguridad.es\/it\/prodotto-sicurezza\/ecopper-eecf4-dn1-r-wn-b\/"]}]},{"@type":"ImageObject","inLanguage":"it-IT","@id":"https:\/\/bunkerseguridad.es\/it\/prodotto-sicurezza\/ecopper-eecf4-dn1-r-wn-b\/#primaryimage","url":"https:\/\/bunkerseguridad.es\/it\/wp-content\/uploads\/2020\/12\/ecopper-EECF4-DN1-R-XN-B.png","contentUrl":"https:\/\/bunkerseguridad.es\/it\/wp-content\/uploads\/2020\/12\/ecopper-EECF4-DN1-R-XN-B.png","width":1200,"height":1200,"caption":"he KBC EECF4-DN1-R is an Ethernet over Coax (EoC) receiver with 4 coax ports with Power Over Coax (PoC) and 1*10\/100\/1000M Ethernet ports,1*1000Base-FX SFP port"},{"@type":"BreadcrumbList","@id":"https:\/\/bunkerseguridad.es\/it\/prodotto-sicurezza\/ecopper-eecf4-dn1-r-wn-b\/#breadcrumb","itemListElement":[{"@type":"ListItem","position":1,"name":"Home","item":"https:\/\/bunkerseguridad.es\/it\/"},{"@type":"ListItem","position":2,"name":"Shop","item":"https:\/\/bunkerseguridad.es\/it\/shop\/"},{"@type":"ListItem","position":3,"name":"eCopper\u2122 &#8211; EECF4-DN1-R-WN-B"}]},{"@type":"WebSite","@id":"https:\/\/bunkerseguridad.es\/it\/#website","url":"https:\/\/bunkerseguridad.es\/it\/","name":"Bunker Seguridad Electr\u00f3nica S.L.","description":"Produzione e distribuzione di sistemi di rilevamento perimetrale in Europa.","potentialAction":[{"@type":"SearchAction","target":{"@type":"EntryPoint","urlTemplate":"https:\/\/bunkerseguridad.es\/it\/?s={search_term_string}"},"query-input":{"@type":"PropertyValueSpecification","valueRequired":true,"valueName":"search_term_string"}}],"inLanguage":"it-IT"}]}},"brands":[{"id":206,"name":"KBC Networks","slug":"kbc-networks"}],"_links":{"self":[{"href":"https:\/\/bunkerseguridad.es\/it\/wp-json\/wp\/v2\/product\/6315","targetHints":{"allow":["GET"]}}],"collection":[{"href":"https:\/\/bunkerseguridad.es\/it\/wp-json\/wp\/v2\/product"}],"about":[{"href":"https:\/\/bunkerseguridad.es\/it\/wp-json\/wp\/v2\/types\/product"}],"wp:featuredmedia":[{"embeddable":true,"href":"https:\/\/bunkerseguridad.es\/it\/wp-json\/wp\/v2\/media\/6317"}],"wp:attachment":[{"href":"https:\/\/bunkerseguridad.es\/it\/wp-json\/wp\/v2\/media?parent=6315"}],"wp:term":[{"taxonomy":"pwb-brand","embeddable":true,"href":"https:\/\/bunkerseguridad.es\/it\/wp-json\/wp\/v2\/pwb-brand?post=6315"},{"taxonomy":"product_brand","embeddable":true,"href":"https:\/\/bunkerseguridad.es\/it\/wp-json\/wp\/v2\/product_brand?post=6315"},{"taxonomy":"product_cat","embeddable":true,"href":"https:\/\/bunkerseguridad.es\/it\/wp-json\/wp\/v2\/product_cat?post=6315"},{"taxonomy":"product_tag","embeddable":true,"href":"https:\/\/bunkerseguridad.es\/it\/wp-json\/wp\/v2\/product_tag?post=6315"}],"curies":[{"name":"wp","href":"https:\/\/api.w.org\/{rel}","templated":true}]}}