{"id":6327,"date":"2020-12-28T11:09:18","date_gmt":"2020-12-28T11:09:18","guid":{"rendered":"http:\/\/www.bunkerseguridad.es\/en\/?post_type=product&#038;p=6327"},"modified":"2021-04-13T10:51:05","modified_gmt":"2021-04-13T10:51:05","slug":"ecopper-eecn1-ln1-r-mz-b","status":"publish","type":"product","link":"https:\/\/bunkerseguridad.es\/it\/prodotto-sicurezza\/ecopper-eecn1-ln1-r-mz-b\/","title":{"rendered":"eCopper\u2122 &#8211; EECN1-LN1-R-Mz-B"},"content":{"rendered":"<p>Il KBC EECN1-LN1-R-Mz-B La sua porta BNC si collega al coassiale e la sua porta 10\/100M Base-T si collega a uno switch. Fornisce la connettivit\u00e0 a una porta in rame 10\/100Mbps IEEE standard twisted pair su un cavo coassiale da 75ohm.\u00a0 Sono supportate diverse velocit\u00e0 di dati a seconda della distanza e della qualit\u00e0 del cavo.\u00a0 Il design plug-and-play assicura la facilit\u00e0 di installazione senza alcuna regolazione elettrica necessaria.\u00a0 Gli indicatori LED sono forniti per mostrare lo stato operativo dell&#8217;unit\u00e0.<\/p>\n<p>La maggior parte dei nuovi sistemi sono ora telecamere IP HD o Megapixel collegate tramite cavi CAT5\/5e\/6 o utilizzando le fibre esistenti. La pi\u00f9 grande sfida dell&#8217;aggiornamento dei vecchi sistemi analogici con cavi coassiali a IP \u00e8 il cablaggio. Nella maggior parte dei casi, \u00e8 proibitivo dal punto di vista dei costi e spesso poco pratico posare di nuovo i cavi. Utilizzare il coassiale esistente per trasmettere telecamere IP HD e Megapixel \u00e8 la scelta pi\u00f9 economica. KBC ha progettato i prodotti eCopper\u2122 per soddisfare tali vincoli. Il KBC EECN1-LN1-T-MX-B \u00e8 un trasmettitore Ethernet su coassiale completamente rinforzato e l&#8217;EECN1-LN1-R-MX-B \u00e8 un ricevitore Ethernet su coassiale completamente rinforzato. Questo trasmettitore fornisce la connettivit\u00e0 per una porta in rame a coppia ritorta standard IEEE da 10\/100Mbps su un cavo coassiale da 75ohm. Sono supportate diverse velocit\u00e0 di dati a seconda della distanza e della qualit\u00e0 del cavo. Il design plug-and-play assicura la facilit\u00e0 di installazione senza alcuna regolazione elettrica necessaria. Gli indicatori LED sono forniti per mostrare lo stato operativo dell&#8217;unit\u00e0. Le dimensioni del trasmettitore sono adatte al montaggio all&#8217;interno della custodia della telecamera e dove lo spazio \u00e8 minimo.<\/p>\n<p><strong>Caratteristiche:<\/strong><\/p>\n<ul>\n<li>Velocit\u00e0 dei dati coassiali &gt;50Mbps (700m) in base alla qualit\u00e0 del coassiale<\/li>\n<li>Design di protezione completo, compresa la protezione dalle sovratensioni e dai fulmini<\/li>\n<\/ul>\n","protected":false},"excerpt":{"rendered":"<p><strong>Il KBC Copper\u2122<\/strong> &#8211; EECN1-LN1-R-MZ-B 1-ch non-PoE industriale Ethernet su trasmettitore coassiale non-PoE, (1) BNC fisso e (1) porta Ethernet RJ-45 fissa, 10\/100Mbps auto-sensing. Ingresso 12~24VDC. Modulo compatto con montaggio a clip.EECN1-LN1-R-Mz-B1-ch non-PoE industrial Ethernet over coax non-PoE receiver, (1) BNC fisso e (1) fisso.<\/p>\n","protected":false},"featured_media":6311,"template":"","meta":{"_et_pb_use_builder":"","_et_pb_old_content":"","_et_gb_content_width":""},"pwb-brand":[206],"product_brand":[],"product_cat":[31,36],"product_tag":[155,163,147],"class_list":{"0":"post-6327","1":"product","2":"type-product","3":"status-publish","4":"has-post-thumbnail","6":"pwb-brand-kbc-networks","7":"product_cat-trasmissione-dei-dati","8":"product_cat-ecopper-ip-su-coassiale-utp","9":"product_tag-10-100mbps","10":"product_tag-ip-su-coassiale","11":"product_tag-non-poe","13":"first","14":"instock","15":"shipping-taxable","16":"product-type-simple"},"yoast_head":"<!-- This site is optimized with the Yoast SEO plugin v25.2 - https:\/\/yoast.com\/wordpress\/plugins\/seo\/ -->\n<title>eCopper\u2122 - EECN1-LN1-R-Mz-B - Bunker Seguridad Electr\u00f3nica S.L.<\/title>\n<meta name=\"description\" content=\"Industriale Ethernet trasmettitore coassiale non-PoE, fornisce la connettivit\u00e0 a una porta in rame standard twisted pair su un cavo coassiale\" \/>\n<meta name=\"robots\" content=\"index, follow, max-snippet:-1, max-image-preview:large, max-video-preview:-1\" \/>\n<link rel=\"canonical\" href=\"https:\/\/bunkerseguridad.es\/it\/prodotto-sicurezza\/ecopper-eecn1-ln1-r-mz-b\/\" \/>\n<meta property=\"og:locale\" content=\"it_IT\" \/>\n<meta property=\"og:type\" content=\"article\" \/>\n<meta property=\"og:title\" content=\"eCopper\u2122 - EECN1-LN1-R-Mz-B - Bunker Seguridad Electr\u00f3nica S.L.\" \/>\n<meta property=\"og:description\" content=\"Industriale Ethernet trasmettitore coassiale non-PoE, fornisce la connettivit\u00e0 a una porta in rame standard twisted pair su un cavo coassiale\" \/>\n<meta property=\"og:url\" content=\"https:\/\/bunkerseguridad.es\/it\/prodotto-sicurezza\/ecopper-eecn1-ln1-r-mz-b\/\" \/>\n<meta property=\"og:site_name\" content=\"Bunker Seguridad Electr\u00f3nica S.L.\" \/>\n<meta property=\"article:modified_time\" content=\"2021-04-13T10:51:05+00:00\" \/>\n<meta property=\"og:image\" content=\"https:\/\/bunkerseguridad.es\/it\/wp-content\/uploads\/2020\/12\/EECF1-LN1-R-MN-B-ndustrial-Ethernet-Over-Coax-Receiver-with-PoC.png\" \/>\n\t<meta property=\"og:image:width\" content=\"1200\" \/>\n\t<meta property=\"og:image:height\" content=\"1200\" \/>\n\t<meta property=\"og:image:type\" content=\"image\/png\" \/>\n<meta name=\"twitter:card\" content=\"summary_large_image\" \/>\n<meta name=\"twitter:label1\" content=\"Tempo di lettura stimato\" \/>\n\t<meta name=\"twitter:data1\" content=\"2 minuti\" \/>\n<script type=\"application\/ld+json\" class=\"yoast-schema-graph\">{\"@context\":\"https:\/\/schema.org\",\"@graph\":[{\"@type\":\"WebPage\",\"@id\":\"https:\/\/bunkerseguridad.es\/it\/prodotto-sicurezza\/ecopper-eecn1-ln1-r-mz-b\/\",\"url\":\"https:\/\/bunkerseguridad.es\/it\/prodotto-sicurezza\/ecopper-eecn1-ln1-r-mz-b\/\",\"name\":\"eCopper\u2122 - EECN1-LN1-R-Mz-B - Bunker Seguridad Electr\u00f3nica S.L.\",\"isPartOf\":{\"@id\":\"https:\/\/bunkerseguridad.es\/it\/#website\"},\"primaryImageOfPage\":{\"@id\":\"https:\/\/bunkerseguridad.es\/it\/prodotto-sicurezza\/ecopper-eecn1-ln1-r-mz-b\/#primaryimage\"},\"image\":{\"@id\":\"https:\/\/bunkerseguridad.es\/it\/prodotto-sicurezza\/ecopper-eecn1-ln1-r-mz-b\/#primaryimage\"},\"thumbnailUrl\":\"https:\/\/bunkerseguridad.es\/it\/wp-content\/uploads\/2020\/12\/EECF1-LN1-R-MN-B-ndustrial-Ethernet-Over-Coax-Receiver-with-PoC.png\",\"datePublished\":\"2020-12-28T11:09:18+00:00\",\"dateModified\":\"2021-04-13T10:51:05+00:00\",\"description\":\"Industriale Ethernet trasmettitore coassiale non-PoE, fornisce la connettivit\u00e0 a una porta in rame standard twisted pair su un cavo coassiale\",\"breadcrumb\":{\"@id\":\"https:\/\/bunkerseguridad.es\/it\/prodotto-sicurezza\/ecopper-eecn1-ln1-r-mz-b\/#breadcrumb\"},\"inLanguage\":\"it-IT\",\"potentialAction\":[{\"@type\":\"ReadAction\",\"target\":[\"https:\/\/bunkerseguridad.es\/it\/prodotto-sicurezza\/ecopper-eecn1-ln1-r-mz-b\/\"]}]},{\"@type\":\"ImageObject\",\"inLanguage\":\"it-IT\",\"@id\":\"https:\/\/bunkerseguridad.es\/it\/prodotto-sicurezza\/ecopper-eecn1-ln1-r-mz-b\/#primaryimage\",\"url\":\"https:\/\/bunkerseguridad.es\/it\/wp-content\/uploads\/2020\/12\/EECF1-LN1-R-MN-B-ndustrial-Ethernet-Over-Coax-Receiver-with-PoC.png\",\"contentUrl\":\"https:\/\/bunkerseguridad.es\/it\/wp-content\/uploads\/2020\/12\/EECF1-LN1-R-MN-B-ndustrial-Ethernet-Over-Coax-Receiver-with-PoC.png\",\"width\":1200,\"height\":1200,\"caption\":\"he KBC eCoppe line of products offer a cost-effective way to connect the latest IP cameras using existing coax or copper (UTP) wiring to a remote monitoring station.\"},{\"@type\":\"BreadcrumbList\",\"@id\":\"https:\/\/bunkerseguridad.es\/it\/prodotto-sicurezza\/ecopper-eecn1-ln1-r-mz-b\/#breadcrumb\",\"itemListElement\":[{\"@type\":\"ListItem\",\"position\":1,\"name\":\"Home\",\"item\":\"https:\/\/bunkerseguridad.es\/it\/\"},{\"@type\":\"ListItem\",\"position\":2,\"name\":\"Shop\",\"item\":\"https:\/\/bunkerseguridad.es\/it\/shop\/\"},{\"@type\":\"ListItem\",\"position\":3,\"name\":\"eCopper\u2122 &#8211; EECN1-LN1-R-Mz-B\"}]},{\"@type\":\"WebSite\",\"@id\":\"https:\/\/bunkerseguridad.es\/it\/#website\",\"url\":\"https:\/\/bunkerseguridad.es\/it\/\",\"name\":\"Bunker Seguridad Electr\u00f3nica S.L.\",\"description\":\"Produzione e distribuzione di sistemi di rilevamento perimetrale in Europa.\",\"potentialAction\":[{\"@type\":\"SearchAction\",\"target\":{\"@type\":\"EntryPoint\",\"urlTemplate\":\"https:\/\/bunkerseguridad.es\/it\/?s={search_term_string}\"},\"query-input\":{\"@type\":\"PropertyValueSpecification\",\"valueRequired\":true,\"valueName\":\"search_term_string\"}}],\"inLanguage\":\"it-IT\"}]}<\/script>\n<!-- \/ Yoast SEO plugin. -->","yoast_head_json":{"title":"eCopper\u2122 - EECN1-LN1-R-Mz-B - Bunker Seguridad Electr\u00f3nica S.L.","description":"Industriale Ethernet trasmettitore coassiale non-PoE, fornisce la connettivit\u00e0 a una porta in rame standard twisted pair su un cavo coassiale","robots":{"index":"index","follow":"follow","max-snippet":"max-snippet:-1","max-image-preview":"max-image-preview:large","max-video-preview":"max-video-preview:-1"},"canonical":"https:\/\/bunkerseguridad.es\/it\/prodotto-sicurezza\/ecopper-eecn1-ln1-r-mz-b\/","og_locale":"it_IT","og_type":"article","og_title":"eCopper\u2122 - EECN1-LN1-R-Mz-B - Bunker Seguridad Electr\u00f3nica S.L.","og_description":"Industriale Ethernet trasmettitore coassiale non-PoE, fornisce la connettivit\u00e0 a una porta in rame standard twisted pair su un cavo coassiale","og_url":"https:\/\/bunkerseguridad.es\/it\/prodotto-sicurezza\/ecopper-eecn1-ln1-r-mz-b\/","og_site_name":"Bunker Seguridad Electr\u00f3nica S.L.","article_modified_time":"2021-04-13T10:51:05+00:00","og_image":[{"width":1200,"height":1200,"url":"https:\/\/bunkerseguridad.es\/it\/wp-content\/uploads\/2020\/12\/EECF1-LN1-R-MN-B-ndustrial-Ethernet-Over-Coax-Receiver-with-PoC.png","type":"image\/png"}],"twitter_card":"summary_large_image","twitter_misc":{"Tempo di lettura stimato":"2 minuti"},"schema":{"@context":"https:\/\/schema.org","@graph":[{"@type":"WebPage","@id":"https:\/\/bunkerseguridad.es\/it\/prodotto-sicurezza\/ecopper-eecn1-ln1-r-mz-b\/","url":"https:\/\/bunkerseguridad.es\/it\/prodotto-sicurezza\/ecopper-eecn1-ln1-r-mz-b\/","name":"eCopper\u2122 - EECN1-LN1-R-Mz-B - Bunker Seguridad Electr\u00f3nica S.L.","isPartOf":{"@id":"https:\/\/bunkerseguridad.es\/it\/#website"},"primaryImageOfPage":{"@id":"https:\/\/bunkerseguridad.es\/it\/prodotto-sicurezza\/ecopper-eecn1-ln1-r-mz-b\/#primaryimage"},"image":{"@id":"https:\/\/bunkerseguridad.es\/it\/prodotto-sicurezza\/ecopper-eecn1-ln1-r-mz-b\/#primaryimage"},"thumbnailUrl":"https:\/\/bunkerseguridad.es\/it\/wp-content\/uploads\/2020\/12\/EECF1-LN1-R-MN-B-ndustrial-Ethernet-Over-Coax-Receiver-with-PoC.png","datePublished":"2020-12-28T11:09:18+00:00","dateModified":"2021-04-13T10:51:05+00:00","description":"Industriale Ethernet trasmettitore coassiale non-PoE, fornisce la connettivit\u00e0 a una porta in rame standard twisted pair su un cavo coassiale","breadcrumb":{"@id":"https:\/\/bunkerseguridad.es\/it\/prodotto-sicurezza\/ecopper-eecn1-ln1-r-mz-b\/#breadcrumb"},"inLanguage":"it-IT","potentialAction":[{"@type":"ReadAction","target":["https:\/\/bunkerseguridad.es\/it\/prodotto-sicurezza\/ecopper-eecn1-ln1-r-mz-b\/"]}]},{"@type":"ImageObject","inLanguage":"it-IT","@id":"https:\/\/bunkerseguridad.es\/it\/prodotto-sicurezza\/ecopper-eecn1-ln1-r-mz-b\/#primaryimage","url":"https:\/\/bunkerseguridad.es\/it\/wp-content\/uploads\/2020\/12\/EECF1-LN1-R-MN-B-ndustrial-Ethernet-Over-Coax-Receiver-with-PoC.png","contentUrl":"https:\/\/bunkerseguridad.es\/it\/wp-content\/uploads\/2020\/12\/EECF1-LN1-R-MN-B-ndustrial-Ethernet-Over-Coax-Receiver-with-PoC.png","width":1200,"height":1200,"caption":"he KBC eCoppe line of products offer a cost-effective way to connect the latest IP cameras using existing coax or copper (UTP) wiring to a remote monitoring station."},{"@type":"BreadcrumbList","@id":"https:\/\/bunkerseguridad.es\/it\/prodotto-sicurezza\/ecopper-eecn1-ln1-r-mz-b\/#breadcrumb","itemListElement":[{"@type":"ListItem","position":1,"name":"Home","item":"https:\/\/bunkerseguridad.es\/it\/"},{"@type":"ListItem","position":2,"name":"Shop","item":"https:\/\/bunkerseguridad.es\/it\/shop\/"},{"@type":"ListItem","position":3,"name":"eCopper\u2122 &#8211; EECN1-LN1-R-Mz-B"}]},{"@type":"WebSite","@id":"https:\/\/bunkerseguridad.es\/it\/#website","url":"https:\/\/bunkerseguridad.es\/it\/","name":"Bunker Seguridad Electr\u00f3nica S.L.","description":"Produzione e distribuzione di sistemi di rilevamento perimetrale in Europa.","potentialAction":[{"@type":"SearchAction","target":{"@type":"EntryPoint","urlTemplate":"https:\/\/bunkerseguridad.es\/it\/?s={search_term_string}"},"query-input":{"@type":"PropertyValueSpecification","valueRequired":true,"valueName":"search_term_string"}}],"inLanguage":"it-IT"}]}},"brands":[{"id":206,"name":"KBC Networks","slug":"kbc-networks"}],"_links":{"self":[{"href":"https:\/\/bunkerseguridad.es\/it\/wp-json\/wp\/v2\/product\/6327","targetHints":{"allow":["GET"]}}],"collection":[{"href":"https:\/\/bunkerseguridad.es\/it\/wp-json\/wp\/v2\/product"}],"about":[{"href":"https:\/\/bunkerseguridad.es\/it\/wp-json\/wp\/v2\/types\/product"}],"wp:featuredmedia":[{"embeddable":true,"href":"https:\/\/bunkerseguridad.es\/it\/wp-json\/wp\/v2\/media\/6311"}],"wp:attachment":[{"href":"https:\/\/bunkerseguridad.es\/it\/wp-json\/wp\/v2\/media?parent=6327"}],"wp:term":[{"taxonomy":"pwb-brand","embeddable":true,"href":"https:\/\/bunkerseguridad.es\/it\/wp-json\/wp\/v2\/pwb-brand?post=6327"},{"taxonomy":"product_brand","embeddable":true,"href":"https:\/\/bunkerseguridad.es\/it\/wp-json\/wp\/v2\/product_brand?post=6327"},{"taxonomy":"product_cat","embeddable":true,"href":"https:\/\/bunkerseguridad.es\/it\/wp-json\/wp\/v2\/product_cat?post=6327"},{"taxonomy":"product_tag","embeddable":true,"href":"https:\/\/bunkerseguridad.es\/it\/wp-json\/wp\/v2\/product_tag?post=6327"}],"curies":[{"name":"wp","href":"https:\/\/api.w.org\/{rel}","templated":true}]}}