{"id":6329,"date":"2020-12-28T11:31:10","date_gmt":"2020-12-28T11:31:10","guid":{"rendered":"http:\/\/www.bunkerseguridad.es\/en\/?post_type=product&#038;p=6329"},"modified":"2021-03-29T09:51:18","modified_gmt":"2021-03-29T09:51:18","slug":"ecopper-eerf1-ls1-t-in-b-2","status":"publish","type":"product","link":"https:\/\/bunkerseguridad.es\/it\/prodotto-sicurezza\/ecopper-eerf1-ls1-t-in-b-2\/","title":{"rendered":"eCopper\u2122 &#8211; EERF1-LS1-T-MN-B"},"content":{"rendered":"<p>Il <strong>KBC eCopper\u2122<\/strong> \u00e8 un trasmettitore Ethernet su UTP completamente ruggedized. Questo trasmettitore fornisce la connettivit\u00e0 per una porta in rame elettrico standard IEEE 10\/100Mbps su cavo UTP. L&#8217;alimentazione \u00e8 fornita da uno dei ricevitori di testa, EERF16-G3-R-RX-B, EERF8-G3-R-RX-B, EERF4-DN1-R-WN-B o EERF1-LS1-R-MN-B Ethernet su unit\u00e0 UTP attraverso il cavo UTP con tecnologia PoW (Power over Wire). Il trasmettitore fornisce il supporto PoE+. Sono supportate diverse velocit\u00e0 di trasmissione dati a seconda della distanza e della qualit\u00e0 del cavo. Il design plug-and-play assicura la facilit\u00e0 di installazione senza necessit\u00e0 di regolazioni elettriche. Gli indicatori LED sono forniti per mostrare lo stato operativo dell&#8217;unit\u00e0.<\/p>\n<p><strong>Caratteristiche:<\/strong><\/p>\n<ul>\n<li>Conforme a 802.3af\/802.3at<\/li>\n<li>Potenza su filo<\/li>\n<li>Velocit\u00e0 dati UTP &gt;40Mbps (300m)<\/li>\n<li>In base alla qualit\u00e0 del cavo, alle coppie di cavi utilizzate (1, 2 o 4 coppie) e alla tensione applicata al cavo (48~57VDC) dalla centrale, PoE e PoE+ sono supportati da PoW fino a<\/li>\n<li>400m.<\/li>\n<li>Alimentato da PoW da EERF16-G3-R-RX-B , EERF8-G3-R-RX-B, EERF4-DN1-R-WN-B o EERF1-LS1-R-MN-B headend<\/li>\n<li>Design di protezione completo, compresa la protezione dalle sovratensioni, protezione dall&#8217;illuminazione<\/li>\n<li>Design unico di protezione della trasmissione PoW insieme a 1,4,8 o 16 canali del ricevitore headend<\/li>\n<\/ul>\n","protected":false},"excerpt":{"rendered":"<p class=\"componentheading djc_page_heading\"><strong>eCopper\u2122 &#8211; IP su UTP Il KBC EERF1-LS1-T-MN-B<\/strong> \u00e8 un trasmettitore completamente ruggedized Ethernet su un canale coassiale, 1-ch Ethernet industriale su trasmettitore UTP. EoU\/PoW\/PoE+, (1) porta Ethernet, 10\/100Mbps auto-sensing, 30W end-span 802.3at PoE+. (1) porta UTP a cavo volante, EoU\/PoW, alimentata dal ricevitore della serie EERF. Modulo compatto con chiusura in velcro.<\/p>\n","protected":false},"featured_media":6333,"template":"","meta":{"_et_pb_use_builder":"","_et_pb_old_content":"","_et_gb_content_width":""},"pwb-brand":[206],"product_brand":[],"product_cat":[31,36],"product_tag":[155,335,146],"class_list":{"0":"post-6329","1":"product","2":"type-product","3":"status-publish","4":"has-post-thumbnail","6":"pwb-brand-kbc-networks","7":"product_cat-trasmissione-dei-dati","8":"product_cat-ecopper-ip-su-coassiale-utp","9":"product_tag-10-100mbps","10":"product_tag-ip-su-utp","11":"product_tag-poe","13":"first","14":"instock","15":"shipping-taxable","16":"product-type-simple"},"yoast_head":"<!-- This site is optimized with the Yoast SEO plugin v25.2 - https:\/\/yoast.com\/wordpress\/plugins\/seo\/ -->\n<title>eCopper\u2122 - EERF1-LS1-T-MN-B - Bunker Seguridad Electr\u00f3nica S.L.<\/title>\n<meta name=\"description\" content=\"Il KBC EERF1-LS1-T-MN-B \u00e8 un trasmettitore completamente ruggedized Ethernet su un canale coassiale, 1-ch Ethernet industriale su trasmettitore UTP.\" \/>\n<meta name=\"robots\" content=\"index, follow, max-snippet:-1, max-image-preview:large, max-video-preview:-1\" \/>\n<link rel=\"canonical\" href=\"https:\/\/bunkerseguridad.es\/it\/prodotto-sicurezza\/ecopper-eerf1-ls1-t-in-b-2\/\" \/>\n<meta property=\"og:locale\" content=\"it_IT\" \/>\n<meta property=\"og:type\" content=\"article\" \/>\n<meta property=\"og:title\" content=\"eCopper\u2122 - EERF1-LS1-T-MN-B - Bunker Seguridad Electr\u00f3nica S.L.\" \/>\n<meta property=\"og:description\" content=\"Il KBC EERF1-LS1-T-MN-B \u00e8 un trasmettitore completamente ruggedized Ethernet su un canale coassiale, 1-ch Ethernet industriale su trasmettitore UTP.\" \/>\n<meta property=\"og:url\" content=\"https:\/\/bunkerseguridad.es\/it\/prodotto-sicurezza\/ecopper-eerf1-ls1-t-in-b-2\/\" \/>\n<meta property=\"og:site_name\" content=\"Bunker Seguridad Electr\u00f3nica S.L.\" \/>\n<meta property=\"article:modified_time\" content=\"2021-03-29T09:51:18+00:00\" \/>\n<meta property=\"og:image\" content=\"https:\/\/bunkerseguridad.es\/it\/wp-content\/uploads\/2020\/12\/ecopper-EERF1-LS1-T-MN-UTP.png\" \/>\n\t<meta property=\"og:image:width\" content=\"1200\" \/>\n\t<meta property=\"og:image:height\" content=\"1200\" \/>\n\t<meta property=\"og:image:type\" content=\"image\/png\" \/>\n<meta name=\"twitter:card\" content=\"summary_large_image\" \/>\n<meta name=\"twitter:label1\" content=\"Tempo di lettura stimato\" \/>\n\t<meta name=\"twitter:data1\" content=\"1 minuto\" \/>\n<script type=\"application\/ld+json\" class=\"yoast-schema-graph\">{\"@context\":\"https:\/\/schema.org\",\"@graph\":[{\"@type\":\"WebPage\",\"@id\":\"https:\/\/bunkerseguridad.es\/it\/prodotto-sicurezza\/ecopper-eerf1-ls1-t-in-b-2\/\",\"url\":\"https:\/\/bunkerseguridad.es\/it\/prodotto-sicurezza\/ecopper-eerf1-ls1-t-in-b-2\/\",\"name\":\"eCopper\u2122 - EERF1-LS1-T-MN-B - Bunker Seguridad Electr\u00f3nica S.L.\",\"isPartOf\":{\"@id\":\"https:\/\/bunkerseguridad.es\/it\/#website\"},\"primaryImageOfPage\":{\"@id\":\"https:\/\/bunkerseguridad.es\/it\/prodotto-sicurezza\/ecopper-eerf1-ls1-t-in-b-2\/#primaryimage\"},\"image\":{\"@id\":\"https:\/\/bunkerseguridad.es\/it\/prodotto-sicurezza\/ecopper-eerf1-ls1-t-in-b-2\/#primaryimage\"},\"thumbnailUrl\":\"https:\/\/bunkerseguridad.es\/it\/wp-content\/uploads\/2020\/12\/ecopper-EERF1-LS1-T-MN-UTP.png\",\"datePublished\":\"2020-12-28T11:31:10+00:00\",\"dateModified\":\"2021-03-29T09:51:18+00:00\",\"description\":\"Il KBC EERF1-LS1-T-MN-B \u00e8 un trasmettitore completamente ruggedized Ethernet su un canale coassiale, 1-ch Ethernet industriale su trasmettitore UTP.\",\"breadcrumb\":{\"@id\":\"https:\/\/bunkerseguridad.es\/it\/prodotto-sicurezza\/ecopper-eerf1-ls1-t-in-b-2\/#breadcrumb\"},\"inLanguage\":\"it-IT\",\"potentialAction\":[{\"@type\":\"ReadAction\",\"target\":[\"https:\/\/bunkerseguridad.es\/it\/prodotto-sicurezza\/ecopper-eerf1-ls1-t-in-b-2\/\"]}]},{\"@type\":\"ImageObject\",\"inLanguage\":\"it-IT\",\"@id\":\"https:\/\/bunkerseguridad.es\/it\/prodotto-sicurezza\/ecopper-eerf1-ls1-t-in-b-2\/#primaryimage\",\"url\":\"https:\/\/bunkerseguridad.es\/it\/wp-content\/uploads\/2020\/12\/ecopper-EERF1-LS1-T-MN-UTP.png\",\"contentUrl\":\"https:\/\/bunkerseguridad.es\/it\/wp-content\/uploads\/2020\/12\/ecopper-EERF1-LS1-T-MN-UTP.png\",\"width\":1200,\"height\":1200,\"caption\":\"The eCopvper IP over UTP product series offers the ideal solution for transmision of I\"},{\"@type\":\"BreadcrumbList\",\"@id\":\"https:\/\/bunkerseguridad.es\/it\/prodotto-sicurezza\/ecopper-eerf1-ls1-t-in-b-2\/#breadcrumb\",\"itemListElement\":[{\"@type\":\"ListItem\",\"position\":1,\"name\":\"Home\",\"item\":\"https:\/\/bunkerseguridad.es\/it\/\"},{\"@type\":\"ListItem\",\"position\":2,\"name\":\"Shop\",\"item\":\"https:\/\/bunkerseguridad.es\/it\/shop\/\"},{\"@type\":\"ListItem\",\"position\":3,\"name\":\"eCopper\u2122 &#8211; EERF1-LS1-T-MN-B\"}]},{\"@type\":\"WebSite\",\"@id\":\"https:\/\/bunkerseguridad.es\/it\/#website\",\"url\":\"https:\/\/bunkerseguridad.es\/it\/\",\"name\":\"Bunker Seguridad Electr\u00f3nica S.L.\",\"description\":\"Produzione e distribuzione di sistemi di rilevamento perimetrale in Europa.\",\"potentialAction\":[{\"@type\":\"SearchAction\",\"target\":{\"@type\":\"EntryPoint\",\"urlTemplate\":\"https:\/\/bunkerseguridad.es\/it\/?s={search_term_string}\"},\"query-input\":{\"@type\":\"PropertyValueSpecification\",\"valueRequired\":true,\"valueName\":\"search_term_string\"}}],\"inLanguage\":\"it-IT\"}]}<\/script>\n<!-- \/ Yoast SEO plugin. -->","yoast_head_json":{"title":"eCopper\u2122 - EERF1-LS1-T-MN-B - Bunker Seguridad Electr\u00f3nica S.L.","description":"Il KBC EERF1-LS1-T-MN-B \u00e8 un trasmettitore completamente ruggedized Ethernet su un canale coassiale, 1-ch Ethernet industriale su trasmettitore UTP.","robots":{"index":"index","follow":"follow","max-snippet":"max-snippet:-1","max-image-preview":"max-image-preview:large","max-video-preview":"max-video-preview:-1"},"canonical":"https:\/\/bunkerseguridad.es\/it\/prodotto-sicurezza\/ecopper-eerf1-ls1-t-in-b-2\/","og_locale":"it_IT","og_type":"article","og_title":"eCopper\u2122 - EERF1-LS1-T-MN-B - Bunker Seguridad Electr\u00f3nica S.L.","og_description":"Il KBC EERF1-LS1-T-MN-B \u00e8 un trasmettitore completamente ruggedized Ethernet su un canale coassiale, 1-ch Ethernet industriale su trasmettitore UTP.","og_url":"https:\/\/bunkerseguridad.es\/it\/prodotto-sicurezza\/ecopper-eerf1-ls1-t-in-b-2\/","og_site_name":"Bunker Seguridad Electr\u00f3nica S.L.","article_modified_time":"2021-03-29T09:51:18+00:00","og_image":[{"width":1200,"height":1200,"url":"https:\/\/bunkerseguridad.es\/it\/wp-content\/uploads\/2020\/12\/ecopper-EERF1-LS1-T-MN-UTP.png","type":"image\/png"}],"twitter_card":"summary_large_image","twitter_misc":{"Tempo di lettura stimato":"1 minuto"},"schema":{"@context":"https:\/\/schema.org","@graph":[{"@type":"WebPage","@id":"https:\/\/bunkerseguridad.es\/it\/prodotto-sicurezza\/ecopper-eerf1-ls1-t-in-b-2\/","url":"https:\/\/bunkerseguridad.es\/it\/prodotto-sicurezza\/ecopper-eerf1-ls1-t-in-b-2\/","name":"eCopper\u2122 - EERF1-LS1-T-MN-B - Bunker Seguridad Electr\u00f3nica S.L.","isPartOf":{"@id":"https:\/\/bunkerseguridad.es\/it\/#website"},"primaryImageOfPage":{"@id":"https:\/\/bunkerseguridad.es\/it\/prodotto-sicurezza\/ecopper-eerf1-ls1-t-in-b-2\/#primaryimage"},"image":{"@id":"https:\/\/bunkerseguridad.es\/it\/prodotto-sicurezza\/ecopper-eerf1-ls1-t-in-b-2\/#primaryimage"},"thumbnailUrl":"https:\/\/bunkerseguridad.es\/it\/wp-content\/uploads\/2020\/12\/ecopper-EERF1-LS1-T-MN-UTP.png","datePublished":"2020-12-28T11:31:10+00:00","dateModified":"2021-03-29T09:51:18+00:00","description":"Il KBC EERF1-LS1-T-MN-B \u00e8 un trasmettitore completamente ruggedized Ethernet su un canale coassiale, 1-ch Ethernet industriale su trasmettitore UTP.","breadcrumb":{"@id":"https:\/\/bunkerseguridad.es\/it\/prodotto-sicurezza\/ecopper-eerf1-ls1-t-in-b-2\/#breadcrumb"},"inLanguage":"it-IT","potentialAction":[{"@type":"ReadAction","target":["https:\/\/bunkerseguridad.es\/it\/prodotto-sicurezza\/ecopper-eerf1-ls1-t-in-b-2\/"]}]},{"@type":"ImageObject","inLanguage":"it-IT","@id":"https:\/\/bunkerseguridad.es\/it\/prodotto-sicurezza\/ecopper-eerf1-ls1-t-in-b-2\/#primaryimage","url":"https:\/\/bunkerseguridad.es\/it\/wp-content\/uploads\/2020\/12\/ecopper-EERF1-LS1-T-MN-UTP.png","contentUrl":"https:\/\/bunkerseguridad.es\/it\/wp-content\/uploads\/2020\/12\/ecopper-EERF1-LS1-T-MN-UTP.png","width":1200,"height":1200,"caption":"The eCopvper IP over UTP product series offers the ideal solution for transmision of I"},{"@type":"BreadcrumbList","@id":"https:\/\/bunkerseguridad.es\/it\/prodotto-sicurezza\/ecopper-eerf1-ls1-t-in-b-2\/#breadcrumb","itemListElement":[{"@type":"ListItem","position":1,"name":"Home","item":"https:\/\/bunkerseguridad.es\/it\/"},{"@type":"ListItem","position":2,"name":"Shop","item":"https:\/\/bunkerseguridad.es\/it\/shop\/"},{"@type":"ListItem","position":3,"name":"eCopper\u2122 &#8211; EERF1-LS1-T-MN-B"}]},{"@type":"WebSite","@id":"https:\/\/bunkerseguridad.es\/it\/#website","url":"https:\/\/bunkerseguridad.es\/it\/","name":"Bunker Seguridad Electr\u00f3nica S.L.","description":"Produzione e distribuzione di sistemi di rilevamento perimetrale in Europa.","potentialAction":[{"@type":"SearchAction","target":{"@type":"EntryPoint","urlTemplate":"https:\/\/bunkerseguridad.es\/it\/?s={search_term_string}"},"query-input":{"@type":"PropertyValueSpecification","valueRequired":true,"valueName":"search_term_string"}}],"inLanguage":"it-IT"}]}},"brands":[{"id":206,"name":"KBC Networks","slug":"kbc-networks"}],"_links":{"self":[{"href":"https:\/\/bunkerseguridad.es\/it\/wp-json\/wp\/v2\/product\/6329","targetHints":{"allow":["GET"]}}],"collection":[{"href":"https:\/\/bunkerseguridad.es\/it\/wp-json\/wp\/v2\/product"}],"about":[{"href":"https:\/\/bunkerseguridad.es\/it\/wp-json\/wp\/v2\/types\/product"}],"wp:featuredmedia":[{"embeddable":true,"href":"https:\/\/bunkerseguridad.es\/it\/wp-json\/wp\/v2\/media\/6333"}],"wp:attachment":[{"href":"https:\/\/bunkerseguridad.es\/it\/wp-json\/wp\/v2\/media?parent=6329"}],"wp:term":[{"taxonomy":"pwb-brand","embeddable":true,"href":"https:\/\/bunkerseguridad.es\/it\/wp-json\/wp\/v2\/pwb-brand?post=6329"},{"taxonomy":"product_brand","embeddable":true,"href":"https:\/\/bunkerseguridad.es\/it\/wp-json\/wp\/v2\/product_brand?post=6329"},{"taxonomy":"product_cat","embeddable":true,"href":"https:\/\/bunkerseguridad.es\/it\/wp-json\/wp\/v2\/product_cat?post=6329"},{"taxonomy":"product_tag","embeddable":true,"href":"https:\/\/bunkerseguridad.es\/it\/wp-json\/wp\/v2\/product_tag?post=6329"}],"curies":[{"name":"wp","href":"https:\/\/api.w.org\/{rel}","templated":true}]}}