{"id":6354,"date":"2020-12-29T09:16:41","date_gmt":"2020-12-29T09:16:41","guid":{"rendered":"http:\/\/www.bunkerseguridad.es\/en\/?post_type=product&#038;p=6354"},"modified":"2021-03-30T07:28:42","modified_gmt":"2021-03-30T07:28:42","slug":"ecopper-eern1-ln1-t-mz-b","status":"publish","type":"product","link":"https:\/\/bunkerseguridad.es\/it\/prodotto-sicurezza\/ecopper-eern1-ln1-t-mz-b\/","title":{"rendered":"eCopper\u2122 &#8211; EERN1-LN1-T-Mz-B"},"content":{"rendered":"<p><strong>eCopper\u2122 &#8211; Il KBC EERN1-LN1-T-MX-B<\/strong> \u00e8 un trasmettitore Ethernet su UTP completamente rinforzato e il KBC EERN1-LN1-R-MX-B \u00e8 un ricevitore Ethernet su UTP completamente rinforzato. Il trasmettitore fornisce la connettivit\u00e0 per una porta in rame elettrico standard IEEE 10\/100Mbps su cavo UTP. Sono supportate diverse velocit\u00e0 di dati a seconda della distanza e della qualit\u00e0 del cavo. Il design plug-and-play assicura la facilit\u00e0 di installazione senza alcuna regolazione elettrica necessaria. Gli indicatori LED sono forniti per mostrare chiaramente lo stato operativo dell&#8217;unit\u00e0. Le dimensioni del trasmettitore sono adatte per l&#8217;inserimento all&#8217;interno delle custodie delle telecamere e dove lo spazio \u00e8 minimo.<\/p>\n<p>Negli ultimi anni, l&#8217;industria della videosorveglianza si \u00e8 spostata pesantemente verso le reti IP, vengono installate sempre pi\u00f9 telecamere IP HD e Megapixel. La maggior parte dei nuovi sistemi sono ora telecamere IP HD o Megapixel collegate tramite cavi CAT5\/5e\/6 o facendo uso di fibre esistenti. Alcuni vecchi sistemi analogici usavano UTP per una migliore anti-interferenza con distanze tra 100m e 300m. La pi\u00f9 grande sfida dell&#8217;aggiornamento di questi vecchi sistemi analogici con UTP a IP \u00e8 il cablaggio. Nella maggior parte dei casi, \u00e8 proibitivo dal punto di vista dei costi e spesso impraticabile per riposizionare i nuovi cavi. Inoltre, gli standard IEEE Ethernet limitano la distanza a 100m. In questo caso, utilizzare l&#8217;UTP esistente per trasmettere telecamere IP HD e Megapixel \u00e8 la scelta pi\u00f9 economica. KBC ha progettato i prodotti eCopper\u2122 per soddisfare tali vincoli<\/p>\n<p><strong>Caratteristiche:<\/strong><\/p>\n<ul>\n<li>Velocit\u00e0 di trasmissione dati UTP &gt;40Mbps (1000m)<\/li>\n<li>Design di protezione completo, compresa la protezione dalle sovratensioni, la protezione dall&#8217;illuminazione<\/li>\n<\/ul>\n","protected":false},"excerpt":{"rendered":"<p class=\"componentheading djc_page_heading\"><strong>eCopper\u2122 &#8211; IP over UTP The KBC EERN1-LN1-T-Mz-B<\/strong> 1-ch non-PoE industrial Ethernet over UTP transmitter. (1) fixed Ethernet port, 10\/100Mbps autosensing. (1) RJ-45 UTP port. Input 12~24VDC. Compact module with clip mount.<\/p>\n","protected":false},"featured_media":6357,"template":"","meta":{"_et_pb_use_builder":"","_et_pb_old_content":"","_et_gb_content_width":""},"pwb-brand":[206],"product_brand":[],"product_cat":[31,36],"product_tag":[155,335,146],"class_list":{"0":"post-6354","1":"product","2":"type-product","3":"status-publish","4":"has-post-thumbnail","6":"pwb-brand-kbc-networks","7":"product_cat-trasmissione-dei-dati","8":"product_cat-ecopper-ip-su-coassiale-utp","9":"product_tag-10-100mbps","10":"product_tag-ip-su-utp","11":"product_tag-poe","13":"first","14":"instock","15":"shipping-taxable","16":"product-type-simple"},"yoast_head":"<!-- This site is optimized with the Yoast SEO plugin v25.2 - https:\/\/yoast.com\/wordpress\/plugins\/seo\/ -->\n<title>eCopper\u2122 - EERN1-LN1-T-Mz-B - Bunker Seguridad Electr\u00f3nica S.L.<\/title>\n<meta name=\"description\" content=\"IP su UTP Il trasmettitore KBC EERN1-LN1-T-Mz-B 1-ch non-PoE industrial Ethernet su UTP. (1) porta Ethernet fissa, 10\/100Mbps autosensing.\" \/>\n<meta name=\"robots\" content=\"index, follow, max-snippet:-1, max-image-preview:large, max-video-preview:-1\" \/>\n<link rel=\"canonical\" href=\"https:\/\/bunkerseguridad.es\/it\/prodotto-sicurezza\/ecopper-eern1-ln1-t-mz-b\/\" \/>\n<meta property=\"og:locale\" content=\"it_IT\" \/>\n<meta property=\"og:type\" content=\"article\" \/>\n<meta property=\"og:title\" content=\"eCopper\u2122 - EERN1-LN1-T-Mz-B - Bunker Seguridad Electr\u00f3nica S.L.\" \/>\n<meta property=\"og:description\" content=\"IP su UTP Il trasmettitore KBC EERN1-LN1-T-Mz-B 1-ch non-PoE industrial Ethernet su UTP. (1) porta Ethernet fissa, 10\/100Mbps autosensing.\" \/>\n<meta property=\"og:url\" content=\"https:\/\/bunkerseguridad.es\/it\/prodotto-sicurezza\/ecopper-eern1-ln1-t-mz-b\/\" \/>\n<meta property=\"og:site_name\" content=\"Bunker Seguridad Electr\u00f3nica S.L.\" \/>\n<meta property=\"article:modified_time\" content=\"2021-03-30T07:28:42+00:00\" \/>\n<meta property=\"og:image\" content=\"https:\/\/bunkerseguridad.es\/it\/wp-content\/uploads\/2020\/12\/UTP-EERN1-LN1-T-Mz-B.png\" \/>\n\t<meta property=\"og:image:width\" content=\"1200\" \/>\n\t<meta property=\"og:image:height\" content=\"1200\" \/>\n\t<meta property=\"og:image:type\" content=\"image\/png\" \/>\n<meta name=\"twitter:card\" content=\"summary_large_image\" \/>\n<meta name=\"twitter:label1\" content=\"Tempo di lettura stimato\" \/>\n\t<meta name=\"twitter:data1\" content=\"2 minuti\" \/>\n<script type=\"application\/ld+json\" class=\"yoast-schema-graph\">{\"@context\":\"https:\/\/schema.org\",\"@graph\":[{\"@type\":\"WebPage\",\"@id\":\"https:\/\/bunkerseguridad.es\/it\/prodotto-sicurezza\/ecopper-eern1-ln1-t-mz-b\/\",\"url\":\"https:\/\/bunkerseguridad.es\/it\/prodotto-sicurezza\/ecopper-eern1-ln1-t-mz-b\/\",\"name\":\"eCopper\u2122 - EERN1-LN1-T-Mz-B - Bunker Seguridad Electr\u00f3nica S.L.\",\"isPartOf\":{\"@id\":\"https:\/\/bunkerseguridad.es\/it\/#website\"},\"primaryImageOfPage\":{\"@id\":\"https:\/\/bunkerseguridad.es\/it\/prodotto-sicurezza\/ecopper-eern1-ln1-t-mz-b\/#primaryimage\"},\"image\":{\"@id\":\"https:\/\/bunkerseguridad.es\/it\/prodotto-sicurezza\/ecopper-eern1-ln1-t-mz-b\/#primaryimage\"},\"thumbnailUrl\":\"https:\/\/bunkerseguridad.es\/it\/wp-content\/uploads\/2020\/12\/UTP-EERN1-LN1-T-Mz-B.png\",\"datePublished\":\"2020-12-29T09:16:41+00:00\",\"dateModified\":\"2021-03-30T07:28:42+00:00\",\"description\":\"IP su UTP Il trasmettitore KBC EERN1-LN1-T-Mz-B 1-ch non-PoE industrial Ethernet su UTP. (1) porta Ethernet fissa, 10\/100Mbps autosensing.\",\"breadcrumb\":{\"@id\":\"https:\/\/bunkerseguridad.es\/it\/prodotto-sicurezza\/ecopper-eern1-ln1-t-mz-b\/#breadcrumb\"},\"inLanguage\":\"it-IT\",\"potentialAction\":[{\"@type\":\"ReadAction\",\"target\":[\"https:\/\/bunkerseguridad.es\/it\/prodotto-sicurezza\/ecopper-eern1-ln1-t-mz-b\/\"]}]},{\"@type\":\"ImageObject\",\"inLanguage\":\"it-IT\",\"@id\":\"https:\/\/bunkerseguridad.es\/it\/prodotto-sicurezza\/ecopper-eern1-ln1-t-mz-b\/#primaryimage\",\"url\":\"https:\/\/bunkerseguridad.es\/it\/wp-content\/uploads\/2020\/12\/UTP-EERN1-LN1-T-Mz-B.png\",\"contentUrl\":\"https:\/\/bunkerseguridad.es\/it\/wp-content\/uploads\/2020\/12\/UTP-EERN1-LN1-T-Mz-B.png\",\"width\":1200,\"height\":1200},{\"@type\":\"BreadcrumbList\",\"@id\":\"https:\/\/bunkerseguridad.es\/it\/prodotto-sicurezza\/ecopper-eern1-ln1-t-mz-b\/#breadcrumb\",\"itemListElement\":[{\"@type\":\"ListItem\",\"position\":1,\"name\":\"Home\",\"item\":\"https:\/\/bunkerseguridad.es\/it\/\"},{\"@type\":\"ListItem\",\"position\":2,\"name\":\"Shop\",\"item\":\"https:\/\/bunkerseguridad.es\/it\/shop\/\"},{\"@type\":\"ListItem\",\"position\":3,\"name\":\"eCopper\u2122 &#8211; EERN1-LN1-T-Mz-B\"}]},{\"@type\":\"WebSite\",\"@id\":\"https:\/\/bunkerseguridad.es\/it\/#website\",\"url\":\"https:\/\/bunkerseguridad.es\/it\/\",\"name\":\"Bunker Seguridad Electr\u00f3nica S.L.\",\"description\":\"Produzione e distribuzione di sistemi di rilevamento perimetrale in Europa.\",\"potentialAction\":[{\"@type\":\"SearchAction\",\"target\":{\"@type\":\"EntryPoint\",\"urlTemplate\":\"https:\/\/bunkerseguridad.es\/it\/?s={search_term_string}\"},\"query-input\":{\"@type\":\"PropertyValueSpecification\",\"valueRequired\":true,\"valueName\":\"search_term_string\"}}],\"inLanguage\":\"it-IT\"}]}<\/script>\n<!-- \/ Yoast SEO plugin. -->","yoast_head_json":{"title":"eCopper\u2122 - EERN1-LN1-T-Mz-B - Bunker Seguridad Electr\u00f3nica S.L.","description":"IP su UTP Il trasmettitore KBC EERN1-LN1-T-Mz-B 1-ch non-PoE industrial Ethernet su UTP. (1) porta Ethernet fissa, 10\/100Mbps autosensing.","robots":{"index":"index","follow":"follow","max-snippet":"max-snippet:-1","max-image-preview":"max-image-preview:large","max-video-preview":"max-video-preview:-1"},"canonical":"https:\/\/bunkerseguridad.es\/it\/prodotto-sicurezza\/ecopper-eern1-ln1-t-mz-b\/","og_locale":"it_IT","og_type":"article","og_title":"eCopper\u2122 - EERN1-LN1-T-Mz-B - Bunker Seguridad Electr\u00f3nica S.L.","og_description":"IP su UTP Il trasmettitore KBC EERN1-LN1-T-Mz-B 1-ch non-PoE industrial Ethernet su UTP. (1) porta Ethernet fissa, 10\/100Mbps autosensing.","og_url":"https:\/\/bunkerseguridad.es\/it\/prodotto-sicurezza\/ecopper-eern1-ln1-t-mz-b\/","og_site_name":"Bunker Seguridad Electr\u00f3nica S.L.","article_modified_time":"2021-03-30T07:28:42+00:00","og_image":[{"width":1200,"height":1200,"url":"https:\/\/bunkerseguridad.es\/it\/wp-content\/uploads\/2020\/12\/UTP-EERN1-LN1-T-Mz-B.png","type":"image\/png"}],"twitter_card":"summary_large_image","twitter_misc":{"Tempo di lettura stimato":"2 minuti"},"schema":{"@context":"https:\/\/schema.org","@graph":[{"@type":"WebPage","@id":"https:\/\/bunkerseguridad.es\/it\/prodotto-sicurezza\/ecopper-eern1-ln1-t-mz-b\/","url":"https:\/\/bunkerseguridad.es\/it\/prodotto-sicurezza\/ecopper-eern1-ln1-t-mz-b\/","name":"eCopper\u2122 - EERN1-LN1-T-Mz-B - Bunker Seguridad Electr\u00f3nica S.L.","isPartOf":{"@id":"https:\/\/bunkerseguridad.es\/it\/#website"},"primaryImageOfPage":{"@id":"https:\/\/bunkerseguridad.es\/it\/prodotto-sicurezza\/ecopper-eern1-ln1-t-mz-b\/#primaryimage"},"image":{"@id":"https:\/\/bunkerseguridad.es\/it\/prodotto-sicurezza\/ecopper-eern1-ln1-t-mz-b\/#primaryimage"},"thumbnailUrl":"https:\/\/bunkerseguridad.es\/it\/wp-content\/uploads\/2020\/12\/UTP-EERN1-LN1-T-Mz-B.png","datePublished":"2020-12-29T09:16:41+00:00","dateModified":"2021-03-30T07:28:42+00:00","description":"IP su UTP Il trasmettitore KBC EERN1-LN1-T-Mz-B 1-ch non-PoE industrial Ethernet su UTP. (1) porta Ethernet fissa, 10\/100Mbps autosensing.","breadcrumb":{"@id":"https:\/\/bunkerseguridad.es\/it\/prodotto-sicurezza\/ecopper-eern1-ln1-t-mz-b\/#breadcrumb"},"inLanguage":"it-IT","potentialAction":[{"@type":"ReadAction","target":["https:\/\/bunkerseguridad.es\/it\/prodotto-sicurezza\/ecopper-eern1-ln1-t-mz-b\/"]}]},{"@type":"ImageObject","inLanguage":"it-IT","@id":"https:\/\/bunkerseguridad.es\/it\/prodotto-sicurezza\/ecopper-eern1-ln1-t-mz-b\/#primaryimage","url":"https:\/\/bunkerseguridad.es\/it\/wp-content\/uploads\/2020\/12\/UTP-EERN1-LN1-T-Mz-B.png","contentUrl":"https:\/\/bunkerseguridad.es\/it\/wp-content\/uploads\/2020\/12\/UTP-EERN1-LN1-T-Mz-B.png","width":1200,"height":1200},{"@type":"BreadcrumbList","@id":"https:\/\/bunkerseguridad.es\/it\/prodotto-sicurezza\/ecopper-eern1-ln1-t-mz-b\/#breadcrumb","itemListElement":[{"@type":"ListItem","position":1,"name":"Home","item":"https:\/\/bunkerseguridad.es\/it\/"},{"@type":"ListItem","position":2,"name":"Shop","item":"https:\/\/bunkerseguridad.es\/it\/shop\/"},{"@type":"ListItem","position":3,"name":"eCopper\u2122 &#8211; EERN1-LN1-T-Mz-B"}]},{"@type":"WebSite","@id":"https:\/\/bunkerseguridad.es\/it\/#website","url":"https:\/\/bunkerseguridad.es\/it\/","name":"Bunker Seguridad Electr\u00f3nica S.L.","description":"Produzione e distribuzione di sistemi di rilevamento perimetrale in Europa.","potentialAction":[{"@type":"SearchAction","target":{"@type":"EntryPoint","urlTemplate":"https:\/\/bunkerseguridad.es\/it\/?s={search_term_string}"},"query-input":{"@type":"PropertyValueSpecification","valueRequired":true,"valueName":"search_term_string"}}],"inLanguage":"it-IT"}]}},"brands":[{"id":206,"name":"KBC Networks","slug":"kbc-networks"}],"_links":{"self":[{"href":"https:\/\/bunkerseguridad.es\/it\/wp-json\/wp\/v2\/product\/6354","targetHints":{"allow":["GET"]}}],"collection":[{"href":"https:\/\/bunkerseguridad.es\/it\/wp-json\/wp\/v2\/product"}],"about":[{"href":"https:\/\/bunkerseguridad.es\/it\/wp-json\/wp\/v2\/types\/product"}],"wp:featuredmedia":[{"embeddable":true,"href":"https:\/\/bunkerseguridad.es\/it\/wp-json\/wp\/v2\/media\/6357"}],"wp:attachment":[{"href":"https:\/\/bunkerseguridad.es\/it\/wp-json\/wp\/v2\/media?parent=6354"}],"wp:term":[{"taxonomy":"pwb-brand","embeddable":true,"href":"https:\/\/bunkerseguridad.es\/it\/wp-json\/wp\/v2\/pwb-brand?post=6354"},{"taxonomy":"product_brand","embeddable":true,"href":"https:\/\/bunkerseguridad.es\/it\/wp-json\/wp\/v2\/product_brand?post=6354"},{"taxonomy":"product_cat","embeddable":true,"href":"https:\/\/bunkerseguridad.es\/it\/wp-json\/wp\/v2\/product_cat?post=6354"},{"taxonomy":"product_tag","embeddable":true,"href":"https:\/\/bunkerseguridad.es\/it\/wp-json\/wp\/v2\/product_tag?post=6354"}],"curies":[{"name":"wp","href":"https:\/\/api.w.org\/{rel}","templated":true}]}}