{"id":6876,"date":"2021-01-15T12:01:14","date_gmt":"2021-01-15T12:01:14","guid":{"rendered":"http:\/\/www.bunkerseguridad.es\/en\/?post_type=product&#038;p=6876"},"modified":"2021-03-30T08:59:25","modified_gmt":"2021-03-30T08:59:25","slug":"pir-t15we-t15am-esterni","status":"publish","type":"product","link":"https:\/\/bunkerseguridad.es\/it\/prodotto-sicurezza\/pir-t15we-t15am-esterni\/","title":{"rendered":"PIR-T15WE \/T15AM Esterni"},"content":{"rendered":"<p><strong>Il PIR-T15<\/strong> \u00e8 un rilevatore a infrarossi passivi a triplo specchio ad alte prestazioni progettato per applicazioni antintrusione sia all&#8217;interno che all&#8217;esterno.<\/p>\n<p>La combinazione unica di tripli specchi e tre piroli gemelli permette 4 modalit\u00e0 di funzionamento selezionabili, tra cui Posizione Bassa, Posizione Alta, Modalit\u00e0 Pet e Alta Densit\u00e0; per distanze fino a 15m da un&#8217;altezza di montaggio da 2 a 6m, per tutti gli 80 gradi.<\/p>\n<p><strong>Caratteristiche:<\/strong><\/p>\n<ul>\n<li>4 modalit\u00e0 di funzionamento: posizione bassa, posizione alta, modalit\u00e0 animale domestico e alta densit\u00e0<\/li>\n<li>Fino a 15m x 80 gradi di copertura<\/li>\n<li>Altezza di installazione da 2m a 6m (a seconda della modalit\u00e0 di funzionamento)<\/li>\n<li>Sistema ottico a triplo specchio ad alte prestazioni<\/li>\n<li>Funzione di regolazione precisa dell&#8217;area di rilevamento<\/li>\n<li>Funzione anti-mascheramento (PIR-T15AM)<\/li>\n<li>Protezione dai fulmini<\/li>\n<li>Adatto per uso interno ed esterno (IP55)<\/li>\n<\/ul>\n","protected":false},"excerpt":{"rendered":"<p><strong>Il PIR-T15- WE\/AM<\/strong> \u00e8 un rivelatore a infrarossi passivi a triplo specchio ad alte prestazioni progettato per applicazioni antintrusione sia interne che esterne. <strong>Fino a 15m x 80 gradi, altezza di montaggio 2 &#8211; 6m, 3 specchi, IP5.<\/strong><\/p>\n","protected":false},"featured_media":6882,"template":"","meta":{"_et_pb_use_builder":"","_et_pb_old_content":"","_et_gb_content_width":""},"pwb-brand":[202],"product_brand":[],"product_cat":[41,47],"product_tag":[80,86,82,81,89],"class_list":{"0":"post-6876","1":"product","2":"type-product","3":"status-publish","4":"has-post-thumbnail","6":"pwb-brand-takex","7":"product_cat-sistemi-rilevamento-intrusioni-perimetrali","8":"product_cat-rivelatori-passivi-a-infrarossi","9":"product_tag-allaperto","10":"product_tag-dual-zone","11":"product_tag-fascio-fotoelettrico","12":"product_tag-interno","13":"product_tag-pir","15":"first","16":"instock","17":"featured","18":"shipping-taxable","19":"product-type-simple"},"yoast_head":"<!-- This site is optimized with the Yoast SEO plugin v25.2 - https:\/\/yoast.com\/wordpress\/plugins\/seo\/ -->\n<title>PIR-T15WE \/T15AM Esterni - Bunker Seguridad Electr\u00f3nica S.L.<\/title>\n<meta name=\"description\" content=\"Il PIR-T15- WE\/AM \u00e8 un rivelatore a infrarossi passivi a triplo specchio ad alte prestazioni progettato per applicazioni antintrusione\" \/>\n<meta name=\"robots\" content=\"index, follow, max-snippet:-1, max-image-preview:large, max-video-preview:-1\" \/>\n<link rel=\"canonical\" href=\"https:\/\/bunkerseguridad.es\/it\/prodotto-sicurezza\/pir-t15we-t15am-esterni\/\" \/>\n<meta property=\"og:locale\" content=\"it_IT\" \/>\n<meta property=\"og:type\" content=\"article\" \/>\n<meta property=\"og:title\" content=\"PIR-T15WE \/T15AM Esterni - Bunker Seguridad Electr\u00f3nica S.L.\" \/>\n<meta property=\"og:description\" content=\"Il PIR-T15- WE\/AM \u00e8 un rivelatore a infrarossi passivi a triplo specchio ad alte prestazioni progettato per applicazioni antintrusione\" \/>\n<meta property=\"og:url\" content=\"https:\/\/bunkerseguridad.es\/it\/prodotto-sicurezza\/pir-t15we-t15am-esterni\/\" \/>\n<meta property=\"og:site_name\" content=\"Bunker Seguridad Electr\u00f3nica S.L.\" \/>\n<meta property=\"article:modified_time\" content=\"2021-03-30T08:59:25+00:00\" \/>\n<meta property=\"og:image\" content=\"https:\/\/bunkerseguridad.es\/it\/wp-content\/uploads\/2021\/01\/PIR-T15WE.png\" \/>\n\t<meta property=\"og:image:width\" content=\"1200\" \/>\n\t<meta property=\"og:image:height\" content=\"1200\" \/>\n\t<meta property=\"og:image:type\" content=\"image\/png\" \/>\n<meta name=\"twitter:card\" content=\"summary_large_image\" \/>\n<meta name=\"twitter:label1\" content=\"Tempo di lettura stimato\" \/>\n\t<meta name=\"twitter:data1\" content=\"1 minuto\" \/>\n<script type=\"application\/ld+json\" class=\"yoast-schema-graph\">{\"@context\":\"https:\/\/schema.org\",\"@graph\":[{\"@type\":\"WebPage\",\"@id\":\"https:\/\/bunkerseguridad.es\/it\/prodotto-sicurezza\/pir-t15we-t15am-esterni\/\",\"url\":\"https:\/\/bunkerseguridad.es\/it\/prodotto-sicurezza\/pir-t15we-t15am-esterni\/\",\"name\":\"PIR-T15WE \/T15AM Esterni - Bunker Seguridad Electr\u00f3nica S.L.\",\"isPartOf\":{\"@id\":\"https:\/\/bunkerseguridad.es\/it\/#website\"},\"primaryImageOfPage\":{\"@id\":\"https:\/\/bunkerseguridad.es\/it\/prodotto-sicurezza\/pir-t15we-t15am-esterni\/#primaryimage\"},\"image\":{\"@id\":\"https:\/\/bunkerseguridad.es\/it\/prodotto-sicurezza\/pir-t15we-t15am-esterni\/#primaryimage\"},\"thumbnailUrl\":\"https:\/\/bunkerseguridad.es\/it\/wp-content\/uploads\/2021\/01\/PIR-T15WE.png\",\"datePublished\":\"2021-01-15T12:01:14+00:00\",\"dateModified\":\"2021-03-30T08:59:25+00:00\",\"description\":\"Il PIR-T15- WE\/AM \u00e8 un rivelatore a infrarossi passivi a triplo specchio ad alte prestazioni progettato per applicazioni antintrusione\",\"breadcrumb\":{\"@id\":\"https:\/\/bunkerseguridad.es\/it\/prodotto-sicurezza\/pir-t15we-t15am-esterni\/#breadcrumb\"},\"inLanguage\":\"it-IT\",\"potentialAction\":[{\"@type\":\"ReadAction\",\"target\":[\"https:\/\/bunkerseguridad.es\/it\/prodotto-sicurezza\/pir-t15we-t15am-esterni\/\"]}]},{\"@type\":\"ImageObject\",\"inLanguage\":\"it-IT\",\"@id\":\"https:\/\/bunkerseguridad.es\/it\/prodotto-sicurezza\/pir-t15we-t15am-esterni\/#primaryimage\",\"url\":\"https:\/\/bunkerseguridad.es\/it\/wp-content\/uploads\/2021\/01\/PIR-T15WE.png\",\"contentUrl\":\"https:\/\/bunkerseguridad.es\/it\/wp-content\/uploads\/2021\/01\/PIR-T15WE.png\",\"width\":1200,\"height\":1200},{\"@type\":\"BreadcrumbList\",\"@id\":\"https:\/\/bunkerseguridad.es\/it\/prodotto-sicurezza\/pir-t15we-t15am-esterni\/#breadcrumb\",\"itemListElement\":[{\"@type\":\"ListItem\",\"position\":1,\"name\":\"Home\",\"item\":\"https:\/\/bunkerseguridad.es\/it\/\"},{\"@type\":\"ListItem\",\"position\":2,\"name\":\"Shop\",\"item\":\"https:\/\/bunkerseguridad.es\/it\/shop\/\"},{\"@type\":\"ListItem\",\"position\":3,\"name\":\"PIR-T15WE \/T15AM Esterni\"}]},{\"@type\":\"WebSite\",\"@id\":\"https:\/\/bunkerseguridad.es\/it\/#website\",\"url\":\"https:\/\/bunkerseguridad.es\/it\/\",\"name\":\"Bunker Seguridad Electr\u00f3nica S.L.\",\"description\":\"Produzione e distribuzione di sistemi di rilevamento perimetrale in Europa.\",\"potentialAction\":[{\"@type\":\"SearchAction\",\"target\":{\"@type\":\"EntryPoint\",\"urlTemplate\":\"https:\/\/bunkerseguridad.es\/it\/?s={search_term_string}\"},\"query-input\":{\"@type\":\"PropertyValueSpecification\",\"valueRequired\":true,\"valueName\":\"search_term_string\"}}],\"inLanguage\":\"it-IT\"}]}<\/script>\n<!-- \/ Yoast SEO plugin. -->","yoast_head_json":{"title":"PIR-T15WE \/T15AM Esterni - Bunker Seguridad Electr\u00f3nica S.L.","description":"Il PIR-T15- WE\/AM \u00e8 un rivelatore a infrarossi passivi a triplo specchio ad alte prestazioni progettato per applicazioni antintrusione","robots":{"index":"index","follow":"follow","max-snippet":"max-snippet:-1","max-image-preview":"max-image-preview:large","max-video-preview":"max-video-preview:-1"},"canonical":"https:\/\/bunkerseguridad.es\/it\/prodotto-sicurezza\/pir-t15we-t15am-esterni\/","og_locale":"it_IT","og_type":"article","og_title":"PIR-T15WE \/T15AM Esterni - Bunker Seguridad Electr\u00f3nica S.L.","og_description":"Il PIR-T15- WE\/AM \u00e8 un rivelatore a infrarossi passivi a triplo specchio ad alte prestazioni progettato per applicazioni antintrusione","og_url":"https:\/\/bunkerseguridad.es\/it\/prodotto-sicurezza\/pir-t15we-t15am-esterni\/","og_site_name":"Bunker Seguridad Electr\u00f3nica S.L.","article_modified_time":"2021-03-30T08:59:25+00:00","og_image":[{"width":1200,"height":1200,"url":"https:\/\/bunkerseguridad.es\/it\/wp-content\/uploads\/2021\/01\/PIR-T15WE.png","type":"image\/png"}],"twitter_card":"summary_large_image","twitter_misc":{"Tempo di lettura stimato":"1 minuto"},"schema":{"@context":"https:\/\/schema.org","@graph":[{"@type":"WebPage","@id":"https:\/\/bunkerseguridad.es\/it\/prodotto-sicurezza\/pir-t15we-t15am-esterni\/","url":"https:\/\/bunkerseguridad.es\/it\/prodotto-sicurezza\/pir-t15we-t15am-esterni\/","name":"PIR-T15WE \/T15AM Esterni - Bunker Seguridad Electr\u00f3nica S.L.","isPartOf":{"@id":"https:\/\/bunkerseguridad.es\/it\/#website"},"primaryImageOfPage":{"@id":"https:\/\/bunkerseguridad.es\/it\/prodotto-sicurezza\/pir-t15we-t15am-esterni\/#primaryimage"},"image":{"@id":"https:\/\/bunkerseguridad.es\/it\/prodotto-sicurezza\/pir-t15we-t15am-esterni\/#primaryimage"},"thumbnailUrl":"https:\/\/bunkerseguridad.es\/it\/wp-content\/uploads\/2021\/01\/PIR-T15WE.png","datePublished":"2021-01-15T12:01:14+00:00","dateModified":"2021-03-30T08:59:25+00:00","description":"Il PIR-T15- WE\/AM \u00e8 un rivelatore a infrarossi passivi a triplo specchio ad alte prestazioni progettato per applicazioni antintrusione","breadcrumb":{"@id":"https:\/\/bunkerseguridad.es\/it\/prodotto-sicurezza\/pir-t15we-t15am-esterni\/#breadcrumb"},"inLanguage":"it-IT","potentialAction":[{"@type":"ReadAction","target":["https:\/\/bunkerseguridad.es\/it\/prodotto-sicurezza\/pir-t15we-t15am-esterni\/"]}]},{"@type":"ImageObject","inLanguage":"it-IT","@id":"https:\/\/bunkerseguridad.es\/it\/prodotto-sicurezza\/pir-t15we-t15am-esterni\/#primaryimage","url":"https:\/\/bunkerseguridad.es\/it\/wp-content\/uploads\/2021\/01\/PIR-T15WE.png","contentUrl":"https:\/\/bunkerseguridad.es\/it\/wp-content\/uploads\/2021\/01\/PIR-T15WE.png","width":1200,"height":1200},{"@type":"BreadcrumbList","@id":"https:\/\/bunkerseguridad.es\/it\/prodotto-sicurezza\/pir-t15we-t15am-esterni\/#breadcrumb","itemListElement":[{"@type":"ListItem","position":1,"name":"Home","item":"https:\/\/bunkerseguridad.es\/it\/"},{"@type":"ListItem","position":2,"name":"Shop","item":"https:\/\/bunkerseguridad.es\/it\/shop\/"},{"@type":"ListItem","position":3,"name":"PIR-T15WE \/T15AM Esterni"}]},{"@type":"WebSite","@id":"https:\/\/bunkerseguridad.es\/it\/#website","url":"https:\/\/bunkerseguridad.es\/it\/","name":"Bunker Seguridad Electr\u00f3nica S.L.","description":"Produzione e distribuzione di sistemi di rilevamento perimetrale in Europa.","potentialAction":[{"@type":"SearchAction","target":{"@type":"EntryPoint","urlTemplate":"https:\/\/bunkerseguridad.es\/it\/?s={search_term_string}"},"query-input":{"@type":"PropertyValueSpecification","valueRequired":true,"valueName":"search_term_string"}}],"inLanguage":"it-IT"}]}},"brands":[{"id":202,"name":"Takex","slug":"takex"}],"_links":{"self":[{"href":"https:\/\/bunkerseguridad.es\/it\/wp-json\/wp\/v2\/product\/6876","targetHints":{"allow":["GET"]}}],"collection":[{"href":"https:\/\/bunkerseguridad.es\/it\/wp-json\/wp\/v2\/product"}],"about":[{"href":"https:\/\/bunkerseguridad.es\/it\/wp-json\/wp\/v2\/types\/product"}],"wp:featuredmedia":[{"embeddable":true,"href":"https:\/\/bunkerseguridad.es\/it\/wp-json\/wp\/v2\/media\/6882"}],"wp:attachment":[{"href":"https:\/\/bunkerseguridad.es\/it\/wp-json\/wp\/v2\/media?parent=6876"}],"wp:term":[{"taxonomy":"pwb-brand","embeddable":true,"href":"https:\/\/bunkerseguridad.es\/it\/wp-json\/wp\/v2\/pwb-brand?post=6876"},{"taxonomy":"product_brand","embeddable":true,"href":"https:\/\/bunkerseguridad.es\/it\/wp-json\/wp\/v2\/product_brand?post=6876"},{"taxonomy":"product_cat","embeddable":true,"href":"https:\/\/bunkerseguridad.es\/it\/wp-json\/wp\/v2\/product_cat?post=6876"},{"taxonomy":"product_tag","embeddable":true,"href":"https:\/\/bunkerseguridad.es\/it\/wp-json\/wp\/v2\/product_tag?post=6876"}],"curies":[{"name":"wp","href":"https:\/\/api.w.org\/{rel}","templated":true}]}}